{"id":8,"date":"2015-03-19T11:45:18","date_gmt":"2015-03-19T11:45:18","guid":{"rendered":"http:\/\/demo.mikado-themes.com\/onyx30\/?page_id=8"},"modified":"2025-12-26T18:43:24","modified_gmt":"2025-12-26T15:43:24","slug":"uber-uns","status":"publish","type":"page","link":"https:\/\/amadatech.com\/de\/uber-uns\/","title":{"rendered":"\u00dcber uns"},"content":{"rendered":"<section class=\"wpb-content-wrapper\"><p>[vc_row row_type=&#8221;row&#8221; use_row_as_full_screen_section=&#8221;no&#8221; type=&#8221;grid&#8221; text_align=&#8221;left&#8221; css_animation=&#8221;&#8221; box_shadow_on_row=&#8221;no&#8221;][vc_column][vc_separator type=&#8221;transparent&#8221; up=&#8221;22&#8243; down=&#8221;0&#8243;][vc_column_text]<\/p>\n<h1 style=\"text-align: center;\">\u00dcber uns<\/h1>\n<p>[\/vc_column_text][vc_separator type=&#8221;transparent&#8221; up=&#8221;22&#8243; down=&#8221;0&#8243;][vc_column_text]Wir schaffen funktionale, lebendige und stilvolle Lebensr\u00e4ume, die in unseren originellen Designs weiterleben. Wir verwandeln unsere mutigen und vielf\u00e4ltigen Ideen in inspirierende Geb\u00e4ude, Innenr\u00e4ume, Designprodukte und Objekte.<\/p>\n<p>Als Amada TECH Elevator verbinden wir die Vielfalt unserer Dienstleistungen, vom Konzeptdesign bis zu Anwendungsprojekten, vom Bauprozess bis zum Projektmanagement, mit einer modernen Vision, unserer positiven Einstellung und unserer Energie.[\/vc_column_text][vc_separator type=&#8221;transparent&#8221; up=&#8221;22&#8243; down=&#8221;0&#8243;][\/vc_column][\/vc_row][vc_row row_type=&#8221;row&#8221; use_row_as_full_screen_section=&#8221;no&#8221; type=&#8221;grid&#8221; text_align=&#8221;left&#8221; css_animation=&#8221;&#8221; box_shadow_on_row=&#8221;no&#8221;][vc_column width=&#8221;1\/2&#8243;][vc_video link=&#8221;https:\/\/youtu.be\/syceZ9Xj60o&#8221;][vc_separator type=&#8221;transparent&#8221; up=&#8221;22&#8243; down=&#8221;0&#8243;][\/vc_column][vc_column width=&#8221;1\/2&#8243;][vc_video link=&#8221;https:\/\/youtu.be\/bTNEcGsxtFY&#8221;][vc_separator type=&#8221;transparent&#8221; up=&#8221;22&#8243; down=&#8221;0&#8243;][\/vc_column][\/vc_row][vc_row row_type=&#8221;row&#8221; use_row_as_full_screen_section=&#8221;no&#8221; type=&#8221;grid&#8221; text_align=&#8221;left&#8221; padding_top=&#8221;60&#8243; padding_bottom=&#8221;5&#8243; css_animation=&#8221;&#8221; box_shadow_on_row=&#8221;no&#8221; oblique_section=&#8221;no&#8221; oblique_section_top_and_bottom=&#8221;both&#8221; oblique_section_position=&#8221;from_left_to_right&#8221; triangle_shape=&#8221;no&#8221; triangle_shape_position=&#8221;both&#8221;][vc_column][vc_column_text]<\/p>\n<h2>\u00dcber uns<\/h2>\n<p>[\/vc_column_text][vc_separator type=&#8221;transparent&#8221; up=&#8221;42&#8243; down=&#8221;0&#8243;][\/vc_column][\/vc_row][vc_row row_type=&#8221;row&#8221; use_row_as_full_screen_section=&#8221;no&#8221; type=&#8221;grid&#8221; text_align=&#8221;left&#8221; padding_top=&#8221;60&#8243; padding_bottom=&#8221;5&#8243; css_animation=&#8221;&#8221; box_shadow_on_row=&#8221;no&#8221; oblique_section=&#8221;no&#8221; oblique_section_top_and_bottom=&#8221;both&#8221; oblique_section_position=&#8221;from_left_to_right&#8221; triangle_shape=&#8221;no&#8221; triangle_shape_position=&#8221;both&#8221;][vc_column width=&#8221;1\/3&#8243;][vc_single_image image=&#8221;11509&#8243; img_size=&#8221;full&#8221; mkd_css_animation=&#8221;&#8221;][vc_separator type=&#8221;transparent&#8221; up=&#8221;22&#8243; down=&#8221;0&#8243;][vc_column_text]<\/p>\n<h5><a href=\"#\"><strong>T\u00dcRKISCHES TECHNIKPRODUKT<\/strong><\/a><\/h5>\n<p>[\/vc_column_text][vc_separator type=&#8221;transparent&#8221; up=&#8221;8&#8243; down=&#8221;0&#8243;][vc_column_text]Die Produkte von AmadaTECH werden von hochqualifizierten t\u00fcrkischen Ingenieuren entwickelt und gew\u00e4hrleisten, dass Kunden erstklassige Produkte von zuverl\u00e4ssiger Qualit\u00e4t erhalten.[\/vc_column_text][vc_separator type=&#8221;transparent&#8221; up=&#8221;42&#8243; down=&#8221;0&#8243;][\/vc_column][vc_column width=&#8221;1\/3&#8243;][vc_single_image image=&#8221;11530&#8243; img_size=&#8221;full&#8221; mkd_css_animation=&#8221;&#8221;][vc_separator type=&#8221;transparent&#8221; up=&#8221;22&#8243; down=&#8221;0&#8243;][vc_column_text]<\/p>\n<h5><strong><a href=\"#\">SICHERHEIT UND SICHERHEIT<\/a><\/strong><\/h5>\n<p>[\/vc_column_text][vc_separator type=&#8221;transparent&#8221; up=&#8221;8&#8243; down=&#8221;0&#8243;][vc_column_text]Sicherheit und Zuverl\u00e4ssigkeit sind ein wesentlicher Bestandteil der Produkte von AmadaTECH. Wir arbeiten st\u00e4ndig an Verbesserungen, die zur Sicherheit der Fahrg\u00e4ste und der Wartungstechniker beitragen, die Amada TECH-<a href=\"https:\/\/amadatech.com\/de\/personenaufzug\/\" target=\"_blank\" rel=\"noopener\">Aufz\u00fcge<\/a> weltweit warten.[\/vc_column_text][vc_separator type=&#8221;transparent&#8221; up=&#8221;42&#8243; down=&#8221;0&#8243;][\/vc_column][vc_column width=&#8221;1\/3&#8243;][vc_single_image image=&#8221;11511&#8243; img_size=&#8221;full&#8221; mkd_css_animation=&#8221;&#8221;][vc_separator type=&#8221;transparent&#8221; up=&#8221;22&#8243; down=&#8221;0&#8243;][vc_column_text]<\/p>\n<h5><a href=\"#\"><strong>\u00c4STHETISCHES DESIGN, EXZELLENZ<\/strong><\/a><\/h5>\n<p>[\/vc_column_text][vc_separator type=&#8221;transparent&#8221; up=&#8221;8&#8243; down=&#8221;0&#8243;][vc_column_text]Das AmadaTECH Design Center in der T\u00fcrkei verf\u00fcgt \u00fcber ein Team von Fachleuten, die sich \u00fcber die neuesten \u00e4sthetischen Entwicklungen auf dem Laufenden halten, um den Bed\u00fcrfnissen der Kunden gerecht zu werden.[\/vc_column_text][vc_separator type=&#8221;transparent&#8221; up=&#8221;42&#8243; down=&#8221;0&#8243;][\/vc_column][\/vc_row][vc_row row_type=&#8221;row&#8221; use_row_as_full_screen_section=&#8221;no&#8221; type=&#8221;grid&#8221; text_align=&#8221;left&#8221; css_animation=&#8221;&#8221; box_shadow_on_row=&#8221;no&#8221;][vc_column width=&#8221;1\/2&#8243;][vc_single_image image=&#8221;13506&#8243; img_size=&#8221;full&#8221; mkd_css_animation=&#8221;&#8221;][vc_separator type=&#8221;transparent&#8221; up=&#8221;22&#8243; down=&#8221;0&#8243;][\/vc_column][vc_column width=&#8221;1\/2&#8243;][vc_single_image image=&#8221;13501&#8243; img_size=&#8221;full&#8221; mkd_css_animation=&#8221;&#8221;][vc_separator type=&#8221;transparent&#8221; up=&#8221;22&#8243; down=&#8221;0&#8243;][\/vc_column][\/vc_row][vc_row row_type=&#8221;row&#8221; use_row_as_full_screen_section=&#8221;no&#8221; type=&#8221;grid&#8221; text_align=&#8221;left&#8221; css_animation=&#8221;&#8221; box_shadow_on_row=&#8221;no&#8221;][vc_column width=&#8221;1\/2&#8243;][vc_video link=&#8221;https:\/\/youtu.be\/Ni7AAn8Z-HI&#8221;][vc_separator type=&#8221;transparent&#8221; up=&#8221;22&#8243; down=&#8221;0&#8243;][\/vc_column][vc_column width=&#8221;1\/2&#8243;][vc_video link=&#8221;https:\/\/youtu.be\/I5Syw-NfWeE&#8221;][vc_separator type=&#8221;transparent&#8221; up=&#8221;22&#8243; down=&#8221;0&#8243;][\/vc_column][\/vc_row][vc_row row_type=&#8221;row&#8221; use_row_as_full_screen_section=&#8221;no&#8221; type=&#8221;grid&#8221; text_align=&#8221;left&#8221; padding_top=&#8221;10&#8243; padding_bottom=&#8221;5&#8243; css_animation=&#8221;&#8221; box_shadow_on_row=&#8221;no&#8221; oblique_section=&#8221;no&#8221; oblique_section_top_and_bottom=&#8221;both&#8221; oblique_section_position=&#8221;from_left_to_right&#8221; triangle_shape=&#8221;no&#8221; triangle_shape_position=&#8221;both&#8221;][vc_column][vc_column_text]<\/p>\n<h3>\u00dcber uns<\/h3>\n<p>[\/vc_column_text][vc_separator type=&#8221;transparent&#8221; up=&#8221;42&#8243; down=&#8221;0&#8243;][vc_column_text]<strong>AmadaTECH Aufzug: Wir machen den Unterschied mit fortschrittlicher Technologie in der Branche<\/strong><\/p>\n<p>AmadaTECH Elevator ist ein Pionierunternehmen, das f\u00fcr seine fortschrittliche Technologie und seine Forschungs- und Entwicklungsarbeiten bekannt ist und innovative L\u00f6sungen f\u00fcr die Aufzugsindustrie anbietet.[\/vc_column_text][vc_separator type=&#8221;transparent&#8221; up=&#8221;42&#8243; down=&#8221;0&#8243;][vc_column_text]AmadaTECH ist auf Sonderprojekte f\u00fcr Aufzugsunternehmen spezialisiert und entwickelt mit seinen OEM-Fertigungsdienstleistungen (Original Equipment Manufacturer) L\u00f6sungen, die speziell auf die Bed\u00fcrfnisse seiner Gesch\u00e4ftspartner zugeschnitten sind.[\/vc_column_text][vc_separator type=&#8221;transparent&#8221; up=&#8221;42&#8243; down=&#8221;0&#8243;][vc_column_text]Mit unserer langj\u00e4hrigen Erfahrung und unserer technologischen Infrastruktur wollen wir die Standards in der Branche erh\u00f6hen.[\/vc_column_text][vc_separator type=&#8221;transparent&#8221; up=&#8221;42&#8243; down=&#8221;0&#8243;][vc_column_text]<strong>Produktion an zwei starken Standorten in der T\u00fcrkei<\/strong><\/p>\n<p>Mit unseren modernen Produktionsst\u00e4tten in Istanbul und Konya bieten wir einen schnellen und effizienten Service sowohl auf lokalen als auch auf internationalen M\u00e4rkten.[\/vc_column_text][vc_separator type=&#8221;transparent&#8221; up=&#8221;42&#8243; down=&#8221;0&#8243;][vc_column_text]Diese Anlagen sind mit modernsten Ger\u00e4ten ausgestattet und bieten eine ideale Infrastruktur f\u00fcr die Umsetzung der innovativen Projekte unseres F&amp;E-Teams. <a href=\"https:\/\/amadatech.com\" target=\"_blank\" rel=\"noopener\">AmadaTECH<\/a> st\u00e4rkt Tag f\u00fcr Tag seine f\u00fchrende Position in der Branche, indem es Qualit\u00e4t und Sicherheit in den Produktionsprozessen in den Vordergrund stellt.[\/vc_column_text][vc_separator type=&#8221;transparent&#8221; up=&#8221;42&#8243; down=&#8221;0&#8243;][\/vc_column][\/vc_row][vc_row row_type=&#8221;row&#8221; use_row_as_full_screen_section=&#8221;no&#8221; type=&#8221;grid&#8221; text_align=&#8221;left&#8221; padding_top=&#8221;0&#8243; padding_bottom=&#8221;12&#8243; css_animation=&#8221;&#8221; box_shadow_on_row=&#8221;no&#8221; oblique_section=&#8221;no&#8221; oblique_section_top_and_bottom=&#8221;both&#8221; oblique_section_position=&#8221;from_left_to_right&#8221; triangle_shape=&#8221;no&#8221; triangle_shape_position=&#8221;both&#8221;][vc_column width=&#8221;1\/3&#8243;][vc_single_image image=&#8221;13576&#8243; img_size=&#8221;full&#8221; add_caption=&#8221;yes&#8221; mkd_css_animation=&#8221;&#8221;][vc_separator type=&#8221;transparent&#8221; up=&#8221;22&#8243; down=&#8221;0&#8243;][vc_column_text]<\/p>\n<h5><a href=\"#\"><strong>AUSGEZEICHNETER SERVICE<\/strong><\/a><\/h5>\n<p>[\/vc_column_text][vc_separator type=&#8221;transparent&#8221; up=&#8221;8&#8243; down=&#8221;0&#8243;][vc_column_text]Qualit\u00e4tsdienstleistung ist mehr als nur Dienstleistung. So denken und handeln wir. Es geht nicht nur darum, \u201eein Problem zu beheben\u201c oder Routinearbeiten auszuf\u00fchren, sondern auch um das \u201eL\u00e4cheln\u201c in der Stimme am Telefon, schnelle Antworten auf alle Anfragen und das st\u00e4ndige Streben nach Verbesserung. So arbeiten wir untereinander und so arbeiten wir mit unseren Kunden.[\/vc_column_text][vc_separator type=&#8221;transparent&#8221; up=&#8221;8&#8243; down=&#8221;0&#8243;][\/vc_column][vc_column width=&#8221;1\/3&#8243;][vc_single_image image=&#8221;13548&#8243; img_size=&#8221;full&#8221; add_caption=&#8221;yes&#8221; mkd_css_animation=&#8221;&#8221;][vc_separator type=&#8221;transparent&#8221; up=&#8221;22&#8243; down=&#8221;0&#8243;][vc_column_text]<\/p>\n<h5><a href=\"#\"><strong>Hightech-Ausr\u00fcstung AmadaTECH<\/strong><\/a><\/h5>\n<p>[\/vc_column_text][vc_separator type=&#8221;transparent&#8221; up=&#8221;8&#8243; down=&#8221;0&#8243;][vc_column_text]<a href=\"https:\/\/amadatech.com\" target=\"_blank\" rel=\"noopener\">Amada TECH<\/a> ist ein f\u00fchrendes t\u00fcrkisches Aufzugsunternehmen mit fortschrittlicher Technologie und h\u00f6chster Qualit\u00e4t in der Herstellung von Aufz\u00fcgen und Rolltreppen. Es handelt sich um einen modernen und professionellen Aufzugshersteller, der Design, Forschung und Entwicklung, Konstruktion, Produktion, Vertrieb, Installation und Service in einer einzigen Einheit vereint.[\/vc_column_text][vc_separator type=&#8221;transparent&#8221; up=&#8221;8&#8243; down=&#8221;0&#8243;][\/vc_column][vc_column width=&#8221;1\/3&#8243;][vc_single_image image=&#8221;13542&#8243; img_size=&#8221;full&#8221; add_caption=&#8221;yes&#8221; mkd_css_animation=&#8221;&#8221;][vc_separator type=&#8221;transparent&#8221; up=&#8221;22&#8243; down=&#8221;0&#8243;][vc_column_text]<\/p>\n<h5><a href=\"#\"><strong>AUF DEM WEG ZU EINER NACHHALTIGEN ZUKUNFT\u00a0<\/strong><\/a><\/h5>\n<p>[\/vc_column_text][vc_separator type=&#8221;transparent&#8221; up=&#8221;8&#8243; down=&#8221;0&#8243;][vc_column_text]Gem\u00e4\u00df unserer Unternehmensphilosophie von AmadaTECH: \u201eWir tragen zur nachhaltigen Entwicklung der Gesellschaft bei, indem wir Menschen, Geb\u00e4uden und der Gesellschaft neue Werte bieten\u201c \u2013 mit unseren <a href=\"https:\/\/amadaelevator.com\" target=\"_blank\" rel=\"noopener\">Aufz\u00fcgen<\/a>, Rolltreppen und Geb\u00e4udetechnikdienstleistungen.[\/vc_column_text][\/vc_column][\/vc_row][vc_row row_type=&#8221;row&#8221; use_row_as_full_screen_section=&#8221;yes&#8221; type=&#8221;grid&#8221; text_align=&#8221;left&#8221; padding_top=&#8221;60&#8243; padding_bottom=&#8221;20&#8243; css_animation=&#8221;&#8221; box_shadow_on_row=&#8221;no&#8221; oblique_section=&#8221;no&#8221; oblique_section_top_and_bottom=&#8221;both&#8221; oblique_section_position=&#8221;from_left_to_right&#8221; triangle_shape=&#8221;no&#8221; triangle_shape_position=&#8221;both&#8221;][vc_column width=&#8221;1\/2&#8243;][vc_video link=&#8221;https:\/\/youtu.be\/pRhixoMO88k&#8221; el_aspect=&#8221;235&#8243; align=&#8221;center&#8221;][vc_separator type=&#8221;transparent&#8221;][\/vc_column][vc_column width=&#8221;1\/2&#8243;][vc_column_text]<\/p>\n<h4>UNSERE UNTERNEHMENSINFORMATIONEN (\u00dcBER UNS)<\/h4>\n<p>Firmenname: Amada TECH Elevator Inc.<br \/>\nAdresse: Karl\u0131ktepe Mah. Fahri Korut\u00fcrk Cad.Ayabakan Sok. Nr. 8 \/ Kartal \/ Istanbul \/ T\u00fcrkei<br \/>\nPostleitzahl: 34870<br \/>\nFinanzamt: Kartal<br \/>\nSteuernummer: 0680946254<br \/>\nEingetragen bei der Handelskammer: Handelskammer Istanbul<br \/>\nHandelsregisternummer: 52659-5[\/vc_column_text][vc_separator type=&#8221;transparent&#8221;][\/vc_column][\/vc_row]<\/p>\n<\/section>","protected":false},"excerpt":{"rendered":"<p>[vc_row row_type=&#8221;row&#8221; use_row_as_full_screen_section=&#8221;no&#8221; type=&#8221;grid&#8221; text_align=&#8221;left&#8221; css_animation=&#8221;&#8221; box_shadow_on_row=&#8221;no&#8221;][vc_column][vc_separator type=&#8221;transparent&#8221; up=&#8221;22&#8243; down=&#8221;0&#8243;][vc_column_text] \u00dcber uns [\/vc_column_text][vc_separator type=&#8221;transparent&#8221; up=&#8221;22&#8243; down=&#8221;0&#8243;][vc_column_text]Wir schaffen funktionale, lebendige und stilvolle Lebensr\u00e4ume, die in unseren originellen Designs weiterleben. Wir verwandeln unsere mutigen und vielf\u00e4ltigen Ideen in inspirierende Geb\u00e4ude, Innenr\u00e4ume, Designprodukte und Objekte. Als Amada TECH&#8230;<\/p>\n","protected":false},"author":2,"featured_media":13544,"parent":0,"menu_order":0,"comment_status":"open","ping_status":"closed","template":"full_width.php","meta":{"footnotes":""},"class_list":["post-8","page","type-page","status-publish","has-post-thumbnail","hentry"],"_links":{"self":[{"href":"https:\/\/amadatech.com\/de\/wp-json\/wp\/v2\/pages\/8","targetHints":{"allow":["GET"]}}],"collection":[{"href":"https:\/\/amadatech.com\/de\/wp-json\/wp\/v2\/pages"}],"about":[{"href":"https:\/\/amadatech.com\/de\/wp-json\/wp\/v2\/types\/page"}],"author":[{"embeddable":true,"href":"https:\/\/amadatech.com\/de\/wp-json\/wp\/v2\/users\/2"}],"replies":[{"embeddable":true,"href":"https:\/\/amadatech.com\/de\/wp-json\/wp\/v2\/comments?post=8"}],"version-history":[{"count":33,"href":"https:\/\/amadatech.com\/de\/wp-json\/wp\/v2\/pages\/8\/revisions"}],"predecessor-version":[{"id":13604,"href":"https:\/\/amadatech.com\/de\/wp-json\/wp\/v2\/pages\/8\/revisions\/13604"}],"wp:featuredmedia":[{"embeddable":true,"href":"https:\/\/amadatech.com\/de\/wp-json\/wp\/v2\/media\/13544"}],"wp:attachment":[{"href":"https:\/\/amadatech.com\/de\/wp-json\/wp\/v2\/media?parent=8"}],"curies":[{"name":"wp","href":"https:\/\/api.w.org\/{rel}","templated":true}]}}