{"id":5742,"date":"2015-04-24T11:05:36","date_gmt":"2015-04-24T11:05:36","guid":{"rendered":"http:\/\/demo.mikado-themes.com\/onyx30\/?page_id=5742"},"modified":"2025-12-16T14:58:10","modified_gmt":"2025-12-16T11:58:10","slug":"rolltreppe-fur-innenbereiche","status":"publish","type":"page","link":"https:\/\/amadatech.com\/de\/rolltreppe-fur-innenbereiche\/","title":{"rendered":"Rolltreppe f\u00fcr Innenbereiche"},"content":{"rendered":"<section class=\"wpb-content-wrapper\"><p>[vc_row row_type=&#8221;row&#8221; use_row_as_full_screen_section=&#8221;no&#8221; type=&#8221;grid&#8221; text_align=&#8221;left&#8221; padding_top=&#8221;67&#8243; padding_bottom=&#8221;67&#8243; css_animation=&#8221;&#8221; box_shadow_on_row=&#8221;no&#8221;][vc_column offset=&#8221;vc_col-lg-7 vc_col-md-6 vc_col-xs-12&#8243;][no_elements_holder number_of_columns=&#8221;one_column&#8221;][no_elements_holder_item aligment=&#8221;left&#8221; item_padding_768_1000=&#8221;0 10px 30px 10px&#8221; item_padding_600_768=&#8221;0 10px 30px 10px&#8221; item_padding_480_600=&#8221;0 10px 30px 10px&#8221; item_padding_480=&#8221;0 10px 30px 10px&#8221; advanced_animations=&#8221;no&#8221; start_position=&#8221;bottom&#8221; end_position=&#8221;center&#8221;][vc_column_text]<\/p>\n<h1>Rolltreppe f\u00fcr Innenbereiche<\/h1>\n<h3>Hervorragende Technologie, erfahrenes Personal<\/h3>\n<p>[\/vc_column_text][vc_separator type=&#8221;small&#8221; position=&#8221;left&#8221; up=&#8221;10&#8243; down=&#8221;31&#8243;][vc_column_text]Rolltreppen, die nach den Marken- und Unternehmensstandards von AmadaTECH hergestellt werden, verf\u00fcgen \u00fcber hochmoderne Sicherheitssysteme und eine hochwertige Produktauswahl. Sie sind qualitativ hochwertig, stilvoll, au\u00dfergew\u00f6hnlich und innovativ. Das Design der Rolltreppen bietet mehr Flexibilit\u00e4t f\u00fcr die architektonische Gestaltung und eignet sich f\u00fcr Einkaufszentren, Hotels, B\u00fcrogeb\u00e4ude und andere hochwertige Gewerbegeb\u00e4ude und -einrichtungen.<\/p>\n<p>Das technische Support-Team von <a href=\"https:\/\/amadatech.com\" target=\"_blank\" rel=\"noopener\">AmadaTECH<\/a> bietet nicht nur Ingenieursdienstleistungen f\u00fcr Ihre Bestellung, sondern k\u00fcmmert sich auch um jeden Schritt des gesamten Prozesses, von der architektonischen Unterst\u00fctzung, der Designentwicklung, der technischen Genehmigung, dem Qualit\u00e4tskontrollsystem der Produktionslinie, dem Produktdesign, der Verpackung, der Versandplanung bis hin zur Entladung, Montage und Lieferung der <a href=\"https:\/\/escalatormarket.com\" target=\"_blank\" rel=\"noopener\">Rolltreppe<\/a> vor Ort.[\/vc_column_text][\/no_elements_holder_item][\/no_elements_holder][\/vc_column][vc_column offset=&#8221;vc_col-lg-5 vc_col-md-6 vc_col-xs-12&#8243;][no_elements_holder number_of_columns=&#8221;one_column&#8221;][no_elements_holder_item aligment=&#8221;left&#8221; item_padding_768_1000=&#8221;0 10px 0 10px&#8221; item_padding_600_768=&#8221;0 10px 0 10px&#8221; item_padding_480_600=&#8221;0 10px 0 10px&#8221; item_padding_480=&#8221;0 10px 0 10px&#8221; advanced_animations=&#8221;no&#8221; start_position=&#8221;bottom&#8221; end_position=&#8221;center&#8221;][vc_video link=&#8221;https:\/\/youtu.be\/HQ7m9t7NfhA&#8221;][\/no_elements_holder_item][\/no_elements_holder][\/vc_column][\/vc_row][vc_row row_type=&#8221;row&#8221; use_row_as_full_screen_section=&#8221;no&#8221; type=&#8221;grid&#8221; text_align=&#8221;left&#8221; background_color=&#8221;#f6f5f5&#8243; padding_top=&#8221;67&#8243; padding_bottom=&#8221;67&#8243; css_animation=&#8221;&#8221; box_shadow_on_row=&#8221;no&#8221;][vc_column offset=&#8221;vc_col-lg-5 vc_col-md-6 vc_col-xs-12&#8243;][no_elements_holder number_of_columns=&#8221;one_column&#8221;][no_elements_holder_item aligment=&#8221;left&#8221; item_padding_768_1000=&#8221;0 10px 0 10px&#8221; item_padding_600_768=&#8221;0 10px 0 10px&#8221; item_padding_480_600=&#8221;0 10px 0 10px&#8221; item_padding_480=&#8221;0 10px 0 10px&#8221; advanced_animations=&#8221;no&#8221; start_position=&#8221;bottom&#8221; end_position=&#8221;center&#8221;][vc_single_image image=&#8221;12331&#8243; img_size=&#8221;full&#8221; alignment=&#8221;center&#8221; mkd_css_animation=&#8221;&#8221;][\/no_elements_holder_item][\/no_elements_holder][\/vc_column][vc_column offset=&#8221;vc_col-lg-7 vc_col-md-6 vc_col-xs-12&#8243;][no_elements_holder number_of_columns=&#8221;one_column&#8221;][no_elements_holder_item aligment=&#8221;left&#8221; item_padding_768_1000=&#8221;30px 10px 0 10px&#8221; item_padding_600_768=&#8221;30px 10px 0 10px&#8221; item_padding_480_600=&#8221;30px 10px 0 10px&#8221; item_padding_480=&#8221;30px 10px 0 10px&#8221; advanced_animations=&#8221;no&#8221; start_position=&#8221;bottom&#8221; end_position=&#8221;center&#8221;][vc_column_text]<\/p>\n<h2>Rolltreppe f\u00fcr Innenbereiche<\/h2>\n<p>[\/vc_column_text][vc_column_text]<\/p>\n<h3>Geschwindigkeit, Neigungswinkel, H\u00f6he der Rolltreppe<\/h3>\n<p>[\/vc_column_text][vc_separator type=&#8221;small&#8221; position=&#8221;left&#8221; up=&#8221;10&#8243; down=&#8221;31&#8243;][vc_column_text]Wir bieten Rolltreppen in verschiedenen Gr\u00f6\u00dfen, Neigungswinkeln und Geschwindigkeitsbereichen an. Unsere Geschwindigkeitsoptionen reichen von 0,50 bis 0,65 m\/s. Wir haben garantiert das perfekte Rolltreppendesign f\u00fcr Ihr Projekt. Die maximale L\u00e4nge der Rolltreppen in unserem Standardsortiment reicht von 2 bis 6 Metern bei einem Neigungswinkel von 35 Grad. Bei 30 Grad k\u00f6nnen wir bis zu 40 Meter herstellen. Wir haben eine Vielzahl von Modellen im Angebot. F\u00fcr den Innen- und Au\u00dfenbereich sowie f\u00fcr hohe Beanspruchung. Die Kapazit\u00e4t pro Stunde betr\u00e4gt 3600, 4800, 6000 und 7300 Personen (9000 Personen pro Stunde gem\u00e4\u00df der Norm En115-1-2017). Die Steigungswinkel unserer Rolltreppen betragen 30 und 35 Grad.[\/vc_column_text][\/no_elements_holder_item][\/no_elements_holder][\/vc_column][\/vc_row][vc_row row_type=&#8221;row&#8221; use_row_as_full_screen_section=&#8221;no&#8221; type=&#8221;grid&#8221; text_align=&#8221;left&#8221; padding_top=&#8221;67&#8243; padding_bottom=&#8221;67&#8243; css_animation=&#8221;&#8221; box_shadow_on_row=&#8221;no&#8221;][vc_column offset=&#8221;vc_col-lg-7 vc_col-md-6 vc_col-xs-12&#8243;][no_elements_holder number_of_columns=&#8221;one_column&#8221;][no_elements_holder_item aligment=&#8221;left&#8221; item_padding_768_1000=&#8221;0 10px 30px 10px&#8221; item_padding_600_768=&#8221;0 10px 30px 10px&#8221; item_padding_480_600=&#8221;0 10px 30px 10px&#8221; item_padding_480=&#8221;0 10px 30px 10px&#8221; advanced_animations=&#8221;no&#8221; start_position=&#8221;bottom&#8221; end_position=&#8221;center&#8221;][vc_column_text]<\/p>\n<h3>Rolltreppe der neuen Generation<br \/>\nRolltreppe f\u00fcr Innenbereiche<\/h3>\n<p>[\/vc_column_text][vc_separator type=&#8221;small&#8221; position=&#8221;left&#8221; up=&#8221;10&#8243; down=&#8221;31&#8243;][vc_column_text]Unsere Rolltreppen der neuen Generation bieten \u00fcberragende Leistung.<br \/>\nAmadaTECH tr\u00e4gt durch die Integration verschiedener Funktionen wie den AMD-Modus und LED-Beleuchtung in seine Produkte zur Energieeinsparung bei.<br \/>\nAMD-Mod-Systeme<br \/>\nDas Gewicht der Passagiere auf der Rolltreppe wird anhand der Lastinformationen des Umrichters ermittelt. Bei geringer Passagierzahl wird die Geschwindigkeit der Rolltreppe reduziert und der Stromverbrauch gesenkt. Dank AMD-MOD wird die Lebensdauer der Rolltreppe verl\u00e4ngert.<br \/>\nDank des automatischen Geschwindigkeitsreduzierungssystems wird die Geschwindigkeit der <a href=\"https:\/\/amadatech.com\/de\/rolltreppe\/\" target=\"_blank\" rel=\"noopener\">Rolltreppe<\/a> reduziert, wenn keine Passagiere vorhanden sind. Der Stromverbrauch wird reduziert.[\/vc_column_text][\/no_elements_holder_item][\/no_elements_holder][\/vc_column][vc_column offset=&#8221;vc_col-lg-5 vc_col-md-6 vc_col-xs-12&#8243;][no_elements_holder number_of_columns=&#8221;one_column&#8221;][no_elements_holder_item aligment=&#8221;left&#8221; item_padding_768_1000=&#8221;0 10px 0 10px&#8221; item_padding_600_768=&#8221;0 10px 0 10px&#8221; item_padding_480_600=&#8221;0 10px 0 10px&#8221; item_padding_480=&#8221;0 10px 0 10px&#8221; advanced_animations=&#8221;no&#8221; start_position=&#8221;bottom&#8221; end_position=&#8221;center&#8221;][vc_single_image image=&#8221;12332&#8243; img_size=&#8221;full&#8221; alignment=&#8221;center&#8221; mkd_css_animation=&#8221;&#8221;][\/no_elements_holder_item][\/no_elements_holder][\/vc_column][\/vc_row][vc_row row_type=&#8221;row&#8221; use_row_as_full_screen_section=&#8221;no&#8221; type=&#8221;grid&#8221; text_align=&#8221;left&#8221; background_color=&#8221;#f6f5f5&#8243; padding_top=&#8221;67&#8243; padding_bottom=&#8221;67&#8243; css_animation=&#8221;&#8221; box_shadow_on_row=&#8221;no&#8221;][vc_column offset=&#8221;vc_col-lg-5 vc_col-md-6 vc_col-xs-12&#8243;][no_elements_holder number_of_columns=&#8221;one_column&#8221;][no_elements_holder_item aligment=&#8221;left&#8221; item_padding_768_1000=&#8221;0 10px 0 10px&#8221; item_padding_600_768=&#8221;0 10px 0 10px&#8221; item_padding_480_600=&#8221;0 10px 0 10px&#8221; item_padding_480=&#8221;0 10px 0 10px&#8221; advanced_animations=&#8221;no&#8221; start_position=&#8221;bottom&#8221; end_position=&#8221;center&#8221;][vc_single_image image=&#8221;12331&#8243; img_size=&#8221;full&#8221; alignment=&#8221;center&#8221; mkd_css_animation=&#8221;&#8221;][\/no_elements_holder_item][\/no_elements_holder][\/vc_column][vc_column offset=&#8221;vc_col-lg-7 vc_col-md-6 vc_col-xs-12&#8243;][no_elements_holder number_of_columns=&#8221;one_column&#8221;][no_elements_holder_item aligment=&#8221;left&#8221; item_padding_768_1000=&#8221;30px 10px 0 10px&#8221; item_padding_600_768=&#8221;30px 10px 0 10px&#8221; item_padding_480_600=&#8221;30px 10px 0 10px&#8221; item_padding_480=&#8221;30px 10px 0 10px&#8221; advanced_animations=&#8221;no&#8221; start_position=&#8221;bottom&#8221; end_position=&#8221;center&#8221;][vc_column_text]<\/p>\n<h3>Wir begleiten Sie in jeder Phase des Projekts.<\/h3>\n<p>[\/vc_column_text][vc_separator type=&#8221;small&#8221; position=&#8221;left&#8221; up=&#8221;10&#8243; down=&#8221;31&#8243;][vc_column_text]Kompetente Vertriebsmitarbeiter beraten Sie zu den Preisen f\u00fcr Rolltreppen.<br \/>\nWenden Sie sich an unser Designteam, um sicherzustellen, dass das Produkt ideal f\u00fcr Ihr Geb\u00e4ude und Ihr Projektbudget ist.<br \/>\nDie Designspezifikationen und unser Produktkatalog stehen zum einfachen Download bereit.<br \/>\nEin engagiertes Team von Ingenieuren k\u00fcmmert sich um die Installation von der Produktion bis zur Lieferung.<br \/>\nWir richten uns nach Ihrem Betrieb und installieren die Rolltreppen nach Ihren W\u00fcnschen, wobei wir alle Faktoren ber\u00fccksichtigen.<br \/>\nBew\u00e4hrte, effiziente und sichere Installationsmethoden und vollst\u00e4ndige Qualit\u00e4tssicherung bei der Lieferung.[\/vc_column_text][\/no_elements_holder_item][\/no_elements_holder][vc_separator type=&#8221;transparent&#8221;][\/vc_column][\/vc_row]<\/p>\n<\/section>","protected":false},"excerpt":{"rendered":"<p>[vc_row row_type=&#8221;row&#8221; use_row_as_full_screen_section=&#8221;no&#8221; type=&#8221;grid&#8221; text_align=&#8221;left&#8221; padding_top=&#8221;67&#8243; padding_bottom=&#8221;67&#8243; css_animation=&#8221;&#8221; box_shadow_on_row=&#8221;no&#8221;][vc_column offset=&#8221;vc_col-lg-7 vc_col-md-6 vc_col-xs-12&#8243;][no_elements_holder number_of_columns=&#8221;one_column&#8221;][no_elements_holder_item aligment=&#8221;left&#8221; item_padding_768_1000=&#8221;0 10px 30px 10px&#8221; item_padding_600_768=&#8221;0 10px 30px 10px&#8221; item_padding_480_600=&#8221;0 10px 30px 10px&#8221; item_padding_480=&#8221;0 10px 30px 10px&#8221; advanced_animations=&#8221;no&#8221; start_position=&#8221;bottom&#8221; end_position=&#8221;center&#8221;][vc_column_text] Rolltreppe f\u00fcr Innenbereiche Hervorragende Technologie, erfahrenes Personal [\/vc_column_text][vc_separator type=&#8221;small&#8221; position=&#8221;left&#8221; up=&#8221;10&#8243; down=&#8221;31&#8243;][vc_column_text]Rolltreppen,&#8230;<\/p>\n","protected":false},"author":2,"featured_media":13281,"parent":0,"menu_order":0,"comment_status":"open","ping_status":"open","template":"full_width.php","meta":{"footnotes":""},"class_list":["post-5742","page","type-page","status-publish","has-post-thumbnail","hentry"],"_links":{"self":[{"href":"https:\/\/amadatech.com\/de\/wp-json\/wp\/v2\/pages\/5742","targetHints":{"allow":["GET"]}}],"collection":[{"href":"https:\/\/amadatech.com\/de\/wp-json\/wp\/v2\/pages"}],"about":[{"href":"https:\/\/amadatech.com\/de\/wp-json\/wp\/v2\/types\/page"}],"author":[{"embeddable":true,"href":"https:\/\/amadatech.com\/de\/wp-json\/wp\/v2\/users\/2"}],"replies":[{"embeddable":true,"href":"https:\/\/amadatech.com\/de\/wp-json\/wp\/v2\/comments?post=5742"}],"version-history":[{"count":11,"href":"https:\/\/amadatech.com\/de\/wp-json\/wp\/v2\/pages\/5742\/revisions"}],"predecessor-version":[{"id":13282,"href":"https:\/\/amadatech.com\/de\/wp-json\/wp\/v2\/pages\/5742\/revisions\/13282"}],"wp:featuredmedia":[{"embeddable":true,"href":"https:\/\/amadatech.com\/de\/wp-json\/wp\/v2\/media\/13281"}],"wp:attachment":[{"href":"https:\/\/amadatech.com\/de\/wp-json\/wp\/v2\/media?parent=5742"}],"curies":[{"name":"wp","href":"https:\/\/api.w.org\/{rel}","templated":true}]}}