{"id":14,"date":"2015-03-19T11:46:44","date_gmt":"2015-03-19T11:46:44","guid":{"rendered":"http:\/\/demo.mikado-themes.com\/onyx30\/?page_id=14"},"modified":"2025-12-16T13:31:10","modified_gmt":"2025-12-16T10:31:10","slug":"unsere-qualitatspolitik","status":"publish","type":"page","link":"https:\/\/amadatech.com\/de\/unsere-qualitatspolitik\/","title":{"rendered":"Unsere Qualit\u00e4tspolitik"},"content":{"rendered":"<section class=\"wpb-content-wrapper\"><p>[vc_row row_type=&#8221;row&#8221; use_row_as_full_screen_section=&#8221;no&#8221; type=&#8221;full_width&#8221; text_align=&#8221;left&#8221; css_animation=&#8221;&#8221; box_shadow_on_row=&#8221;no&#8221;][vc_column][vc_column_text]<\/p>\n<h1>Unsere Qualit\u00e4tspolitik<\/h1>\n<p>[\/vc_column_text][vc_separator type=&#8221;transparent&#8221;][vc_column_text]Dokumentation, Zertifizierung und kontinuierliche Verbesserung unseres Qualit\u00e4tsmanagementsystems gem\u00e4\u00df den Anforderungen der ISO 9001:2015<br \/>\nErreichen der Unternehmens- und Abteilungsziele im Teamgeist auf der Grundlage der Total-Quality-Philosophie<br \/>\nIdentifizierung pr\u00e4ventiver Ans\u00e4tze zur Leistungsverbesserung durch Analyse der Gesch\u00e4ftsprozesse im Rahmen eines Selbstbewertungsprozesses<br \/>\nVerbesserung der Effizienz aller Prozesse auf ein international wettbewerbsf\u00e4higes Niveau gem\u00e4\u00df einem Ansatz der kontinuierlichen Verbesserung<br \/>\nDas Unternehmen verpflichtet sich, hart daran zu arbeiten, ein vorbildliches Unternehmen in Bezug auf Qualit\u00e4t im Aufzugsbereich zu werden, indem es seine Betriebsabl\u00e4ufe auf integrierte Weise mit Umwelt-, Gesundheits- und Sicherheitsmanagementsystemen verwaltet, innovative und kreative Ans\u00e4tze f\u00f6rdert und Schulungen durchf\u00fchrt, die die technischen und verhaltensbezogenen Kompetenzen verbessern.[\/vc_column_text][vc_separator type=&#8221;transparent&#8221;][\/vc_column][\/vc_row]<\/p>\n<\/section>","protected":false},"excerpt":{"rendered":"<p>[vc_row row_type=&#8221;row&#8221; use_row_as_full_screen_section=&#8221;no&#8221; type=&#8221;full_width&#8221; text_align=&#8221;left&#8221; css_animation=&#8221;&#8221; box_shadow_on_row=&#8221;no&#8221;][vc_column][vc_column_text] Unsere Qualit\u00e4tspolitik [\/vc_column_text][vc_separator type=&#8221;transparent&#8221;][vc_column_text]Dokumentation, Zertifizierung und kontinuierliche Verbesserung unseres Qualit\u00e4tsmanagementsystems gem\u00e4\u00df den Anforderungen der ISO 9001:2015 Erreichen der Unternehmens- und Abteilungsziele im Teamgeist auf der Grundlage der Total-Quality-Philosophie Identifizierung pr\u00e4ventiver Ans\u00e4tze zur Leistungsverbesserung durch Analyse der Gesch\u00e4ftsprozesse im&#8230;<\/p>\n","protected":false},"author":2,"featured_media":0,"parent":0,"menu_order":0,"comment_status":"open","ping_status":"open","template":"","meta":{"footnotes":""},"class_list":["post-14","page","type-page","status-publish","hentry"],"_links":{"self":[{"href":"https:\/\/amadatech.com\/de\/wp-json\/wp\/v2\/pages\/14","targetHints":{"allow":["GET"]}}],"collection":[{"href":"https:\/\/amadatech.com\/de\/wp-json\/wp\/v2\/pages"}],"about":[{"href":"https:\/\/amadatech.com\/de\/wp-json\/wp\/v2\/types\/page"}],"author":[{"embeddable":true,"href":"https:\/\/amadatech.com\/de\/wp-json\/wp\/v2\/users\/2"}],"replies":[{"embeddable":true,"href":"https:\/\/amadatech.com\/de\/wp-json\/wp\/v2\/comments?post=14"}],"version-history":[{"count":8,"href":"https:\/\/amadatech.com\/de\/wp-json\/wp\/v2\/pages\/14\/revisions"}],"predecessor-version":[{"id":13277,"href":"https:\/\/amadatech.com\/de\/wp-json\/wp\/v2\/pages\/14\/revisions\/13277"}],"wp:attachment":[{"href":"https:\/\/amadatech.com\/de\/wp-json\/wp\/v2\/media?parent=14"}],"curies":[{"name":"wp","href":"https:\/\/api.w.org\/{rel}","templated":true}]}}