{"id":12343,"date":"2025-01-11T18:43:23","date_gmt":"2025-01-11T15:43:23","guid":{"rendered":"https:\/\/amadatech.com\/de\/?page_id=12343"},"modified":"2025-12-16T17:42:45","modified_gmt":"2025-12-16T14:42:45","slug":"fahrsteige","status":"publish","type":"page","link":"https:\/\/amadatech.com\/de\/fahrsteige\/","title":{"rendered":"Fahrsteige"},"content":{"rendered":"<section class=\"wpb-content-wrapper\"><p>[vc_row row_type=&#8221;row&#8221; use_row_as_full_screen_section=&#8221;no&#8221; type=&#8221;full_width&#8221; text_align=&#8221;left&#8221; css_animation=&#8221;&#8221; box_shadow_on_row=&#8221;no&#8221;][vc_column][vc_column_text]<\/p>\n<h1>Fahrsteige<\/h1>\n<p>[\/vc_column_text][vc_separator type=&#8221;transparent&#8221;][vc_column_text]Ben\u00f6tigen Sie einen horizontalen Fahrsteig, um den Personenfluss in \u00f6ffentlichen Verkehrsmitteln zu erh\u00f6hen? Oder einen geneigten Fahrsteig, der haupts\u00e4chlich in Einzelhandelsgesch\u00e4ften und Bahnh\u00f6fen zum Einsatz kommt? Unsere Produktpalette eignet sich zum Stehen oder Gehen und ist ideal f\u00fcr dicht bebaute Gebiete.<\/p>\n<p>Ganz gleich, ob Sie eine Standardkonfiguration oder eine ma\u00dfgeschneiderte L\u00f6sung bevorzugen. Unsere Fahrsteige sind die perfekte Kombination aus Oberfl\u00e4chen, die sich harmonisch in ihre Umgebung einf\u00fcgen, und au\u00dfergew\u00f6hnlicher Effizienz, Flexibilit\u00e4t und Zuverl\u00e4ssigkeit. Sie werden in der Regel paarweise installiert und sorgen f\u00fcr einen reibungslosen und kontinuierlichen Personenfluss im gesamten Geb\u00e4ude.<\/p>\n<p>Unsere flexible Produktpalette ist f\u00fcr jeden geeignet. Dazu geh\u00f6ren hochbelastbare und mobile Glaslaufb\u00e4nder mit geneigten und horizontalen Winkeln, die f\u00fcr den Innen- und Au\u00dfenbereich geeignet sind. Unabh\u00e4ngig davon, f\u00fcr welchen Typ Sie sich entscheiden, jeder ist in einer Vielzahl von Ausf\u00fchrungen erh\u00e4ltlich. So haben wir mit Sicherheit das perfekte Fahrband f\u00fcr Ihr Projekt.<\/p>\n<p>Alle unsere <a href=\"https:\/\/escalatormarket.com\" target=\"_blank\" rel=\"noopener\">Fahrsteige<\/a> werden nach den h\u00f6chsten Standards hergestellt, um Sicherheit, Umweltfreundlichkeit und Design zu gew\u00e4hrleisten. Wenden Sie sich an unser Designteam, das Sie beraten, Ihnen Richtpreise f\u00fcr bewegliche Strukturen nennen oder Sie zu technischen Spezifikationen beraten kann.[\/vc_column_text][vc_separator type=&#8221;transparent&#8221;][\/vc_column][\/vc_row][vc_row row_type=&#8221;row&#8221; use_row_as_full_screen_section=&#8221;no&#8221; type=&#8221;full_width&#8221; text_align=&#8221;left&#8221; css_animation=&#8221;&#8221; box_shadow_on_row=&#8221;no&#8221;][vc_column][vc_column_text]<\/p>\n<h2>Fahrsteige<\/h2>\n<p>[\/vc_column_text][vc_separator type=&#8221;transparent&#8221;][\/vc_column][\/vc_row][vc_row row_type=&#8221;row&#8221; use_row_as_full_screen_section=&#8221;no&#8221; type=&#8221;full_width&#8221; text_align=&#8221;left&#8221; css_animation=&#8221;&#8221; box_shadow_on_row=&#8221;no&#8221;][vc_column width=&#8221;1\/2&#8243;][vc_single_image image=&#8221;12347&#8243; img_size=&#8221;full&#8221; mkd_css_animation=&#8221;&#8221;][vc_separator type=&#8221;transparent&#8221;][\/vc_column][vc_column width=&#8221;1\/2&#8243;][vc_single_image image=&#8221;12346&#8243; img_size=&#8221;full&#8221; mkd_css_animation=&#8221;&#8221;][vc_separator type=&#8221;transparent&#8221;][\/vc_column][\/vc_row][vc_row row_type=&#8221;row&#8221; use_row_as_full_screen_section=&#8221;no&#8221; type=&#8221;full_width&#8221; text_align=&#8221;left&#8221; css_animation=&#8221;&#8221; box_shadow_on_row=&#8221;no&#8221;][vc_column][vc_column_text]<\/p>\n<h3>Fahrsteige<\/h3>\n<p>[\/vc_column_text][vc_separator type=&#8221;transparent&#8221;][\/vc_column][\/vc_row][vc_row row_type=&#8221;row&#8221; use_row_as_full_screen_section=&#8221;no&#8221; type=&#8221;full_width&#8221; text_align=&#8221;left&#8221; css_animation=&#8221;&#8221; box_shadow_on_row=&#8221;no&#8221;][vc_column][vc_column_text]W\u00e4hrend Rolltreppen Menschen vertikal zwischen Etagen bef\u00f6rdern, sind Fahrsteige wie langsame F\u00f6rderb\u00e4nder, die Menschen \u00fcber horizontale Entfernungen transportieren. Manchmal bef\u00f6rdern sie Menschen wie Rolltreppen eine Steigung hinauf und zwischen Etagen. Sie sind h\u00e4ufig in Flugh\u00e4fen installiert und wie bei <a href=\"https:\/\/amadatech.com\/de\/rolltreppe\/\" target=\"_blank\" rel=\"noopener\">Rolltreppen<\/a> k\u00f6nnen Passagiere auf ihnen stehen oder gehen und sich dabei an Handl\u00e4ufen festhalten.<\/p>\n<p>Ebenso wie Rolltreppen sind auch <a href=\"https:\/\/amadatech.com\/de\/schmierung-von-rolltreppen-und-fahrsteigen\/\" target=\"_blank\" rel=\"noopener\">Fahrsteige<\/a> manchmal paarweise angeordnet und bef\u00f6rdern Menschen in entgegengesetzte Richtungen. Sie haben einen viel geringeren oder flacheren Neigungswinkel als Rolltreppen; Fahrsteige k\u00f6nnen zwischen 0 und 6 Grad geneigt sein.[\/vc_column_text][vc_separator type=&#8221;transparent&#8221;][\/vc_column][\/vc_row]<\/p>\n<\/section>","protected":false},"excerpt":{"rendered":"<p>[vc_row row_type=&#8221;row&#8221; use_row_as_full_screen_section=&#8221;no&#8221; type=&#8221;full_width&#8221; text_align=&#8221;left&#8221; css_animation=&#8221;&#8221; box_shadow_on_row=&#8221;no&#8221;][vc_column][vc_column_text] Fahrsteige [\/vc_column_text][vc_separator type=&#8221;transparent&#8221;][vc_column_text]Ben\u00f6tigen Sie einen horizontalen Fahrsteig, um den Personenfluss in \u00f6ffentlichen Verkehrsmitteln zu erh\u00f6hen? Oder einen geneigten Fahrsteig, der haupts\u00e4chlich in Einzelhandelsgesch\u00e4ften und Bahnh\u00f6fen zum Einsatz kommt? Unsere Produktpalette eignet sich zum Stehen oder Gehen und ist&#8230;<\/p>\n","protected":false},"author":2,"featured_media":12346,"parent":0,"menu_order":0,"comment_status":"closed","ping_status":"closed","template":"","meta":{"footnotes":""},"class_list":["post-12343","page","type-page","status-publish","has-post-thumbnail","hentry"],"_links":{"self":[{"href":"https:\/\/amadatech.com\/de\/wp-json\/wp\/v2\/pages\/12343","targetHints":{"allow":["GET"]}}],"collection":[{"href":"https:\/\/amadatech.com\/de\/wp-json\/wp\/v2\/pages"}],"about":[{"href":"https:\/\/amadatech.com\/de\/wp-json\/wp\/v2\/types\/page"}],"author":[{"embeddable":true,"href":"https:\/\/amadatech.com\/de\/wp-json\/wp\/v2\/users\/2"}],"replies":[{"embeddable":true,"href":"https:\/\/amadatech.com\/de\/wp-json\/wp\/v2\/comments?post=12343"}],"version-history":[{"count":7,"href":"https:\/\/amadatech.com\/de\/wp-json\/wp\/v2\/pages\/12343\/revisions"}],"predecessor-version":[{"id":13293,"href":"https:\/\/amadatech.com\/de\/wp-json\/wp\/v2\/pages\/12343\/revisions\/13293"}],"wp:featuredmedia":[{"embeddable":true,"href":"https:\/\/amadatech.com\/de\/wp-json\/wp\/v2\/media\/12346"}],"wp:attachment":[{"href":"https:\/\/amadatech.com\/de\/wp-json\/wp\/v2\/media?parent=12343"}],"curies":[{"name":"wp","href":"https:\/\/api.w.org\/{rel}","templated":true}]}}