{"id":12340,"date":"2025-01-11T18:39:42","date_gmt":"2025-01-11T15:39:42","guid":{"rendered":"https:\/\/amadatech.com\/de\/?page_id=12340"},"modified":"2025-12-15T20:42:24","modified_gmt":"2025-12-15T17:42:24","slug":"schwerlast-rolltreppe","status":"publish","type":"page","link":"https:\/\/amadatech.com\/de\/schwerlast-rolltreppe\/","title":{"rendered":"Schwerlast-Rolltreppe"},"content":{"rendered":"<section class=\"wpb-content-wrapper\"><p>[vc_row row_type=&#8221;row&#8221; use_row_as_full_screen_section=&#8221;no&#8221; type=&#8221;grid&#8221; text_align=&#8221;left&#8221; padding_top=&#8221;55&#8243; padding_bottom=&#8221;23&#8243; css_animation=&#8221;&#8221; box_shadow_on_row=&#8221;no&#8221; oblique_section=&#8221;no&#8221; oblique_section_top_and_bottom=&#8221;both&#8221; oblique_section_position=&#8221;from_left_to_right&#8221; triangle_shape=&#8221;no&#8221; triangle_shape_position=&#8221;both&#8221;][vc_column width=&#8221;1\/2&#8243;][vc_video link=&#8221;https:\/\/youtu.be\/HQ7m9t7NfhA&#8221;][vc_separator type=&#8221;transparent&#8221; thickness=&#8221;10&#8243; up=&#8221;8&#8243;][\/vc_column][vc_column width=&#8221;1\/2&#8243;][vc_column_text]<\/p>\n<h1>Schwerlast-Rolltreppe<\/h1>\n<p>[\/vc_column_text][vc_separator type=&#8221;transparent&#8221; up=&#8221;8&#8243; down=&#8221;0&#8243;][vc_column_text]<\/p>\n<h3>Hochleistungs-Rolltreppe<\/h3>\n<p>[\/vc_column_text][vc_separator type=&#8221;transparent&#8221; up=&#8221;8&#8243; down=&#8221;0&#8243;][vc_column_text]<\/p>\n<div class=\"wpb_text_column wpb_content_element \">\n<div class=\"wpb_wrapper\">\n<h5>Aufzugs- und Fahrtreppentechnologien der n\u00e4chsten Generation<\/h5>\n<\/div>\n<\/div>\n<p>[\/vc_column_text][vc_separator type=&#8221;transparent&#8221;][vc_column_text]Unsere Hochleistungs-Rolltreppen sind so konzipiert, dass sie die robuste und zuverl\u00e4ssige Bef\u00f6rderung bieten, die Ihr stark frequentiertes Geb\u00e4ude ben\u00f6tigt.[\/vc_column_text][vc_column_text]With features such as galvanized truss, reinforced parts and internal heating system, our heavy duty escalators can be used both indoors and outdoors and in high traffic areas such as airports, train stations and underpasses. All escalators are supplied and installed in accordance with the latest EN 115 -1 2017 regulations.[\/vc_column_text][\/vc_column][\/vc_row][vc_row row_type=&#8221;row&#8221; use_row_as_full_screen_section=&#8221;no&#8221; type=&#8221;grid&#8221; text_align=&#8221;left&#8221; padding_top=&#8221;10&#8243; padding_bottom=&#8221;8&#8243; css_animation=&#8221;&#8221; box_shadow_on_row=&#8221;no&#8221; oblique_section=&#8221;no&#8221; oblique_section_top_and_bottom=&#8221;both&#8221; oblique_section_position=&#8221;from_left_to_right&#8221; triangle_shape=&#8221;no&#8221; triangle_shape_position=&#8221;both&#8221;][vc_column][vc_column_text]<\/p>\n<div class=\"wpb_text_column wpb_content_element \">\n<div class=\"wpb_wrapper\">\n<p>Diese Rolltreppen und Fahrsteige eignen sich f\u00fcr stark frequentierte Bereiche wie U-Bahn- oder Bahnh\u00f6fe, Flugh\u00e4fen, Fu\u00dfg\u00e4ngerbr\u00fccken, \u00dcberf\u00fchrungen usw. Sie m\u00fcssen in der Lage sein, w\u00e4hrend der Sto\u00dfzeiten einer hohen Passagierlast standzuhalten. Gem\u00e4\u00df der Norm verf\u00fcgen solche Rolltreppen und Fahrsteige \u00fcber Optionen und Funktionen, die einen Betrieb unter hoher Belastung und im Au\u00dfenbereich erm\u00f6glichen.<\/p>\n<p>Die Handl\u00e4ufe dieser Rolltreppen bestehen in der Regel aus Edelstahl, was eine h\u00f6here Haltbarkeit gew\u00e4hrleistet und sie f\u00fcr den Einsatz in stark frequentierten Bereichen besser geeignet macht. Je nach Kundenwunsch kann der innere Teil des Handlaufs vertikal oder geneigt bestellt werden, w\u00e4hrend die \u00e4u\u00dfere Verkleidung der Norm EN 115 entsprechen muss. Bei Infrastruktur-Rolltreppen werden die Rolltreppen parallel verlegt und die Handl\u00e4ufe nebeneinander angeordnet, wodurch eine ebene Fl\u00e4che entsteht. Um zu verhindern, dass Personen in diesem Bereich ausrutschen, sollten einige Handlaufschutzvorrichtungen installiert werden.<\/p>\n<\/div>\n<\/div>\n<p>[\/vc_column_text][vc_separator type=&#8221;transparent&#8221; up=&#8221;1&#8243; down=&#8221;0&#8243;][\/vc_column][\/vc_row][vc_row row_type=&#8221;row&#8221; use_row_as_full_screen_section=&#8221;no&#8221; type=&#8221;grid&#8221; text_align=&#8221;left&#8221; padding_top=&#8221;10&#8243; padding_bottom=&#8221;8&#8243; css_animation=&#8221;&#8221; box_shadow_on_row=&#8221;no&#8221; oblique_section=&#8221;no&#8221; oblique_section_top_and_bottom=&#8221;both&#8221; oblique_section_position=&#8221;from_left_to_right&#8221; triangle_shape=&#8221;no&#8221; triangle_shape_position=&#8221;both&#8221;][vc_column][vc_column_text]<\/p>\n<div class=\"wpb_text_column wpb_content_element \">\n<div class=\"wpb_wrapper\">\n<p>Die neue Generation der Rolltreppen von AmadaTECH definiert moderne Mobilit\u00e4t neu. Die innovative, energieeffiziente und \u00e4u\u00dferst zuverl\u00e4ssige Schwerlast-Rolltreppe wurde speziell f\u00fcr Bereiche mit hohem Verkehrsaufkommen wie Flugh\u00e4fen, Einkaufszentren, Bahnh\u00f6fe und U-Bahn-Systeme entwickelt.<\/p>\n<p>Mit modernsten Steuerungssystemen, intelligenten Sicherheitsfunktionen und langlebigen Komponenten bietet AmadaTECH eine L\u00f6sung, die auf h\u00f6chste Sicherheit, Effizienz und Komfort ausgelegt ist.<\/p>\n<\/div>\n<\/div>\n<p>[\/vc_column_text][vc_separator type=&#8221;transparent&#8221; up=&#8221;1&#8243; down=&#8221;0&#8243;][\/vc_column][\/vc_row][vc_row row_type=&#8221;row&#8221; use_row_as_full_screen_section=&#8221;no&#8221; type=&#8221;grid&#8221; text_align=&#8221;left&#8221; padding_top=&#8221;10&#8243; padding_bottom=&#8221;8&#8243; css_animation=&#8221;&#8221; box_shadow_on_row=&#8221;no&#8221; oblique_section=&#8221;no&#8221; oblique_section_top_and_bottom=&#8221;both&#8221; oblique_section_position=&#8221;from_left_to_right&#8221; triangle_shape=&#8221;no&#8221; triangle_shape_position=&#8221;both&#8221;][vc_column][vc_column_text]<\/p>\n<div class=\"wpb_text_column wpb_content_element \">\n<div class=\"wpb_wrapper\">\n<p>Warum AmadaTECH-Rolltreppen?<br \/>\n\u2022 Fortschrittliche Sensor- und Sicherheitsarchitektur<br \/>\n\u2022 Energieeffiziente Antriebssysteme und optimierte Steuerung<br \/>\n\u2022 Robuste, wartungsfreundliche Konstruktion f\u00fcr langen Gebrauch<br \/>\n\u2022 Zukunftsweisendes Design f\u00fcr flexible architektonische Integration<br \/>\n\u2022 Zuverl\u00e4ssiger Betrieb bei hohem Besucheraufkommen und in anspruchsvollen Umgebungen<\/p>\n<\/div>\n<\/div>\n<p>[\/vc_column_text][vc_separator type=&#8221;transparent&#8221; up=&#8221;0&#8243; down=&#8221;0&#8243;][\/vc_column][\/vc_row][vc_row row_type=&#8221;row&#8221; use_row_as_full_screen_section=&#8221;no&#8221; type=&#8221;grid&#8221; text_align=&#8221;left&#8221; padding_top=&#8221;8&#8243; padding_bottom=&#8221;8&#8243; css_animation=&#8221;&#8221; box_shadow_on_row=&#8221;no&#8221; oblique_section=&#8221;no&#8221; oblique_section_top_and_bottom=&#8221;both&#8221; oblique_section_position=&#8221;from_left_to_right&#8221; triangle_shape=&#8221;no&#8221; triangle_shape_position=&#8221;both&#8221;][vc_column][vc_column_text]<\/p>\n<div class=\"wpb_text_column wpb_content_element \">\n<div class=\"wpb_wrapper\">\n<p>Unsere Produkte vereinen modernste Technologie, hochwertige Materialien und benutzerorientiertes Design und bieten Menschen eine sichere, schnelle und komfortable Bef\u00f6rderungsm\u00f6glichkeit.<\/p>\n<\/div>\n<\/div>\n<p>[\/vc_column_text][vc_separator type=&#8221;transparent&#8221; up=&#8221;30&#8243; down=&#8221;0&#8243;][\/vc_column][\/vc_row][vc_row row_type=&#8221;row&#8221; use_row_as_full_screen_section=&#8221;no&#8221; type=&#8221;grid&#8221; text_align=&#8221;left&#8221; background_color=&#8221;#f6f5f5&#8243; padding_top=&#8221;59&#8243; padding_bottom=&#8221;18&#8243; css_animation=&#8221;&#8221; box_shadow_on_row=&#8221;no&#8221; oblique_section=&#8221;no&#8221; oblique_section_top_and_bottom=&#8221;both&#8221; oblique_section_position=&#8221;from_left_to_right&#8221; triangle_shape=&#8221;no&#8221; triangle_shape_position=&#8221;both&#8221;][vc_column width=&#8221;1\/2&#8243;]<div class='mkd_icon_with_title tiny circle'><div class=\"icon_holder \" style=\"margin: 0px 0px 60px 0px; \"><div class=\"icon_holder_inner\"><span class=\"mkd_icon_stack mkd_tiny_icon  custom-font\" style=\"font-size: 24px;color: #ffffff;width: 57px;height: 57px;line-height: 57px;background-color: #0091d3;border-width: 0px;\"><i class=\"mkd_icon_font_awesome fa fa-briefcase icon_text_icon mkd_icon_stack_1x\" style=\"font-size: 24px;\" ><\/i><\/span><\/div><\/div><div class=\"icon_text_holder\" style=\"padding-left: 90px;\"><div class=\"icon_title_inner_holder\"><h5 class=\"icon_title \" style=\"\">T\u00dcRKISCHE TECHNIKPRODUKTE<\/h5><\/div><div class=\"icon_text_inner\" style=\"\"><p style=''>AmadaTECH-Produkte werden von hochqualifizierten t\u00fcrkischen Ingenieuren entwickelt, was den Kunden \u00fcberlegene Produkte mit zuverl\u00e4ssiger Qualit\u00e4t garantiert.<\/p><\/div><\/div><\/div>[vc_separator type=&#8221;transparent&#8221; up=&#8221;20&#8243; down=&#8221;0&#8243;]<div class='mkd_icon_with_title tiny circle'><div class=\"icon_holder \" style=\"margin: 0px 0px 60px 0px; \"><div class=\"icon_holder_inner\"><span class=\"mkd_icon_stack mkd_tiny_icon  custom-font\" style=\"font-size: 24px;color: #ffffff;width: 57px;height: 57px;line-height: 57px;background-color: #0091d3;border-width: 0px;\"><i class=\"mkd_icon_font_awesome fa fa-car icon_text_icon mkd_icon_stack_1x\" style=\"font-size: 24px;\" ><\/i><\/span><\/div><\/div><div class=\"icon_text_holder\" style=\"padding-left: 90px;\"><div class=\"icon_title_inner_holder\"><h5 class=\"icon_title \" style=\"\">SAFETY<\/h5><\/div><div class=\"icon_text_inner\" style=\"\"><p style=''>Safety and reliability are an integral part of AmadaTECH products. We are continually working on improvements that contribute to the safety and performance of service technicians who service Amada TECH elevators around the world.<\/p><\/div><\/div><\/div>[vc_separator type=&#8221;transparent&#8221; up=&#8221;20&#8243; down=&#8221;0&#8243;]<div class='mkd_icon_with_title tiny circle'><div class=\"icon_holder \" style=\"margin: 0px 0px 60px 0px; \"><div class=\"icon_holder_inner\"><span class=\"mkd_icon_stack mkd_tiny_icon  custom-font\" style=\"font-size: 24px;color: #ffffff;width: 57px;height: 57px;line-height: 57px;background-color: #0091d3;border-width: 0px;\"><i class=\"mkd_icon_font_awesome fa fa-shopping-cart icon_text_icon mkd_icon_stack_1x\" style=\"font-size: 24px;\" ><\/i><\/span><\/div><\/div><div class=\"icon_text_holder\" style=\"padding-left: 90px;\"><div class=\"icon_title_inner_holder\"><h5 class=\"icon_title \" style=\"\">SERVICE-EXZELLENZ<\/h5><\/div><div class=\"icon_text_inner\" style=\"\"><p style=''>Exzellenter Service ist mehr als nur Service. Es ist unsere Denk- und Handlungsweise. Es geht nicht nur darum, \u201eein Problem zu beheben\u201c oder routinem\u00e4\u00dfige Wartungsarbeiten durchzuf\u00fchren, sondern auch darum, am Telefon freundlich zu sein, schnell auf alle Anfragen zu reagieren und stets nach Verbesserungsm\u00f6glichkeiten zu suchen. Es geht darum, wie wir miteinander und mit unseren Kunden zusammenarbeiten.<\/p><\/div><\/div><\/div>[vc_separator type=&#8221;transparent&#8221; up=&#8221;20&#8243; down=&#8221;0&#8243;][vc_separator type=&#8221;transparent&#8221; up=&#8221;20&#8243; down=&#8221;0&#8243;][\/vc_column][vc_column width=&#8221;1\/2&#8243;]<div class='mkd_icon_with_title tiny circle'><div class=\"icon_holder \" style=\"margin: 0px 0px 60px 0px; \"><div class=\"icon_holder_inner\"><span class=\"mkd_icon_stack mkd_tiny_icon  custom-font\" style=\"font-size: 24px;color: #ffffff;width: 57px;height: 57px;line-height: 57px;background-color: #0091d3;border-width: 0px;\"><i class=\"mkd_icon_font_awesome fa fa-graduation-cap icon_text_icon mkd_icon_stack_1x\" style=\"font-size: 24px;\" ><\/i><\/span><\/div><\/div><div class=\"icon_text_holder\" style=\"padding-left: 90px;\"><div class=\"icon_title_inner_holder\"><h5 class=\"icon_title \" style=\"\">\u00c4STHETISCHES DESIGN, PERFEKTION<\/h5><\/div><div class=\"icon_text_inner\" style=\"\"><p style=''>Das AmadaTECH Design Center in der T\u00fcrkei ist mit Fachleuten besetzt, die sich \u00fcber die neuesten \u00e4sthetischen L\u00f6sungen auf dem Laufenden halten, um den Kundenanforderungen gerecht zu werden.<\/p><\/div><\/div><\/div>[vc_separator type=&#8221;transparent&#8221; up=&#8221;15&#8243; down=&#8221;0&#8243;]<div class='mkd_icon_with_title tiny circle'><div class=\"icon_holder \" style=\"margin: 0px 0px 60px 0px; \"><div class=\"icon_holder_inner\"><span class=\"mkd_icon_stack mkd_tiny_icon  custom-font\" style=\"font-size: 24px;color: #ffffff;width: 57px;height: 57px;line-height: 57px;background-color: #0091d3;border-width: 0px;\"><i class=\"mkd_icon_font_awesome fa fa-camera-retro icon_text_icon mkd_icon_stack_1x\" style=\"font-size: 24px;\" ><\/i><\/span><\/div><\/div><div class=\"icon_text_holder\" style=\"padding-left: 90px;\"><div class=\"icon_title_inner_holder\"><h5 class=\"icon_title \" style=\"\">AUF DEM WEG ZU EINER NACHHALTIGEN ZUKUNFT<\/h5><\/div><div class=\"icon_text_inner\" style=\"\"><p style=''>Im Einklang mit der Unternehmensphilosophie von AmadaTECH werden wir durch die Schaffung neuer Werte f\u00fcr Menschen, Systeme und die Gesellschaft mit unseren Aufz\u00fcgen, Rolltreppen und Geb\u00e4udetechnikdienstleistungen zu einer nachhaltigen Entwicklung der<\/p><\/div><\/div><\/div>[vc_separator type=&#8221;transparent&#8221; up=&#8221;15&#8243; down=&#8221;0&#8243;]<div class='mkd_icon_with_title tiny circle'><div class=\"icon_holder \" style=\"margin: 0px 0px 60px 0px; \"><div class=\"icon_holder_inner\"><span class=\"mkd_icon_stack mkd_tiny_icon  custom-font\" style=\"font-size: 24px;color: #ffffff;width: 57px;height: 57px;line-height: 57px;background-color: #0091d3;border-width: 0px;\"><i class=\"mkd_icon_font_awesome fa fa-cogs icon_text_icon mkd_icon_stack_1x\" style=\"font-size: 24px;\" ><\/i><\/span><\/div><\/div><div class=\"icon_text_holder\" style=\"padding-left: 90px;\"><div class=\"icon_title_inner_holder\"><h5 class=\"icon_title \" style=\"\">\u00dcBERLEGENDE AMADATECH-TECHNOLOGIE<\/h5><\/div><div class=\"icon_text_inner\" style=\"\"><p style=''>AmadaTECH ist ein f\u00fchrendes t\u00fcrkisches Aufzugsunternehmen mit fortschrittlicher Technologie und h\u00f6chster Qualit\u00e4t in der Herstellung von Aufz\u00fcgen und Rolltreppen. Es handelt sich um einen modernen und professionellen Aufzugshersteller, der Design, Forschung und Entwicklung, Konstruktion, Produktion, Vertrieb, Installation und Service in einer einzigen Einheit vereint.<\/p><\/div><\/div><\/div>[vc_separator type=&#8221;transparent&#8221; up=&#8221;15&#8243; down=&#8221;0&#8243;][vc_separator type=&#8221;transparent&#8221; up=&#8221;15&#8243; down=&#8221;0&#8243;][\/vc_column][\/vc_row][vc_row row_type=&#8221;row&#8221; use_row_as_full_screen_section=&#8221;no&#8221; type=&#8221;grid&#8221; text_align=&#8221;left&#8221; padding_top=&#8221;55&#8243; padding_bottom=&#8221;23&#8243; css_animation=&#8221;&#8221; box_shadow_on_row=&#8221;no&#8221; oblique_section=&#8221;no&#8221; oblique_section_top_and_bottom=&#8221;both&#8221; oblique_section_position=&#8221;from_left_to_right&#8221; triangle_shape=&#8221;no&#8221; triangle_shape_position=&#8221;both&#8221;][vc_column width=&#8221;1\/2&#8243;][vc_separator type=&#8221;transparent&#8221;][vc_separator type=&#8221;transparent&#8221;][vc_video link=&#8221;https:\/\/youtu.be\/iABS5z1Os-s?si=ImAW4TZ1k5kau09O&#8221;][vc_separator type=&#8221;transparent&#8221;][\/vc_column][vc_column width=&#8221;1\/2&#8243;][vc_column_text]<\/p>\n<h2>Schwerlast-Rolltreppe<\/h2>\n<h2>Hochleistungs-Rolltreppe<\/h2>\n<p>[\/vc_column_text][vc_separator type=&#8221;transparent&#8221;][vc_column_text]<\/p>\n<div class=\"vc_row wpb_row section grid_section\">\n<div class=\" section_inner clearfix\">\n<div class=\"section_inner_margin clearfix\">\n<div class=\"wpb_column vc_column_container vc_col-sm-12\">\n<div class=\"vc_column-inner\">\n<div class=\"wpb_wrapper\">\n<div class=\"wpb_text_column wpb_content_element \">\n<div class=\"wpb_wrapper\">\n<div class=\"wpb_text_column wpb_content_element \">\n<div class=\"wpb_wrapper\">\n<div class=\"vc_row wpb_row section grid_section\">\n<div class=\" section_inner clearfix\">\n<div class=\"section_inner_margin clearfix\">\n<div class=\"wpb_column vc_column_container vc_col-sm-12\">\n<div class=\"vc_column-inner\">\n<div class=\"wpb_wrapper\">\n<div class=\"wpb_text_column wpb_content_element \">\n<div class=\"wpb_wrapper\">\n<p>Die neue Generation kommerzieller <a href=\"https:\/\/amadatech.com\/de\/rolltreppe\/\" target=\"_blank\" rel=\"noopener\">Rolltreppen<\/a> vereint Sicherheit,<br \/>\n\u00c4sthetik und Umweltfreundlichkeit sowie unterbrechungsfreien<br \/>\nBetrieb und Nutzung.<\/p>\n<\/div>\n<\/div>\n<\/div>\n<\/div>\n<\/div>\n<\/div>\n<\/div>\n<\/div>\n<\/div>\n<\/div>\n<\/div>\n<\/div>\n<\/div>\n<\/div>\n<\/div>\n<\/div>\n<\/div>\n<\/div>\n<p>[\/vc_column_text][vc_column_text]<\/p>\n<div class=\"vc_row wpb_row section grid_section\">\n<div class=\" section_inner clearfix\">\n<div class=\"section_inner_margin clearfix\">\n<div class=\"wpb_column vc_column_container vc_col-sm-12\">\n<div class=\"vc_column-inner\">\n<div class=\"wpb_wrapper\">\n<div class=\"wpb_text_column wpb_content_element \">\n<div class=\"wpb_wrapper\">\n<div class=\"wpb_text_column wpb_content_element \">\n<div class=\"wpb_wrapper\">\n<div class=\"vc_row wpb_row section grid_section\">\n<div class=\" section_inner clearfix\">\n<div class=\"section_inner_margin clearfix\">\n<div class=\"wpb_column vc_column_container vc_col-sm-12\">\n<div class=\"vc_column-inner\">\n<div class=\"wpb_wrapper\">\n<div class=\"wpb_text_column wpb_content_element \">\n<div class=\"wpb_wrapper\">Eine Vielzahl von Funktionen, darunter energiesparende<br \/>\nLED-Beleuchtung und energieeffiziente Frequenzsteuerung, sowie eine Auswahl an Handl\u00e4ufen,<\/div>\n<div class=\"wpb_wrapper\">Balustraden und Oberfl\u00e4chen,<br \/>\ndie sich harmonisch in das Erscheinungsbild Ihres Geb\u00e4udes einf\u00fcgen.<br \/>\nHochleistungs-<a href=\"https:\/\/escalatormarket.com\" target=\"_blank\" rel=\"noopener\">Rolltreppen<\/a> sind das Herzst\u00fcck des vertikalen Personenverkehrs in Flugh\u00e4fen,<\/div>\n<div class=\"wpb_wrapper\">\u00dcberf\u00fchrungen,Bahnh\u00f6fen und U-Bahn-Stationen.<\/div>\n<div class=\"wpb_wrapper\">Sie werden gem\u00e4\u00df den Normen EN 115-1 2017 und den speziellen Konfigurationen von<br \/>\n<a href=\"https:\/\/amadatech.com\" target=\"_blank\" rel=\"noopener\">AmadaTECH<\/a> hergestellt und bieten<\/div>\n<div class=\"wpb_wrapper\">Kunden eine hervorragende Auswahl an<\/div>\n<div class=\"wpb_wrapper\">Designs mit zuverl\u00e4ssiger Qualit\u00e4t und ausgezeichneter Leistung.<\/div>\n<\/div>\n<\/div>\n<\/div>\n<\/div>\n<\/div>\n<\/div>\n<\/div>\n<\/div>\n<\/div>\n<\/div>\n<\/div>\n<\/div>\n<\/div>\n<\/div>\n<\/div>\n<\/div>\n<\/div>\n<p>[\/vc_column_text][\/vc_column][\/vc_row][vc_row row_type=&#8221;row&#8221; use_row_as_full_screen_section=&#8221;no&#8221; type=&#8221;grid&#8221; text_align=&#8221;left&#8221; padding_top=&#8221;55&#8243; padding_bottom=&#8221;23&#8243; css_animation=&#8221;&#8221; box_shadow_on_row=&#8221;no&#8221; oblique_section=&#8221;no&#8221; oblique_section_top_and_bottom=&#8221;both&#8221; oblique_section_position=&#8221;from_left_to_right&#8221; triangle_shape=&#8221;no&#8221; triangle_shape_position=&#8221;both&#8221;][vc_column width=&#8221;1\/2&#8243;][vc_single_image image=&#8221;12352&#8243; img_size=&#8221;full&#8221; mkd_css_animation=&#8221;&#8221;][vc_separator type=&#8221;transparent&#8221;][\/vc_column][vc_column width=&#8221;1\/2&#8243;][vc_column_text]<\/p>\n<div class=\"vc_row wpb_row section grid_section\">\n<div class=\" section_inner clearfix\">\n<div class=\"section_inner_margin clearfix\">\n<div class=\"wpb_column vc_column_container vc_col-sm-12\">\n<div class=\"vc_column-inner\">\n<div class=\"wpb_wrapper\">\n<div class=\"wpb_text_column wpb_content_element \">\n<div class=\"wpb_wrapper\">\n<div class=\"text-formatted field-product-advantages label-above\">\n<div class=\"label\">\n<h3>Hochleistungs-Rolltreppe<\/h3>\n<h3>Hervorragender Fahrkomfort<\/h3>\n<p>Die Hochleistungs-Rolltreppen von AmadaTECH zeichnen sich durch eine hochwertige<br \/>\nKonstruktion und au\u00dfergew\u00f6hnlichen Fahrkomfort aus. Geringe Ger\u00e4uschentwicklung und<br \/>\nminimale Vibrationen sorgen f\u00fcr eine ruhige und komfortable Fahrt, die selbst h\u00f6chsten<br \/>\nAnspr\u00fcchen gerecht wird.<\/p>\n<\/div>\n<\/div>\n<\/div>\n<\/div>\n<\/div>\n<\/div>\n<\/div>\n<\/div>\n<\/div>\n<\/div>\n<p>[\/vc_column_text][vc_column_text]<\/p>\n<div class=\"vc_row wpb_row section grid_section\">\n<div class=\" section_inner clearfix\">\n<div class=\"section_inner_margin clearfix\">\n<div class=\"wpb_column vc_column_container vc_col-sm-12\">\n<div class=\"vc_column-inner\">\n<div class=\"wpb_wrapper\">\n<div class=\"wpb_text_column wpb_content_element \">\n<div class=\"wpb_wrapper\">\n<div class=\"text-formatted field-product-advantages label-above\">\n<div class=\"item\">\n<div class=\"wpb_text_column wpb_content_element \">\n<div class=\"wpb_wrapper\">\n<div class=\"vc_row wpb_row section grid_section\">\n<div class=\" section_inner clearfix\">\n<div class=\"section_inner_margin clearfix\">\n<div class=\"wpb_column vc_column_container vc_col-sm-12\">\n<div class=\"vc_column-inner\">\n<div class=\"wpb_wrapper\">\n<div class=\"wpb_text_column wpb_content_element \">\n<div class=\"wpb_wrapper\">\n<div class=\"text-formatted field-product-advantages label-above\">\n<div class=\"item\">\n<p><strong>Installation<\/strong><br \/>\nDas Projekt ist auf einfache Installation und Nutzung ausgelegt und garantiert<br \/>\nRaumeffizienz und Zuverl\u00e4ssigkeit.<\/p>\n<p><strong>Umweltfreundlichkeit<\/strong><br \/>\nDie Modernisierungssysteme reduzieren den Energieverbrauch um bis zu 60 % und<br \/>\ngew\u00e4hrleisten gleichzeitig eine hervorragende Fahrqualit\u00e4t. Viele Teile der Rolltreppe<br \/>\nwerden ebenfalls recycelt (Stufen, B\u00fcrstenprofil, Glasplattenklemmen usw.).<\/p>\n<p><strong>Sicherheit<\/strong><br \/>\nGarantiert maximale Sicherheit und vermittelt den Fahrg\u00e4sten ein Gef\u00fchl der Sicherheit.<\/p>\n<\/div>\n<\/div>\n<\/div>\n<\/div>\n<\/div>\n<\/div>\n<\/div>\n<\/div>\n<\/div>\n<\/div>\n<\/div>\n<\/div>\n<\/div>\n<\/div>\n<\/div>\n<\/div>\n<\/div>\n<\/div>\n<\/div>\n<\/div>\n<\/div>\n<\/div>\n<p>[\/vc_column_text][vc_separator type=&#8221;transparent&#8221;][\/vc_column][\/vc_row]<\/p>\n<\/section>","protected":false},"excerpt":{"rendered":"<p>[vc_row row_type=&#8221;row&#8221; use_row_as_full_screen_section=&#8221;no&#8221; type=&#8221;grid&#8221; text_align=&#8221;left&#8221; padding_top=&#8221;55&#8243; padding_bottom=&#8221;23&#8243; css_animation=&#8221;&#8221; box_shadow_on_row=&#8221;no&#8221; oblique_section=&#8221;no&#8221; oblique_section_top_and_bottom=&#8221;both&#8221; oblique_section_position=&#8221;from_left_to_right&#8221; triangle_shape=&#8221;no&#8221; triangle_shape_position=&#8221;both&#8221;][vc_column width=&#8221;1\/2&#8243;][vc_video link=&#8221;https:\/\/youtu.be\/HQ7m9t7NfhA&#8221;][vc_separator type=&#8221;transparent&#8221; thickness=&#8221;10&#8243; up=&#8221;8&#8243;][\/vc_column][vc_column width=&#8221;1\/2&#8243;][vc_column_text] Schwerlast-Rolltreppe [\/vc_column_text][vc_separator type=&#8221;transparent&#8221; up=&#8221;8&#8243; down=&#8221;0&#8243;][vc_column_text] Hochleistungs-Rolltreppe [\/vc_column_text][vc_separator type=&#8221;transparent&#8221; up=&#8221;8&#8243; down=&#8221;0&#8243;][vc_column_text] Aufzugs- und Fahrtreppentechnologien der n\u00e4chsten Generation [\/vc_column_text][vc_separator type=&#8221;transparent&#8221;][vc_column_text]Unsere Hochleistungs-Rolltreppen sind so konzipiert, dass sie die&#8230;<\/p>\n","protected":false},"author":2,"featured_media":13184,"parent":0,"menu_order":0,"comment_status":"closed","ping_status":"closed","template":"","meta":{"footnotes":""},"class_list":["post-12340","page","type-page","status-publish","has-post-thumbnail","hentry"],"_links":{"self":[{"href":"https:\/\/amadatech.com\/de\/wp-json\/wp\/v2\/pages\/12340","targetHints":{"allow":["GET"]}}],"collection":[{"href":"https:\/\/amadatech.com\/de\/wp-json\/wp\/v2\/pages"}],"about":[{"href":"https:\/\/amadatech.com\/de\/wp-json\/wp\/v2\/types\/page"}],"author":[{"embeddable":true,"href":"https:\/\/amadatech.com\/de\/wp-json\/wp\/v2\/users\/2"}],"replies":[{"embeddable":true,"href":"https:\/\/amadatech.com\/de\/wp-json\/wp\/v2\/comments?post=12340"}],"version-history":[{"count":29,"href":"https:\/\/amadatech.com\/de\/wp-json\/wp\/v2\/pages\/12340\/revisions"}],"predecessor-version":[{"id":13205,"href":"https:\/\/amadatech.com\/de\/wp-json\/wp\/v2\/pages\/12340\/revisions\/13205"}],"wp:featuredmedia":[{"embeddable":true,"href":"https:\/\/amadatech.com\/de\/wp-json\/wp\/v2\/media\/13184"}],"wp:attachment":[{"href":"https:\/\/amadatech.com\/de\/wp-json\/wp\/v2\/media?parent=12340"}],"curies":[{"name":"wp","href":"https:\/\/api.w.org\/{rel}","templated":true}]}}