{"id":12337,"date":"2025-01-11T18:37:53","date_gmt":"2025-01-11T15:37:53","guid":{"rendered":"https:\/\/amadatech.com\/de\/?page_id=12337"},"modified":"2025-12-16T22:40:59","modified_gmt":"2025-12-16T19:40:59","slug":"ausenrolltreppe","status":"publish","type":"page","link":"https:\/\/amadatech.com\/de\/ausenrolltreppe\/","title":{"rendered":"Au\u00dfenrolltreppe"},"content":{"rendered":"<section class=\"wpb-content-wrapper\"><p>[vc_row row_type=&#8221;row&#8221; use_row_as_full_screen_section=&#8221;no&#8221; type=&#8221;grid&#8221; text_align=&#8221;left&#8221; padding_top=&#8221;55&#8243; padding_bottom=&#8221;23&#8243; css_animation=&#8221;&#8221; box_shadow_on_row=&#8221;no&#8221; oblique_section=&#8221;no&#8221; oblique_section_top_and_bottom=&#8221;both&#8221; oblique_section_position=&#8221;from_left_to_right&#8221; triangle_shape=&#8221;no&#8221; triangle_shape_position=&#8221;both&#8221;][vc_column width=&#8221;1\/2&#8243;][vc_video link=&#8221;https:\/\/youtu.be\/iABS5z1Os-s&#8221;][\/vc_column][vc_column width=&#8221;1\/2&#8243;][vc_column_text]<\/p>\n<h1>Au\u00dfenrolltreppe<\/h1>\n<p>[\/vc_column_text][vc_separator type=&#8221;transparent&#8221; up=&#8221;8&#8243; down=&#8221;0&#8243;][vc_column_text]<\/p>\n<h5>Aufzugs- und Fahrtreppentechnologien der n\u00e4chsten Generation<\/h5>\n<p>[\/vc_column_text][vc_separator type=&#8221;transparent&#8221;][vc_column_text]Es wurde entwickelt, um die zuverl\u00e4ssige und reibungslose Fahrt zu gew\u00e4hrleisten, die f\u00fcr Au\u00dfenrolltreppen, \u00dcberf\u00fchrungen, Einkaufszentren und Br\u00fccken erforderlich ist.[\/vc_column_text][vc_column_text]Unsere hochbelastbaren Rolltreppen mit Merkmalen wie verzinkten Fachwerken, verst\u00e4rkten Teilen und internem Heizsystem k\u00f6nnen sowohl im Innen- als auch im Au\u00dfenbereich eingesetzt werden und eignen sich f\u00fcr stark frequentierte Bereiche wie \u00dcberf\u00fchrungen, Br\u00fccken, Einkaufszentren, Flugh\u00e4fen und Bahnh\u00f6fe. Alle Rolltreppen werden gem\u00e4\u00df den neuesten Vorschriften der Norm EN 115-1 2017 geliefert und installiert.[\/vc_column_text][\/vc_column][\/vc_row][vc_row row_type=&#8221;row&#8221; use_row_as_full_screen_section=&#8221;no&#8221; type=&#8221;grid&#8221; text_align=&#8221;left&#8221; padding_top=&#8221;30&#8243; padding_bottom=&#8221;23&#8243; css_animation=&#8221;&#8221; box_shadow_on_row=&#8221;no&#8221; oblique_section=&#8221;no&#8221; oblique_section_top_and_bottom=&#8221;both&#8221; oblique_section_position=&#8221;from_left_to_right&#8221; triangle_shape=&#8221;no&#8221; triangle_shape_position=&#8221;both&#8221;][vc_column][vc_column_text]Diese Rolltreppen und Fahrsteige eignen sich f\u00fcr stark frequentierte Bereiche wie U-Bahn- oder Bahnh\u00f6fe, Flugh\u00e4fen, Fu\u00dfg\u00e4ngerbr\u00fccken, \u00dcberf\u00fchrungen usw. Sie m\u00fcssen in der Lage sein, w\u00e4hrend der Sto\u00dfzeiten einer hohen Passagierlast standzuhalten. Gem\u00e4\u00df der Norm verf\u00fcgen solche Rolltreppen und Fahrsteige \u00fcber Optionen und Funktionen, die einen Betrieb unter hoher Belastung und im Au\u00dfenbereich erm\u00f6glichen.[\/vc_column_text][vc_column_text]Die Handl\u00e4ufe dieser Rolltreppen bestehen in der Regel aus Edelstahl, der eine h\u00f6here Haltbarkeit bietet und sie f\u00fcr den Einsatz in stark frequentierten Bereichen besser geeignet macht. Je nach Kundenwunsch kann der innere Teil des Handlaufs vertikal oder geneigt bestellt werden, w\u00e4hrend die \u00e4u\u00dfere Verkleidung der Norm EN 115 entsprechen muss. Bei Infrastruktur-Rolltreppen werden die Rolltreppen parallel verlegt und die Handl\u00e4ufe nebeneinander angeordnet, wodurch eine ebene Fl\u00e4che entsteht. Um zu verhindern, dass Personen in diesem Bereich ausrutschen, sollten einige Handlaufschutzvorrichtungen installiert werden.[\/vc_column_text][vc_separator type=&#8221;transparent&#8221; up=&#8221;30&#8243; down=&#8221;0&#8243;][\/vc_column][\/vc_row][vc_row row_type=&#8221;row&#8221; use_row_as_full_screen_section=&#8221;no&#8221; type=&#8221;grid&#8221; text_align=&#8221;left&#8221; background_color=&#8221;#f6f5f5&#8243; padding_top=&#8221;59&#8243; padding_bottom=&#8221;18&#8243; css_animation=&#8221;&#8221; box_shadow_on_row=&#8221;no&#8221; oblique_section=&#8221;no&#8221; oblique_section_top_and_bottom=&#8221;both&#8221; oblique_section_position=&#8221;from_left_to_right&#8221; triangle_shape=&#8221;no&#8221; triangle_shape_position=&#8221;both&#8221;][vc_column width=&#8221;1\/2&#8243;]<div class='mkd_icon_with_title tiny circle'><div class=\"icon_holder \" style=\"margin: 0px 0px 60px 0px; \"><div class=\"icon_holder_inner\"><span class=\"mkd_icon_stack mkd_tiny_icon  custom-font\" style=\"font-size: 24px;color: #ffffff;width: 57px;height: 57px;line-height: 57px;background-color: #0091d3;border-width: 0px;\"><i class=\"mkd_icon_font_awesome fa fa-briefcase icon_text_icon mkd_icon_stack_1x\" style=\"font-size: 24px;\" ><\/i><\/span><\/div><\/div><div class=\"icon_text_holder\" style=\"padding-left: 90px;\"><div class=\"icon_title_inner_holder\"><h5 class=\"icon_title \" style=\"\">T\u00dcRKISCHE TECHNIKPRODUKTE<\/h5><\/div><div class=\"icon_text_inner\" style=\"\"><p style=''>AmadaTECH-Produkte werden von hochqualifizierten t\u00fcrkischen Ingenieuren entwickelt, was den Kunden \u00fcberlegene Produkte mit zuverl\u00e4ssiger Qualit\u00e4t garantiert.<\/p><\/div><\/div><\/div>[vc_separator type=&#8221;transparent&#8221; up=&#8221;20&#8243; down=&#8221;0&#8243;]<div class='mkd_icon_with_title tiny circle'><div class=\"icon_holder \" style=\"margin: 0px 0px 60px 0px; \"><div class=\"icon_holder_inner\"><span class=\"mkd_icon_stack mkd_tiny_icon  custom-font\" style=\"font-size: 24px;color: #ffffff;width: 57px;height: 57px;line-height: 57px;background-color: #0091d3;border-width: 0px;\"><i class=\"mkd_icon_font_awesome fa fa-car icon_text_icon mkd_icon_stack_1x\" style=\"font-size: 24px;\" ><\/i><\/span><\/div><\/div><div class=\"icon_text_holder\" style=\"padding-left: 90px;\"><div class=\"icon_title_inner_holder\"><h5 class=\"icon_title \" style=\"\">SICHERHEIT<\/h5><\/div><div class=\"icon_text_inner\" style=\"\"><p style=''>Sicherheit und Zuverl\u00e4ssigkeit sind ein wesentlicher Bestandteil der Produkte von AmadaTECH. Wir arbeiten kontinuierlich an Verbesserungen, die zur Sicherheit und Leistungsf\u00e4higkeit der Servicetechniker beitragen, die weltweit Amada TECH-Aufz\u00fcge warten.<\/p><\/div><\/div><\/div>[vc_separator type=&#8221;transparent&#8221; up=&#8221;20&#8243; down=&#8221;0&#8243;]<div class='mkd_icon_with_title tiny circle'><div class=\"icon_holder \" style=\"margin: 0px 0px 60px 0px; \"><div class=\"icon_holder_inner\"><span class=\"mkd_icon_stack mkd_tiny_icon  custom-font\" style=\"font-size: 24px;color: #ffffff;width: 57px;height: 57px;line-height: 57px;background-color: #0091d3;border-width: 0px;\"><i class=\"mkd_icon_font_awesome fa fa-shopping-cart icon_text_icon mkd_icon_stack_1x\" style=\"font-size: 24px;\" ><\/i><\/span><\/div><\/div><div class=\"icon_text_holder\" style=\"padding-left: 90px;\"><div class=\"icon_title_inner_holder\"><h5 class=\"icon_title \" style=\"\">SERVICE-EXZELLENZ<\/h5><\/div><div class=\"icon_text_inner\" style=\"\"><p style=''>Exzellenter Service ist mehr als nur Service. Es ist unsere Denk- und Handlungsweise. Es geht nicht nur darum, \u201eein Problem zu beheben\u201c oder routinem\u00e4\u00dfige Wartungsarbeiten durchzuf\u00fchren, sondern auch darum, am Telefon freundlich zu sein, schnell auf alle Anfragen zu reagieren und stets nach Verbesserungsm\u00f6glichkeiten zu suchen. Es geht darum, wie wir miteinander und mit unseren Kunden zusammenarbeiten.<\/p><\/div><\/div><\/div>[vc_separator type=&#8221;transparent&#8221; up=&#8221;20&#8243; down=&#8221;0&#8243;][\/vc_column][vc_column width=&#8221;1\/2&#8243;]<div class='mkd_icon_with_title tiny circle'><div class=\"icon_holder \" style=\"margin: 0px 0px 60px 0px; \"><div class=\"icon_holder_inner\"><span class=\"mkd_icon_stack mkd_tiny_icon  custom-font\" style=\"font-size: 24px;color: #ffffff;width: 57px;height: 57px;line-height: 57px;background-color: #0091d3;border-width: 0px;\"><i class=\"mkd_icon_font_awesome fa fa-graduation-cap icon_text_icon mkd_icon_stack_1x\" style=\"font-size: 24px;\" ><\/i><\/span><\/div><\/div><div class=\"icon_text_holder\" style=\"padding-left: 90px;\"><div class=\"icon_title_inner_holder\"><h5 class=\"icon_title \" style=\"\">\u00c4STHETISCHES DESIGN, PERFEKTION<\/h5><\/div><div class=\"icon_text_inner\" style=\"\"><p style=''>Das AmadaTECH Design Center in der T\u00fcrkei ist mit Fachleuten besetzt, die sich \u00fcber die neuesten \u00e4sthetischen L\u00f6sungen auf dem Laufenden halten, um den Kundenanforderungen gerecht zu werden.<\/p><\/div><\/div><\/div>[vc_separator type=&#8221;transparent&#8221; up=&#8221;15&#8243; down=&#8221;0&#8243;]<div class='mkd_icon_with_title tiny circle'><div class=\"icon_holder \" style=\"margin: 0px 0px 60px 0px; \"><div class=\"icon_holder_inner\"><span class=\"mkd_icon_stack mkd_tiny_icon  custom-font\" style=\"font-size: 24px;color: #ffffff;width: 57px;height: 57px;line-height: 57px;background-color: #0091d3;border-width: 0px;\"><i class=\"mkd_icon_font_awesome fa fa-camera-retro icon_text_icon mkd_icon_stack_1x\" style=\"font-size: 24px;\" ><\/i><\/span><\/div><\/div><div class=\"icon_text_holder\" style=\"padding-left: 90px;\"><div class=\"icon_title_inner_holder\"><h5 class=\"icon_title \" style=\"\">AUF DEM WEG ZU EINER NACHHALTIGEN ZUKUNFT<\/h5><\/div><div class=\"icon_text_inner\" style=\"\"><p style=''> Sicherheit und Zuverl\u00e4ssigkeit sind ein wesentlicher Bestandteil der Produkte von AmadaTECH. Wir arbeiten kontinuierlich an Verbesserungen, die zur Sicherheit und Leistungsf\u00e4higkeit der Servicetechniker beitragen, die weltweit Amada TECH-Aufz\u00fcge warten.<\/p><\/div><\/div><\/div>[vc_separator type=&#8221;transparent&#8221; up=&#8221;15&#8243; down=&#8221;0&#8243;]<div class='mkd_icon_with_title tiny circle'><div class=\"icon_holder \" style=\"margin: 0px 0px 60px 0px; \"><div class=\"icon_holder_inner\"><span class=\"mkd_icon_stack mkd_tiny_icon  custom-font\" style=\"font-size: 24px;color: #ffffff;width: 57px;height: 57px;line-height: 57px;background-color: #0091d3;border-width: 0px;\"><i class=\"mkd_icon_font_awesome fa fa-cogs icon_text_icon mkd_icon_stack_1x\" style=\"font-size: 24px;\" ><\/i><\/span><\/div><\/div><div class=\"icon_text_holder\" style=\"padding-left: 90px;\"><div class=\"icon_title_inner_holder\"><h5 class=\"icon_title \" style=\"\">\u00dcBERLEGENDE AMADATECH-TECHNOLOGIE<\/h5><\/div><div class=\"icon_text_inner\" style=\"\"><p style=''>Amada TECH ist ein f\u00fchrendes t\u00fcrkisches Aufzugsunternehmen mit fortschrittlicher Technologie und h\u00f6chster Qualit\u00e4t in der Herstellung von Aufz\u00fcgen und Rolltreppen. Es handelt sich um einen modernen und professionellen Aufzugshersteller, der Design, Forschung und Entwicklung, Konstruktion, Produktion, Vertrieb, Installation und Service in einer einzigen Einheit vereint.<\/p><\/div><\/div><\/div>[vc_separator type=&#8221;transparent&#8221; up=&#8221;15&#8243; down=&#8221;0&#8243;][\/vc_column][\/vc_row][vc_row row_type=&#8221;row&#8221; use_row_as_full_screen_section=&#8221;no&#8221; type=&#8221;full_width&#8221; text_align=&#8221;left&#8221; css_animation=&#8221;&#8221; box_shadow_on_row=&#8221;no&#8221;][vc_column][vc_gallery interval=&#8221;3&#8243; images=&#8221;12355,12352,12353,12354,12351&#8243; img_size=&#8221;medium&#8221;][vc_separator type=&#8221;transparent&#8221;][\/vc_column][\/vc_row][vc_row row_type=&#8221;row&#8221; use_row_as_full_screen_section=&#8221;no&#8221; type=&#8221;full_width&#8221; text_align=&#8221;left&#8221; padding_top=&#8221;55&#8243; padding_bottom=&#8221;35&#8243; css_animation=&#8221;&#8221; box_shadow_on_row=&#8221;no&#8221; oblique_section=&#8221;no&#8221; oblique_section_top_and_bottom=&#8221;both&#8221; oblique_section_position=&#8221;from_left_to_right&#8221; triangle_shape=&#8221;no&#8221; triangle_shape_position=&#8221;both&#8221;][vc_column][vc_column_text]<\/p>\n<h4>Neue Generation, fortschrittliche Technologien<\/h4>\n<p>[\/vc_column_text][vc_separator type=&#8221;transparent&#8221;][vc_column_text]<\/p>\n<div class=\"vc_row wpb_row section grid_section\">\n<div class=\" section_inner clearfix\">\n<div class=\"section_inner_margin clearfix\">\n<div class=\"wpb_column vc_column_container vc_col-sm-12\">\n<div class=\"vc_column-inner\">\n<div class=\"wpb_wrapper\">\n<div class=\"wpb_text_column wpb_content_element \">\n<div class=\"wpb_wrapper\">\n<p>Die neue Generation kommerzieller Rolltreppen vereint Sicherheit, \u00c4sthetik und Umweltfreundlichkeit sowie unterbrechungsfreien Betrieb und Nutzung.<\/p>\n<\/div>\n<\/div>\n<\/div>\n<\/div>\n<\/div>\n<\/div>\n<\/div>\n<\/div>\n<p>[\/vc_column_text][vc_separator type=&#8221;transparent&#8221;][vc_column_text]<\/p>\n<div class=\"vc_row wpb_row section grid_section\">\n<div class=\" section_inner clearfix\">\n<div class=\"section_inner_margin clearfix\">\n<div class=\"wpb_column vc_column_container vc_col-sm-12\">\n<div class=\"vc_column-inner\">\n<div class=\"wpb_wrapper\">\n<div class=\"wpb_text_column wpb_content_element \">\n<div class=\"wpb_wrapper\">\n<p>Eine Vielzahl von Funktionen, darunter energiesparende LED-Beleuchtung und energieeffiziente Frequenzsteuerung, sowie eine Auswahl an Handl\u00e4ufen, Balustraden und Oberfl\u00e4chen, die sich harmonisch in das Erscheinungsbild Ihres Geb\u00e4udes einf\u00fcgen. Hochleistungs-Rolltreppen sind das Herzst\u00fcck des vertikalen Personenverkehrs in Flugh\u00e4fen, \u00dcberf\u00fchrungen, Bahnh\u00f6fen und U-Bahn-Stationen. Sie werden gem\u00e4\u00df den Normen EN 115-1 2017 und den speziellen Konfigurationen von AmadaTECH hergestellt und bieten Kunden eine hervorragende Auswahl an Designs mit zuverl\u00e4ssiger Qualit\u00e4t und ausgezeichneter Leistung.<\/p>\n<\/div>\n<\/div>\n<\/div>\n<\/div>\n<\/div>\n<\/div>\n<\/div>\n<\/div>\n<p>[\/vc_column_text][vc_separator type=&#8221;transparent&#8221;][vc_column_text]<\/p>\n<h3>Design f\u00fcr den Au\u00dfenbereich geeignet<\/h3>\n<p>[\/vc_column_text][vc_separator type=&#8221;transparent&#8221;][vc_column_text]Unsere Au\u00dfenrolltreppen sind widerstandsf\u00e4hig gegen raue Wetterbedingungen wie starken Regen und Schneefall.[\/vc_column_text][vc_separator type=&#8221;transparent&#8221;][vc_column_text]Die Sicherheit der Benutzer hat f\u00fcr uns oberste Priorit\u00e4t. Interne Sensoren sorgen daf\u00fcr, dass die Rolltreppe bei Gefahr sofort stoppt und die Leitstelle alarmiert wird. Unsere Produkte sind mit feuerempfindlichen Kabeln und Sprinkler-Feuerl\u00f6schsystemen ausgestattet. Au\u00dfenrolltreppen und Fahrsteige werden au\u00dferhalb des Geb\u00e4udes ohne Dach oder andere Abdeckungen installiert. Da sich Au\u00dfenrolltreppen und Fahrsteige au\u00dferhalb des Geb\u00e4udes befinden, sind sie nat\u00fcrlich keiner Temperaturregelung unterworfen. Daher verf\u00fcgen sie im Vergleich zu Innenrolltreppen je nach geografischer Lage \u00fcber einige zus\u00e4tzliche Funktionen.[\/vc_column_text][vc_separator type=&#8221;transparent&#8221;][vc_column_text]<\/p>\n<div class=\"vc_row wpb_row section grid_section\">\n<div class=\" section_inner clearfix\">\n<div class=\"section_inner_margin clearfix\">\n<div class=\"wpb_column vc_column_container vc_col-sm-12\">\n<div class=\"vc_column-inner\">\n<div class=\"wpb_wrapper\">\n<div class=\"wpb_text_column wpb_content_element \">\n<div class=\"wpb_wrapper\">\n<div class=\"text-formatted field-product-advantages label-above\">\n<div class=\"label\">\n<p><strong>Hervorragende Fahrqualit\u00e4t<\/strong><\/p>\n<p>Die Hochleistungs-Rolltreppen von AmadaTECH zeichnen sich durch eine hochwertige Konstruktion und au\u00dfergew\u00f6hnlichen Fahrkomfort aus. Geringe Ger\u00e4uschentwicklung und minimale Vibrationen sorgen f\u00fcr eine ruhige und komfortable Fahrt, die selbst h\u00f6chsten Anspr\u00fcchen gerecht wird.<\/p>\n<\/div>\n<\/div>\n<\/div>\n<\/div>\n<\/div>\n<\/div>\n<\/div>\n<\/div>\n<\/div>\n<\/div>\n<p>[\/vc_column_text][vc_separator type=&#8221;transparent&#8221;][vc_column_text]<\/p>\n<div class=\"vc_row wpb_row section grid_section\">\n<div class=\" section_inner clearfix\">\n<div class=\"section_inner_margin clearfix\">\n<div class=\"wpb_column vc_column_container vc_col-sm-12\">\n<div class=\"vc_column-inner\">\n<div class=\"wpb_wrapper\">\n<div class=\"wpb_text_column wpb_content_element \">\n<div class=\"wpb_wrapper\">\n<div class=\"text-formatted field-product-advantages label-above\">\n<div class=\"item\">\n<p><strong>Installation<\/strong><br \/>\nDas Projekt ist auf einfache Installation und Nutzung ausgelegt und garantiert Raumeffizienz und Zuverl\u00e4ssigkeit.<\/p>\n<p><strong>Umweltfreundlichkeit<\/strong><br \/>\nDie Modernisierungssysteme reduzieren den Energieverbrauch um bis zu 60 % und gew\u00e4hrleisten gleichzeitig eine hervorragende Fahrqualit\u00e4t. Viele Teile der Rolltreppe werden ebenfalls recycelt (Stufen, B\u00fcrstenprofil, Glasplattenklemmen usw.).<\/p>\n<p><strong>Sicherheit<\/strong><br \/>\nGarantiert maximale Sicherheit und vermittelt den Fahrg\u00e4sten ein Gef\u00fchl der Sicherheit.<\/p>\n<\/div>\n<\/div>\n<\/div>\n<\/div>\n<\/div>\n<\/div>\n<\/div>\n<\/div>\n<\/div>\n<\/div>\n<p>[\/vc_column_text][vc_separator type=&#8221;transparent&#8221;][vc_column_text]<\/p>\n<div class=\"vc_row wpb_row section grid_section\">\n<div class=\" section_inner clearfix\">\n<div class=\"section_inner_margin clearfix\">\n<div class=\"wpb_column vc_column_container vc_col-sm-12\">\n<div class=\"vc_column-inner\">\n<div class=\"wpb_wrapper\">\n<div class=\"wpb_text_column wpb_content_element \">\n<div class=\"wpb_wrapper\">\n<div class=\"text-formatted field-product-advantages label-above\">\n<div class=\"label\">Das technische Support-Team von AmadaTECH bietet nicht nur Ingenieursdienstleistungen f\u00fcr Ihre Bestellung, sondern k\u00fcmmert sich auch um jeden Schritt des gesamten Prozesses, einschlie\u00dflich architektonischer Unterst\u00fctzung, Designentwicklung, technischer Genehmigung, Qualit\u00e4tskontrollsystem f\u00fcr die Produktionslinie, Produktdesign, Verpackung, Versandplanung, Entladung, Montage und Lieferung der Rolltreppe vor Ort.<\/div>\n<\/div>\n<\/div>\n<\/div>\n<\/div>\n<\/div>\n<\/div>\n<\/div>\n<\/div>\n<\/div>\n<p>[\/vc_column_text][vc_separator type=&#8221;transparent&#8221;][\/vc_column][\/vc_row][vc_row row_type=&#8221;row&#8221; use_row_as_full_screen_section=&#8221;no&#8221; type=&#8221;full_width&#8221; text_align=&#8221;left&#8221; css_animation=&#8221;&#8221; box_shadow_on_row=&#8221;no&#8221;][vc_column][vc_column_text]<strong>Not-Aus-Taster<\/strong><br \/>\nNot-Aus-Vorrichtung f\u00fcr Notf\u00e4lle, sofortiger Stopp bei Bet\u00e4tigung.<\/p>\n<p><strong>Handlauf-Einstiegssicherung<\/strong><br \/>\nDie Handlauf-Einstiegssicherung stoppt die Rolltreppe, wenn eine Hand oder ein Gegenstand in den Handlauf-Einstiegskasten gelangt.<\/p>\n<p><strong>Phasenfehler\u00fcberwachung<\/strong><br \/>\nBei einem Phasenausfall stoppt die Phasenfehler\u00fcberwachung die Rolltreppe.<\/p>\n<p><strong>\u00dcberdrehzahlw\u00e4chter<\/strong><br \/>\nDer \u00dcberdrehzahlw\u00e4chter stoppt die Rolltreppe, wenn ihre Geschwindigkeit die normale Geschwindigkeit \u00fcberschreitet.<\/p>\n<p><strong>R\u00fccklaufschutzvorrichtung<\/strong><br \/>\nDie Rolltreppe stoppt, wenn die Laufrichtung umgekehrt wird.<\/p>\n<p><strong>Schutzvorrichtung f\u00fcr den Stromkreis<\/strong><br \/>\nDie Rolltreppe stoppt, wenn die Kette bricht oder sich l\u00f6st.<\/p>\n<p><strong>Schutzvorrichtung f\u00fcr die Verkleidung<\/strong><br \/>\nDie Rolltreppe stoppt, wenn ein Gegenstand zwischen der Stufe und der Basis eingeklemmt wird.<\/p>\n<p><strong>Sicherheitseinrichtung f\u00fcr Stufen und Paletten<\/strong><br \/>\nWenn die Stufen nicht ordnungsgem\u00e4\u00df funktionieren oder eine Stufe gebrochen ist.<\/p>\n<p><strong>Stufenbeleuchtung<\/strong><br \/>\nGr\u00fcne Beleuchtung unter den Stufen f\u00fcr mehr Verkehrssicherheit.<\/p>\n<p><strong>Zusatzbremseinrichtung<\/strong><br \/>\nWenn die Kette bricht oder die zul\u00e4ssige Geschwindigkeit \u00fcberschritten wird, stoppt die Zusatzbremse die Rolltreppe.<\/p>\n<p><strong>Sicherheitseinrichtung f\u00fcr den Bremsbelag<\/strong><br \/>\nDie Vorrichtung stoppt, wenn ein abnormaler Verschlei\u00df des Bremsbelags auftritt.<\/p>\n<p><strong>Sicherheitsvorrichtung f\u00fcr die Stufenkette<\/strong><br \/>\nDie Anlage stoppt, wenn die Kette rei\u00dft oder zu locker wird.[\/vc_column_text][\/vc_column][\/vc_row][vc_row row_type=&#8221;row&#8221; use_row_as_full_screen_section=&#8221;no&#8221; type=&#8221;full_width&#8221; text_align=&#8221;left&#8221; css_animation=&#8221;&#8221; box_shadow_on_row=&#8221;no&#8221;][vc_column][vc_column_text]<strong>Sicherheitsvorrichtung f\u00fcr die Stufenkette<\/strong><br \/>\nDas Ger\u00e4t stoppt, wenn die Kette rei\u00dft oder zu locker wird.<\/p>\n<p><strong>Beleuchtung der Kammhalterplatte<\/strong><br \/>\nBeleuchtung auf beiden Seiten der Stangenhalterplatten zur Verbesserung der Fahrsicherheit.<\/p>\n<p><strong>Geschwindigkeitserkennungsvorrichtung f\u00fcr Handl\u00e4ufe<\/strong><br \/>\nDas Ger\u00e4t stoppt, wenn die Geschwindigkeit des Handlaufs aufgrund von Bruch oder Verbiegen unter den Normalwert f\u00e4llt.<\/p>\n<p><strong>Sicherheitsvorrichtung f\u00fcr gebrochene Handl\u00e4ufe<\/strong><br \/>\nDas Ger\u00e4t stoppt, wenn der Handlauf bricht oder stehen bleibt.[\/vc_column_text][\/vc_column][\/vc_row]<\/p>\n<\/section>","protected":false},"excerpt":{"rendered":"<p>[vc_row row_type=&#8221;row&#8221; use_row_as_full_screen_section=&#8221;no&#8221; type=&#8221;grid&#8221; text_align=&#8221;left&#8221; padding_top=&#8221;55&#8243; padding_bottom=&#8221;23&#8243; css_animation=&#8221;&#8221; box_shadow_on_row=&#8221;no&#8221; oblique_section=&#8221;no&#8221; oblique_section_top_and_bottom=&#8221;both&#8221; oblique_section_position=&#8221;from_left_to_right&#8221; triangle_shape=&#8221;no&#8221; triangle_shape_position=&#8221;both&#8221;][vc_column width=&#8221;1\/2&#8243;][vc_video link=&#8221;https:\/\/youtu.be\/iABS5z1Os-s&#8221;][\/vc_column][vc_column width=&#8221;1\/2&#8243;][vc_column_text] Au\u00dfenrolltreppe [\/vc_column_text][vc_separator type=&#8221;transparent&#8221; up=&#8221;8&#8243; down=&#8221;0&#8243;][vc_column_text] Aufzugs- und Fahrtreppentechnologien der n\u00e4chsten Generation [\/vc_column_text][vc_separator type=&#8221;transparent&#8221;][vc_column_text]Es wurde entwickelt, um die zuverl\u00e4ssige und reibungslose Fahrt zu gew\u00e4hrleisten, die f\u00fcr Au\u00dfenrolltreppen, \u00dcberf\u00fchrungen, Einkaufszentren&#8230;<\/p>\n","protected":false},"author":2,"featured_media":13310,"parent":0,"menu_order":0,"comment_status":"closed","ping_status":"closed","template":"","meta":{"footnotes":""},"class_list":["post-12337","page","type-page","status-publish","has-post-thumbnail","hentry"],"_links":{"self":[{"href":"https:\/\/amadatech.com\/de\/wp-json\/wp\/v2\/pages\/12337","targetHints":{"allow":["GET"]}}],"collection":[{"href":"https:\/\/amadatech.com\/de\/wp-json\/wp\/v2\/pages"}],"about":[{"href":"https:\/\/amadatech.com\/de\/wp-json\/wp\/v2\/types\/page"}],"author":[{"embeddable":true,"href":"https:\/\/amadatech.com\/de\/wp-json\/wp\/v2\/users\/2"}],"replies":[{"embeddable":true,"href":"https:\/\/amadatech.com\/de\/wp-json\/wp\/v2\/comments?post=12337"}],"version-history":[{"count":23,"href":"https:\/\/amadatech.com\/de\/wp-json\/wp\/v2\/pages\/12337\/revisions"}],"predecessor-version":[{"id":13313,"href":"https:\/\/amadatech.com\/de\/wp-json\/wp\/v2\/pages\/12337\/revisions\/13313"}],"wp:featuredmedia":[{"embeddable":true,"href":"https:\/\/amadatech.com\/de\/wp-json\/wp\/v2\/media\/13310"}],"wp:attachment":[{"href":"https:\/\/amadatech.com\/de\/wp-json\/wp\/v2\/media?parent=12337"}],"curies":[{"name":"wp","href":"https:\/\/api.w.org\/{rel}","templated":true}]}}