{"id":12255,"date":"2025-01-11T15:49:43","date_gmt":"2025-01-11T12:49:43","guid":{"rendered":"https:\/\/amadatech.com\/de\/?page_id=12255"},"modified":"2025-12-15T22:00:46","modified_gmt":"2025-12-15T19:00:46","slug":"rundaufzug","status":"publish","type":"page","link":"https:\/\/amadatech.com\/de\/rundaufzug\/","title":{"rendered":"Rundaufzug"},"content":{"rendered":"<section class=\"wpb-content-wrapper\"><p>[vc_row row_type=&#8221;row&#8221; use_row_as_full_screen_section=&#8221;no&#8221; type=&#8221;full_width&#8221; text_align=&#8221;left&#8221; css_animation=&#8221;&#8221; box_shadow_on_row=&#8221;no&#8221;][vc_column width=&#8221;1\/2&#8243;][vc_column_text]<\/p>\n<h1>Rundaufzug<\/h1>\n<p>[\/vc_column_text][vc_separator type=&#8221;transparent&#8221;][vc_column_text]<\/p>\n<h3>Vollautomatischer Aufzug mit runden Glast\u00fcren<\/h3>\n<p>[\/vc_column_text][vc_separator type=&#8221;transparent&#8221;][vc_column_text]Der runde Glasaufzug wird von uns f\u00fcr Gesch\u00e4ftszentren,[\/vc_column_text][vc_separator type=&#8221;transparent&#8221;][vc_column_text]B\u00fcros, Hotels, <a href=\"https:\/\/amadatech.com\/de\/yacht-elevator\/\" target=\"_blank\" rel=\"noopener\">Yachten<\/a> oder Villen entworfen und hergestellt.[\/vc_column_text][vc_separator type=&#8221;transparent&#8221;][vc_column_text]Alle unsere Aufz\u00fcge werden auf Bestellung gefertigt,[\/vc_column_text][vc_separator type=&#8221;transparent&#8221;][vc_column_text]und selbst die ungew\u00f6hnlichsten W\u00fcnsche sind kein Problem.[\/vc_column_text][vc_separator type=&#8221;transparent&#8221;][vc_column_text]AmadaTECH bietet Ihnen einen <a href=\"https:\/\/villux.com.tr\" target=\"_blank\" rel=\"noopener\">360-Grad-Aufzugsservice<\/a>.[\/vc_column_text][vc_separator type=&#8221;transparent&#8221;][\/vc_column][vc_column width=&#8221;1\/2&#8243;][vc_video link=&#8221;https:\/\/youtu.be\/AZepf_ZEiRE&#8221;][vc_separator type=&#8221;transparent&#8221;][\/vc_column][\/vc_row][vc_row row_type=&#8221;row&#8221; use_row_as_full_screen_section=&#8221;no&#8221; type=&#8221;full_width&#8221; text_align=&#8221;left&#8221; css_animation=&#8221;&#8221; box_shadow_on_row=&#8221;no&#8221;][vc_column][vc_column_text]Wir k\u00fcmmern uns um die oft schwierige Koordination dieses komplexen[\/vc_column_text][vc_separator type=&#8221;transparent&#8221;][vc_column_text]und spezialisierten Prozesses.[\/vc_column_text][vc_separator type=&#8221;transparent&#8221;][vc_column_text]So k\u00f6nnen Sie sicher sein, dass das Zusammenspiel zwischen[\/vc_column_text][vc_separator type=&#8221;transparent&#8221;][vc_column_text]Treppe und Aufzug nahtlos funktioniert und dass das Design und die technischen Details auf h\u00f6chstem Niveau ausgef\u00fchrt werden.[\/vc_column_text][vc_separator type=&#8221;transparent&#8221;][vc_column_text]Ben\u00f6tigen Sie einen runden Glasaufzug? Dann ist Amada TECH die richtige Wahl![\/vc_column_text][vc_separator type=&#8221;transparent&#8221;][\/vc_column][\/vc_row][vc_row row_type=&#8221;row&#8221; use_row_as_full_screen_section=&#8221;no&#8221; type=&#8221;full_width&#8221; text_align=&#8221;left&#8221; css_animation=&#8221;&#8221; box_shadow_on_row=&#8221;no&#8221;][vc_column width=&#8221;1\/3&#8243;][vc_single_image image=&#8221;12272&#8243; img_size=&#8221;large&#8221; mkd_css_animation=&#8221;&#8221;][vc_separator type=&#8221;transparent&#8221;][\/vc_column][vc_column width=&#8221;1\/3&#8243;][vc_single_image image=&#8221;12276&#8243; img_size=&#8221;large&#8221; mkd_css_animation=&#8221;&#8221;][vc_separator type=&#8221;transparent&#8221;][\/vc_column][vc_column width=&#8221;1\/3&#8243;][vc_single_image image=&#8221;12269&#8243; img_size=&#8221;large&#8221; mkd_css_animation=&#8221;&#8221;][vc_separator type=&#8221;transparent&#8221;][\/vc_column][\/vc_row][vc_row row_type=&#8221;row&#8221; use_row_as_full_screen_section=&#8221;no&#8221; type=&#8221;grid&#8221; text_align=&#8221;left&#8221; css_animation=&#8221;&#8221; box_shadow_on_row=&#8221;no&#8221;][vc_column][vc_column_text]<\/p>\n<h2>Rundaufzug<\/h2>\n<p>[\/vc_column_text][vc_separator type=&#8221;transparent&#8221;][vc_column_text]Der Rundaufzug eignet sich ideal f\u00fcr die Installation in der Mitte eines Raumes oder auf einem Treppenabsatz in Ihrem Zuhause.[\/vc_column_text][vc_separator type=&#8221;transparent&#8221;][vc_column_text]Er wird Ihre G\u00e4ste begeistern und Ihnen erm\u00f6glichen,[\/vc_column_text][vc_separator type=&#8221;transparent&#8221;][vc_column_text]die Aussicht aus dem Panoramaaufzug Ihres Zuhauses zu genie\u00dfen. Ideal f\u00fcr die Installation in Maisonette- und Triplex-Wohnungen,[\/vc_column_text][vc_separator type=&#8221;transparent&#8221;][vc_column_text]Villen, B\u00fcros, Gesch\u00e4ften, Museen und \u00f6ffentlichen Geb\u00e4uden, in denen Design und \u00c4sthetik ebenso wichtig sind wie Funktionalit\u00e4t.[\/vc_column_text][vc_separator type=&#8221;transparent&#8221;][vc_column_text]Im Gegensatz zu Aufzugsherstellern, die gezwungen sind, Standardaufz\u00fcge zu verkaufen und Sonderanfertigungen zu vermeiden,[\/vc_column_text][vc_separator type=&#8221;transparent&#8221;][vc_column_text]schr\u00e4nkt Amada TECH, ein Hersteller von Sonderaufz\u00fcgen[\/vc_column_text][vc_separator type=&#8221;transparent&#8221;][\/vc_column][\/vc_row][vc_row row_type=&#8221;row&#8221; use_row_as_full_screen_section=&#8221;no&#8221; type=&#8221;full_width&#8221; text_align=&#8221;left&#8221; css_animation=&#8221;&#8221; box_shadow_on_row=&#8221;no&#8221;][vc_column width=&#8221;1\/3&#8243;][vc_single_image image=&#8221;12262&#8243; img_size=&#8221;large&#8221; mkd_css_animation=&#8221;&#8221;][vc_separator type=&#8221;transparent&#8221;][\/vc_column][vc_column width=&#8221;1\/3&#8243;][vc_single_image image=&#8221;12260&#8243; img_size=&#8221;large&#8221; mkd_css_animation=&#8221;&#8221;][vc_separator type=&#8221;transparent&#8221;][\/vc_column][vc_column width=&#8221;1\/3&#8243;][vc_single_image image=&#8221;12261&#8243; img_size=&#8221;large&#8221; mkd_css_animation=&#8221;&#8221;][vc_separator type=&#8221;transparent&#8221;][\/vc_column][\/vc_row][vc_row row_type=&#8221;row&#8221; use_row_as_full_screen_section=&#8221;no&#8221; type=&#8221;full_width&#8221; text_align=&#8221;left&#8221; css_animation=&#8221;&#8221; box_shadow_on_row=&#8221;no&#8221;][vc_column][vc_column_text]<\/p>\n<h3>Rundaufzug<\/h3>\n<p>[\/vc_column_text][vc_separator type=&#8221;transparent&#8221;][vc_column_text], Ihre Entw\u00fcrfe, Ideen oder Tr\u00e4ume vom fertigen Produkt niemals ein. Wir sind Designer und Hersteller einer breiten Palette von Aufz\u00fcgen, darunter[\/vc_column_text][vc_separator type=&#8221;transparent&#8221;][vc_column_text]Glasaufz\u00fcge, runde Aufz\u00fcge, schmiedeeiserne Aufz\u00fcge, antike Aufz\u00fcge, <a href=\"https:\/\/villaasansoru.com\" target=\"_blank\" rel=\"noopener\">ovale Aufz\u00fcge<\/a> und viele andere Aufz\u00fcge.[\/vc_column_text][vc_separator type=&#8221;transparent&#8221;][vc_column_text]Amada TECH sorgt daf\u00fcr, dass Architekten von Anfang bis Ende sicher an Ihrer Seite arbeiten k\u00f6nnen.[\/vc_column_text][vc_separator type=&#8221;transparent&#8221;][vc_column_text]Der ovale Hausaufzug von Amada TECH ist aufgrund seines einzigartigen Designs und der Kombination aus kleinsten Details f\u00fchrend in seiner Branche.[\/vc_column_text][vc_separator type=&#8221;transparent&#8221;][vc_column_text]Architekten und Designer bevorzugen den luxuri\u00f6sen und eleganten Hausaufzug oder den ovalen Panorama-Glasaufzug,[\/vc_column_text][vc_separator type=&#8221;transparent&#8221;][vc_column_text]wenn sie die prestigetr\u00e4chtigsten Villen und Maisonette-Wohnungen mit Aufz\u00fcgen ausstatten.[\/vc_column_text][vc_separator type=&#8221;transparent&#8221;][vc_column_text]Wie alle unsere privaten Aufz\u00fcge kann auch der runde Panorama-Glasaufzug vollst\u00e4ndig an jeden gekr\u00fcmmten oder abgerundeten Raum angepasst werden.[\/vc_column_text][vc_separator type=&#8221;transparent&#8221;][vc_column_text]Der ovale Hausaufzug von Amada TECH besteht aus einer speziell entwickelten runden Stahlkonstruktion und einer Au\u00dfenverkleidung.[\/vc_column_text][vc_separator type=&#8221;transparent&#8221;][\/vc_column][\/vc_row][vc_row row_type=&#8221;row&#8221; use_row_as_full_screen_section=&#8221;no&#8221; type=&#8221;full_width&#8221; text_align=&#8221;left&#8221; css_animation=&#8221;&#8221; box_shadow_on_row=&#8221;no&#8221;][vc_column width=&#8221;1\/3&#8243;][vc_video link=&#8221;https:\/\/youtube.com\/shorts\/oQvJqPKi9no&#8221;][vc_separator type=&#8221;transparent&#8221;][\/vc_column][vc_column width=&#8221;1\/3&#8243;][vc_video link=&#8221;https:\/\/youtube.com\/shorts\/QCMPT7V72Bo&#8221;][vc_separator type=&#8221;transparent&#8221;][\/vc_column][vc_column width=&#8221;1\/3&#8243;][vc_video link=&#8221;https:\/\/youtube.com\/shorts\/SArAQec9YlA&#8221;][vc_separator type=&#8221;transparent&#8221;][\/vc_column][\/vc_row][vc_row row_type=&#8221;row&#8221; use_row_as_full_screen_section=&#8221;no&#8221; type=&#8221;grid&#8221; text_align=&#8221;left&#8221; css_animation=&#8221;&#8221; box_shadow_on_row=&#8221;no&#8221;][vc_column][vc_column_text]Wenn Sie weitere Informationen dar\u00fcber ben\u00f6tigen, ob der Amada TECH Oval-Hausaufzug die richtige L\u00f6sung f\u00fcr Ihre speziellen Anforderungen ist,[\/vc_column_text][vc_separator type=&#8221;transparent&#8221;][vc_column_text]hilft Ihnen unser Kundendienstteam gerne dabei, die richtige Wahl zu treffen, bevor Sie sich zum Kauf entschlie\u00dfen.[\/vc_column_text][vc_separator type=&#8221;transparent&#8221;][vc_column_text]Damit Sie sicher sein k\u00f6nnen, dass Sie ein Produkt erhalten, das Ihrem Budget entspricht und Ihren speziellen Anforderungen gerecht wird, unterbreiten wir Ihnen ein individuelles s.[\/vc_column_text][vc_separator type=&#8221;transparent&#8221;][vc_column_text]Preisangebot f\u00fcr diesen runden Glasaufzug. Bitte wenden Sie sich mit allen Fragen an un[\/vc_column_text][vc_separator type=&#8221;transparent&#8221;][vc_separator type=&#8221;transparent&#8221;][\/vc_column][\/vc_row]<\/p>\n<\/section>","protected":false},"excerpt":{"rendered":"<p>[vc_row row_type=&#8221;row&#8221; use_row_as_full_screen_section=&#8221;no&#8221; type=&#8221;full_width&#8221; text_align=&#8221;left&#8221; css_animation=&#8221;&#8221; box_shadow_on_row=&#8221;no&#8221;][vc_column width=&#8221;1\/2&#8243;][vc_column_text] Rundaufzug [\/vc_column_text][vc_separator type=&#8221;transparent&#8221;][vc_column_text] Vollautomatischer Aufzug mit runden Glast\u00fcren [\/vc_column_text][vc_separator type=&#8221;transparent&#8221;][vc_column_text]Der runde Glasaufzug wird von uns f\u00fcr Gesch\u00e4ftszentren,[\/vc_column_text][vc_separator type=&#8221;transparent&#8221;][vc_column_text]B\u00fcros, Hotels, Yachten oder Villen entworfen und hergestellt.[\/vc_column_text][vc_separator type=&#8221;transparent&#8221;][vc_column_text]Alle unsere Aufz\u00fcge werden auf Bestellung gefertigt,[\/vc_column_text][vc_separator type=&#8221;transparent&#8221;][vc_column_text]und selbst die ungew\u00f6hnlichsten W\u00fcnsche&#8230;<\/p>\n","protected":false},"author":2,"featured_media":12261,"parent":0,"menu_order":0,"comment_status":"closed","ping_status":"closed","template":"","meta":{"footnotes":""},"class_list":["post-12255","page","type-page","status-publish","has-post-thumbnail","hentry"],"_links":{"self":[{"href":"https:\/\/amadatech.com\/de\/wp-json\/wp\/v2\/pages\/12255","targetHints":{"allow":["GET"]}}],"collection":[{"href":"https:\/\/amadatech.com\/de\/wp-json\/wp\/v2\/pages"}],"about":[{"href":"https:\/\/amadatech.com\/de\/wp-json\/wp\/v2\/types\/page"}],"author":[{"embeddable":true,"href":"https:\/\/amadatech.com\/de\/wp-json\/wp\/v2\/users\/2"}],"replies":[{"embeddable":true,"href":"https:\/\/amadatech.com\/de\/wp-json\/wp\/v2\/comments?post=12255"}],"version-history":[{"count":33,"href":"https:\/\/amadatech.com\/de\/wp-json\/wp\/v2\/pages\/12255\/revisions"}],"predecessor-version":[{"id":13227,"href":"https:\/\/amadatech.com\/de\/wp-json\/wp\/v2\/pages\/12255\/revisions\/13227"}],"wp:featuredmedia":[{"embeddable":true,"href":"https:\/\/amadatech.com\/de\/wp-json\/wp\/v2\/media\/12261"}],"wp:attachment":[{"href":"https:\/\/amadatech.com\/de\/wp-json\/wp\/v2\/media?parent=12255"}],"curies":[{"name":"wp","href":"https:\/\/api.w.org\/{rel}","templated":true}]}}