{"id":12243,"date":"2025-01-11T15:30:36","date_gmt":"2025-01-11T12:30:36","guid":{"rendered":"https:\/\/amadatech.com\/de\/?page_id=12243"},"modified":"2025-12-23T16:44:40","modified_gmt":"2025-12-23T13:44:40","slug":"ausenaufzug","status":"publish","type":"page","link":"https:\/\/amadatech.com\/de\/ausenaufzug\/","title":{"rendered":"Au\u00dfenaufzug"},"content":{"rendered":"<section class=\"wpb-content-wrapper\"><p>[vc_row row_type=&#8221;row&#8221; use_row_as_full_screen_section=&#8221;no&#8221; type=&#8221;grid&#8221; text_align=&#8221;left&#8221; css_animation=&#8221;&#8221; box_shadow_on_row=&#8221;no&#8221;][vc_column][vc_column_text]<\/p>\n<div class=\"wpb_text_column wpb_content_element \">\n<div class=\"wpb_wrapper\">\n<h1>Au\u00dfenaufzug<\/h1>\n<\/div>\n<\/div>\n<p>[\/vc_column_text][vc_separator type=&#8221;transparent&#8221; up=&#8221;35&#8243; down=&#8221;0&#8243;][vc_column_text]<\/p>\n<div class=\"wpb_text_column wpb_content_element \">\n<div class=\"wpb_wrapper\">\n<h4>Aufzugsl\u00f6sungen au\u00dferhalb des Geb\u00e4udes<br \/>\nWir bieten Ihnen FLEXIBLE L\u00d6SUNGEN, die in vielen Bereichen wie Schulen, medizinischen Einrichtungen, kommunalen Geb\u00e4uden und Privath\u00e4usern eingesetzt werden k\u00f6nnen.<\/h4>\n<p>AmadaTECH ist ein f\u00fchrendes t\u00fcrkisches Unternehmen f\u00fcr Aufz\u00fcge und Rolltreppen mit fortschrittlicher Technologie und h\u00f6chster Qualit\u00e4t. Es ist ein moderner und professioneller <a href=\"https:\/\/amadatech.com\/de\/villenaufzug\/\" target=\"_blank\" rel=\"noopener\">Aufzugshersteller<\/a>, der Design, Forschung und Entwicklung, Konstruktion, Produktion, Vertrieb, Installation und Wartung unter einem Dach vereint.<\/p>\n<\/div>\n<\/div>\n<p>[\/vc_column_text][vc_separator type=&#8221;transparent&#8221; up=&#8221;35&#8243; down=&#8221;0&#8243;][\/vc_column][\/vc_row][vc_row row_type=&#8221;row&#8221; use_row_as_full_screen_section=&#8221;no&#8221; type=&#8221;grid&#8221; text_align=&#8221;left&#8221; css_animation=&#8221;&#8221; box_shadow_on_row=&#8221;no&#8221;][vc_column][vc_column_text]<\/p>\n<div class=\"wpb_text_column wpb_content_element \">\n<div class=\"wpb_wrapper\">\n<h2>Au\u00dfenaufzug<\/h2>\n<h4>Aufzug au\u00dferhalb des Geb\u00e4udes<\/h4>\n<\/div>\n<\/div>\n<p>[\/vc_column_text][vc_separator type=&#8221;transparent&#8221; up=&#8221;35&#8243; down=&#8221;0&#8243;][\/vc_column][\/vc_row][vc_row row_type=&#8221;row&#8221; use_row_as_full_screen_section=&#8221;no&#8221; type=&#8221;grid&#8221; text_align=&#8221;left&#8221; padding_top=&#8221;30&#8243; padding_bottom=&#8221;4&#8243; css_animation=&#8221;&#8221; box_shadow_on_row=&#8221;no&#8221; oblique_section=&#8221;no&#8221; oblique_section_top_and_bottom=&#8221;both&#8221; oblique_section_position=&#8221;from_left_to_right&#8221; triangle_shape=&#8221;no&#8221; triangle_shape_position=&#8221;both&#8221;][vc_column width=&#8221;1\/3&#8243;][vc_single_image image=&#8221;11921&#8243; img_size=&#8221;full&#8221; mkd_css_animation=&#8221;&#8221;][vc_separator type=&#8221;transparent&#8221; up=&#8221;35&#8243; down=&#8221;0&#8243;][\/vc_column][vc_column width=&#8221;1\/3&#8243;][vc_single_image image=&#8221;11923&#8243; img_size=&#8221;full&#8221; mkd_css_animation=&#8221;&#8221;][vc_separator type=&#8221;transparent&#8221; up=&#8221;35&#8243; down=&#8221;0&#8243;][\/vc_column][vc_column width=&#8221;1\/3&#8243;][vc_single_image image=&#8221;12250&#8243; img_size=&#8221;full&#8221; mkd_css_animation=&#8221;&#8221;][vc_separator type=&#8221;transparent&#8221; up=&#8221;35&#8243; down=&#8221;0&#8243;][\/vc_column][\/vc_row][vc_row row_type=&#8221;row&#8221; use_row_as_full_screen_section=&#8221;no&#8221; type=&#8221;grid&#8221; text_align=&#8221;left&#8221; css_animation=&#8221;&#8221; box_shadow_on_row=&#8221;no&#8221;][vc_column width=&#8221;1\/2&#8243;][vc_video link=&#8221;https:\/\/youtu.be\/kB0XoGQMCs8&#8243;][vc_separator type=&#8221;transparent&#8221; up=&#8221;35&#8243; down=&#8221;0&#8243;][\/vc_column][vc_column width=&#8221;1\/2&#8243;][vc_column_text]<\/p>\n<div class=\"wpb_text_column wpb_content_element \">\n<div class=\"wpb_wrapper\">\n<h4>Aufzug au\u00dferhalb des Geb\u00e4udes Entwickelt f\u00fcr das Leben in der H\u00f6he.<\/h4>\n<p>Gem\u00e4\u00df unserer kundenorientierten Philosophie entwickeln und fertigen wir Aufz\u00fcge individuell und ber\u00fccksichtigen dabei die Besonderheiten jedes Projekts, jedes Kunden und jedes Geb\u00e4udes. Unser Konstruktionsb\u00fcro f\u00fchrt eine eingehende Untersuchung jedes einzelnen Falls durch und bietet die beste Aufzugsl\u00f6sung f\u00fcr die jeweilige Situation.<\/p>\n<p>Dank der Erfahrung unserer Ingenieure und unserer Kenntnisse der internationalen Normen und Vorschriften konnten wir ein kompaktes Aufzugsmodell entwickeln, das sich an die komplexesten Sch\u00e4chte anpassen l\u00e4sst und eine erhebliche Reduzierung der H\u00f6he des unteren und oberen Stockwerks des Schachts erm\u00f6glicht. Nach den technischen Studien stellen wir dem Kunden eine detaillierte Studie \u00fcber die Komponenten zur Verf\u00fcgung, die ersetzt werden m\u00fcssen und diejenigen, die weiterhin verwendet werden k\u00f6nnen.<\/p>\n<\/div>\n<\/div>\n<p>[\/vc_column_text][vc_separator type=&#8221;transparent&#8221; up=&#8221;35&#8243; down=&#8221;0&#8243;][\/vc_column][\/vc_row][vc_row row_type=&#8221;row&#8221; use_row_as_full_screen_section=&#8221;no&#8221; type=&#8221;grid&#8221; text_align=&#8221;left&#8221; padding_bottom=&#8221;38&#8243; css_animation=&#8221;&#8221; box_shadow_on_row=&#8221;no&#8221; oblique_section=&#8221;no&#8221; oblique_section_top_and_bottom=&#8221;both&#8221; oblique_section_position=&#8221;from_left_to_right&#8221; triangle_shape=&#8221;no&#8221; triangle_shape_position=&#8221;both&#8221;][vc_column width=&#8221;1\/2&#8243;][vc_video link=&#8221;https:\/\/youtu.be\/chSBNMrw-gs&#8221;][vc_separator type=&#8221;transparent&#8221; up=&#8221;35&#8243; down=&#8221;0&#8243;][\/vc_column][vc_column width=&#8221;1\/2&#8243;][vc_video link=&#8221;https:\/\/youtu.be\/i8jycPuIe3Y&#8221;][vc_separator type=&#8221;transparent&#8221; up=&#8221;35&#8243; down=&#8221;0&#8243;][\/vc_column][\/vc_row][vc_row row_type=&#8221;row&#8221; use_row_as_full_screen_section=&#8221;no&#8221; type=&#8221;grid&#8221; text_align=&#8221;left&#8221; css_animation=&#8221;&#8221; box_shadow_on_row=&#8221;no&#8221;][vc_column][vc_column_text]<\/p>\n<div class=\"wpb_text_column wpb_content_element \">\n<div class=\"wpb_wrapper\">\n<h3>Au\u00dfenaufzug<\/h3>\n<\/div>\n<\/div>\n<p>[\/vc_column_text][vc_separator type=&#8221;transparent&#8221; up=&#8221;35&#8243; down=&#8221;0&#8243;][\/vc_column][\/vc_row][vc_row row_type=&#8221;row&#8221; use_row_as_full_screen_section=&#8221;no&#8221; type=&#8221;grid&#8221; text_align=&#8221;left&#8221; css_animation=&#8221;&#8221; box_shadow_on_row=&#8221;no&#8221;][vc_column][vc_column_text]<\/p>\n<h4>Au\u00dfenaufz\u00fcge sind eine sehr elegante L\u00f6sung, um das Leben im Haus zu erleichtern.<\/h4>\n<p><a href=\"https:\/\/villaasansoru.com\" target=\"_blank\" rel=\"noopener\">Au\u00dfenaufzug<\/a> In Villen und Flachbauten kann das Erreichen der oberen Stockwerke zu einer Qual werden, insbesondere f\u00fcr \u00e4ltere und behinderte Menschen. Auch f\u00fcr Immobilienbesitzer ist es in der heutigen Zeit schwierig, ohne Aufzug in einem Geb\u00e4ude zu leben. Ein Aufzug ist ein wichtiges Element, das den Wert einer Immobilie steigert und sie aufwertet. Bei nicht mehr nutzbaren Geb\u00e4uden und Villen gibt es jedoch Bedenken, dass kein Aufzugsschacht vorhanden ist oder dass dessen Einbau zu einer Verengung des Raums f\u00fchren w\u00fcrde. Diese Probleme werden mit dem Au\u00dfenaufzug \u201eOutdoor Human Lift\u201c professionell gel\u00f6st, der keinen Schacht und keinen Maschinenraum ben\u00f6tigt. Sie nehmen einen wichtigen Platz in einer breiten Produktpalette mit verschiedenen Vorteilen und Modelloptionen ein, je nach Bedarf. Die Installation au\u00dferhalb des Geb\u00e4udes ist f\u00fcr H\u00e4user und Villen mit Platzproblemen sehr wichtig.[\/vc_column_text][vc_separator type=&#8221;transparent&#8221; up=&#8221;35&#8243; down=&#8221;0&#8243;][vc_column_text]<\/p>\n<h4>Aufzug von au\u00dferhalb des Geb\u00e4udes<\/h4>\n<p>Es handelt sich um langsame, sichere und zuverl\u00e4ssige Spezialaufz\u00fcge, die den Maschinensicherheitsvorschriften entsprechen. Es ist das ideale Aufzugsmodell f\u00fcr Menschen, die Schwierigkeiten beim Gehen haben und Probleme beim Treppensteigen haben. Sie sind gem\u00e4\u00df den Maschinensicherheitsvorschriften nicht als Aufz\u00fcge klassifiziert.<\/p>\n<p>Unsere Produkte werden gem\u00e4\u00df den Richtlinien und Normen 2006\/42\/EG \u2013 2014\/35\/EU entwickelt und hergestellt. Zertifiziert durch eine akkreditierte Institution. Unsere Produkte entsprechen den Richtlinien EN 60204-1:2018, EN 60201-1, EN ISO 12100:2010, EN ISO 13849-1:2015 und EN 81-40.[\/vc_column_text][vc_separator type=&#8221;transparent&#8221; up=&#8221;35&#8243; down=&#8221;0&#8243;][\/vc_column][\/vc_row]<\/p>\n<\/section>","protected":false},"excerpt":{"rendered":"<p>[vc_row row_type=&#8221;row&#8221; use_row_as_full_screen_section=&#8221;no&#8221; type=&#8221;grid&#8221; text_align=&#8221;left&#8221; css_animation=&#8221;&#8221; box_shadow_on_row=&#8221;no&#8221;][vc_column][vc_column_text] Au\u00dfenaufzug [\/vc_column_text][vc_separator type=&#8221;transparent&#8221; up=&#8221;35&#8243; down=&#8221;0&#8243;][vc_column_text] Aufzugsl\u00f6sungen au\u00dferhalb des Geb\u00e4udes Wir bieten Ihnen FLEXIBLE L\u00d6SUNGEN, die in vielen Bereichen wie Schulen, medizinischen Einrichtungen, kommunalen Geb\u00e4uden und Privath\u00e4usern eingesetzt werden k\u00f6nnen. AmadaTECH ist ein f\u00fchrendes t\u00fcrkisches Unternehmen f\u00fcr Aufz\u00fcge und&#8230;<\/p>\n","protected":false},"author":2,"featured_media":11921,"parent":0,"menu_order":0,"comment_status":"closed","ping_status":"closed","template":"","meta":{"footnotes":""},"class_list":["post-12243","page","type-page","status-publish","has-post-thumbnail","hentry"],"_links":{"self":[{"href":"https:\/\/amadatech.com\/de\/wp-json\/wp\/v2\/pages\/12243","targetHints":{"allow":["GET"]}}],"collection":[{"href":"https:\/\/amadatech.com\/de\/wp-json\/wp\/v2\/pages"}],"about":[{"href":"https:\/\/amadatech.com\/de\/wp-json\/wp\/v2\/types\/page"}],"author":[{"embeddable":true,"href":"https:\/\/amadatech.com\/de\/wp-json\/wp\/v2\/users\/2"}],"replies":[{"embeddable":true,"href":"https:\/\/amadatech.com\/de\/wp-json\/wp\/v2\/comments?post=12243"}],"version-history":[{"count":12,"href":"https:\/\/amadatech.com\/de\/wp-json\/wp\/v2\/pages\/12243\/revisions"}],"predecessor-version":[{"id":13578,"href":"https:\/\/amadatech.com\/de\/wp-json\/wp\/v2\/pages\/12243\/revisions\/13578"}],"wp:featuredmedia":[{"embeddable":true,"href":"https:\/\/amadatech.com\/de\/wp-json\/wp\/v2\/media\/11921"}],"wp:attachment":[{"href":"https:\/\/amadatech.com\/de\/wp-json\/wp\/v2\/media?parent=12243"}],"curies":[{"name":"wp","href":"https:\/\/api.w.org\/{rel}","templated":true}]}}