{"id":12230,"date":"2025-01-11T15:25:28","date_gmt":"2025-01-11T12:25:28","guid":{"rendered":"https:\/\/amadatech.com\/de\/?page_id=12230"},"modified":"2025-12-16T23:16:13","modified_gmt":"2025-12-16T20:16:13","slug":"villux-hausaufzug","status":"publish","type":"page","link":"https:\/\/amadatech.com\/de\/villux-hausaufzug\/","title":{"rendered":"Villux Hausaufzug"},"content":{"rendered":"<section class=\"wpb-content-wrapper\"><p>[vc_row row_type=&#8221;row&#8221; use_row_as_full_screen_section=&#8221;no&#8221; type=&#8221;grid&#8221; text_align=&#8221;left&#8221; css_animation=&#8221;&#8221; box_shadow_on_row=&#8221;no&#8221;][vc_column][vc_column_text]<\/p>\r\n<p><p>[\/vc_column_text][\/vc_column][\/vc_row][vc_row row_type=&#8221;row&#8221; use_row_as_full_screen_section=&#8221;no&#8221; type=&#8221;grid&#8221; text_align=&#8221;left&#8221; css_animation=&#8221;&#8221; box_shadow_on_row=&#8221;no&#8221;][vc_column][vc_separator type=&#8221;transparent&#8221; up=&#8221;35&#8243; down=&#8221;0&#8243;][vc_column_text]<\/p>\n<div class=\"wpb_text_column wpb_content_element \">\n<div class=\"wpb_wrapper\">\n<h2>Villux Hausaufzug<\/h2>\n<p>Villux Luxury ist unsere neue Generation umweltfreundlicher und kompakter Aufz\u00fcge. Entdecken Sie den Aufzug, der Sie bei allen neuen Unternehmungen im Leben begleiten wird. Elegant und ergonomisch. Mit unserem Aufzug der neuen Generation werden Ihre Tr\u00e4ume von Komfort Wirklichkeit. Villux wurde entwickelt, um neue Herausforderungen unter Ber\u00fccksichtigung Ihrer Bed\u00fcrfnisse zu meistern. Ganz gleich, ob Sie einen Aufzug ben\u00f6tigen, um den Komfort Ihres Zuhauses zu erh\u00f6hen oder ein gro\u00dfes Projekt barrierefrei zu gestalten, Villux wurde entwickelt, um Ihre Tr\u00e4ume zu begleiten.<\/p>\n<\/div>\n<\/div>\n<p>[\/vc_column_text][\/vc_column][\/vc_row][vc_row row_type=&#8221;row&#8221; use_row_as_full_screen_section=&#8221;no&#8221; type=&#8221;full_width&#8221; text_align=&#8221;left&#8221; css_animation=&#8221;&#8221; box_shadow_on_row=&#8221;no&#8221;][vc_column][vc_column_text]<\/p>\n\r\n<p>[\/vc_column_text][\/vc_column][\/vc_row][vc_row row_type=&#8221;row&#8221; use_row_as_full_screen_section=&#8221;no&#8221; type=&#8221;grid&#8221; text_align=&#8221;left&#8221; padding_top=&#8221;30&#8243; padding_bottom=&#8221;4&#8243; css_animation=&#8221;&#8221; box_shadow_on_row=&#8221;no&#8221; oblique_section=&#8221;no&#8221; oblique_section_top_and_bottom=&#8221;both&#8221; oblique_section_position=&#8221;from_left_to_right&#8221; triangle_shape=&#8221;no&#8221; triangle_shape_position=&#8221;both&#8221;][vc_column width=&#8221;1\/3&#8243;][vc_single_image image=&#8221;12240&#8243; img_size=&#8221;full&#8221; mkd_css_animation=&#8221;&#8221;][vc_separator type=&#8221;transparent&#8221; up=&#8221;35&#8243; down=&#8221;0&#8243;][\/vc_column][vc_column width=&#8221;1\/3&#8243;][vc_single_image image=&#8221;12239&#8243; img_size=&#8221;full&#8221; mkd_css_animation=&#8221;&#8221;][vc_separator type=&#8221;transparent&#8221; up=&#8221;35&#8243; down=&#8221;0&#8243;][\/vc_column][vc_column width=&#8221;1\/3&#8243;][vc_single_image image=&#8221;12238&#8243; img_size=&#8221;full&#8221; mkd_css_animation=&#8221;&#8221;][vc_separator type=&#8221;transparent&#8221; up=&#8221;35&#8243; down=&#8221;0&#8243;][\/vc_column][\/vc_row][vc_row row_type=&#8221;row&#8221; use_row_as_full_screen_section=&#8221;no&#8221; type=&#8221;full_width&#8221; text_align=&#8221;left&#8221; css_animation=&#8221;&#8221; box_shadow_on_row=&#8221;no&#8221;][vc_column][vc_column_text]<\/p>\r\n\r\n<p><p>[\/vc_column_text][\/vc_column][\/vc_row][vc_row row_type=&#8221;row&#8221; use_row_as_full_screen_section=&#8221;no&#8221; type=&#8221;grid&#8221; text_align=&#8221;left&#8221; css_animation=&#8221;&#8221; box_shadow_on_row=&#8221;no&#8221;][vc_column][vc_column_text]<\/p>\n<div class=\"wpb_text_column wpb_content_element \">\n<div class=\"wpb_wrapper\">\n<p><strong>Luxus-Villa-Aufzug<\/strong><\/p>\n<p>Unser Villux-<a href=\"https:\/\/amadatech.com\/de\/vorteile-des-hydraulischen-villa-aufzugs\/\">Villa-Aufzugsmodell<\/a> zeichnet sich durch eine ausgepr\u00e4gte \u00c4sthetik aus. <a href=\"https:\/\/villaasansoru.com\" target=\"_blank\" rel=\"noopener\">Villa-Aufz\u00fcge si<\/a>nd unglaublich gut gestaltet und ein Meisterwerk der Innovation. \u00dcberdenken, \u00fcberdenken und gestalten Sie die Art und Weise, wie Sie sich in Ihrem Zuhause bewegen, neu. Villux-Villa-Aufz\u00fcge sind schnell, laufruhig und elegant.<\/p>\n<p>Der Villux-Villa-Aufzug ist elegant gestaltet, passt in schlichte R\u00e4ume und kann in einer Ecke eines Raumes oder im Bereich einer Wendeltreppe platziert werden. Niedriger Schachtboden, Mehrwertsteuerbefreiung, keine Genehmigung erforderlich, kein Maschinenraum erforderlich, Panorama-Modell, leises, sicheres und zertifiziertes Produkt.<\/p>\n<\/div>\n<\/div>\n<p>[\/vc_column_text][vc_separator type=&#8221;transparent&#8221; up=&#8221;35&#8243; down=&#8221;0&#8243;][vc_column_text]<\/p>\n<p>Villux Luxury ist unsere neue Generation umweltfreundlicher und kompakter Aufzugsmodelle. Der \u00dcbergangsbereich von Villux ist ideal f\u00fcr enge R\u00e4ume. Die automatisch \u00f6ffnende mittlere T\u00fcrverkleidung ist 35 cm breit. Stahlkonstruktion und Au\u00dfenverkleidung sind im Lieferumfang enthalten.<\/p>\n<p>[\/vc_column_text][\/vc_column][\/vc_row][vc_row row_type=&#8221;row&#8221; use_row_as_full_screen_section=&#8221;no&#8221; type=&#8221;full_width&#8221; text_align=&#8221;center&#8221; css_animation=&#8221;&#8221; box_shadow_on_row=&#8221;no&#8221;][vc_column width=&#8221;1\/2&#8243;][vc_separator type=&#8221;transparent&#8221; up=&#8221;35&#8243; down=&#8221;0&#8243;][vc_video link=&#8221;https:\/\/youtu.be\/wgp4dD_1BLc?si=UXedQTXueFBmsFcc&#8221; align=&#8221;center&#8221;][vc_separator type=&#8221;transparent&#8221; up=&#8221;35&#8243; down=&#8221;0&#8243;][\/vc_column][vc_column width=&#8221;1\/2&#8243;][vc_separator type=&#8221;transparent&#8221; up=&#8221;35&#8243; down=&#8221;0&#8243;][vc_video link=&#8221;https:\/\/youtu.be\/EPulu4ecZ4U?si=x3VOMHJG_rPVh44T&#8221; align=&#8221;center&#8221;][vc_separator type=&#8221;transparent&#8221; up=&#8221;35&#8243; down=&#8221;0&#8243;][\/vc_column][\/vc_row][vc_row row_type=&#8221;row&#8221; use_row_as_full_screen_section=&#8221;no&#8221; type=&#8221;full_width&#8221; text_align=&#8221;left&#8221; css_animation=&#8221;&#8221; box_shadow_on_row=&#8221;no&#8221;][vc_column width=&#8221;1\/2&#8243;][vc_column_text]<\/p>\n<p>\n[\/vc_column_text][vc_column_text]<\/p>\r\n<h3 style=\"text-align: center;\">TECHNISCHE DATEN VILLUX LUXURY<\/h3>\r\n<p>[\/vc_column_text][vc_separator type=&#8221;transparent&#8221; up=&#8221;35&#8243; down=&#8221;0&#8243;][vc_column_text]<\/p>\r\n<p>15 cm Brunnenboden<\/p>\r\n<p>Nicht genehmigungspflichtig<\/p>\r\n<p>Panoramadesign<\/p>\r\n<p>Leises, komfortables System<\/p>\r\n<p>Intelligente Technologie<\/p>\r\n<p>System, das den Boden bei Stromausfall anhebt<\/p>\r\n<p>Gegensprechanlage<\/p>\r\n<p>\u00dcberlastsystem<\/p>\r\n<p>Sprachalarmsystem<\/p>\r\n<p>Strahlungsvorhang<\/p>\r\n<p>Spezielle LED-Beleuchtung<\/p>\r\n<p>Inklusive Stahlkonstruktionen und Au\u00dfenverglasung<\/p>\r\n<p>[\/vc_column_text][vc_separator type=&#8221;transparent&#8221; up=&#8221;35&#8243; down=&#8221;0&#8243;][vc_separator type=&#8221;transparent&#8221; up=&#8221;35&#8243; down=&#8221;0&#8243;][\/vc_column][vc_column width=&#8221;1\/2&#8243;][vc_video link=&#8221;https:\/\/youtu.be\/wUji7k1NTWw?si=2p6Pkifv1n8h5PzN&#8221;][vc_separator type=&#8221;transparent&#8221; up=&#8221;35&#8243; down=&#8221;0&#8243;][vc_separator type=&#8221;transparent&#8221; up=&#8221;35&#8243; down=&#8221;0&#8243;][\/vc_column][\/vc_row]<\/p><\/section>","protected":false},"excerpt":{"rendered":"<p>[vc_row row_type=&#8221;row&#8221; use_row_as_full_screen_section=&#8221;no&#8221; type=&#8221;grid&#8221; text_align=&#8221;left&#8221; css_animation=&#8221;&#8221; box_shadow_on_row=&#8221;no&#8221;][vc_column][vc_column_text] [\/vc_column_text][\/vc_column][\/vc_row][vc_row row_type=&#8221;row&#8221; use_row_as_full_screen_section=&#8221;no&#8221; type=&#8221;grid&#8221; text_align=&#8221;left&#8221; padding_top=&#8221;30&#8243; padding_bottom=&#8221;4&#8243; css_animation=&#8221;&#8221; box_shadow_on_row=&#8221;no&#8221; oblique_section=&#8221;no&#8221; oblique_section_top_and_bottom=&#8221;both&#8221; oblique_section_position=&#8221;from_left_to_right&#8221; triangle_shape=&#8221;no&#8221; triangle_shape_position=&#8221;both&#8221;][vc_column width=&#8221;1\/3&#8243;][vc_single_image image=&#8221;12240&#8243; img_size=&#8221;full&#8221; mkd_css_animation=&#8221;&#8221;][vc_separator type=&#8221;transparent&#8221; up=&#8221;35&#8243; down=&#8221;0&#8243;][\/vc_column][vc_column width=&#8221;1\/3&#8243;][vc_single_image image=&#8221;12239&#8243; img_size=&#8221;full&#8221; mkd_css_animation=&#8221;&#8221;][vc_separator type=&#8221;transparent&#8221; up=&#8221;35&#8243; down=&#8221;0&#8243;][\/vc_column][vc_column width=&#8221;1\/3&#8243;][vc_single_image image=&#8221;12238&#8243; img_size=&#8221;full&#8221; mkd_css_animation=&#8221;&#8221;][vc_separator type=&#8221;transparent&#8221; up=&#8221;35&#8243; down=&#8221;0&#8243;][\/vc_column][\/vc_row][vc_row row_type=&#8221;row&#8221; use_row_as_full_screen_section=&#8221;no&#8221; type=&#8221;full_width&#8221;&#8230;<\/p>\n","protected":false},"author":2,"featured_media":12239,"parent":0,"menu_order":0,"comment_status":"closed","ping_status":"closed","template":"","meta":{"footnotes":""},"class_list":["post-12230","page","type-page","status-publish","has-post-thumbnail","hentry"],"_links":{"self":[{"href":"https:\/\/amadatech.com\/de\/wp-json\/wp\/v2\/pages\/12230","targetHints":{"allow":["GET"]}}],"collection":[{"href":"https:\/\/amadatech.com\/de\/wp-json\/wp\/v2\/pages"}],"about":[{"href":"https:\/\/amadatech.com\/de\/wp-json\/wp\/v2\/types\/page"}],"author":[{"embeddable":true,"href":"https:\/\/amadatech.com\/de\/wp-json\/wp\/v2\/users\/2"}],"replies":[{"embeddable":true,"href":"https:\/\/amadatech.com\/de\/wp-json\/wp\/v2\/comments?post=12230"}],"version-history":[{"count":11,"href":"https:\/\/amadatech.com\/de\/wp-json\/wp\/v2\/pages\/12230\/revisions"}],"predecessor-version":[{"id":13317,"href":"https:\/\/amadatech.com\/de\/wp-json\/wp\/v2\/pages\/12230\/revisions\/13317"}],"wp:featuredmedia":[{"embeddable":true,"href":"https:\/\/amadatech.com\/de\/wp-json\/wp\/v2\/media\/12239"}],"wp:attachment":[{"href":"https:\/\/amadatech.com\/de\/wp-json\/wp\/v2\/media?parent=12230"}],"curies":[{"name":"wp","href":"https:\/\/api.w.org\/{rel}","templated":true}]}}