{"id":12221,"date":"2025-01-11T15:21:45","date_gmt":"2025-01-11T12:21:45","guid":{"rendered":"https:\/\/amadatech.com\/de\/?page_id=12221"},"modified":"2025-12-17T14:16:03","modified_gmt":"2025-12-17T11:16:03","slug":"duplex-hausaufzug","status":"publish","type":"page","link":"https:\/\/amadatech.com\/de\/duplex-hausaufzug\/","title":{"rendered":"Duplex-Hausaufzug"},"content":{"rendered":"<section class=\"wpb-content-wrapper\"><p>[vc_row row_type=&#8221;row&#8221; use_row_as_full_screen_section=&#8221;no&#8221; type=&#8221;grid&#8221; text_align=&#8221;left&#8221; padding_top=&#8221;60&#8243; css_animation=&#8221;&#8221; box_shadow_on_row=&#8221;no&#8221; oblique_section=&#8221;no&#8221; oblique_section_top_and_bottom=&#8221;both&#8221; oblique_section_position=&#8221;from_left_to_right&#8221; triangle_shape=&#8221;no&#8221; triangle_shape_position=&#8221;both&#8221;][vc_column width=&#8221;1\/2&#8243;][vc_single_image image=&#8221;12226&#8243; img_size=&#8221;full&#8221; mkd_css_animation=&#8221;&#8221;][vc_separator type=&#8221;transparent&#8221; up=&#8221;20&#8243; down=&#8221;0&#8243;][\/vc_column][vc_column width=&#8221;1\/2&#8243;][vc_column_text]<\/p>\n<h1>Duplex-Hausaufzug<\/h1>\n<p>[\/vc_column_text][vc_separator type=&#8221;transparent&#8221; up=&#8221;20&#8243; down=&#8221;0&#8243;][vc_column_text]Mit seinem ausgepr\u00e4gten Sinn f\u00fcr \u00c4sthetik ist der Duplex-Hausaufzug unglaublich gut f\u00fcr Maisonette-Wohnungen und Villen geeignet \u2013 der <a href=\"https:\/\/villaasansoru.com\" target=\"_blank\" rel=\"noopener\">Duplex-Hausaufzug<\/a> ist auch ein Meisterwerk der Innovation.[\/vc_column_text][vc_separator type=&#8221;transparent&#8221; up=&#8221;20&#8243; down=&#8221;0&#8243;][vc_column_text]\u00dcberdenken, \u00fcberdenken und neu gestalten Sie die Art und Weise, wie Sie sich in Ihrem Zuhause bewegen. Der Duplex-Hausaufzug von AmadaTECH ist schnell, sanft und elegant. Er ist elegant gestaltet, passt in schlichte R\u00e4ume und kann in der Ecke eines Raumes, im Raum einer Wendeltreppe, installiert werden.[\/vc_column_text][vc_separator type=&#8221;transparent&#8221; up=&#8221;20&#8243; down=&#8221;0&#8243;][vc_column_text]Unsere Produkte werden von hochqualifizierten t\u00fcrkischen Ingenieuren entwickelt und gew\u00e4hrleisten, dass Kunden zuverl\u00e4ssige Qualit\u00e4tsprodukte erhalten. Wir verf\u00fcgen \u00fcber ein von TURKAK zugelassenes Qualit\u00e4tszertifikat und ein weltweit g\u00fcltiges CE-Zertifikat.[\/vc_column_text][vc_separator type=&#8221;transparent&#8221; up=&#8221;20&#8243; down=&#8221;0&#8243;][vc_column_text]Der Amada Duplex-Hausaufzug ist eine stilvolle und praktische L\u00f6sung f\u00fcr modernes, unabh\u00e4ngiges Wohnen. Ob stehend oder auf einem Klappsitz sitzend, der Duplex-Hausaufzug wird Ihnen das Leben jetzt und in Zukunft erheblich erleichtern.[\/vc_column_text][vc_separator type=&#8221;transparent&#8221; up=&#8221;20&#8243; down=&#8221;0&#8243;][\/vc_column][\/vc_row][vc_row row_type=&#8221;row&#8221; use_row_as_full_screen_section=&#8221;no&#8221; type=&#8221;grid&#8221; text_align=&#8221;left&#8221; css_animation=&#8221;&#8221; box_shadow_on_row=&#8221;no&#8221;][vc_column][vc_column_text]<\/p>\n<h2>DUPLEX-HAUSAUFZUG, DER ZU IHREM ARCHITEKTONISCHEN STIL PASST<\/h2>\n<p>[\/vc_column_text][\/vc_column][\/vc_row][vc_row row_type=&#8221;row&#8221; use_row_as_full_screen_section=&#8221;no&#8221; type=&#8221;grid&#8221; text_align=&#8221;left&#8221; padding_top=&#8221;16&#8243; padding_bottom=&#8221;36&#8243; css_animation=&#8221;&#8221; box_shadow_on_row=&#8221;no&#8221; oblique_section=&#8221;no&#8221; oblique_section_top_and_bottom=&#8221;both&#8221; oblique_section_position=&#8221;from_left_to_right&#8221; triangle_shape=&#8221;no&#8221; triangle_shape_position=&#8221;both&#8221;][vc_column width=&#8221;1\/3&#8243;][vc_separator type=&#8221;transparent&#8221; up=&#8221;9&#8243; down=&#8221;0&#8243;][vc_single_image image=&#8221;12226&#8243; img_size=&#8221;full&#8221; mkd_css_animation=&#8221;&#8221;][vc_separator type=&#8221;transparent&#8221; up=&#8221;20&#8243; down=&#8221;0&#8243;][vc_column_text]<strong>EINZIGARTIGER HAUSAUFZUG<\/strong><br \/>\nDer Duplex-Hausaufzug von Amada TECH bietet Ihnen die Freiheit, ein individuelles Aufzugsdesign zu entwerfen, das Ihrem Zuhause Sch\u00f6nheit, Komfort und Wert verleiht. Duplex-Hausaufzugsl\u00f6sungen wurden entwickelt, um alle Mitglieder Ihres Haushalts zusammenzubringen.[\/vc_column_text][\/vc_column][vc_column width=&#8221;1\/3&#8243;][vc_separator type=&#8221;transparent&#8221; up=&#8221;9&#8243; down=&#8221;0&#8243;][vc_single_image image=&#8221;12227&#8243; img_size=&#8221;full&#8221; mkd_css_animation=&#8221;&#8221;][vc_separator type=&#8221;transparent&#8221; up=&#8221;20&#8243; down=&#8221;0&#8243;][vc_column_text]<strong>CE-ZERTIFIKAT<\/strong><br \/>\nDank einer gro\u00dfen Auswahl an Aufzugsmodellen und -gr\u00f6\u00dfen finden Sie ganz einfach den perfekten Aufzug f\u00fcr Ihr Zuhause. Die Hausaufz\u00fcge von AmadaTECH sind CE-zertifiziert und erf\u00fcllen die europ\u00e4ischen Sicherheitsstandards.[\/vc_column_text][\/vc_column][vc_column width=&#8221;1\/3&#8243;][vc_separator type=&#8221;transparent&#8221; up=&#8221;9&#8243; down=&#8221;0&#8243;][vc_single_image image=&#8221;12225&#8243; img_size=&#8221;full&#8221; mkd_css_animation=&#8221;&#8221;][vc_separator type=&#8221;transparent&#8221; up=&#8221;20&#8243; down=&#8221;0&#8243;][vc_column_text]<strong>AUSGEZEICHNETES DESIGN<\/strong><br \/>\nIn puncto Design stehen Ihnen zahlreiche Optionen zur Auswahl. Duplex-Hausaufzug sorgt daf\u00fcr, dass die von Ihnen gew\u00e4hlten Farben, T\u00fcrvarianten, Verglasungen, LED-Beleuchtungen und Oberfl\u00e4chen sich perfekt in die bestehende Einrichtung Ihres Zuhauses einf\u00fcgen.[\/vc_column_text][\/vc_column][\/vc_row][vc_row row_type=&#8221;row&#8221; use_row_as_full_screen_section=&#8221;no&#8221; type=&#8221;grid&#8221; text_align=&#8221;left&#8221; css_animation=&#8221;&#8221; box_shadow_on_row=&#8221;no&#8221;][vc_column][vc_column_text]<\/p>\n<h3>Duplex-Hausaufz\u00fcge sind geeignete L\u00f6sungen f\u00fcr zweist\u00f6ckige Wohnungen und Villen, die f\u00fcr einen hohen Lebensstandard konzipiert sind.<\/h3>\n<p>Der zweist\u00f6ckige Hausaufzug der Marke <a href=\"https:\/\/amadatech.com\" target=\"_blank\" rel=\"noopener\">AmadaTECH<\/a> zeichnet sich durch eine starke \u00e4sthetische Sensibilit\u00e4t aus. Er ist nicht nur unglaublich gut f\u00fcr Duplex-Wohnungen und Villen geeignet, sondern auch ein Meisterwerk der Innovation. \u00dcberdenken,[\/vc_column_text][vc_separator type=&#8221;transparent&#8221;][vc_column_text]\u00fcberdenken und neu gestalten Sie die Art und Weise, wie Sie sich in Ihrem Zuhause fortbewegen. Der zweist\u00f6ckige Hausaufzug von AmadaTECH ist schnell, sanft und elegant. Er ist elegant gestaltet, passt sich klaren R\u00e4umen an und kann in einer Ecke eines Raumes oder in einem Wendeltreppenbereich installiert werden.[\/vc_column_text][vc_separator type=&#8221;transparent&#8221;][vc_column_text]<\/p>\n<h4 style=\"text-align: center;\">Duplex-Hausaufzug \u2013 EINE INTELLIGENTE UND EINFACHE L\u00d6SUNG F\u00dcR KLEINE R\u00c4UME<\/h4>\n<p>[\/vc_column_text][vc_separator type=&#8221;transparent&#8221;][vc_column_text]Der AmadaTECH Duplex-Hausaufzug ist eine hochmoderne L\u00f6sung, die ein erstklassiges Wohnerlebnis f\u00fcr Maisonette-Wohnungen und Villen bietet. Das Design des Aufzugs ist sowohl \u00e4sthetisch als auch innovativ und verf\u00fcgt \u00fcber die neueste Technologie.[\/vc_column_text][vc_separator type=&#8221;transparent&#8221;][vc_column_text]Dank seiner Flexibilit\u00e4t, die eine Installation in einer Zimmerecke oder einem Treppenhaus erm\u00f6glicht, ist er \u00e4u\u00dferst anpassungsf\u00e4hig und l\u00e4sst sich ohne umfangreiche Bauarbeiten nahtlos in die bestehende Struktur integrieren.[\/vc_column_text][vc_separator type=&#8221;transparent&#8221;][\/vc_column][\/vc_row][vc_row row_type=&#8221;row&#8221; use_row_as_full_screen_section=&#8221;no&#8221; type=&#8221;grid&#8221; text_align=&#8221;left&#8221; css_animation=&#8221;&#8221; box_shadow_on_row=&#8221;no&#8221;][vc_column width=&#8221;1\/2&#8243;][vc_video link=&#8221;https:\/\/youtube.com\/shorts\/IX04YeatoRA&#8221;][vc_separator type=&#8221;transparent&#8221;][\/vc_column][vc_column width=&#8221;1\/2&#8243;][vc_video link=&#8221;https:\/\/youtube.com\/shorts\/MLK4e-gDj9E&#8221;][vc_separator type=&#8221;transparent&#8221;][\/vc_column][\/vc_row][vc_row row_type=&#8221;row&#8221; use_row_as_full_screen_section=&#8221;no&#8221; type=&#8221;grid&#8221; text_align=&#8221;left&#8221; css_animation=&#8221;&#8221; box_shadow_on_row=&#8221;no&#8221;][vc_column][vc_column_text]<strong>PLATZSPAREND, KOSTENG\u00dcNSTIG<\/strong><\/p>\n<p>Unsere Aufz\u00fcge f\u00fcgen sich nahtlos in jedes Zuhause ein, ohne dass im Gegensatz zu herk\u00f6mmlichen Aufz\u00fcgen Bauarbeiten erforderlich sind. Wir bieten eine stilvolle und ma\u00dfgeschneiderte Aufzugsl\u00f6sung, die die Baukosten reduziert.[\/vc_column_text][vc_separator type=&#8221;transparent&#8221;][vc_column_text]<strong>\u00c4STHETIK, DESIGN, EXZELLENZ<\/strong><\/p>\n<p>Das Designzentrum von AmadaTECH in der T\u00fcrkei ist mit Fachleuten besetzt, die sich \u00fcber die neuesten \u00e4sthetischen L\u00f6sungen auf dem Laufenden halten, um den Kundenanforderungen gerecht zu werden.[\/vc_column_text][vc_separator type=&#8221;transparent&#8221;][vc_column_text]<strong>SICHERHEIT GEHT VOR<\/strong><\/p>\n<p>Alle unsere Aufzugsmodelle sind mit einem batteriebetriebenen Notabsenkungssystem (Ups) ausgestattet. Diese Funktion erm\u00f6glicht es Ihnen, den Aufzug im Falle eines Stromausfalls ohne Hilfe zu verlassen.[\/vc_column_text][vc_separator type=&#8221;transparent&#8221;][vc_column_text]<strong>FARBAUSWAHL<\/strong><br \/>\nSie k\u00f6nnen eine Farbe w\u00e4hlen, die zu Ihrem Stil und Ihrer Einrichtung passt, und die Farbe der Panorama-Plattform und der Mittelkonsole sowie die Farbe des zweist\u00f6ckigen Hausaufzugs bestimmen. Es gibt eine Farbe f\u00fcr jeden Geschmack und f\u00fcr jedes Zuhause.[\/vc_column_text][vc_separator type=&#8221;transparent&#8221;][vc_separator type=&#8221;transparent&#8221;][\/vc_column][\/vc_row][vc_row row_type=&#8221;row&#8221; use_row_as_full_screen_section=&#8221;no&#8221; type=&#8221;full_width&#8221; text_align=&#8221;left&#8221; css_animation=&#8221;&#8221; box_shadow_on_row=&#8221;no&#8221;][vc_column][\/vc_column][\/vc_row][vc_row row_type=&#8221;row&#8221; use_row_as_full_screen_section=&#8221;no&#8221; type=&#8221;full_width&#8221; text_align=&#8221;left&#8221; css_animation=&#8221;&#8221; box_shadow_on_row=&#8221;no&#8221;][vc_column][vc_column_text]<\/p>\n<p>[\/vc_column_text][\/vc_column][\/vc_row]<\/p>\n<\/section>","protected":false},"excerpt":{"rendered":"<p>[vc_row row_type=&#8221;row&#8221; use_row_as_full_screen_section=&#8221;no&#8221; type=&#8221;grid&#8221; text_align=&#8221;left&#8221; padding_top=&#8221;60&#8243; css_animation=&#8221;&#8221; box_shadow_on_row=&#8221;no&#8221; oblique_section=&#8221;no&#8221; oblique_section_top_and_bottom=&#8221;both&#8221; oblique_section_position=&#8221;from_left_to_right&#8221; triangle_shape=&#8221;no&#8221; triangle_shape_position=&#8221;both&#8221;][vc_column width=&#8221;1\/2&#8243;][vc_single_image image=&#8221;12226&#8243; img_size=&#8221;full&#8221; mkd_css_animation=&#8221;&#8221;][vc_separator type=&#8221;transparent&#8221; up=&#8221;20&#8243; down=&#8221;0&#8243;][\/vc_column][vc_column width=&#8221;1\/2&#8243;][vc_column_text] Duplex-Hausaufzug [\/vc_column_text][vc_separator type=&#8221;transparent&#8221; up=&#8221;20&#8243; down=&#8221;0&#8243;][vc_column_text]Mit seinem ausgepr\u00e4gten Sinn f\u00fcr \u00c4sthetik ist der Duplex-Hausaufzug unglaublich gut f\u00fcr Maisonette-Wohnungen und Villen geeignet \u2013 der Duplex-Hausaufzug ist&#8230;<\/p>\n","protected":false},"author":2,"featured_media":12226,"parent":0,"menu_order":0,"comment_status":"closed","ping_status":"closed","template":"","meta":{"footnotes":""},"class_list":["post-12221","page","type-page","status-publish","has-post-thumbnail","hentry"],"_links":{"self":[{"href":"https:\/\/amadatech.com\/de\/wp-json\/wp\/v2\/pages\/12221","targetHints":{"allow":["GET"]}}],"collection":[{"href":"https:\/\/amadatech.com\/de\/wp-json\/wp\/v2\/pages"}],"about":[{"href":"https:\/\/amadatech.com\/de\/wp-json\/wp\/v2\/types\/page"}],"author":[{"embeddable":true,"href":"https:\/\/amadatech.com\/de\/wp-json\/wp\/v2\/users\/2"}],"replies":[{"embeddable":true,"href":"https:\/\/amadatech.com\/de\/wp-json\/wp\/v2\/comments?post=12221"}],"version-history":[{"count":20,"href":"https:\/\/amadatech.com\/de\/wp-json\/wp\/v2\/pages\/12221\/revisions"}],"predecessor-version":[{"id":13329,"href":"https:\/\/amadatech.com\/de\/wp-json\/wp\/v2\/pages\/12221\/revisions\/13329"}],"wp:featuredmedia":[{"embeddable":true,"href":"https:\/\/amadatech.com\/de\/wp-json\/wp\/v2\/media\/12226"}],"wp:attachment":[{"href":"https:\/\/amadatech.com\/de\/wp-json\/wp\/v2\/media?parent=12221"}],"curies":[{"name":"wp","href":"https:\/\/api.w.org\/{rel}","templated":true}]}}