{"id":12211,"date":"2025-01-11T15:17:15","date_gmt":"2025-01-11T12:17:15","guid":{"rendered":"https:\/\/amadatech.com\/de\/?page_id=12211"},"modified":"2025-12-23T17:43:14","modified_gmt":"2025-12-23T14:43:14","slug":"plattformlift","status":"publish","type":"page","link":"https:\/\/amadatech.com\/de\/plattformlift\/","title":{"rendered":"Plattformlift"},"content":{"rendered":"<section class=\"wpb-content-wrapper\"><p>[vc_row row_type=&#8221;row&#8221; use_row_as_full_screen_section=&#8221;no&#8221; type=&#8221;grid&#8221; text_align=&#8221;left&#8221; padding_top=&#8221;55&#8243; padding_bottom=&#8221;23&#8243; css_animation=&#8221;&#8221; box_shadow_on_row=&#8221;no&#8221; oblique_section=&#8221;no&#8221; oblique_section_top_and_bottom=&#8221;both&#8221; oblique_section_position=&#8221;from_left_to_right&#8221; triangle_shape=&#8221;no&#8221; triangle_shape_position=&#8221;both&#8221;][vc_column width=&#8221;1\/2&#8243;][vc_single_image image=&#8221;13540&#8243; img_size=&#8221;full&#8221; mkd_css_animation=&#8221;&#8221;][\/vc_column][vc_column width=&#8221;1\/2&#8243;][vc_column_text]<\/p>\n<h1>Plattformlift<\/h1>\n<p>[\/vc_column_text][vc_separator type=&#8221;small&#8221; position=&#8221;left&#8221; up=&#8221;10&#8243; down=&#8221;31&#8243;][vc_column_text]Das elegante Design des <a href=\"https:\/\/amadatech.com\/de\/villenaufzug\/\" target=\"_blank\" rel=\"noopener\">Plattformlifts<\/a> f\u00fcr den privaten Gebrauch verleiht Ihrem Zuhause Komfort und Sch\u00f6nheit.<br \/>\nUnser attraktiv gestalteter doppelseitiger Plattformlift f\u00fcgt sich nahtlos in die Wohnumgebung ein und bietet den Komfort eines unabh\u00e4ngigen Lebens. Wir bieten \u201ezweckm\u00e4\u00dfige\u201d L\u00f6sungen und ma\u00dfgeschneiderte Designs. Unser AmadaTECH-Designteam arbeitet eng mit Ihnen zusammen, um alle gew\u00fcnschten \u00c4nderungen vorzunehmen und das von Ihnen gew\u00fcnschte Aussehen zu erzielen. W\u00e4hlen Sie aus einer gro\u00dfen Auswahl an Materialien und Oberfl\u00e4chen, die zu Ihrer Einrichtung passen.[\/vc_column_text][\/vc_column][\/vc_row][vc_row row_type=&#8221;row&#8221; use_row_as_full_screen_section=&#8221;no&#8221; type=&#8221;grid&#8221; text_align=&#8221;left&#8221; padding_top=&#8221;55&#8243; padding_bottom=&#8221;55&#8243; css_animation=&#8221;&#8221; box_shadow_on_row=&#8221;no&#8221; oblique_section=&#8221;no&#8221; oblique_section_top_and_bottom=&#8221;both&#8221; oblique_section_position=&#8221;from_left_to_right&#8221; triangle_shape=&#8221;no&#8221; triangle_shape_position=&#8221;both&#8221;][vc_column width=&#8221;1\/3&#8243;][vc_single_image image=&#8221;12215&#8243; img_size=&#8221;full&#8221; mkd_css_animation=&#8221;&#8221;][vc_separator type=&#8221;transparent&#8221;][vc_column_text]<\/p>\n<div class=\"wpb_text_column wpb_content_element \">\n<div class=\"wpb_wrapper\">\n<h5>EINFACHE INSTALLATION<\/h5>\n<p>Die Plattformlift-Modellvilla erfordert keine umfangreichen Bauarbeiten und die Installation dauert in der Regel nur wenige Tage.<\/p>\n<\/div>\n<\/div>\n<p>[\/vc_column_text][\/vc_column][vc_column width=&#8221;1\/3&#8243;][vc_single_image image=&#8221;12214&#8243; img_size=&#8221;full&#8221; mkd_css_animation=&#8221;&#8221;][vc_separator type=&#8221;transparent&#8221;][vc_column_text]<\/p>\n<h5>VORTEILE DES PLATTFORMHEBERS<\/h5>\n<p>Niedriger Schachtboden, Mehrwertsteuerbefreiung, Keine Genehmigung erforderlich, Kein Maschinenraum erforderlich, Panorama-Modell, Ger\u00e4uschlos, Sicheres und zertifiziertes Produkt[\/vc_column_text][\/vc_column][vc_column width=&#8221;1\/3&#8243;][vc_single_image image=&#8221;13585&#8243; img_size=&#8221;full&#8221; mkd_css_animation=&#8221;&#8221;][vc_separator type=&#8221;transparent&#8221;][vc_column_text]<\/p>\n<h5>SPEZIELLE HAUSAUFZUG-DESIGNS<\/h5>\n<p>Es gibt eine Reihe von anpassbaren Optionen, darunter Stahlkonstruktion und T\u00fcrfarbe, Glas, Bodenbelag, Verkleidungen und vieles mehr.[\/vc_column_text][\/vc_column][\/vc_row][vc_row row_type=&#8221;row&#8221; use_row_as_full_screen_section=&#8221;no&#8221; type=&#8221;grid&#8221; text_align=&#8221;left&#8221; padding_top=&#8221;55&#8243; padding_bottom=&#8221;55&#8243; css_animation=&#8221;&#8221; box_shadow_on_row=&#8221;no&#8221; oblique_section=&#8221;no&#8221; oblique_section_top_and_bottom=&#8221;both&#8221; oblique_section_position=&#8221;from_left_to_right&#8221; triangle_shape=&#8221;no&#8221; triangle_shape_position=&#8221;both&#8221;][vc_column][vc_column_text]<\/p>\n<h2>Plattformlift<\/h2>\n<p>[\/vc_column_text][vc_separator type=&#8221;transparent&#8221;][\/vc_column][\/vc_row][vc_row row_type=&#8221;row&#8221; use_row_as_full_screen_section=&#8221;no&#8221; type=&#8221;grid&#8221; text_align=&#8221;left&#8221; padding_top=&#8221;55&#8243; padding_bottom=&#8221;55&#8243; css_animation=&#8221;&#8221; box_shadow_on_row=&#8221;no&#8221; oblique_section=&#8221;no&#8221; oblique_section_top_and_bottom=&#8221;both&#8221; oblique_section_position=&#8221;from_left_to_right&#8221; triangle_shape=&#8221;no&#8221; triangle_shape_position=&#8221;both&#8221;][vc_column width=&#8221;1\/2&#8243;][vc_single_image image=&#8221;13583&#8243; img_size=&#8221;full&#8221; mkd_css_animation=&#8221;&#8221;][vc_separator type=&#8221;transparent&#8221;][\/vc_column][vc_column width=&#8221;1\/2&#8243;][vc_single_image image=&#8221;13581&#8243; img_size=&#8221;full&#8221; mkd_css_animation=&#8221;&#8221;][vc_separator type=&#8221;transparent&#8221;][\/vc_column][\/vc_row][vc_row row_type=&#8221;row&#8221; use_row_as_full_screen_section=&#8221;no&#8221; type=&#8221;grid&#8221; text_align=&#8221;left&#8221; background_color=&#8221;#f6f5f5&#8243; padding_top=&#8221;59&#8243; padding_bottom=&#8221;18&#8243; css_animation=&#8221;&#8221; box_shadow_on_row=&#8221;no&#8221; oblique_section=&#8221;no&#8221; oblique_section_top_and_bottom=&#8221;both&#8221; oblique_section_position=&#8221;from_left_to_right&#8221; triangle_shape=&#8221;no&#8221; triangle_shape_position=&#8221;both&#8221;][vc_column width=&#8221;1\/2&#8243;]<div class='mkd_icon_with_title tiny circle'><div class=\"icon_holder \" style=\"margin: 0px 0px 60px 0px; \"><div class=\"icon_holder_inner\"><span class=\"mkd_icon_stack mkd_tiny_icon  custom-font\" style=\"font-size: 24px;color: #ffffff;width: 57px;height: 57px;line-height: 57px;background-color: #d34e35;border-width: 0px;\"><i class=\"mkd_icon_font_awesome fa fa-briefcase icon_text_icon mkd_icon_stack_1x\" style=\"font-size: 24px;\" ><\/i><\/span><\/div><\/div><div class=\"icon_text_holder\" style=\"padding-left: 90px;\"><div class=\"icon_title_inner_holder\"><h5 class=\"icon_title \" style=\"\">L\u00d6SUNGEN, DIE ZU IHRER ARCHITEKTONISCHEN STRUKTUR PASSEN<\/h5><\/div><div class=\"icon_text_inner\" style=\"\"><p style=''>Unsere Hausaufz\u00fcge passen sich Ihrem Zuhause an, nicht umgekehrt. Sie gestalten das Design ganz nach Ihren W\u00fcnschen, indem Sie das Aufzugsmodell, die Materialien und Farben ausw\u00e4hlen, die zu Ihrem Stil und der Architektur Ihres Hauses passen. Wenn Sie unsere Hilfe ben\u00f6tigen, stehen wir Ihnen jederzeit mit Rat und Tat zur Seite.<\/p><\/div><\/div><\/div>[vc_separator type=&#8221;transparent&#8221; up=&#8221;20&#8243; down=&#8221;0&#8243;][\/vc_column][vc_column width=&#8221;1\/2&#8243;]<div class='mkd_icon_with_title tiny circle'><div class=\"icon_holder \" style=\"margin: 0px 0px 60px 0px; \"><div class=\"icon_holder_inner\"><span class=\"mkd_icon_stack mkd_tiny_icon  custom-font\" style=\"font-size: 24px;color: #ffffff;width: 57px;height: 57px;line-height: 57px;background-color: #d34e35;border-width: 0px;\"><i class=\"mkd_icon_font_awesome fa fa-camera-retro icon_text_icon mkd_icon_stack_1x\" style=\"font-size: 24px;\" ><\/i><\/span><\/div><\/div><div class=\"icon_text_holder\" style=\"padding-left: 90px;\"><div class=\"icon_title_inner_holder\"><h5 class=\"icon_title \" style=\"\">Weltklasse-Qualit\u00e4t<\/h5><\/div><div class=\"icon_text_inner\" style=\"\"><p style=''>Die Preise f\u00fcr Plattform-Hausaufz\u00fcge sind attraktiv, da sie im Vergleich zu unseren Produkten sehr g\u00fcnstig und angemessen sind und eine Garantie f\u00fcr hochwertige Komponenten und zuverl\u00e4ssige Konstruktion bieten. Dieses sehr g\u00fcnstige Produkt gew\u00e4hrleistet Ihre Sicherheit und die Ihrer Lieben und tr\u00e4gt erheblich zu Ihrem Komfort bei.<\/p><\/div><\/div><\/div>[vc_separator type=&#8221;transparent&#8221; up=&#8221;20&#8243; down=&#8221;0&#8243;][\/vc_column][\/vc_row][vc_row row_type=&#8221;row&#8221; use_row_as_full_screen_section=&#8221;no&#8221; type=&#8221;grid&#8221; text_align=&#8221;left&#8221; css_animation=&#8221;&#8221; box_shadow_on_row=&#8221;no&#8221;][vc_column width=&#8221;1\/3&#8243;][vc_video link=&#8221;https:\/\/youtube.com\/shorts\/QDTY6fDX0vo&#8221;][vc_separator type=&#8221;transparent&#8221; up=&#8221;20&#8243; down=&#8221;0&#8243;][\/vc_column][vc_column width=&#8221;1\/3&#8243;][vc_video link=&#8221;https:\/\/youtube.com\/shorts\/OF2FShdsbXQ&#8221;][vc_separator type=&#8221;transparent&#8221; up=&#8221;20&#8243; down=&#8221;0&#8243;][\/vc_column][vc_column width=&#8221;1\/3&#8243;][vc_video link=&#8221;https:\/\/youtube.com\/shorts\/EdAlg2SuTho&#8221;][vc_separator type=&#8221;transparent&#8221; up=&#8221;20&#8243; down=&#8221;0&#8243;][\/vc_column][\/vc_row][vc_row row_type=&#8221;row&#8221; use_row_as_full_screen_section=&#8221;no&#8221; type=&#8221;grid&#8221; text_align=&#8221;left&#8221; css_animation=&#8221;&#8221; box_shadow_on_row=&#8221;no&#8221;][vc_column][vc_column_text]<\/p>\n<h3>Plattformlift<\/h3>\n<p>[\/vc_column_text][vc_separator type=&#8221;transparent&#8221; up=&#8221;20&#8243; down=&#8221;0&#8243;][vc_column_text]<strong>Der Plattformlift Villa Lift ist eine einfache, aber sehr elegante L\u00f6sung, um Ihnen das Leben in Ihrem Zuhause zu erleichtern.<\/strong><\/p>\n<p>Unsere Produkte sind f\u00fcr Menschen mit Behinderungen geeignet.<br \/>\nUnsere Produkte sind gem\u00e4\u00df Artikel 17\/4-s V.U.K. Artikel 17\/4-s. Nr. 3065 von der Mehrwertsteuer befreit.<br \/>\nDie Maschinenrichtlinie 2006\/42\/AT erfordert keine Zulassung.[\/vc_column_text][vc_separator type=&#8221;transparent&#8221; up=&#8221;20&#8243; down=&#8221;0&#8243;][vc_column_text]Plattform-Hausaufzug<\/p>\n<p>Diese Aufz\u00fcge sind f\u00fcr den Einsatz in Doppel- und Dreifachvillen konzipiert. Das wichtigste Merkmal der <a href=\"https:\/\/engelliplatformu.com.tr\/\" target=\"_blank\" rel=\"noopener\">Plattformaufz\u00fcge<\/a> f\u00fcr Villen ist, dass sie auch in Geb\u00e4uden eingesetzt werden k\u00f6nnen, in denen zum Zeitpunkt der Planung und Fertigstellung des Baus kein Aufzug vorgesehen war.<\/p>\n<p>Amada TECH ist ein f\u00fchrendes Aufzugsunternehmen in der T\u00fcrkei mit fortschrittlicher Technologie und h\u00f6chster Qualit\u00e4t in der Herstellung von Aufz\u00fcgen und Rolltreppen. Es handelt sich um einen modernen und professionellen Aufzugshersteller, der Design, Forschung und Entwicklung, Konstruktion, Fertigung, Produktion, Vertrieb, Installation und Service in einer einzigen Einheit vereint.[\/vc_column_text][vc_separator type=&#8221;transparent&#8221; up=&#8221;20&#8243; down=&#8221;0&#8243;][vc_separator type=&#8221;transparent&#8221; up=&#8221;20&#8243; down=&#8221;0&#8243;][\/vc_column][\/vc_row]<\/p>\n<\/section>","protected":false},"excerpt":{"rendered":"<p>[vc_row row_type=&#8221;row&#8221; use_row_as_full_screen_section=&#8221;no&#8221; type=&#8221;grid&#8221; text_align=&#8221;left&#8221; padding_top=&#8221;55&#8243; padding_bottom=&#8221;23&#8243; css_animation=&#8221;&#8221; box_shadow_on_row=&#8221;no&#8221; oblique_section=&#8221;no&#8221; oblique_section_top_and_bottom=&#8221;both&#8221; oblique_section_position=&#8221;from_left_to_right&#8221; triangle_shape=&#8221;no&#8221; triangle_shape_position=&#8221;both&#8221;][vc_column width=&#8221;1\/2&#8243;][vc_single_image image=&#8221;13540&#8243; img_size=&#8221;full&#8221; mkd_css_animation=&#8221;&#8221;][\/vc_column][vc_column width=&#8221;1\/2&#8243;][vc_column_text] Plattformlift [\/vc_column_text][vc_separator type=&#8221;small&#8221; position=&#8221;left&#8221; up=&#8221;10&#8243; down=&#8221;31&#8243;][vc_column_text]Das elegante Design des Plattformlifts f\u00fcr den privaten Gebrauch verleiht Ihrem Zuhause Komfort und Sch\u00f6nheit. Unser attraktiv gestalteter doppelseitiger Plattformlift f\u00fcgt&#8230;<\/p>\n","protected":false},"author":2,"featured_media":12217,"parent":0,"menu_order":0,"comment_status":"closed","ping_status":"closed","template":"","meta":{"footnotes":""},"class_list":["post-12211","page","type-page","status-publish","has-post-thumbnail","hentry"],"_links":{"self":[{"href":"https:\/\/amadatech.com\/de\/wp-json\/wp\/v2\/pages\/12211","targetHints":{"allow":["GET"]}}],"collection":[{"href":"https:\/\/amadatech.com\/de\/wp-json\/wp\/v2\/pages"}],"about":[{"href":"https:\/\/amadatech.com\/de\/wp-json\/wp\/v2\/types\/page"}],"author":[{"embeddable":true,"href":"https:\/\/amadatech.com\/de\/wp-json\/wp\/v2\/users\/2"}],"replies":[{"embeddable":true,"href":"https:\/\/amadatech.com\/de\/wp-json\/wp\/v2\/comments?post=12211"}],"version-history":[{"count":16,"href":"https:\/\/amadatech.com\/de\/wp-json\/wp\/v2\/pages\/12211\/revisions"}],"predecessor-version":[{"id":13586,"href":"https:\/\/amadatech.com\/de\/wp-json\/wp\/v2\/pages\/12211\/revisions\/13586"}],"wp:featuredmedia":[{"embeddable":true,"href":"https:\/\/amadatech.com\/de\/wp-json\/wp\/v2\/media\/12217"}],"wp:attachment":[{"href":"https:\/\/amadatech.com\/de\/wp-json\/wp\/v2\/media?parent=12211"}],"curies":[{"name":"wp","href":"https:\/\/api.w.org\/{rel}","templated":true}]}}