{"id":12202,"date":"2025-01-11T14:51:38","date_gmt":"2025-01-11T11:51:38","guid":{"rendered":"https:\/\/amadatech.com\/de\/?page_id=12202"},"modified":"2025-12-22T13:05:21","modified_gmt":"2025-12-22T10:05:21","slug":"paketaufzug","status":"publish","type":"page","link":"https:\/\/amadatech.com\/de\/paketaufzug\/","title":{"rendered":"Paketaufzug"},"content":{"rendered":"<section class=\"wpb-content-wrapper\"><p>[vc_row row_type=&#8221;row&#8221; use_row_as_full_screen_section=&#8221;no&#8221; type=&#8221;grid&#8221; text_align=&#8221;left&#8221; css_animation=&#8221;&#8221; box_shadow_on_row=&#8221;no&#8221;][vc_column][vc_column_text]<\/p>\r\n<p><p>[\/vc_column_text][\/vc_column][\/vc_row][vc_row row_type=&#8221;row&#8221; use_row_as_full_screen_section=&#8221;no&#8221; type=&#8221;grid&#8221; text_align=&#8221;left&#8221; css_animation=&#8221;&#8221; box_shadow_on_row=&#8221;no&#8221;][vc_column][vc_column_text css_params=&#8221;&#8221;]<\/p>\n<div class=\"wpb_text_column wpb_content_element \">\n<div class=\"wpb_wrapper\">\n<h1>Paketaufzug<\/h1>\n<p>Das Aufzugsmaterialpaket umfasst alle Produkte, die f\u00fcr den Einsatz im Aufzugsschacht erforderlich sind.<\/p>\n<\/div>\n<\/div>\n<p>[\/vc_column_text][vc_separator type=&#8221;transparent&#8221;][\/vc_column][\/vc_row][vc_row row_type=&#8221;row&#8221; use_row_as_full_screen_section=&#8221;no&#8221; type=&#8221;grid&#8221; text_align=&#8221;left&#8221; css_animation=&#8221;&#8221; box_shadow_on_row=&#8221;no&#8221;][vc_column][vc_column_text css_params=&#8221;&#8221;]<\/p>\n<div class=\"wpb_text_column wpb_content_element \">\n<div class=\"wpb_wrapper\">\n<h2>Paketaufzug<\/h2>\n<p>AmadaTECH entwickelt die n\u00e4chste Generation von Aufzugs- und Fahrtreppentechnologien mit einem klaren Fokus auf OEM-Produktion, Innovation und h\u00f6chste Fertigungspr\u00e4zision.<\/p>\n<\/div>\n<\/div>\n<p>[\/vc_column_text][vc_column_text css_params=&#8221;&#8221;]<\/p>\n<div class=\"wpb_text_column wpb_content_element \">\n<div class=\"wpb_wrapper\">\n<p>AmadaTECH Aufzugs- und Fahrtreppentechnologien der n\u00e4chsten Generation<\/p>\n<\/div>\n<\/div>\n<p>[\/vc_column_text][vc_separator type=&#8221;transparent&#8221;][vc_column_text css_params=&#8221;&#8221;]<\/p>\n<div class=\"wpb_text_column wpb_content_element \">\n<div class=\"wpb_wrapper\">\n<p><strong>OEM-Fertigung<\/strong><br \/>Dieses Video erl\u00e4utert die technischen Spezifikationen, Sicherheitsfunktionen und Systemvorteile f\u00fcr die Aufzugsbranche.<\/p>\n<p><strong>AmadaTECH Elevator: Wir machen den Unterschied mit fortschrittlicher Technologie in der Branche<\/strong><br \/>AmadaTECH Elevator ist ein Pionierunternehmen, das f\u00fcr seine fortschrittliche Technologie und seine Forschungs- und Entwicklungsarbeiten bekannt ist und innovative L\u00f6sungen f\u00fcr die Aufzugsindustrie anbietet.<\/p>\n<\/div>\n<\/div>\n<p>[\/vc_column_text][vc_separator type=&#8221;transparent&#8221;][\/vc_column][\/vc_row][vc_row row_type=&#8221;row&#8221; use_row_as_full_screen_section=&#8221;no&#8221; type=&#8221;grid&#8221; text_align=&#8221;left&#8221; css_animation=&#8221;&#8221; box_shadow_on_row=&#8221;no&#8221;][vc_column width=&#8221;1\/2&#8243;][vc_video link=&#8221;https:\/\/youtu.be\/syceZ9Xj60o&#8221;][vc_separator type=&#8221;transparent&#8221;][\/vc_column][vc_column width=&#8221;1\/2&#8243;][vc_video link=&#8221;https:\/\/youtu.be\/bTNEcGsxtFY&#8221;][vc_separator type=&#8221;transparent&#8221;][\/vc_column][\/vc_row][vc_row row_type=&#8221;row&#8221; use_row_as_full_screen_section=&#8221;no&#8221; type=&#8221;grid&#8221; text_align=&#8221;left&#8221; css_animation=&#8221;&#8221; box_shadow_on_row=&#8221;no&#8221;][vc_column][vc_column_text]<\/p>\n<h3>Aufzugskomplettl\u00f6sungen f\u00fcr h\u00f6chste Anspr\u00fcche<\/h3>\n<p><strong>Komplettl\u00f6sungen f\u00fcr Aufz\u00fcge. Sicher. Effizient. Schnell<\/strong><\/p>\n<p>[\/vc_column_text][vc_separator type=&#8221;transparent&#8221;][\/vc_column][\/vc_row][vc_row row_type=&#8221;row&#8221; use_row_as_full_screen_section=&#8221;no&#8221; type=&#8221;grid&#8221; text_align=&#8221;left&#8221; padding_top=&#8221;30&#8243; padding_bottom=&#8221;4&#8243; css_animation=&#8221;&#8221; box_shadow_on_row=&#8221;no&#8221; oblique_section=&#8221;no&#8221; oblique_section_top_and_bottom=&#8221;both&#8221; oblique_section_position=&#8221;from_left_to_right&#8221; triangle_shape=&#8221;no&#8221; triangle_shape_position=&#8221;both&#8221;][vc_column width=&#8221;1\/2&#8243;][vc_single_image image=&#8221;13497&#8243; img_size=&#8221;full&#8221; mkd_css_animation=&#8221;&#8221; css_params=&#8221;&#8221; label=&#8221;&#8221;][vc_separator type=&#8221;normal&#8221; color=&#8221;white&#8221; up=&#8221;35&#8243; down=&#8221;0&#8243; css=&#8221;&#8221; css_params=&#8221;&#8221;][\/vc_column][vc_column width=&#8221;1\/2&#8243;][vc_single_image image=&#8221;13490&#8243; img_size=&#8221;full&#8221; mkd_css_animation=&#8221;&#8221; css_params=&#8221;&#8221; label=&#8221;&#8221;][vc_separator type=&#8221;normal&#8221; color=&#8221;white&#8221; up=&#8221;35&#8243; down=&#8221;0&#8243; css=&#8221;&#8221; css_params=&#8221;&#8221;][\/vc_column][\/vc_row][vc_row row_type=&#8221;row&#8221; use_row_as_full_screen_section=&#8221;no&#8221; type=&#8221;grid&#8221; text_align=&#8221;left&#8221; css_animation=&#8221;&#8221; box_shadow_on_row=&#8221;no&#8221;][vc_column][vc_column_text css_params=&#8221;&#8221;]<\/p>\n<div class=\"wpb_text_column wpb_content_element \">\n<div class=\"wpb_wrapper\">\n<p>Amada Tech Elevators manages to keep customer satisfaction at the highest level by offering its business partners package elevator options with various features in addition to the elevator cabs and components it manufactures.<\/p>\n<p>Reasons why you should choose our package elevator services<\/p>\n<p>Our experts offer package elevator service materials to our valued business partners, making the project suitable for the condition of the building and the purpose of use. When you choose the right package elevator service, we demonstrate high performance and provide efficiency that is fit for purpose. We provide services from product certificates to electrical and mechanical design drawings. With a wide range of products, our company supplies elevator products from world renowned Turkish, Italian, Swiss, Greek, Spanish and German brands.<\/p>\n<ul>\n<li><a href=\"https:\/\/amadatech.com\" target=\"_blank\" rel=\"noopener\">AmadaTECH Aufzug<\/a> sorgt f\u00fcr h\u00f6chste Kundenzufriedenheit, indem es seinen Gesch\u00e4ftspartnern neben den von ihm hergestellten Aufzugskabinen und Komponenten auch Aufzugspakete mit verschiedenen Funktionen anbietet.Gr\u00fcnde, warum Sie sich f\u00fcr unsere Aufzugspakete entscheiden solltenUnsere Experten bieten unseren gesch\u00e4tzten Gesch\u00e4ftspartnern Paket-Aufzugsservices an, die das Projekt an die Gegebenheiten des Geb\u00e4udes und den Verwendungszweck anpassen. Wenn Sie sich f\u00fcr den richtigen Paket-Aufzugsservice entscheiden, bieten wir Ihnen hohe Leistung und Effizienz, die genau auf Ihren Bedarf zugeschnitten sind. Wir bieten Dienstleistungen von Produktzertifikaten bis hin zu elektrischen und mechanischen Konstruktionszeichnungen. Mit einer breiten Produktpalette liefert unser Unternehmen Aufzugsprodukte von weltbekannten t\u00fcrkischen, italienischen, schweizerischen, griechischen, spanischen und deutschen Marken.<\/li>\n<\/ul>\n<\/div>\n<\/div>\n<p>[\/vc_column_text][vc_separator type=&#8221;normal&#8221; color=&#8221;white&#8221; up=&#8221;35&#8243; down=&#8221;0&#8243; css=&#8221;&#8221; css_params=&#8221;&#8221;][vc_column_text css_params=&#8221;&#8221;]<\/p>\n<div class=\"wpb_text_column wpb_content_element \">\n<div class=\"wpb_wrapper\">\n<h3>Paketaufzug<\/h3>\n<\/div>\n<\/div>\n<p>[\/vc_column_text][vc_separator type=&#8221;normal&#8221; color=&#8221;white&#8221; up=&#8221;35&#8243; down=&#8221;0&#8243; css=&#8221;&#8221; css_params=&#8221;&#8221;][vc_column_text css_params=&#8221;&#8221;]<\/p>\n<div class=\"wpb_text_column wpb_content_element \">\n<div class=\"wpb_wrapper\">\n<ul>\n<li>Automatische Hubmotoren (MR) \u2013 Getriebelose Hubmotoren (MRL) Automatische Hubt\u00fcren \u2013 Manuelle Hubt\u00fcren <a href=\"https:\/\/yukplatformu.com\" target=\"_blank\" rel=\"noopener\">Hydraulische<\/a> Hubsysteme Stahlseil Bedienfeld Kabinen- und Etagenkn\u00f6pfe Die wichtigsten Faktoren, die unsere Gesch\u00e4ftspartner bei der Auswahl eines Aufzugspakets ber\u00fccksichtigen sollten, sind der Zustand des Geb\u00e4udes, in dem der Aufzug installiert werden soll, und der Verwendungszweck des Aufzugs. Wenn das richtige Aufzugspaket ausgew\u00e4hlt wird, weist der verwendete Aufzug eine hohe Leistung auf und bietet die richtige Effizienz f\u00fcr den Verwendungszweck. Unser Ziel ist es, mit den l\u00f6sungsorientierten und kosteng\u00fcnstigen Aufzugspaketen, die wir unseren Gesch\u00e4ftspartnern anbieten, maximale Kundenzufriedenheit zu gew\u00e4hrleisten. MR-Aufzug Komplettpaket (Maschinenraum) MR-Aufzug Komplettpaket (Maschinenraum) MR-Aufzug Komplettpaket (Maschinenraum) MRL-Aufzug Komplettpaket (<a href=\"https:\/\/amadatech.com\/de\/portfolio_page\/maschinenraumaufzug\/\" target=\"_blank\" rel=\"noopener\">Maschinenraum<\/a>) Hydraulikaufzug Komplettpaket Komplettpaket Passagieraufzug Komplettpaket Lastenaufzug Komplettpaket Krankentragenaufzug Komplettpaket Panoramaaufzug Komplettpaket<\/li>\n<\/ul>\n<\/div>\n<\/div>\n<p>[\/vc_column_text][vc_separator type=&#8221;normal&#8221; color=&#8221;white&#8221; up=&#8221;35&#8243; down=&#8221;0&#8243; css=&#8221;&#8221; css_params=&#8221;&#8221;][vc_column_text css_params=&#8221;&#8221;]<\/p>\n<p>Unterschiedliche L\u00f6sungen f\u00fcr unterschiedliche Partner<\/p>\n<p>Jeder Kunde hat unterschiedliche Bed\u00fcrfnisse und jedes Projekt hat unterschiedliche Anforderungen. Deshalb bieten wir L\u00f6sungen f\u00fcr die unterschiedlichen Bed\u00fcrfnisse unserer Gesch\u00e4ftspartner: Gewerbliche Geb\u00e4ude: Wir unterst\u00fctzen den t\u00e4glichen Betrieb von Unternehmen durch effiziente und \u00e4sthetisch ansprechende L\u00f6sungen f\u00fcr B\u00fcrogeb\u00e4ude, Einkaufszentren und andere gewerbliche Einrichtungen. Wohnprojekte: In Wohnprojekten erleichtern wir den Bewohnern das t\u00e4gliche Leben durch komfortable und zuverl\u00e4ssige Aufz\u00fcge. Logistikzentren: Wir steigern die betriebliche Effizienz durch spezielle L\u00f6sungen f\u00fcr Lagerh\u00e4user und Logistikzentren, die einen hohen Durchsatz und schnellen Transport erm\u00f6glichen.<\/p>\n<p>[\/vc_column_text][vc_separator type=&#8221;normal&#8221; color=&#8221;white&#8221; up=&#8221;35&#8243; down=&#8221;0&#8243; css=&#8221;&#8221; css_params=&#8221;&#8221;][\/vc_column][\/vc_row]<\/p>\n<\/section>","protected":false},"excerpt":{"rendered":"<p>[vc_row row_type=&#8221;row&#8221; use_row_as_full_screen_section=&#8221;no&#8221; type=&#8221;grid&#8221; text_align=&#8221;left&#8221; css_animation=&#8221;&#8221; box_shadow_on_row=&#8221;no&#8221;][vc_column][vc_column_text]<\/p>\n","protected":false},"author":2,"featured_media":12205,"parent":0,"menu_order":0,"comment_status":"closed","ping_status":"closed","template":"","meta":{"footnotes":""},"class_list":["post-12202","page","type-page","status-publish","has-post-thumbnail","hentry"],"_links":{"self":[{"href":"https:\/\/amadatech.com\/de\/wp-json\/wp\/v2\/pages\/12202","targetHints":{"allow":["GET"]}}],"collection":[{"href":"https:\/\/amadatech.com\/de\/wp-json\/wp\/v2\/pages"}],"about":[{"href":"https:\/\/amadatech.com\/de\/wp-json\/wp\/v2\/types\/page"}],"author":[{"embeddable":true,"href":"https:\/\/amadatech.com\/de\/wp-json\/wp\/v2\/users\/2"}],"replies":[{"embeddable":true,"href":"https:\/\/amadatech.com\/de\/wp-json\/wp\/v2\/comments?post=12202"}],"version-history":[{"count":20,"href":"https:\/\/amadatech.com\/de\/wp-json\/wp\/v2\/pages\/12202\/revisions"}],"predecessor-version":[{"id":13499,"href":"https:\/\/amadatech.com\/de\/wp-json\/wp\/v2\/pages\/12202\/revisions\/13499"}],"wp:featuredmedia":[{"embeddable":true,"href":"https:\/\/amadatech.com\/de\/wp-json\/wp\/v2\/media\/12205"}],"wp:attachment":[{"href":"https:\/\/amadatech.com\/de\/wp-json\/wp\/v2\/media?parent=12202"}],"curies":[{"name":"wp","href":"https:\/\/api.w.org\/{rel}","templated":true}]}}