{"id":12194,"date":"2025-01-11T14:34:25","date_gmt":"2025-01-11T11:34:25","guid":{"rendered":"https:\/\/amadatech.com\/de\/?page_id=12194"},"modified":"2025-12-16T20:42:21","modified_gmt":"2025-12-16T17:42:21","slug":"maschinenraumloser-aufzug","status":"publish","type":"page","link":"https:\/\/amadatech.com\/de\/maschinenraumloser-aufzug\/","title":{"rendered":"Maschinenraumloser Aufzug"},"content":{"rendered":"<section class=\"wpb-content-wrapper\"><p>[vc_row row_type=&#8221;row&#8221; use_row_as_full_screen_section=&#8221;no&#8221; type=&#8221;full_width&#8221; text_align=&#8221;left&#8221; css_animation=&#8221;&#8221; box_shadow_on_row=&#8221;no&#8221; el_class=&#8221;no-padding&#8221;][vc_column][vc_column_text]<\/p>\n<div class=\"wpb_text_column wpb_content_element \">\n<div class=\"wpb_wrapper\">\n<h1>Maschinenraumloser Aufzug<\/h1>\n<\/div>\n<\/div>\n<p>[\/vc_column_text][vc_separator type=&#8221;transparent&#8221;][vc_column_text]<\/p>\n<div class=\"wpb_text_column wpb_content_element \">\n<div class=\"wpb_wrapper\">\n<h2>Hightech-Personen- und Lastenaufz\u00fcge<\/h2>\n<\/div>\n<\/div>\n<p>[\/vc_column_text][vc_separator type=&#8221;transparent&#8221;][\/vc_column][\/vc_row][vc_row row_type=&#8221;row&#8221; use_row_as_full_screen_section=&#8221;no&#8221; type=&#8221;full_width&#8221; text_align=&#8221;left&#8221; css_animation=&#8221;&#8221; box_shadow_on_row=&#8221;no&#8221;][vc_column][vc_column_text]AmadaTECH ist ein f\u00fchrendes Aufzugsunternehmen in der T\u00fcrkei, das sich durch seine fortschrittliche Technologie und sein unersch\u00fctterliches Bekenntnis zu Qualit\u00e4t bei der Herstellung von Aufz\u00fcgen und Rolltreppen auszeichnet.[\/vc_column_text][vc_separator type=&#8221;transparent&#8221;][\/vc_column][\/vc_row][vc_row row_type=&#8221;row&#8221; use_row_as_full_screen_section=&#8221;no&#8221; type=&#8221;full_width&#8221; text_align=&#8221;left&#8221; css_animation=&#8221;&#8221; box_shadow_on_row=&#8221;no&#8221;][vc_column width=&#8221;1\/3&#8243;][vc_column_text]<strong>AUFZUGSTYP<\/strong><\/p>\n<p>Maschinenraumloser Aufzug[\/vc_column_text][vc_separator type=&#8221;transparent&#8221;][\/vc_column][vc_column width=&#8221;1\/3&#8243;][vc_column_text]<strong>KAPAZIT\u00c4T<\/strong><\/p>\n<p>Standard 4-21 Personen[\/vc_column_text][vc_separator type=&#8221;transparent&#8221;][\/vc_column][vc_column width=&#8221;1\/3&#8243;][vc_column_text]<strong>ANZAHL DER HALTESTELLEN<\/strong><\/p>\n<p>Maximal 32[\/vc_column_text][vc_separator type=&#8221;transparent&#8221;][\/vc_column][\/vc_row][vc_row row_type=&#8221;row&#8221; use_row_as_full_screen_section=&#8221;no&#8221; type=&#8221;full_width&#8221; text_align=&#8221;left&#8221; css_animation=&#8221;&#8221; box_shadow_on_row=&#8221;no&#8221;][vc_column width=&#8221;1\/3&#8243;][vc_column_text]<strong>Merkmal<\/strong><\/p>\n<p>Innovation, Komfort, Effizienz[\/vc_column_text][vc_separator type=&#8221;transparent&#8221;][\/vc_column][vc_column width=&#8221;1\/3&#8243;][vc_column_text]<\/p>\n<p style=\"text-align: left;\"><strong>GESCHWINDIGKEIT<\/strong><\/p>\n<p>1.0 \u2013 1.6 &#8211; 2.5 m\/s[\/vc_column_text][vc_separator type=&#8221;transparent&#8221;][\/vc_column][vc_column width=&#8221;1\/3&#8243;][vc_column_text]<strong>STANDARD<\/strong><\/p>\n<p>EN81-20[\/vc_column_text][vc_separator type=&#8221;transparent&#8221;][\/vc_column][\/vc_row][vc_row row_type=&#8221;row&#8221; use_row_as_full_screen_section=&#8221;no&#8221; type=&#8221;full_width&#8221; text_align=&#8221;left&#8221; css_animation=&#8221;&#8221; box_shadow_on_row=&#8221;no&#8221;][vc_column][vc_column_text]In Bereichen, in denen kein <a href=\"https:\/\/amadatech.com\/de\/maschinenraumaufzug\/\">Maschinenraum<\/a> gebaut werden kann, kann die Antriebsmaschine auf der Aufzugskabine oder im Schacht platziert werden.<br \/>\nDank eines Synchronmotors mit magnetischer Erregung, eines mit dem Motor verbundenen Encoders und eines geschlossenen Antriebssystems f\u00fcr pr\u00e4zise Steuerung bietet sie maximalen Komfort beim Anhalten und Bewegen. Die Ausrichtung von Etage, Seil und Seilrolle ist wesentlich effizienter als bei herk\u00f6mmlichen Systemen.<br \/>\nDurch den vollst\u00e4ndigen Verzicht auf die Getriebegruppe wurde der Wartungs- und Reparaturbedarf minimiert. Getriebelose Systeme sorgen f\u00fcr Energieeinsparungen. Aufgrund ihrer kompakten Bauweise und ihres leisen Betriebs eignen sich getriebelose Systeme f\u00fcr Hochgeschwindigkeitssysteme und Systeme, die keine <a href=\"https:\/\/amadatech.com\/de\/portfolio_page\/maschinenraumaufzug\/\">Maschinenr\u00e4ume<\/a> erfordern. Die mit dem Motor gekoppelte elektromechanische Bremse bietet hohe Sicherheit, kann jedoch als Sicherheitsvorrichtung f\u00fcr unkontrollierte Aufw\u00e4rtsbewegungen der Kabine verwendet werden, sodass keine Gleitschiene erforderlich ist, um unkontrollierte Aufw\u00e4rtsbewegungen zu verhindern.[\/vc_column_text][vc_separator type=&#8221;transparent&#8221;][\/vc_column][\/vc_row][vc_row row_type=&#8221;row&#8221; use_row_as_full_screen_section=&#8221;no&#8221; type=&#8221;full_width&#8221; text_align=&#8221;left&#8221; css_animation=&#8221;&#8221; box_shadow_on_row=&#8221;no&#8221;][vc_column][vc_column_text]<\/p>\n<div class=\"wpb_text_column wpb_content_element \">\n<div class=\"wpb_wrapper\">\n<h4>AUFZUGSL\u00d6SUNGEN, DIE DIE LEBENSQUALIT\u00c4T IN IHREM ZUHAUSE VERBESSERN<\/h4>\n<\/div>\n<\/div>\n<p>[\/vc_column_text][vc_separator type=&#8221;transparent&#8221;][\/vc_column][\/vc_row][vc_row row_type=&#8221;row&#8221; use_row_as_full_screen_section=&#8221;no&#8221; type=&#8221;full_width&#8221; text_align=&#8221;left&#8221; css_animation=&#8221;&#8221; box_shadow_on_row=&#8221;no&#8221;][vc_column width=&#8221;1\/2&#8243;][vc_video link=&#8221;https:\/\/youtu.be\/R5XT8flnLoc&#8221; align=&#8221;center&#8221;][vc_separator type=&#8221;transparent&#8221;][\/vc_column][vc_column width=&#8221;1\/2&#8243;][vc_video link=&#8221;https:\/\/youtu.be\/Ruxn99gc8os&#8221; align=&#8221;center&#8221;][vc_separator type=&#8221;transparent&#8221;][\/vc_column][\/vc_row][vc_row row_type=&#8221;row&#8221; use_row_as_full_screen_section=&#8221;no&#8221; type=&#8221;full_width&#8221; text_align=&#8221;left&#8221; css_animation=&#8221;&#8221; box_shadow_on_row=&#8221;no&#8221;][vc_column][vc_column_text]Maschinenraumlose Aufz\u00fcge sind Aufzugssysteme, die in hohen und niedrigen Wohn- und Gesch\u00e4ftsgeb\u00e4uden eingesetzt werden k\u00f6nnen.<br \/>\nSie werden in der Regel bevorzugt, wenn das Geb\u00e4ude keinen Aufzugsmaschinenraum hat oder dieser nicht geeignet ist. Herk\u00f6mmliche<br \/>\nBietet h\u00f6here Energieeinsparungen und eine l\u00e4ngere Lebensdauer als <a href=\"https:\/\/amadalift.com\" target=\"_blank\" rel=\"noopener\">Aufz\u00fcge<\/a>. Aufz\u00fcge ohne <a href=\"https:\/\/amadatech.com\" target=\"_blank\" rel=\"noopener\">Maschinenraum<\/a><br \/>\nDie folgenden Vorteile k\u00f6nnen aufgef\u00fchrt werden:<\/p>\n<p>Kein Maschinenraum erforderlich<br \/>\nEnergieeinsparungen von bis zu 40 % im Vergleich zu herk\u00f6mmlichen Motoren<br \/>\nDa der Maschinenmotor kein Getriebe hat, ist seine Lebensdauer wesentlich l\u00e4nger.<br \/>\nDas \u00f6lfreie System reduziert das Risiko einer Umweltverschmutzung auf Null.<br \/>\nEs verf\u00fcgt \u00fcber eine einzigartige Regelungspr\u00e4zision mit ausgezeichneten Regelungsmethoden.[\/vc_column_text][vc_separator type=&#8221;transparent&#8221;][\/vc_column][\/vc_row][vc_row row_type=&#8221;row&#8221; use_row_as_full_screen_section=&#8221;no&#8221; type=&#8221;full_width&#8221; text_align=&#8221;left&#8221; css_animation=&#8221;&#8221; box_shadow_on_row=&#8221;no&#8221;][vc_column][vc_column_text]<strong>NORMEN UND GARANTIE<\/strong><\/p>\n<p>AmadaTECH-Aufz\u00fcge entsprechen den Normen und Standards der EN 81-20 und sind CE-zertifiziert.<\/p>\n<p>3 Jahre ab Lieferdatum auf Ger\u00e4te, Arbeitsleistung und Materialien,<\/p>\n<p>10 Jahre Garantie von unserem Unternehmen auf Ersatzteile.[\/vc_column_text][vc_separator type=&#8221;transparent&#8221;][\/vc_column][\/vc_row][vc_row row_type=&#8221;row&#8221; use_row_as_full_screen_section=&#8221;no&#8221; type=&#8221;full_width&#8221; text_align=&#8221;left&#8221; css_animation=&#8221;&#8221; box_shadow_on_row=&#8221;no&#8221;][vc_column][vc_column_text]<strong>SICHERHEIT IST UNSER HAUPTZIEL<\/strong><\/p>\n<p>Eines der wichtigsten Konzepte beim Betrieb von Aufz\u00fcgen ist die Sicherheit von Personen. Daher verf\u00fcgen unsere Anlagen \u00fcber alle notwendigen Mechanismen, um die Sicherheit sowohl der Fahrg\u00e4ste als auch des Montage- und Wartungspersonals zu gew\u00e4hrleisten.<br \/>\nUnsere Produkte verf\u00fcgen \u00fcber folgende Sicherheitsmerkmale:<br \/>\nAutomatische Personenrettung bei Stromausfall, damit der Benutzer die n\u00e4chstgelegene Etage erreicht und den Aufzug verlassen kann.<br \/>\nEin Sicherheitssystem f\u00fcr geschlossene R\u00e4ume, das gem\u00e4\u00df der europ\u00e4ischen Norm EN81-20 f\u00fcr neue Aufz\u00fcge in bestehenden Geb\u00e4uden funktioniert.<br \/>\nEin Sensorsystem, das erkennt, wenn eine Person den Schacht betritt, und den Aufzug automatisch abschaltet, um Unf\u00e4lle zu verhindern.<br \/>\nEs ist m\u00f6glich, ein bidirektionales Kommunikations- und Alarmsystem gem\u00e4\u00df der Norm zu installieren.<br \/>\nDie Produkte sind nach europ\u00e4ischen Normen zertifiziert.<br \/>\nSpezialisiertes und qualifiziertes Wartungsteam.<br \/>\n3 Jahre Garantie.[\/vc_column_text][vc_separator type=&#8221;transparent&#8221;][vc_column_text]<strong>STANDARD-AUFZUGFUNKTIONEN<\/strong><\/p>\n<p>Automatische Kabinenbeleuchtung<br \/>\nSicherheitshandlauf oben in der Kabine<br \/>\nHandlauf in der Kabine<br \/>\nGanzk\u00f6rperspiegel<br \/>\nAlarmanlage<br \/>\nKnopf zum Schlie\u00dfen der Kabinent\u00fcr<br \/>\n\u00dcberlastanzeige<br \/>\nKnopf zum \u00d6ffnen der Kabinent\u00fcr<br \/>\nDurchgehender Sicherheitsvorhang an der Kabinent\u00fcr<br \/>\nEinstellung der Schlie\u00dfzeit f\u00fcr Kabinent\u00fcr und Einstiegst\u00fcr<br \/>\nDigitale Etagenanzeige in der Kabine<br \/>\nDigitale Etagenanzeige auf allen Etagen<br \/>\nGSM-Kommunikationssystem<br \/>\nAUTOMATISCHE ETAGENANZEIGE (bei Stromausfall wird das Notfallrettungssystem aktiviert)[\/vc_column_text][vc_separator type=&#8221;transparent&#8221;][vc_separator type=&#8221;transparent&#8221;][\/vc_column][\/vc_row][vc_row row_type=&#8221;row&#8221; use_row_as_full_screen_section=&#8221;no&#8221; type=&#8221;full_width&#8221; text_align=&#8221;left&#8221; css_animation=&#8221;&#8221; box_shadow_on_row=&#8221;no&#8221;][vc_column][\/vc_column][\/vc_row]<\/p>\n<\/section>","protected":false},"excerpt":{"rendered":"<p>[vc_row row_type=&#8221;row&#8221; use_row_as_full_screen_section=&#8221;no&#8221; type=&#8221;full_width&#8221; text_align=&#8221;left&#8221; css_animation=&#8221;&#8221; box_shadow_on_row=&#8221;no&#8221; el_class=&#8221;no-padding&#8221;][vc_column][vc_column_text] Maschinenraumloser Aufzug [\/vc_column_text][vc_separator type=&#8221;transparent&#8221;][vc_column_text] Hightech-Personen- und Lastenaufz\u00fcge [\/vc_column_text][vc_separator type=&#8221;transparent&#8221;][\/vc_column][\/vc_row][vc_row row_type=&#8221;row&#8221; use_row_as_full_screen_section=&#8221;no&#8221; type=&#8221;full_width&#8221; text_align=&#8221;left&#8221; css_animation=&#8221;&#8221; box_shadow_on_row=&#8221;no&#8221;][vc_column][vc_column_text]AmadaTECH ist ein f\u00fchrendes Aufzugsunternehmen in der T\u00fcrkei, das sich durch seine fortschrittliche Technologie und sein unersch\u00fctterliches Bekenntnis zu Qualit\u00e4t bei der Herstellung&#8230;<\/p>\n","protected":false},"author":2,"featured_media":13307,"parent":0,"menu_order":0,"comment_status":"closed","ping_status":"closed","template":"","meta":{"footnotes":""},"class_list":["post-12194","page","type-page","status-publish","has-post-thumbnail","hentry"],"_links":{"self":[{"href":"https:\/\/amadatech.com\/de\/wp-json\/wp\/v2\/pages\/12194","targetHints":{"allow":["GET"]}}],"collection":[{"href":"https:\/\/amadatech.com\/de\/wp-json\/wp\/v2\/pages"}],"about":[{"href":"https:\/\/amadatech.com\/de\/wp-json\/wp\/v2\/types\/page"}],"author":[{"embeddable":true,"href":"https:\/\/amadatech.com\/de\/wp-json\/wp\/v2\/users\/2"}],"replies":[{"embeddable":true,"href":"https:\/\/amadatech.com\/de\/wp-json\/wp\/v2\/comments?post=12194"}],"version-history":[{"count":9,"href":"https:\/\/amadatech.com\/de\/wp-json\/wp\/v2\/pages\/12194\/revisions"}],"predecessor-version":[{"id":13306,"href":"https:\/\/amadatech.com\/de\/wp-json\/wp\/v2\/pages\/12194\/revisions\/13306"}],"wp:featuredmedia":[{"embeddable":true,"href":"https:\/\/amadatech.com\/de\/wp-json\/wp\/v2\/media\/13307"}],"wp:attachment":[{"href":"https:\/\/amadatech.com\/de\/wp-json\/wp\/v2\/media?parent=12194"}],"curies":[{"name":"wp","href":"https:\/\/api.w.org\/{rel}","templated":true}]}}