{"id":12172,"date":"2025-01-11T11:40:39","date_gmt":"2025-01-11T08:40:39","guid":{"rendered":"https:\/\/amadatech.com\/de\/?page_id=12172"},"modified":"2025-12-16T10:17:04","modified_gmt":"2025-12-16T07:17:04","slug":"saulenformige-ladeplattform","status":"publish","type":"page","link":"https:\/\/amadatech.com\/de\/saulenformige-ladeplattform\/","title":{"rendered":"S\u00e4ulenf\u00f6rmige Ladeplattform"},"content":{"rendered":"<section class=\"wpb-content-wrapper\"><p>[vc_row row_type=&#8221;row&#8221; use_row_as_full_screen_section=&#8221;no&#8221; type=&#8221;grid&#8221; text_align=&#8221;left&#8221; padding_top=&#8221;67&#8243; padding_bottom=&#8221;67&#8243; css_animation=&#8221;&#8221; box_shadow_on_row=&#8221;no&#8221;][vc_column offset=&#8221;vc_col-lg-7 vc_col-md-6 vc_col-xs-12&#8243;][no_elements_holder number_of_columns=&#8221;one_column&#8221;][no_elements_holder_item aligment=&#8221;left&#8221; item_padding_768_1000=&#8221;0 10px 30px 10px&#8221; item_padding_600_768=&#8221;0 10px 30px 10px&#8221; item_padding_480_600=&#8221;0 10px 30px 10px&#8221; item_padding_480=&#8221;0 10px 30px 10px&#8221; advanced_animations=&#8221;no&#8221; start_position=&#8221;bottom&#8221; end_position=&#8221;center&#8221;][vc_column_text]<\/p>\n<h4 class=\"x-el x-el-h4 c1-1 c1-2 c1-1d c1-1e c1-2r c1-2s c1-2t c1-20 c1-21 c1-c2 c1-5q c1-b c1-1l c1-3e c1-24 c1-c3 c1-3f c1-3g c1-3h c1-3i\" role=\"heading\" aria-level=\"4\" data-ux=\"ContentCardHeading\" data-aid=\"CONTENT_HEADLINE1_RENDERED\" data-typography=\"HeadingDelta\">S\u00e4ulenf\u00f6rmige Ladeplattform<\/h4>\n<p>[\/vc_column_text][vc_separator type=&#8221;small&#8221; position=&#8221;left&#8221; up=&#8221;10&#8243; down=&#8221;31&#8243;][vc_column_text]Our single rack cargo elevators can be manufactured in sizes that allow easy transportation of loads made with a standard cart. They can be designed for minimum levels in terms of load capacity and size.[\/vc_column_text][vc_separator type=&#8221;transparent&#8221;][vc_column_text]Eine S\u00e4ulen-<a href=\"https:\/\/amadatech.com\/de\/lastenaufzug\/\" target=\"_blank\" rel=\"noopener\">Ladeplattform i<\/a>st ein System, das verschiedene Schienensysteme nutzt, um S\u00e4ulen in Form von 1, 2, 4, 6 usw. zu bilden, und die zentrale Plattform mittels eines hydraulischen Kolbenantriebs bewegt. Je nach Gewicht der Last und Gr\u00f6\u00dfe der Plattform werden unterschiedliche Materialien, S\u00e4ulenanzahlen, Motorleistungen und Kolbentypen verwendet.[\/vc_column_text][\/no_elements_holder_item][\/no_elements_holder][\/vc_column][vc_column offset=&#8221;vc_col-lg-5 vc_col-md-6 vc_col-xs-12&#8243;][no_elements_holder number_of_columns=&#8221;one_column&#8221;][no_elements_holder_item aligment=&#8221;left&#8221; item_padding_768_1000=&#8221;0 10px 0 10px&#8221; item_padding_600_768=&#8221;0 10px 0 10px&#8221; item_padding_480_600=&#8221;0 10px 0 10px&#8221; item_padding_480=&#8221;0 10px 0 10px&#8221; advanced_animations=&#8221;no&#8221; start_position=&#8221;bottom&#8221; end_position=&#8221;center&#8221;][vc_single_image image=&#8221;12169&#8243; img_size=&#8221;full&#8221; alignment=&#8221;center&#8221; mkd_css_animation=&#8221;&#8221;][\/no_elements_holder_item][\/no_elements_holder][\/vc_column][\/vc_row][vc_row row_type=&#8221;row&#8221; use_row_as_full_screen_section=&#8221;no&#8221; type=&#8221;grid&#8221; text_align=&#8221;left&#8221; background_color=&#8221;#f6f5f5&#8243; padding_top=&#8221;67&#8243; padding_bottom=&#8221;67&#8243; css_animation=&#8221;&#8221; box_shadow_on_row=&#8221;no&#8221;][vc_column offset=&#8221;vc_col-lg-5 vc_col-md-6 vc_col-xs-12&#8243;][no_elements_holder number_of_columns=&#8221;one_column&#8221;][no_elements_holder_item aligment=&#8221;left&#8221; item_padding_768_1000=&#8221;0 10px 0 10px&#8221; item_padding_600_768=&#8221;0 10px 0 10px&#8221; item_padding_480_600=&#8221;0 10px 0 10px&#8221; item_padding_480=&#8221;0 10px 0 10px&#8221; advanced_animations=&#8221;no&#8221; start_position=&#8221;bottom&#8221; end_position=&#8221;center&#8221;][vc_separator type=&#8221;transparent&#8221;][vc_single_image image=&#8221;12178&#8243; img_size=&#8221;full&#8221; alignment=&#8221;center&#8221; mkd_css_animation=&#8221;&#8221;][\/no_elements_holder_item][\/no_elements_holder][\/vc_column][vc_column offset=&#8221;vc_col-lg-7 vc_col-md-6 vc_col-xs-12&#8243;][no_elements_holder number_of_columns=&#8221;one_column&#8221;][no_elements_holder_item aligment=&#8221;left&#8221; item_padding_768_1000=&#8221;30px 10px 0 10px&#8221; item_padding_600_768=&#8221;30px 10px 0 10px&#8221; item_padding_480_600=&#8221;30px 10px 0 10px&#8221; item_padding_480=&#8221;30px 10px 0 10px&#8221; advanced_animations=&#8221;no&#8221; start_position=&#8221;bottom&#8221; end_position=&#8221;center&#8221;][vc_column_text]<\/p>\n<h2 class=\"x-el x-el-h4 c1-1 c1-2 c1-1d c1-1e c1-2r c1-2s c1-2t c1-20 c1-21 c1-c2 c1-5q c1-b c1-1l c1-3e c1-24 c1-c3 c1-3f c1-3g c1-3h c1-3i\" role=\"heading\" aria-level=\"4\" data-ux=\"ContentCardHeading\" data-aid=\"CONTENT_HEADLINE3_RENDERED\" data-typography=\"HeadingDelta\">Zwei-S\u00e4ulen-Ladeplattform<\/h2>\n<p>[\/vc_column_text][vc_separator type=&#8221;small&#8221; position=&#8221;left&#8221; up=&#8221;8&#8243; down=&#8221;20&#8243;][vc_column_text]Sie k\u00f6nnen entsprechend der gew\u00fcnschten Gr\u00f6\u00dfe ausgew\u00e4hlt werden, wenn die zu transportierende Last gr\u00f6\u00dfer und die Nutzlast h\u00f6her ist.[\/vc_column_text][\/no_elements_holder_item][\/no_elements_holder][\/vc_column][\/vc_row][vc_row row_type=&#8221;row&#8221; use_row_as_full_screen_section=&#8221;no&#8221; type=&#8221;grid&#8221; text_align=&#8221;left&#8221; padding_top=&#8221;67&#8243; padding_bottom=&#8221;67&#8243; css_animation=&#8221;&#8221; box_shadow_on_row=&#8221;no&#8221;][vc_column offset=&#8221;vc_col-lg-7 vc_col-md-6 vc_col-xs-12&#8243;][no_elements_holder number_of_columns=&#8221;one_column&#8221;][no_elements_holder_item aligment=&#8221;left&#8221; item_padding_768_1000=&#8221;0 10px 30px 10px&#8221; item_padding_600_768=&#8221;0 10px 30px 10px&#8221; item_padding_480_600=&#8221;0 10px 30px 10px&#8221; item_padding_480=&#8221;0 10px 30px 10px&#8221; advanced_animations=&#8221;no&#8221; start_position=&#8221;bottom&#8221; end_position=&#8221;center&#8221;][vc_column_text]<\/p>\n<h3 class=\"x-el x-el-h4 c1-1 c1-2 c1-1d c1-1e c1-2r c1-2s c1-2t c1-20 c1-21 c1-c2 c1-5q c1-b c1-1l c1-3e c1-24 c1-c3 c1-3f c1-3g c1-3h c1-3i\" role=\"heading\" aria-level=\"4\" data-ux=\"ContentCardHeading\" data-aid=\"CONTENT_HEADLINE4_RENDERED\" data-typography=\"HeadingDelta\">Parallele Doppel-S\u00e4ulen-Ladeplattform<\/h3>\n<p>[\/vc_column_text][vc_separator type=&#8221;small&#8221; position=&#8221;left&#8221; up=&#8221;10&#8243; down=&#8221;31&#8243;][vc_column_text]Unsere parallelen S\u00e4ulen k\u00f6nnen entsprechend der Anwendung und Verwendungsmethode gestaltet werden.[\/vc_column_text][\/no_elements_holder_item][\/no_elements_holder][\/vc_column][vc_column offset=&#8221;vc_col-lg-5 vc_col-md-6 vc_col-xs-12&#8243;][no_elements_holder number_of_columns=&#8221;one_column&#8221;][no_elements_holder_item aligment=&#8221;left&#8221; item_padding_768_1000=&#8221;0 10px 0 10px&#8221; item_padding_600_768=&#8221;0 10px 0 10px&#8221; item_padding_480_600=&#8221;0 10px 0 10px&#8221; item_padding_480=&#8221;0 10px 0 10px&#8221; advanced_animations=&#8221;no&#8221; start_position=&#8221;bottom&#8221; end_position=&#8221;center&#8221;][vc_single_image image=&#8221;12181&#8243; img_size=&#8221;full&#8221; alignment=&#8221;center&#8221; mkd_css_animation=&#8221;&#8221;][\/no_elements_holder_item][\/no_elements_holder][\/vc_column][\/vc_row][vc_row row_type=&#8221;row&#8221; use_row_as_full_screen_section=&#8221;no&#8221; type=&#8221;grid&#8221; text_align=&#8221;left&#8221; background_color=&#8221;#f6f5f5&#8243; padding_top=&#8221;67&#8243; padding_bottom=&#8221;67&#8243; css_animation=&#8221;&#8221; box_shadow_on_row=&#8221;no&#8221;][vc_column offset=&#8221;vc_col-lg-5 vc_col-md-6 vc_col-xs-12&#8243;][no_elements_holder number_of_columns=&#8221;one_column&#8221;][no_elements_holder_item aligment=&#8221;left&#8221; item_padding_768_1000=&#8221;0 10px 0 10px&#8221; item_padding_600_768=&#8221;0 10px 0 10px&#8221; item_padding_480_600=&#8221;0 10px 0 10px&#8221; item_padding_480=&#8221;0 10px 0 10px&#8221; advanced_animations=&#8221;no&#8221; start_position=&#8221;bottom&#8221; end_position=&#8221;center&#8221;][vc_single_image image=&#8221;12179&#8243; img_size=&#8221;full&#8221; alignment=&#8221;center&#8221; mkd_css_animation=&#8221;&#8221;][\/no_elements_holder_item][\/no_elements_holder][vc_separator type=&#8221;normal&#8221;][\/vc_column][vc_column offset=&#8221;vc_col-lg-7 vc_col-md-6 vc_col-xs-12&#8243;][no_elements_holder number_of_columns=&#8221;one_column&#8221;][no_elements_holder_item aligment=&#8221;left&#8221; item_padding_768_1000=&#8221;30px 10px 0 10px&#8221; item_padding_600_768=&#8221;30px 10px 0 10px&#8221; item_padding_480_600=&#8221;30px 10px 0 10px&#8221; item_padding_480=&#8221;30px 10px 0 10px&#8221; advanced_animations=&#8221;no&#8221; start_position=&#8221;bottom&#8221; end_position=&#8221;center&#8221;][vc_column_text]<\/p>\n<h4 class=\"x-el x-el-h4 c1-1 c1-2 c1-1d c1-1e c1-2r c1-2s c1-2t c1-20 c1-21 c1-c2 c1-5q c1-b c1-1l c1-3e c1-24 c1-c3 c1-3f c1-3g c1-3h c1-3i\" role=\"heading\" aria-level=\"4\" data-ux=\"ContentCardHeading\" data-aid=\"CONTENT_HEADLINE5_RENDERED\" data-typography=\"HeadingDelta\">Viers\u00e4ulen-Ladeplattform<\/h4>\n<p>[\/vc_column_text][vc_separator type=&#8221;small&#8221; position=&#8221;left&#8221; up=&#8221;10&#8243; down=&#8221;31&#8243;][vc_column_text]Dies sind unsere <a href=\"https:\/\/yukplatformu.com\" target=\"_blank\" rel=\"noopener\">Lastenaufzugsmodelle<\/a>, die f\u00fcr einen breiteren Einsatzbereich und schwerere Lasten ausgelegt sind. Vier synchron arbeitende Kolben heben selbst schwerste Lasten m\u00fchelos an.[\/vc_column_text][\/no_elements_holder_item][\/no_elements_holder][vc_separator type=&#8221;normal&#8221;][\/vc_column][\/vc_row][vc_row row_type=&#8221;row&#8221; use_row_as_full_screen_section=&#8221;no&#8221; type=&#8221;full_width&#8221; text_align=&#8221;left&#8221; css_animation=&#8221;&#8221; box_shadow_on_row=&#8221;no&#8221;][vc_column width=&#8221;1\/2&#8243;][vc_video link=&#8221;https:\/\/youtu.be\/YOcSQXI2ld8&#8243;][vc_separator type=&#8221;normal&#8221;][\/vc_column][vc_column width=&#8221;1\/2&#8243;][vc_video link=&#8221;https:\/\/youtu.be\/pW1M-3B284U&#8221;][vc_separator type=&#8221;normal&#8221;][\/vc_column][\/vc_row]<\/p>\n<\/section>","protected":false},"excerpt":{"rendered":"<p>[vc_row row_type=&#8221;row&#8221; use_row_as_full_screen_section=&#8221;no&#8221; type=&#8221;grid&#8221; text_align=&#8221;left&#8221; padding_top=&#8221;67&#8243; padding_bottom=&#8221;67&#8243; css_animation=&#8221;&#8221; box_shadow_on_row=&#8221;no&#8221;][vc_column offset=&#8221;vc_col-lg-7 vc_col-md-6 vc_col-xs-12&#8243;][no_elements_holder number_of_columns=&#8221;one_column&#8221;][no_elements_holder_item aligment=&#8221;left&#8221; item_padding_768_1000=&#8221;0 10px 30px 10px&#8221; item_padding_600_768=&#8221;0 10px 30px 10px&#8221; item_padding_480_600=&#8221;0 10px 30px 10px&#8221; item_padding_480=&#8221;0 10px 30px 10px&#8221; advanced_animations=&#8221;no&#8221; start_position=&#8221;bottom&#8221; end_position=&#8221;center&#8221;][vc_column_text] S\u00e4ulenf\u00f6rmige Ladeplattform [\/vc_column_text][vc_separator type=&#8221;small&#8221; position=&#8221;left&#8221; up=&#8221;10&#8243; down=&#8221;31&#8243;][vc_column_text]Our single rack cargo elevators can&#8230;<\/p>\n","protected":false},"author":2,"featured_media":13244,"parent":0,"menu_order":0,"comment_status":"closed","ping_status":"closed","template":"","meta":{"footnotes":""},"class_list":["post-12172","page","type-page","status-publish","has-post-thumbnail","hentry"],"_links":{"self":[{"href":"https:\/\/amadatech.com\/de\/wp-json\/wp\/v2\/pages\/12172","targetHints":{"allow":["GET"]}}],"collection":[{"href":"https:\/\/amadatech.com\/de\/wp-json\/wp\/v2\/pages"}],"about":[{"href":"https:\/\/amadatech.com\/de\/wp-json\/wp\/v2\/types\/page"}],"author":[{"embeddable":true,"href":"https:\/\/amadatech.com\/de\/wp-json\/wp\/v2\/users\/2"}],"replies":[{"embeddable":true,"href":"https:\/\/amadatech.com\/de\/wp-json\/wp\/v2\/comments?post=12172"}],"version-history":[{"count":9,"href":"https:\/\/amadatech.com\/de\/wp-json\/wp\/v2\/pages\/12172\/revisions"}],"predecessor-version":[{"id":13246,"href":"https:\/\/amadatech.com\/de\/wp-json\/wp\/v2\/pages\/12172\/revisions\/13246"}],"wp:featuredmedia":[{"embeddable":true,"href":"https:\/\/amadatech.com\/de\/wp-json\/wp\/v2\/media\/13244"}],"wp:attachment":[{"href":"https:\/\/amadatech.com\/de\/wp-json\/wp\/v2\/media?parent=12172"}],"curies":[{"name":"wp","href":"https:\/\/api.w.org\/{rel}","templated":true}]}}