{"id":12164,"date":"2025-01-11T11:32:50","date_gmt":"2025-01-11T08:32:50","guid":{"rendered":"https:\/\/amadatech.com\/de\/?page_id=12164"},"modified":"2025-12-15T11:50:22","modified_gmt":"2025-12-15T08:50:22","slug":"hydraulische-plattform","status":"publish","type":"page","link":"https:\/\/amadatech.com\/de\/hydraulische-plattform\/","title":{"rendered":"Hydraulische Plattform"},"content":{"rendered":"<section class=\"wpb-content-wrapper\"><p>[vc_row row_type=&#8221;row&#8221; use_row_as_full_screen_section=&#8221;no&#8221; type=&#8221;grid&#8221; text_align=&#8221;left&#8221; padding_top=&#8221;67&#8243; padding_bottom=&#8221;67&#8243; css_animation=&#8221;&#8221; box_shadow_on_row=&#8221;no&#8221;][vc_column offset=&#8221;vc_col-lg-7 vc_col-md-6 vc_col-xs-12&#8243;][no_elements_holder number_of_columns=&#8221;one_column&#8221;][no_elements_holder_item aligment=&#8221;left&#8221; item_padding_768_1000=&#8221;0 10px 30px 10px&#8221; item_padding_600_768=&#8221;0 10px 30px 10px&#8221; item_padding_480_600=&#8221;0 10px 30px 10px&#8221; item_padding_480=&#8221;0 10px 30px 10px&#8221; advanced_animations=&#8221;no&#8221; start_position=&#8221;bottom&#8221; end_position=&#8221;center&#8221;][vc_column_text]<\/p>\n<h1>Hydraulische Plattform<\/h1>\n<p>[\/vc_column_text][vc_separator type=&#8221;small&#8221; position=&#8221;left&#8221; up=&#8221;10&#8243; down=&#8221;31&#8243;][vc_column_text]Dies sind unverzichtbare Produkte f\u00fcr Unternehmen, die im Bereich des Transports und der Lagerung zwischen verschiedenen Etagen t\u00e4tig sind und die in Umgebungen mit hoher Produktivit\u00e4t und schwerer Industrie eine einwandfreie Leistung erbringen. Es handelt sich um Hydrauliksysteme, die flexibel einsetzbar sind, reibungslos funktionieren und eine hohe Leistung bieten. Der Unterschied zwischen Ladeplattformen und Hebevorrichtungen besteht darin, dass sie \u201ef\u00fcr den Transport von Fracht oder G\u00fctern konzipiert sind\u201d.<\/p>\n<p>Sie verf\u00fcgen \u00fcber keine Kabine.<br \/>\nUm die Plattform herum muss ein Gel\u00e4nder vorhanden sein.<br \/>\nEs gibt keine Bedienelemente innerhalb der Plattform.<br \/>\nEs werden keine Personen transportiert.<br \/>\nKonzipiert f\u00fcr den Transport von G\u00fctern.<\/p>\n<p>&nbsp;<\/p>\n<p>Hydraulische Ladeplattform mit einem Kolben<\/p>\n<p>Kann mit Tragf\u00e4higkeiten von 100 kg bis 5000 kg, mit gew\u00fcnschten Tischgr\u00f6\u00dfen und H\u00f6hen bis zu 15 m hergestellt werden. Handl\u00e4ufe k\u00f6nnen auf und um die Plattform herum angebracht werden. Das Be- und Entladen kann von drei Seiten der <a href=\"https:\/\/yukplatformu.com\" target=\"_blank\" rel=\"noopener\">Plattform<\/a> aus erfolgen. Es ist kein tiefer Schachtboden und keine endg\u00fcltige Bodenh\u00f6he erforderlich.<\/p>\n<p>&nbsp;<\/p>\n<p>Hydraulische Ladeplattform mit zwei Kolben<\/p>\n<p>Es k\u00f6nnen Lasten bis zu 20.000 kg mit gew\u00fcnschten Tischgr\u00f6\u00dfen und H\u00f6hen bis zu 15 m hergestellt werden. Es werden Doppelschienen und Doppelkolben verwendet. Es sind keine tiefen Schachtb\u00f6den oder zus\u00e4tzlichen Hohlr\u00e4ume im obersten Stockwerk erforderlich.[\/vc_column_text][\/no_elements_holder_item][\/no_elements_holder][\/vc_column][vc_column offset=&#8221;vc_col-lg-5 vc_col-md-6 vc_col-xs-12&#8243;][no_elements_holder number_of_columns=&#8221;one_column&#8221;][no_elements_holder_item aligment=&#8221;left&#8221; item_padding_768_1000=&#8221;0 10px 0 10px&#8221; item_padding_600_768=&#8221;0 10px 0 10px&#8221; item_padding_480_600=&#8221;0 10px 0 10px&#8221; item_padding_480=&#8221;0 10px 0 10px&#8221; advanced_animations=&#8221;no&#8221; start_position=&#8221;bottom&#8221; end_position=&#8221;center&#8221;][vc_single_image image=&#8221;12170&#8243; img_size=&#8221;full&#8221; alignment=&#8221;center&#8221; mkd_css_animation=&#8221;&#8221;][\/no_elements_holder_item][\/no_elements_holder][\/vc_column][\/vc_row][vc_row row_type=&#8221;row&#8221; use_row_as_full_screen_section=&#8221;no&#8221; type=&#8221;grid&#8221; text_align=&#8221;left&#8221; background_color=&#8221;#f6f5f5&#8243; padding_top=&#8221;67&#8243; padding_bottom=&#8221;67&#8243; css_animation=&#8221;&#8221; box_shadow_on_row=&#8221;no&#8221;][vc_column offset=&#8221;vc_col-lg-5 vc_col-md-6 vc_col-xs-12&#8243;][no_elements_holder number_of_columns=&#8221;one_column&#8221;][no_elements_holder_item aligment=&#8221;left&#8221; item_padding_768_1000=&#8221;0 10px 0 10px&#8221; item_padding_600_768=&#8221;0 10px 0 10px&#8221; item_padding_480_600=&#8221;0 10px 0 10px&#8221; item_padding_480=&#8221;0 10px 0 10px&#8221; advanced_animations=&#8221;no&#8221; start_position=&#8221;bottom&#8221; end_position=&#8221;center&#8221;][vc_single_image image=&#8221;12169&#8243; img_size=&#8221;full&#8221; mkd_css_animation=&#8221;&#8221;][\/no_elements_holder_item][\/no_elements_holder][\/vc_column][vc_column offset=&#8221;vc_col-lg-7 vc_col-md-6 vc_col-xs-12&#8243;][no_elements_holder number_of_columns=&#8221;one_column&#8221;][no_elements_holder_item aligment=&#8221;left&#8221; item_padding_768_1000=&#8221;30px 10px 0 10px&#8221; item_padding_600_768=&#8221;30px 10px 0 10px&#8221; item_padding_480_600=&#8221;30px 10px 0 10px&#8221; item_padding_480=&#8221;30px 10px 0 10px&#8221; advanced_animations=&#8221;no&#8221; start_position=&#8221;bottom&#8221; end_position=&#8221;center&#8221;][vc_column_text]<\/p>\n<h2>Vorteile Hydraulische Plattform<\/h2>\n<p>[\/vc_column_text][vc_separator type=&#8221;small&#8221; position=&#8221;left&#8221; up=&#8221;10&#8243; down=&#8221;31&#8243;][vc_column_text]Sicherheit: Dank ihrer robusten Konstruktion und ihres zuverl\u00e4ssigen Hydrauliksystems bieten sie einen sicheren Zugang zu hohen Stellen.<br \/>\nHohe Produktivit\u00e4t: Die gro\u00dfe <a href=\"https:\/\/amadatech.com\/de\/lastenaufzug\/\" target=\"_blank\" rel=\"noopener\">Plattformfl\u00e4che<\/a> und die hohe Hubkraft erleichtern den Transport gro\u00dfer und schwerer Lasten.<br \/>\nFlexibilit\u00e4t: Durch ihre Anpassungsf\u00e4higkeit an unterschiedliche Bodenverh\u00e4ltnisse k\u00f6nnen sie in einer Vielzahl von Arbeitsumgebungen eingesetzt werden.<br \/>\nProduktivit\u00e4t: Schnelle Hub- und Senkgeschwindigkeiten beschleunigen Arbeitsprozesse und steigern die Produktivit\u00e4t.[\/vc_column_text][\/no_elements_holder_item][\/no_elements_holder][\/vc_column][\/vc_row][vc_row row_type=&#8221;row&#8221; use_row_as_full_screen_section=&#8221;no&#8221; type=&#8221;grid&#8221; text_align=&#8221;left&#8221; padding_top=&#8221;67&#8243; padding_bottom=&#8221;67&#8243; css_animation=&#8221;&#8221; box_shadow_on_row=&#8221;no&#8221;][vc_column offset=&#8221;vc_col-lg-7 vc_col-md-6 vc_col-xs-12&#8243;][no_elements_holder number_of_columns=&#8221;one_column&#8221;][no_elements_holder_item aligment=&#8221;left&#8221; item_padding_768_1000=&#8221;0 10px 30px 10px&#8221; item_padding_600_768=&#8221;0 10px 30px 10px&#8221; item_padding_480_600=&#8221;0 10px 30px 10px&#8221; item_padding_480=&#8221;0 10px 30px 10px&#8221; advanced_animations=&#8221;no&#8221; start_position=&#8221;bottom&#8221; end_position=&#8221;center&#8221;][vc_column_text]<\/p>\n<h2>Anwendungsbereiche von\u00a0Vorteile Hydraulische Plattform<\/h2>\n<p>[\/vc_column_text][vc_separator type=&#8221;small&#8221; position=&#8221;left&#8221; up=&#8221;10&#8243; down=&#8221;31&#8243;][vc_column_text]Lager und Logistik: F\u00fcr den Zugang zu Regalsystemen, Materialtransport und Verladung.<br \/>\nIndustrielle Instandhaltung: F\u00fcr die Wartung von Anlagen, Montage- und Installationsarbeiten.<br \/>\nBauindustrie: F\u00fcr die Au\u00dfeninstandhaltung von Geb\u00e4uden, Montagearbeiten und den Zugang zu H\u00f6hen.<br \/>\nEinzelhandel und Vertrieb: F\u00fcr Supermarktregale, Handhabung und Verladung.[\/vc_column_text][\/no_elements_holder_item][\/no_elements_holder][\/vc_column][vc_column offset=&#8221;vc_col-lg-5 vc_col-md-6 vc_col-xs-12&#8243;][no_elements_holder number_of_columns=&#8221;one_column&#8221;][no_elements_holder_item aligment=&#8221;left&#8221; item_padding_768_1000=&#8221;0 10px 0 10px&#8221; item_padding_600_768=&#8221;0 10px 0 10px&#8221; item_padding_480_600=&#8221;0 10px 0 10px&#8221; item_padding_480=&#8221;0 10px 0 10px&#8221; advanced_animations=&#8221;no&#8221; start_position=&#8221;bottom&#8221; end_position=&#8221;center&#8221;][vc_single_image image=&#8221;12147&#8243; img_size=&#8221;full&#8221; alignment=&#8221;center&#8221; mkd_css_animation=&#8221;&#8221;][\/no_elements_holder_item][\/no_elements_holder][\/vc_column][\/vc_row][vc_row row_type=&#8221;row&#8221; use_row_as_full_screen_section=&#8221;no&#8221; type=&#8221;grid&#8221; text_align=&#8221;left&#8221; css_animation=&#8221;&#8221; box_shadow_on_row=&#8221;no&#8221;][vc_column width=&#8221;1\/2&#8243;][vc_video link=&#8221;https:\/\/youtu.be\/pW1M-3B284U&#8221;][vc_separator type=&#8221;transparent&#8221;][vc_separator type=&#8221;transparent&#8221;][\/vc_column][vc_column width=&#8221;1\/2&#8243;][vc_video link=&#8221;https:\/\/youtu.be\/YOcSQXI2ld8&#8243;][vc_separator type=&#8221;transparent&#8221;][vc_separator type=&#8221;transparent&#8221;][\/vc_column][\/vc_row]<\/p>\n<\/section>","protected":false},"excerpt":{"rendered":"<p>[vc_row row_type=&#8221;row&#8221; use_row_as_full_screen_section=&#8221;no&#8221; type=&#8221;grid&#8221; text_align=&#8221;left&#8221; padding_top=&#8221;67&#8243; padding_bottom=&#8221;67&#8243; css_animation=&#8221;&#8221; box_shadow_on_row=&#8221;no&#8221;][vc_column offset=&#8221;vc_col-lg-7 vc_col-md-6 vc_col-xs-12&#8243;][no_elements_holder number_of_columns=&#8221;one_column&#8221;][no_elements_holder_item aligment=&#8221;left&#8221; item_padding_768_1000=&#8221;0 10px 30px 10px&#8221; item_padding_600_768=&#8221;0 10px 30px 10px&#8221; item_padding_480_600=&#8221;0 10px 30px 10px&#8221; item_padding_480=&#8221;0 10px 30px 10px&#8221; advanced_animations=&#8221;no&#8221; start_position=&#8221;bottom&#8221; end_position=&#8221;center&#8221;][vc_column_text] Hydraulische Plattform [\/vc_column_text][vc_separator type=&#8221;small&#8221; position=&#8221;left&#8221; up=&#8221;10&#8243; down=&#8221;31&#8243;][vc_column_text]Dies sind unverzichtbare Produkte f\u00fcr Unternehmen,&#8230;<\/p>\n","protected":false},"author":2,"featured_media":12180,"parent":0,"menu_order":0,"comment_status":"closed","ping_status":"closed","template":"","meta":{"footnotes":""},"class_list":["post-12164","page","type-page","status-publish","has-post-thumbnail","hentry"],"_links":{"self":[{"href":"https:\/\/amadatech.com\/de\/wp-json\/wp\/v2\/pages\/12164","targetHints":{"allow":["GET"]}}],"collection":[{"href":"https:\/\/amadatech.com\/de\/wp-json\/wp\/v2\/pages"}],"about":[{"href":"https:\/\/amadatech.com\/de\/wp-json\/wp\/v2\/types\/page"}],"author":[{"embeddable":true,"href":"https:\/\/amadatech.com\/de\/wp-json\/wp\/v2\/users\/2"}],"replies":[{"embeddable":true,"href":"https:\/\/amadatech.com\/de\/wp-json\/wp\/v2\/comments?post=12164"}],"version-history":[{"count":10,"href":"https:\/\/amadatech.com\/de\/wp-json\/wp\/v2\/pages\/12164\/revisions"}],"predecessor-version":[{"id":13137,"href":"https:\/\/amadatech.com\/de\/wp-json\/wp\/v2\/pages\/12164\/revisions\/13137"}],"wp:featuredmedia":[{"embeddable":true,"href":"https:\/\/amadatech.com\/de\/wp-json\/wp\/v2\/media\/12180"}],"wp:attachment":[{"href":"https:\/\/amadatech.com\/de\/wp-json\/wp\/v2\/media?parent=12164"}],"curies":[{"name":"wp","href":"https:\/\/api.w.org\/{rel}","templated":true}]}}