{"id":12153,"date":"2025-01-11T10:13:50","date_gmt":"2025-01-11T07:13:50","guid":{"rendered":"https:\/\/amadatech.com\/de\/?page_id=12153"},"modified":"2025-12-17T17:09:20","modified_gmt":"2025-12-17T14:09:20","slug":"scherenhebebuhne","status":"publish","type":"page","link":"https:\/\/amadatech.com\/de\/scherenhebebuhne\/","title":{"rendered":"Scherenhebeb\u00fchne"},"content":{"rendered":"<section class=\"wpb-content-wrapper\"><p>[vc_row row_type=&#8221;row&#8221; use_row_as_full_screen_section=&#8221;no&#8221; type=&#8221;grid&#8221; text_align=&#8221;left&#8221; padding_top=&#8221;20&#8243; padding_bottom=&#8221;13&#8243; css_animation=&#8221;&#8221; box_shadow_on_row=&#8221;no&#8221; oblique_section=&#8221;no&#8221; oblique_section_top_and_bottom=&#8221;both&#8221; oblique_section_position=&#8221;from_left_to_right&#8221; triangle_shape=&#8221;no&#8221; triangle_shape_position=&#8221;both&#8221;][vc_column][vc_column_text]<\/p>\n<h1>Scherenhebeb\u00fchne<\/h1>\n<p>[\/vc_column_text][\/vc_column][\/vc_row][vc_row row_type=&#8221;row&#8221; use_row_as_full_screen_section=&#8221;no&#8221; type=&#8221;grid&#8221; text_align=&#8221;left&#8221; padding_top=&#8221;55&#8243; padding_bottom=&#8221;23&#8243; css_animation=&#8221;&#8221; box_shadow_on_row=&#8221;no&#8221; oblique_section=&#8221;no&#8221; oblique_section_top_and_bottom=&#8221;both&#8221; oblique_section_position=&#8221;from_left_to_right&#8221; triangle_shape=&#8221;no&#8221; triangle_shape_position=&#8221;both&#8221;][vc_column width=&#8221;1\/2&#8243;][vc_single_image image=&#8221;12158&#8243; img_size=&#8221;full&#8221; mkd_css_animation=&#8221;&#8221;][vc_separator type=&#8221;transparent&#8221;][\/vc_column][vc_column width=&#8221;1\/2&#8243;][vc_column_text]Die Scherenhubplattform ist eines der heute am h\u00e4ufigsten verwendeten Systeme.[\/vc_column_text][vc_separator type=&#8221;transparent&#8221;][vc_column_text]Das System, das bei schweren Hebearbeiten und im Einsatz mit schweren Maschinen zum Einsatz kommt, findet als Ladeplattform f\u00fcr den Transport zwischen verschiedenen Etagen Beachtung.[\/vc_column_text][vc_separator type=&#8221;transparent&#8221;][vc_column_text]Die Funktionsweise und das Erscheinungsbild in Lagerh\u00e4usern entsprechen denen herk\u00f6mmlicher Aufz\u00fcge. Der einzige Unterschied zu herk\u00f6mmlichen Aufz\u00fcgen besteht darin, dass sie den Prozess des Anhebens der Last \u00fcbernehmen.[\/vc_column_text][vc_separator type=&#8221;transparent&#8221;][vc_column_text]Sie zeichnen sich durch Hydrauliksysteme aus, die mit maximaler und hoher Kapazit\u00e4t arbeiten. Gleichzeitig k\u00f6nnen sie m\u00fchelos enorme Lasten von fast 10 Tonnen anheben und absenken.[\/vc_column_text][vc_separator type=&#8221;transparent&#8221;][\/vc_column][\/vc_row][vc_row row_type=&#8221;row&#8221; use_row_as_full_screen_section=&#8221;no&#8221; type=&#8221;grid&#8221; text_align=&#8221;left&#8221; css_animation=&#8221;&#8221; box_shadow_on_row=&#8221;no&#8221;][vc_column][vc_column_text]Ladeplattformen, die zum Be- und Entladen von Fahrzeugen in Versandbereichen, zum Transport von Materialien zwischen Etagen in Lagerh\u00e4usern, zur Zuf\u00fchrung von Materialien zu Produktionslinien und f\u00fcr viele andere \u00e4hnliche Aufgaben eingesetzt werden, steigern die Effizienz Ihres Unternehmens.[\/vc_column_text][vc_separator type=&#8221;transparent&#8221;][vc_column_text]Als vollst\u00e4ndig kundenspezifische Produktionsanlage werden unsere Ladeplattformen nach den Anforderungen des Kunden konstruiert und hergestellt.[\/vc_column_text][vc_separator type=&#8221;transparent&#8221;][\/vc_column][\/vc_row][vc_row row_type=&#8221;row&#8221; use_row_as_full_screen_section=&#8221;no&#8221; type=&#8221;full_width&#8221; text_align=&#8221;left&#8221; css_animation=&#8221;&#8221; box_shadow_on_row=&#8221;no&#8221;][vc_column][vc_separator type=&#8221;transparent&#8221;][vc_column_text]<\/p>\n<h2>Scherenhebeb\u00fchne<\/h2>\n<p>[\/vc_column_text][\/vc_column][\/vc_row][vc_row row_type=&#8221;row&#8221; use_row_as_full_screen_section=&#8221;no&#8221; type=&#8221;grid&#8221; text_align=&#8221;left&#8221; padding_top=&#8221;55&#8243; padding_bottom=&#8221;55&#8243; css_animation=&#8221;&#8221; box_shadow_on_row=&#8221;no&#8221; oblique_section=&#8221;no&#8221; oblique_section_top_and_bottom=&#8221;both&#8221; oblique_section_position=&#8221;from_left_to_right&#8221; triangle_shape=&#8221;no&#8221; triangle_shape_position=&#8221;both&#8221;][vc_column width=&#8221;1\/3&#8243;][vc_single_image image=&#8221;12160&#8243; img_size=&#8221;full&#8221; mkd_css_animation=&#8221;&#8221;][vc_separator type=&#8221;transparent&#8221;][\/vc_column][vc_column width=&#8221;1\/3&#8243;][vc_single_image image=&#8221;12159&#8243; img_size=&#8221;full&#8221; mkd_css_animation=&#8221;&#8221;][vc_separator type=&#8221;transparent&#8221;][\/vc_column][vc_column width=&#8221;1\/3&#8243;][vc_single_image image=&#8221;12157&#8243; img_size=&#8221;full&#8221; mkd_css_animation=&#8221;&#8221;][vc_separator type=&#8221;transparent&#8221;][\/vc_column][\/vc_row][vc_row row_type=&#8221;row&#8221; use_row_as_full_screen_section=&#8221;no&#8221; type=&#8221;grid&#8221; text_align=&#8221;left&#8221; css_animation=&#8221;&#8221; box_shadow_on_row=&#8221;no&#8221;][vc_column][vc_column_text]<\/p>\n<h3>Scherenhebeb\u00fchne<\/h3>\n<p>[\/vc_column_text][vc_separator type=&#8221;transparent&#8221; up=&#8221;20&#8243; down=&#8221;0&#8243;][vc_column_text]Scherengabelstapler dienen dem Transport von Fracht, G\u00fctern oder Waren von einem Ort zum anderen. Der Unterschied zwischen einer Ladeplattform und anderen Transportmitteln besteht jedoch darin, dass sie sich auf und ab bewegen kann.[\/vc_column_text][vc_separator type=&#8221;transparent&#8221; up=&#8221;20&#8243; down=&#8221;0&#8243;][vc_column_text]Mit einer Ladeplattform k\u00f6nnen G\u00fcter nach oben transportiert werden, wenn sie sich unten befinden, und nach unten, wenn sie sich oben befinden.[\/vc_column_text][vc_separator type=&#8221;transparent&#8221; up=&#8221;20&#8243; down=&#8221;0&#8243;][vc_column_text]<\/p>\n<p>Das Produkt, das an sich schon vielf\u00e4ltig ist, variiert auch in Bezug auf die Tragf\u00e4higkeit. So gibt es Stufen, die sogar sehr schwere Materialien transportieren k\u00f6nnen. Mit dem Fortschritt der Technologie haben sich auch hydraulische Hebesysteme weiterentwickelt.<\/p>\n<p>[\/vc_column_text][vc_separator type=&#8221;transparent&#8221; up=&#8221;20&#8243; down=&#8221;0&#8243;][vc_column_text]<\/p>\n<p>Dies hat sich nat\u00fcrlich auch auf den Transport schwererer Materialien ausgewirkt. Solche Systeme, die Produktions- und Transportprozesse mit Prozessanlagen unterst\u00fctzen, haben sich viel weiter verbreitet.<\/p>\n<p>[\/vc_column_text][vc_separator type=&#8221;transparent&#8221; up=&#8221;20&#8243; down=&#8221;0&#8243;][vc_column_text]<\/p>\n<p>Die Einsatzbereiche von Plattform-G\u00fcteraufz\u00fcgen sind Bauwerke und Lagerh\u00e4user. Gleichzeitig werden sie in der Produktion und der anschlie\u00dfenden Lagerung in Fabriken bevorzugt eingesetzt.<\/p>\n<p>[\/vc_column_text][vc_column_text]<\/p>\n<p>Da die Einsatzm\u00f6glichkeiten sehr vielf\u00e4ltig sind, sind auch die Anwendungsbereiche unterschiedlich. Insbesondere f\u00fcr 500-Kilogramm-<a href=\"https:\/\/yukplatformu.com\" target=\"_blank\" rel=\"noopener\">Aufz\u00fcge<\/a> gibt es Ladeplattformen bis zu 10.000 Kilogramm.<\/p>\n<p>[\/vc_column_text][vc_separator type=&#8221;transparent&#8221; up=&#8221;20&#8243; down=&#8221;0&#8243;][vc_column_text]<\/p>\n<p>Nat\u00fcrlich sind diese Produkte auch im Alltag zu finden. Besonders intensiv werden <a href=\"https:\/\/amadatech.com\/de\/lastenaufzug\/\" target=\"_blank\" rel=\"noopener\">Lastenaufz\u00fcge<\/a> in Schulen, Gesch\u00e4ften in Einkaufszentren und vielen anderen Orten eingesetzt.<\/p>\n<p>[\/vc_column_text][vc_separator type=&#8221;transparent&#8221; up=&#8221;20&#8243; down=&#8221;0&#8243;][vc_separator type=&#8221;transparent&#8221; up=&#8221;20&#8243; down=&#8221;0&#8243;][\/vc_column][\/vc_row]<\/p>\n<\/section>","protected":false},"excerpt":{"rendered":"<p>[vc_row row_type=&#8221;row&#8221; use_row_as_full_screen_section=&#8221;no&#8221; type=&#8221;grid&#8221; text_align=&#8221;left&#8221; padding_top=&#8221;20&#8243; padding_bottom=&#8221;13&#8243; css_animation=&#8221;&#8221; box_shadow_on_row=&#8221;no&#8221; oblique_section=&#8221;no&#8221; oblique_section_top_and_bottom=&#8221;both&#8221; oblique_section_position=&#8221;from_left_to_right&#8221; triangle_shape=&#8221;no&#8221; triangle_shape_position=&#8221;both&#8221;][vc_column][vc_column_text] Scherenhebeb\u00fchne [\/vc_column_text][\/vc_column][\/vc_row][vc_row row_type=&#8221;row&#8221; use_row_as_full_screen_section=&#8221;no&#8221; type=&#8221;grid&#8221; text_align=&#8221;left&#8221; padding_top=&#8221;55&#8243; padding_bottom=&#8221;23&#8243; css_animation=&#8221;&#8221; box_shadow_on_row=&#8221;no&#8221; oblique_section=&#8221;no&#8221; oblique_section_top_and_bottom=&#8221;both&#8221; oblique_section_position=&#8221;from_left_to_right&#8221; triangle_shape=&#8221;no&#8221; triangle_shape_position=&#8221;both&#8221;][vc_column width=&#8221;1\/2&#8243;][vc_single_image image=&#8221;12158&#8243; img_size=&#8221;full&#8221; mkd_css_animation=&#8221;&#8221;][vc_separator type=&#8221;transparent&#8221;][\/vc_column][vc_column width=&#8221;1\/2&#8243;][vc_column_text]Die Scherenhubplattform ist eines der heute am h\u00e4ufigsten verwendeten Systeme.[\/vc_column_text][vc_separator type=&#8221;transparent&#8221;][vc_column_text]Das&#8230;<\/p>\n","protected":false},"author":2,"featured_media":12158,"parent":0,"menu_order":0,"comment_status":"closed","ping_status":"closed","template":"","meta":{"footnotes":""},"class_list":["post-12153","page","type-page","status-publish","has-post-thumbnail","hentry"],"_links":{"self":[{"href":"https:\/\/amadatech.com\/de\/wp-json\/wp\/v2\/pages\/12153","targetHints":{"allow":["GET"]}}],"collection":[{"href":"https:\/\/amadatech.com\/de\/wp-json\/wp\/v2\/pages"}],"about":[{"href":"https:\/\/amadatech.com\/de\/wp-json\/wp\/v2\/types\/page"}],"author":[{"embeddable":true,"href":"https:\/\/amadatech.com\/de\/wp-json\/wp\/v2\/users\/2"}],"replies":[{"embeddable":true,"href":"https:\/\/amadatech.com\/de\/wp-json\/wp\/v2\/comments?post=12153"}],"version-history":[{"count":13,"href":"https:\/\/amadatech.com\/de\/wp-json\/wp\/v2\/pages\/12153\/revisions"}],"predecessor-version":[{"id":13354,"href":"https:\/\/amadatech.com\/de\/wp-json\/wp\/v2\/pages\/12153\/revisions\/13354"}],"wp:featuredmedia":[{"embeddable":true,"href":"https:\/\/amadatech.com\/de\/wp-json\/wp\/v2\/media\/12158"}],"wp:attachment":[{"href":"https:\/\/amadatech.com\/de\/wp-json\/wp\/v2\/media?parent=12153"}],"curies":[{"name":"wp","href":"https:\/\/api.w.org\/{rel}","templated":true}]}}