{"id":12143,"date":"2025-01-11T10:02:59","date_gmt":"2025-01-11T07:02:59","guid":{"rendered":"https:\/\/amadatech.com\/de\/?page_id=12143"},"modified":"2025-12-29T17:25:09","modified_gmt":"2025-12-29T14:25:09","slug":"ladeplattform","status":"publish","type":"page","link":"https:\/\/amadatech.com\/de\/ladeplattform\/","title":{"rendered":"Ladeplattform"},"content":{"rendered":"<section class=\"wpb-content-wrapper\"><p>[vc_row row_type=&#8221;row&#8221; use_row_as_full_screen_section=&#8221;no&#8221; type=&#8221;grid&#8221; text_align=&#8221;left&#8221; padding_top=&#8221;67&#8243; padding_bottom=&#8221;67&#8243; css_animation=&#8221;&#8221; box_shadow_on_row=&#8221;no&#8221;][vc_column offset=&#8221;vc_col-lg-7 vc_col-md-6 vc_col-xs-12&#8243;][no_elements_holder number_of_columns=&#8221;one_column&#8221;][no_elements_holder_item aligment=&#8221;left&#8221; item_padding_768_1000=&#8221;0 10px 30px 10px&#8221; item_padding_600_768=&#8221;0 10px 30px 10px&#8221; item_padding_480_600=&#8221;0 10px 30px 10px&#8221; item_padding_480=&#8221;0 10px 30px 10px&#8221; advanced_animations=&#8221;no&#8221; start_position=&#8221;bottom&#8221; end_position=&#8221;center&#8221;][vc_column_text]<\/p>\n<h1>Ladeplattform<\/h1>\n<p>[\/vc_column_text][vc_separator type=&#8221;small&#8221; position=&#8221;left&#8221; up=&#8221;10&#8243; down=&#8221;31&#8243;][vc_column_text]Es kann problemlos sowohl innerhalb als auch au\u00dferhalb von Geb\u00e4uden, Lagerh\u00e4usern, Fabriken, Einkaufszentren usw. eingesetzt werden, wo immer schwere Hebearbeiten erforderlich sind. Diese Hebezeuge sind f\u00fcr den Transport von Lasten ausgelegt. Komfort und Geschwindigkeit sind im Vergleich zu Personenaufz\u00fcgen nicht erforderlich. Ein Lastenaufzug wird in der Regel zum Transport von Materialien oder Paletten zwischen den Stockwerken von Geb\u00e4uden verwendet.[\/vc_column_text][vc_column_text]Die Auswahl des richtigen <a href=\"https:\/\/amadatech.com\/de\/lastenaufzug\/\" target=\"_blank\" rel=\"noopener\">Lastenaufzugs<\/a> f\u00fcr den vorgesehenen Zweck ist entscheidend \u2013 achten Sie darauf, einen zuverl\u00e4ssigen und renommierten Anbieter zu w\u00e4hlen, der Sie in allen Phasen von der Auswahl des Aufzugs \u00fcber die Beschaffung und Installation bis hin zur Inbetriebnahme und Wartung unterst\u00fctzt. Profitieren Sie vom Fachwissen von AmadaTech.[\/vc_column_text][\/no_elements_holder_item][\/no_elements_holder][\/vc_column][vc_column offset=&#8221;vc_col-lg-5 vc_col-md-6 vc_col-xs-12&#8243;][no_elements_holder number_of_columns=&#8221;one_column&#8221;][no_elements_holder_item aligment=&#8221;left&#8221; item_padding_768_1000=&#8221;0 10px 0 10px&#8221; item_padding_600_768=&#8221;0 10px 0 10px&#8221; item_padding_480_600=&#8221;0 10px 0 10px&#8221; item_padding_480=&#8221;0 10px 0 10px&#8221; advanced_animations=&#8221;no&#8221; start_position=&#8221;bottom&#8221; end_position=&#8221;center&#8221;][vc_single_image image=&#8221;12147&#8243; img_size=&#8221;full&#8221; alignment=&#8221;center&#8221; mkd_css_animation=&#8221;&#8221;][\/no_elements_holder_item][\/no_elements_holder][\/vc_column][\/vc_row][vc_row row_type=&#8221;row&#8221; use_row_as_full_screen_section=&#8221;no&#8221; type=&#8221;grid&#8221; text_align=&#8221;left&#8221; background_color=&#8221;#f6f5f5&#8243; padding_top=&#8221;67&#8243; padding_bottom=&#8221;67&#8243; css_animation=&#8221;&#8221; box_shadow_on_row=&#8221;no&#8221;][vc_column offset=&#8221;vc_col-lg-5 vc_col-md-6 vc_col-xs-12&#8243;][no_elements_holder number_of_columns=&#8221;one_column&#8221;][no_elements_holder_item aligment=&#8221;left&#8221; item_padding_768_1000=&#8221;0 10px 0 10px&#8221; item_padding_600_768=&#8221;0 10px 0 10px&#8221; item_padding_480_600=&#8221;0 10px 0 10px&#8221; item_padding_480=&#8221;0 10px 0 10px&#8221; advanced_animations=&#8221;no&#8221; start_position=&#8221;bottom&#8221; end_position=&#8221;center&#8221;][vc_video link=&#8221;https:\/\/youtu.be\/8FF6XX5kELk&#8221;][vc_separator type=&#8221;transparent&#8221;][\/no_elements_holder_item][\/no_elements_holder][\/vc_column][vc_column offset=&#8221;vc_col-lg-7 vc_col-md-6 vc_col-xs-12&#8243;][no_elements_holder number_of_columns=&#8221;one_column&#8221;][no_elements_holder_item aligment=&#8221;left&#8221; item_padding_768_1000=&#8221;30px 10px 0 10px&#8221; item_padding_600_768=&#8221;30px 10px 0 10px&#8221; item_padding_480_600=&#8221;30px 10px 0 10px&#8221; item_padding_480=&#8221;30px 10px 0 10px&#8221; advanced_animations=&#8221;no&#8221; start_position=&#8221;bottom&#8221; end_position=&#8221;center&#8221;][vc_column_text]<\/p>\n<h2>Ladeplattform Sonderanfertigung, Design<\/h2>\n<p>[\/vc_column_text][vc_separator type=&#8221;small&#8221; position=&#8221;left&#8221; up=&#8221;8&#8243; down=&#8221;20&#8243;][vc_column_text]<\/p>\n<div class=\"porto-u-heading wpb_custom_95aa9a11c17ad45cfabaf210d84ee7cc porto-u-3748\">\n<div class=\"porto-u-sub-heading\">\n<p>Notabsenkungssystem f\u00fcr den Fall eines Stromausfalls.<br \/>\nEnth\u00e4lt vorverdrahtete Steuereinheit, Magnetstarter und \u00dcberlastsicherheitsventil.<br \/>\nOberer Endschalter und \u00dcberlastventil.<br \/>\nDie Hydraulikzylinder sind mit einer Not-Sicherung f\u00fcr den Fall eines Leitungsbruchs ausgestattet.<br \/>\nDer Schaltschrank kann entweder im Erdgeschoss oder in den oberen Stockwerken aufgestellt werden.<br \/>\nDie Hydraulikeinheit und das elektrische System befinden sich separat im Erdgeschoss.<\/p>\n<p>Die Hubh\u00f6he der Kabine wird \u00fcber ein Schaltsystem gesteuert, um sicherzustellen, dass die Hebeb\u00fchne auf gleicher H\u00f6he mit dem Obergeschoss geparkt wird. Stromversorgung 220 V oder 380 V<\/p>\n<\/div>\n<\/div>\n<p>[\/vc_column_text][\/no_elements_holder_item][\/no_elements_holder][\/vc_column][\/vc_row][vc_row row_type=&#8221;row&#8221; use_row_as_full_screen_section=&#8221;no&#8221; type=&#8221;grid&#8221; text_align=&#8221;left&#8221; padding_top=&#8221;67&#8243; padding_bottom=&#8221;67&#8243; css_animation=&#8221;&#8221; box_shadow_on_row=&#8221;no&#8221;][vc_column offset=&#8221;vc_col-lg-7 vc_col-md-6 vc_col-xs-12&#8243;][no_elements_holder number_of_columns=&#8221;one_column&#8221;][no_elements_holder_item aligment=&#8221;left&#8221; item_padding_768_1000=&#8221;0 10px 30px 10px&#8221; item_padding_600_768=&#8221;0 10px 30px 10px&#8221; item_padding_480_600=&#8221;0 10px 30px 10px&#8221; item_padding_480=&#8221;0 10px 30px 10px&#8221; advanced_animations=&#8221;no&#8221; start_position=&#8221;bottom&#8221; end_position=&#8221;center&#8221;][vc_column_text]<\/p>\n<h3>Was Sie bei einer Ladeplattform beachten sollten<\/h3>\n<p>[\/vc_column_text][vc_separator type=&#8221;small&#8221; position=&#8221;left&#8221; up=&#8221;10&#8243; down=&#8221;31&#8243;][vc_column_text]<\/p>\n<div class=\"porto-u-heading wpb_custom_95aa9a11c17ad45cfabaf210d84ee7cc porto-u-4704\">\n<div class=\"porto-u-sub-heading\">\n<p>Zun\u00e4chst muss bekannt sein, welche Art von Last gehoben werden soll, wobei die Tragf\u00e4higkeit der Plattform und der Einsatzbereich zu ber\u00fccksichtigen sind.<br \/>\nBesondere Aufmerksamkeit sollte der Verst\u00e4rkung des Ortes gewidmet werden, an dem der Lastenaufzug installiert werden soll.<br \/>\nDie verwendeten Materialien sollten zertifiziert und zuverl\u00e4ssig sein.<br \/>\nDa es sich bei Lastenplattformen um Lasten handelt, sollte das ausgew\u00e4hlte Material einer gr\u00fcndlichen technischen Analyse unterzogen werden.<br \/>\nDer Hub des Kolbens sollte sehr genau berechnet werden.<\/p>\n<p>Es ist sehr wichtig, dass der Lastenaufzug f\u00fcr den vorgesehenen Zweck geeignet ist \u2013 w\u00e4hlen Sie einen zuverl\u00e4ssigen Lieferanten mit gutem Ruf, der Sie von der Auswahl des Aufzugs bis zur Lieferung, Installation, Inbetriebnahme und Wartung begleitet.<\/p>\n<\/div>\n<\/div>\n<p>[\/vc_column_text][\/no_elements_holder_item][\/no_elements_holder][\/vc_column][vc_column offset=&#8221;vc_col-lg-5 vc_col-md-6 vc_col-xs-12&#8243;][no_elements_holder number_of_columns=&#8221;one_column&#8221;][no_elements_holder_item aligment=&#8221;left&#8221; item_padding_768_1000=&#8221;0 10px 0 10px&#8221; item_padding_600_768=&#8221;0 10px 0 10px&#8221; item_padding_480_600=&#8221;0 10px 0 10px&#8221; item_padding_480=&#8221;0 10px 0 10px&#8221; advanced_animations=&#8221;no&#8221; start_position=&#8221;bottom&#8221; end_position=&#8221;center&#8221;][vc_single_image image=&#8221;12148&#8243; img_size=&#8221;full&#8221; alignment=&#8221;center&#8221; mkd_css_animation=&#8221;&#8221;][\/no_elements_holder_item][\/no_elements_holder][\/vc_column][\/vc_row][vc_row row_type=&#8221;row&#8221; use_row_as_full_screen_section=&#8221;no&#8221; type=&#8221;grid&#8221; text_align=&#8221;left&#8221; background_color=&#8221;#f6f5f5&#8243; padding_top=&#8221;67&#8243; padding_bottom=&#8221;67&#8243; css_animation=&#8221;&#8221; box_shadow_on_row=&#8221;no&#8221;][vc_column offset=&#8221;vc_col-lg-5 vc_col-md-6 vc_col-xs-12&#8243;][no_elements_holder number_of_columns=&#8221;one_column&#8221;][no_elements_holder_item aligment=&#8221;left&#8221; item_padding_768_1000=&#8221;0 10px 0 10px&#8221; item_padding_600_768=&#8221;0 10px 0 10px&#8221; item_padding_480_600=&#8221;0 10px 0 10px&#8221; item_padding_480=&#8221;0 10px 0 10px&#8221; advanced_animations=&#8221;no&#8221; start_position=&#8221;bottom&#8221; end_position=&#8221;center&#8221;][vc_single_image image=&#8221;12150&#8243; img_size=&#8221;full&#8221; alignment=&#8221;center&#8221; mkd_css_animation=&#8221;&#8221;][\/no_elements_holder_item][\/no_elements_holder][\/vc_column][vc_column offset=&#8221;vc_col-lg-7 vc_col-md-6 vc_col-xs-12&#8243;][no_elements_holder number_of_columns=&#8221;one_column&#8221;][no_elements_holder_item aligment=&#8221;left&#8221; item_padding_768_1000=&#8221;30px 10px 0 10px&#8221; item_padding_600_768=&#8221;30px 10px 0 10px&#8221; item_padding_480_600=&#8221;30px 10px 0 10px&#8221; item_padding_480=&#8221;30px 10px 0 10px&#8221; advanced_animations=&#8221;no&#8221; start_position=&#8221;bottom&#8221; end_position=&#8221;center&#8221;][vc_column_text]<\/p>\n<h4>Planung einer Ladeplattform<\/h4>\n<p>[\/vc_column_text][vc_separator type=&#8221;small&#8221; position=&#8221;left&#8221; up=&#8221;10&#8243; down=&#8221;31&#8243;][vc_column_text]Die Gr\u00f6\u00dfe der <a href=\"https:\/\/yukplatformu.com\" target=\"_blank\" rel=\"noopener\">Ladeplattform<\/a>, die vielf\u00e4ltige Einsatzm\u00f6glichkeiten bietet, h\u00e4ngt davon ab, wo sie verwendet wird. Lastenaufz\u00fcge werden an vielen Orten ben\u00f6tigt, beispielsweise in Lagerh\u00e4usern, Fabriken, Geb\u00e4uden, M\u00e4rkten und Einkaufszentren. Diese Aufz\u00fcge sind in der Lage, schwere Lasten zu heben und erm\u00f6glichen den Transport schwerer G\u00fcter in kurzer Zeit. Wir bieten Ihnen ein Hydrauliksystem, schnellen Transport, Sonderanfertigungen und umfassende Preise f\u00fcr diese Aufz\u00fcge, die Zeit und Arbeit am Arbeitsplatz sparen. Dar\u00fcber hinaus haben die Aufz\u00fcge eine f\u00fcnfj\u00e4hrige Garantie und wir passen sie an die architektonische Struktur des Raums an, in dem Sie sie einsetzen m\u00f6chten. Wir bieten einen Service f\u00fcr den Fall von St\u00f6rungen und Wartungsbedarf. Wo auch immer Sie sich in der T\u00fcrkei befinden, wir liefern Ihnen Ihren Aufzug schnell.[\/vc_column_text][\/no_elements_holder_item][\/no_elements_holder][vc_separator type=&#8221;transparent&#8221;][\/vc_column][\/vc_row][vc_row row_type=&#8221;row&#8221; use_row_as_full_screen_section=&#8221;no&#8221; type=&#8221;full_width&#8221; text_align=&#8221;left&#8221; css_animation=&#8221;&#8221; box_shadow_on_row=&#8221;no&#8221;][vc_column width=&#8221;1\/2&#8243;][vc_video link=&#8221;https:\/\/youtu.be\/YOcSQXI2ld8&#8243;][vc_separator type=&#8221;transparent&#8221;][\/vc_column][vc_column width=&#8221;1\/2&#8243;][vc_video link=&#8221;https:\/\/youtu.be\/pW1M-3B284U&#8221;][vc_separator type=&#8221;transparent&#8221;][\/vc_column][\/vc_row]<\/p>\n<\/section>","protected":false},"excerpt":{"rendered":"<p>[vc_row row_type=&#8221;row&#8221; use_row_as_full_screen_section=&#8221;no&#8221; type=&#8221;grid&#8221; text_align=&#8221;left&#8221; padding_top=&#8221;67&#8243; padding_bottom=&#8221;67&#8243; css_animation=&#8221;&#8221; box_shadow_on_row=&#8221;no&#8221;][vc_column offset=&#8221;vc_col-lg-7 vc_col-md-6 vc_col-xs-12&#8243;][no_elements_holder number_of_columns=&#8221;one_column&#8221;][no_elements_holder_item aligment=&#8221;left&#8221; item_padding_768_1000=&#8221;0 10px 30px 10px&#8221; item_padding_600_768=&#8221;0 10px 30px 10px&#8221; item_padding_480_600=&#8221;0 10px 30px 10px&#8221; item_padding_480=&#8221;0 10px 30px 10px&#8221; advanced_animations=&#8221;no&#8221; start_position=&#8221;bottom&#8221; end_position=&#8221;center&#8221;][vc_column_text] Ladeplattform [\/vc_column_text][vc_separator type=&#8221;small&#8221; position=&#8221;left&#8221; up=&#8221;10&#8243; down=&#8221;31&#8243;][vc_column_text]Es kann problemlos sowohl innerhalb als auch&#8230;<\/p>\n","protected":false},"author":2,"featured_media":13270,"parent":0,"menu_order":0,"comment_status":"closed","ping_status":"closed","template":"","meta":{"footnotes":""},"class_list":["post-12143","page","type-page","status-publish","has-post-thumbnail","hentry"],"_links":{"self":[{"href":"https:\/\/amadatech.com\/de\/wp-json\/wp\/v2\/pages\/12143","targetHints":{"allow":["GET"]}}],"collection":[{"href":"https:\/\/amadatech.com\/de\/wp-json\/wp\/v2\/pages"}],"about":[{"href":"https:\/\/amadatech.com\/de\/wp-json\/wp\/v2\/types\/page"}],"author":[{"embeddable":true,"href":"https:\/\/amadatech.com\/de\/wp-json\/wp\/v2\/users\/2"}],"replies":[{"embeddable":true,"href":"https:\/\/amadatech.com\/de\/wp-json\/wp\/v2\/comments?post=12143"}],"version-history":[{"count":10,"href":"https:\/\/amadatech.com\/de\/wp-json\/wp\/v2\/pages\/12143\/revisions"}],"predecessor-version":[{"id":13657,"href":"https:\/\/amadatech.com\/de\/wp-json\/wp\/v2\/pages\/12143\/revisions\/13657"}],"wp:featuredmedia":[{"embeddable":true,"href":"https:\/\/amadatech.com\/de\/wp-json\/wp\/v2\/media\/13270"}],"wp:attachment":[{"href":"https:\/\/amadatech.com\/de\/wp-json\/wp\/v2\/media?parent=12143"}],"curies":[{"name":"wp","href":"https:\/\/api.w.org\/{rel}","templated":true}]}}