{"id":12099,"date":"2025-01-10T20:22:12","date_gmt":"2025-01-10T17:22:12","guid":{"rendered":"https:\/\/amadatech.com\/de\/?page_id=12099"},"modified":"2025-12-27T22:41:10","modified_gmt":"2025-12-27T19:41:10","slug":"autoaufzuge-mit-dach","status":"publish","type":"page","link":"https:\/\/amadatech.com\/de\/autoaufzuge-mit-dach\/","title":{"rendered":"Autoaufz\u00fcge mit Dach"},"content":{"rendered":"<section class=\"wpb-content-wrapper\"><p>[vc_row row_type=&#8221;row&#8221; use_row_as_full_screen_section=&#8221;no&#8221; type=&#8221;full_width&#8221; text_align=&#8221;left&#8221; css_animation=&#8221;&#8221; box_shadow_on_row=&#8221;no&#8221;][vc_column][vc_column_text]<\/p>\n<div class=\"wpb_text_column wpb_content_element \">\n<div class=\"wpb_wrapper\">\n<h1 class=\"black-text\">Autoaufz\u00fcge mit Dach<\/h1>\n<\/div>\n<\/div>\n<p>[\/vc_column_text][vc_separator type=&#8221;transparent&#8221;][vc_video link=&#8221;https:\/\/youtu.be\/2JuEe4mVo_g&#8221;][vc_separator type=&#8221;transparent&#8221;][vc_column_text]Die \u00fcberdachten Autoaufz\u00fcge von AmadaTECH stehen f\u00fcr exklusive Architektur, maximale Sicherheit und modernste Aufzugstechnologie. Unsere Autoaufz\u00fcge mit Dach sch\u00fctzen Fahrzeuge zuverl\u00e4ssig vor Witterungseinfl\u00fcssen wie Regen, Schnee und direkter Sonneneinstrahlung \u2013 ideal f\u00fcr Villen, Luxusresidenzen, Tiefgaragen und gewerbliche Bauprojekte. Dank ma\u00dfgeschneiderter Konstruktion, leiser Antriebstechnik und intelligenter Steuerungssysteme bieten unsere Fahrzeugaufz\u00fcge h\u00f6chsten Komfort und langfristige Betriebssicherheit. Jede L\u00f6sung wird individuell geplant und nach internationalen Qualit\u00e4tsstandards gefertigt. AmadaTECH \u2013 Premium-Aufzugssysteme f\u00fcr moderne Mobilit\u00e4t und anspruchsvolle Bauprojekte.[\/vc_column_text][vc_separator type=&#8221;transparent&#8221;][\/vc_column][\/vc_row][vc_row row_type=&#8221;row&#8221; use_row_as_full_screen_section=&#8221;no&#8221; type=&#8221;full_width&#8221; text_align=&#8221;left&#8221; css_animation=&#8221;&#8221; box_shadow_on_row=&#8221;no&#8221;][vc_column width=&#8221;1\/2&#8243;][vc_column_text]<strong>ALLGEMEINE MERKMALE:<\/strong><\/p>\n<p>Scherenhebeb\u00fchnen sind f\u00fcr das Heben von Lasten ausgelegt.<\/p>\n<p>Heben mit einem einfachwirkenden Hydraulikzylinder.<\/p>\n<p>Hydraulikzylinder sollten aus gehonten Rohren und verchromten Stangen bestehen.<\/p>\n<p>Verbindungsnieten sollten aus verchromten Wellen bestehen.<\/p>\n<p>Schlauchbruchventil, das bei einem Schlauchbruch den freien Fall der <a href=\"https:\/\/amadatech.com\/de\/vehicle-platform\/\" target=\"_blank\" rel=\"noopener\">Plattform<\/a> verhindert.<\/p>\n<p>Die Scheren sollten aus hochwertigem Material st-52 bestehen.<\/p>\n<p>Die Stahlkonstruktion wird entsprechend der Lastverteilung konstruiert und hergestellt.<\/p>\n<p>Originaler Hydraulikkreislauf.<\/p>\n<p>Bronzene Sternzeichen f\u00fcr gesch\u00e4ftige Abende.<\/p>\n<p>Rollen mit Lagern ohne Schmierung.<\/p>\n<p>Schutzstange f\u00fcr Wartungsarbeiten.<\/p>\n<p>Mit Sicherheitsrahmen.<\/p>\n<p>Zuverl\u00e4ssiges Hydrauliksystem und Sicherheitssystem.<\/p>\n<p>Unsere Produkte sind gem\u00e4\u00df EN 1570 CE-zertifiziert.<\/p>\n<p>Die Plattform ist f\u00fcr Arbeiten auf ebenem und hartem Untergrund ausgelegt.[\/vc_column_text][vc_separator type=&#8221;transparent&#8221;][vc_column_text]Die Plattform wird mit einem <a href=\"https:\/\/yukplatformu.com\" target=\"_blank\" rel=\"noopener\">Dachsystem<\/a> ausgestattet sein.<\/p>\n<p>110 cm hohe Gel\u00e4nder an den L\u00e4ngsseiten der Plattform<\/p>\n<p>Sicherheitssystem mit Fotozellen an den Querseiten der Plattform[\/vc_column_text][vc_separator type=&#8221;transparent&#8221;][\/vc_column][vc_column width=&#8221;1\/2&#8243;][vc_video link=&#8221;https:\/\/youtu.be\/aUvzc9SB9jk?si=vzGFFQtEdu3HlPsN&#8221;][vc_separator type=&#8221;transparent&#8221;][vc_video link=&#8221;https:\/\/youtu.be\/H14SpFghteE&#8221;][vc_separator type=&#8221;transparent&#8221;][\/vc_column][\/vc_row]<\/p>\n<\/section>","protected":false},"excerpt":{"rendered":"<p>[vc_row row_type=&#8221;row&#8221; use_row_as_full_screen_section=&#8221;no&#8221; type=&#8221;full_width&#8221; text_align=&#8221;left&#8221; css_animation=&#8221;&#8221; box_shadow_on_row=&#8221;no&#8221;][vc_column][vc_column_text] Autoaufz\u00fcge mit Dach [\/vc_column_text][vc_separator type=&#8221;transparent&#8221;][vc_video link=&#8221;https:\/\/youtu.be\/2JuEe4mVo_g&#8221;][vc_separator type=&#8221;transparent&#8221;][vc_column_text]Die \u00fcberdachten Autoaufz\u00fcge von AmadaTECH stehen f\u00fcr exklusive Architektur, maximale Sicherheit und modernste Aufzugstechnologie. Unsere Autoaufz\u00fcge mit Dach sch\u00fctzen Fahrzeuge zuverl\u00e4ssig vor Witterungseinfl\u00fcssen wie Regen, Schnee und direkter Sonneneinstrahlung \u2013 ideal f\u00fcr&#8230;<\/p>\n","protected":false},"author":2,"featured_media":12106,"parent":0,"menu_order":0,"comment_status":"closed","ping_status":"closed","template":"","meta":{"footnotes":""},"class_list":["post-12099","page","type-page","status-publish","has-post-thumbnail","hentry"],"_links":{"self":[{"href":"https:\/\/amadatech.com\/de\/wp-json\/wp\/v2\/pages\/12099","targetHints":{"allow":["GET"]}}],"collection":[{"href":"https:\/\/amadatech.com\/de\/wp-json\/wp\/v2\/pages"}],"about":[{"href":"https:\/\/amadatech.com\/de\/wp-json\/wp\/v2\/types\/page"}],"author":[{"embeddable":true,"href":"https:\/\/amadatech.com\/de\/wp-json\/wp\/v2\/users\/2"}],"replies":[{"embeddable":true,"href":"https:\/\/amadatech.com\/de\/wp-json\/wp\/v2\/comments?post=12099"}],"version-history":[{"count":16,"href":"https:\/\/amadatech.com\/de\/wp-json\/wp\/v2\/pages\/12099\/revisions"}],"predecessor-version":[{"id":13617,"href":"https:\/\/amadatech.com\/de\/wp-json\/wp\/v2\/pages\/12099\/revisions\/13617"}],"wp:featuredmedia":[{"embeddable":true,"href":"https:\/\/amadatech.com\/de\/wp-json\/wp\/v2\/media\/12106"}],"wp:attachment":[{"href":"https:\/\/amadatech.com\/de\/wp-json\/wp\/v2\/media?parent=12099"}],"curies":[{"name":"wp","href":"https:\/\/api.w.org\/{rel}","templated":true}]}}