{"id":12090,"date":"2025-01-10T20:07:32","date_gmt":"2025-01-10T17:07:32","guid":{"rendered":"https:\/\/amadatech.com\/de\/?page_id=12090"},"modified":"2025-12-17T17:22:50","modified_gmt":"2025-12-17T14:22:50","slug":"fahrzeugplattform","status":"publish","type":"page","link":"https:\/\/amadatech.com\/de\/fahrzeugplattform\/","title":{"rendered":"Fahrzeugplattform"},"content":{"rendered":"<section class=\"wpb-content-wrapper\"><p>[vc_row row_type=&#8221;row&#8221; use_row_as_full_screen_section=&#8221;no&#8221; type=&#8221;grid&#8221; text_align=&#8221;left&#8221; padding_top=&#8221;55&#8243; padding_bottom=&#8221;23&#8243; css_animation=&#8221;&#8221; box_shadow_on_row=&#8221;no&#8221; oblique_section=&#8221;no&#8221; oblique_section_top_and_bottom=&#8221;both&#8221; oblique_section_position=&#8221;from_left_to_right&#8221; triangle_shape=&#8221;no&#8221; triangle_shape_position=&#8221;both&#8221;][vc_column width=&#8221;1\/2&#8243;][vc_single_image image=&#8221;12096&#8243; img_size=&#8221;full&#8221; mkd_css_animation=&#8221;&#8221;][vc_separator type=&#8221;transparent&#8221;][\/vc_column][vc_column width=&#8221;1\/2&#8243;][vc_column_text]<\/p>\n<h1>Fahrzeugplattform<\/h1>\n<p>[\/vc_column_text][vc_separator type=&#8221;transparent&#8221;][vc_column_text]Heutzutage f\u00fchren die \u00dcberbev\u00f6lkerung der St\u00e4dte, st\u00e4ndige Ver\u00e4nderungen und die steigende Zahl von Fahrzeugen zu Parkplatzproblemen. Aufgrund der Probleme der Urbanisierung ist die Anzahl der Parkpl\u00e4tze recht gering, was zu ernsthaften Problemen beim Abstellen von Fahrzeugen f\u00fchrt. Fahrzeugplattformsysteme, die im Zuge des technologischen Fortschritts entstanden sind, sind ein System, das entwickelt wurde, um Parkplatzprobleme und Sachsch\u00e4den an am Stra\u00dfenrand geparkten Fahrzeugen zu reduzieren.<\/p>\n<p>Diese Systeme, die zur Erh\u00f6hung der Fahrzeugsicherheit und des Platzangebots eingesetzt werden, k\u00f6nnen die unteren oder oberen Teile von Geb\u00e4uden in Parkpl\u00e4tze verwandeln und Parkprobleme vollst\u00e4ndig beseitigen. Dank der Technologie, mit der sie ausgestattet sind, erm\u00f6glichen Autoaufz\u00fcge mit einer Tragkraft von zweieinhalb bis acht Tonnen den Menschen, mit einem einzigen Knopfdruck auf die gew\u00fcnschte Etage zu fahren, ohne aus dem Auto aussteigen zu m\u00fcssen. Sie k\u00f6nnen sich an unser Unternehmen wenden, um das Problem des Parkens in Wohngebieten zu beseitigen, Ihre Fahrzeuge zu sichern und den gesamten Prozess komfortabler zu gestalten.[\/vc_column_text][\/vc_column][\/vc_row][vc_row row_type=&#8221;row&#8221; use_row_as_full_screen_section=&#8221;no&#8221; type=&#8221;grid&#8221; text_align=&#8221;left&#8221; padding_top=&#8221;55&#8243; padding_bottom=&#8221;55&#8243; css_animation=&#8221;&#8221; box_shadow_on_row=&#8221;no&#8221; oblique_section=&#8221;no&#8221; oblique_section_top_and_bottom=&#8221;both&#8221; oblique_section_position=&#8221;from_left_to_right&#8221; triangle_shape=&#8221;no&#8221; triangle_shape_position=&#8221;both&#8221;][vc_column][vc_column_text]<\/p>\n<div class=\"wpb_text_column wpb_content_element \">\n<h2 class=\"wpb_wrapper\">Fahrzeugplattform<\/h2>\n<\/div>\n<p>[\/vc_column_text][vc_separator type=&#8221;transparent&#8221;][\/vc_column][\/vc_row][vc_row row_type=&#8221;row&#8221; use_row_as_full_screen_section=&#8221;no&#8221; type=&#8221;grid&#8221; text_align=&#8221;left&#8221; padding_top=&#8221;55&#8243; padding_bottom=&#8221;55&#8243; css_animation=&#8221;&#8221; box_shadow_on_row=&#8221;no&#8221; oblique_section=&#8221;no&#8221; oblique_section_top_and_bottom=&#8221;both&#8221; oblique_section_position=&#8221;from_left_to_right&#8221; triangle_shape=&#8221;no&#8221; triangle_shape_position=&#8221;both&#8221;][vc_column width=&#8221;1\/3&#8243;][vc_video link=&#8221;https:\/\/youtu.be\/aUvzc9SB9jk?si=ZJ4hSsvLTtVb8Gpr&#8221;][vc_separator type=&#8221;transparent&#8221;][vc_column_text]<\/p>\n<div class=\"wpb_text_column wpb_content_element \">\n<div class=\"wpb_wrapper\"><a href=\"https:\/\/amadatech.com\/de\/autoaufzuge-mit-dach\/\" target=\"_blank\" rel=\"noopener\">Autoaufz\u00fcge<\/a> sind spezielle Systeme, die dazu dienen, Autos auf die gew\u00fcnschte H\u00f6he zu bef\u00f6rdern. Sie werden h\u00e4ufig insbesondere in Parkh\u00e4usern und an Orten eingesetzt, an denen Autos transportiert werden.<\/div>\n<\/div>\n<p>[\/vc_column_text][vc_separator type=&#8221;transparent&#8221;][\/vc_column][vc_column width=&#8221;1\/3&#8243;][vc_video link=&#8221;https:\/\/youtu.be\/H14SpFghteE?si=V4Ycw1RRIZ2Wazae&#8221;][vc_separator type=&#8221;transparent&#8221;][vc_column_text]Sie werden gem\u00e4\u00df verschiedenen Sicherheitsvorschriften hergestellt und verwendet. Da diese <a href=\"https:\/\/yukplatformu.com\" target=\"_blank\" rel=\"noopener\">Aufz\u00fcge<\/a> f\u00fcr Menschen sehr n\u00fctzlich sind, ist es wichtig, dass sie lange Zeit funktionieren.[\/vc_column_text][vc_separator type=&#8221;transparent&#8221;][\/vc_column][vc_column width=&#8221;1\/3&#8243;][vc_video link=&#8221;https:\/\/youtu.be\/n0tKcQlr-zA?si=K0NoAVfXZwgkVuum&#8221;][vc_separator type=&#8221;transparent&#8221;][vc_column_text]Unternehmen, die \u00fcber Fahrzeugplattformen verf\u00fcgen, sollten ihre Aufz\u00fcge regelm\u00e4\u00dfig warten lassen. Auf diese Weise wird die Lebensdauer des Aufzugs verl\u00e4ngert. Au\u00dferdem werden negative Situationen wie Unf\u00e4lle, die auftreten k\u00f6nnen, fr\u00fchzeitig verhindert.[\/vc_column_text][vc_separator type=&#8221;transparent&#8221;][\/vc_column][\/vc_row][vc_row row_type=&#8221;row&#8221; use_row_as_full_screen_section=&#8221;no&#8221; type=&#8221;grid&#8221; text_align=&#8221;left&#8221; background_color=&#8221;#f6f5f5&#8243; padding_top=&#8221;59&#8243; padding_bottom=&#8221;18&#8243; css_animation=&#8221;&#8221; box_shadow_on_row=&#8221;no&#8221; oblique_section=&#8221;no&#8221; oblique_section_top_and_bottom=&#8221;both&#8221; oblique_section_position=&#8221;from_left_to_right&#8221; triangle_shape=&#8221;no&#8221; triangle_shape_position=&#8221;both&#8221;][vc_column]<div class='mkd_icon_with_title tiny circle'><div class=\"icon_holder \" style=\"margin: 0px 0px 60px 0px; \"><div class=\"icon_holder_inner\"><span class=\"mkd_icon_stack mkd_tiny_icon  custom-font\" style=\"font-size: 24px;color: #ffffff;width: 57px;height: 57px;line-height: 57px;background-color: #d34e35;border-width: 0px;\"><i class=\"mkd_icon_font_awesome fa fa-car icon_text_icon mkd_icon_stack_1x\" style=\"font-size: 24px;\" ><\/i><\/span><\/div><\/div><div class=\"icon_text_holder\" style=\"padding-left: 90px;\"><div class=\"icon_title_inner_holder\"><h3 class=\"icon_title \" style=\"\">Merkmale der Fahrzeugplattform<\/h3><\/div><div class=\"icon_text_inner\" style=\"\"><p style=''>Robuste Stahlkonstruktion \u2013 Geeignet f\u00fcr die Installation auf dem Boden oder in einer Grube \u2013 Druckknopfsteuerung mit 24-V-Steuerungssystem \u2013 \u00dcberlastsicherheitsventil \u2013 Geschwindigkeitsregelventil zur Einstellung der Absenkgeschwindigkeit \u2013 Hochwertige Hydraulikzylinder - Schlauchbruchventil gegen freien Fall bei Schlauchbruch - Nicht geschmierte Buchsen an beweglichen Punkten - Nicht geschmierte Lagerrollen - Hochwertige kompakte Hydraulikeinheit - Die Fahrzeughebeb\u00fchne ist nur zum Anheben von Fahrzeugen bestimmt, nicht zum Anheben von Fahrzeugen auf dem Boden.<\/p><\/div><\/div><\/div>[vc_separator type=&#8221;transparent&#8221; up=&#8221;20&#8243; down=&#8221;0&#8243;]<div class='mkd_icon_with_title tiny circle'><div class=\"icon_holder \" style=\"margin: 0px 0px 60px 0px; \"><div class=\"icon_holder_inner\"><span class=\"mkd_icon_stack mkd_tiny_icon  custom-font\" style=\"font-size: 24px;color: #ffffff;width: 57px;height: 57px;line-height: 57px;background-color: #d34e35;border-width: 0px;\"><i class=\"mkd_icon_font_awesome fa fa-car icon_text_icon mkd_icon_stack_1x\" style=\"font-size: 24px;\" ><\/i><\/span><\/div><\/div><div class=\"icon_text_holder\" style=\"padding-left: 90px;\"><div class=\"icon_title_inner_holder\"><h4 class=\"icon_title \" style=\"\">Vorteile der Fahrzeugplattform<\/h4><\/div><div class=\"icon_text_inner\" style=\"\"><p style=''>Dieses System ist f\u00fcr Unternehmen von gro\u00dfem Nutzen. Es minimiert den Bedarf an Parkpl\u00e4tzen, indem es eine einfache und regelm\u00e4\u00dfige Anordnung der Fahrzeuge erm\u00f6glicht. Es hebt Fahrzeuge einfach und schnell auf eine H\u00f6he, aus der sie von Menschenhand nicht mehr entfernt werden k\u00f6nnen. Es sorgt f\u00fcr eine effizientere Nutzung von Parkpl\u00e4tzen in der Stadt. Dadurch verhindert es den Abriss von Geb\u00e4uden oder Gr\u00fcnfl\u00e4chen zur Schaffung neuer Parkpl\u00e4tze. Es erm\u00f6glicht eine effizientere Nutzung der Stra\u00dfen. Es ist sehr n\u00fctzlich im Hinblick auf Umweltsanierungen wie Rampensysteme. Es bietet Unternehmen einen finanziellen Vorteil, da auf einer kleinen Fl\u00e4che weit mehr Autos untergebracht werden k\u00f6nnen als bisher m\u00f6glich war. Ein f\u00fcr jede Nachbarschaft geeignetes Autoaufzugssystem wird von unserem Unternehmen schnell installiert.<\/p><\/div><\/div><\/div>[vc_separator type=&#8221;transparent&#8221; up=&#8221;20&#8243; down=&#8221;0&#8243;][\/vc_column][\/vc_row][vc_row row_type=&#8221;row&#8221; use_row_as_full_screen_section=&#8221;no&#8221; type=&#8221;grid&#8221; text_align=&#8221;left&#8221; css_animation=&#8221;&#8221; box_shadow_on_row=&#8221;no&#8221;][vc_column][vc_column_text]<\/p>\n<h3>Fahrzeugplattform<\/h3>\n<p>[\/vc_column_text][vc_separator type=&#8221;transparent&#8221; up=&#8221;20&#8243; down=&#8221;0&#8243;][vc_column_text]<strong>Technische Daten<\/strong><\/p>\n<p>TRAGF\u00c4HIGKEIT: 3000 kg<br \/>\nF\u00dcR DIE INSTALLATION ERFORDERLICHE PLATTFORMABMESSUNGEN<br \/>\nPLATTFORM: Breite: 3000 mm \/ L\u00e4nge: 5600 mm<br \/>\nGrubenh\u00f6he: 1020 mm<br \/>\nHUBWEG: 8000 mm<br \/>\nHUBZEIT: 150 Sek.<br \/>\nMOTOR: 5,5 kW 380 V AC<br \/>\nSTROMVERSORGUNG: 380 Volt, 3 Phasen, 50 Hz<br \/>\nSTEUERSPANNUNG: 24 Volt<br \/>\nSTEUERUNG: 2 Teile Heben und Senken mit Ruf- und Entsendungssystem, Not-Aus-Taster<br \/>\nFARBE: Blau (RAL 5015)<br \/>\nVerpackung: Mit Stretchfolie und Luftpolsterfolie verpackt.<br \/>\nGarantie: Auf unsere Produkte gew\u00e4hren wir eine Garantie von 2 (zwei) Jahren auf Herstellungs-, Material- und Installationsfehler und von 10 (zehn) Jahren auf Ersatzteile.[\/vc_column_text][vc_separator type=&#8221;transparent&#8221; up=&#8221;20&#8243; down=&#8221;0&#8243;][\/vc_column][\/vc_row][vc_row row_type=&#8221;row&#8221; use_row_as_full_screen_section=&#8221;no&#8221; type=&#8221;grid&#8221; text_align=&#8221;left&#8221; css_animation=&#8221;&#8221; box_shadow_on_row=&#8221;no&#8221;][vc_column][vc_column_text]<\/p>\n<div class=\"elementor-element elementor-element-46bde3a8 elementor-widget elementor-widget-ct_heading\" data-id=\"46bde3a8\" data-element_type=\"widget\" data-widget_type=\"ct_heading.default\">\n<div class=\"elementor-widget-container\">\n<div class=\"ct-heading h-align- item-st-default\">\n<p><strong>F\u00dcR DIE INSTALLATION DER PLATTFORM ERFORDERLICHE ABMESSUNGEN<\/strong><\/p>\n<p>GRUBE: Breite: 3000 mm \/ L\u00e4nge: 5600<br \/>\nGrubenh\u00f6he: 1020 mm<br \/>\nFAHRWEG: 8000 mm<br \/>\nMOTOR: 5,5 kW 380 V AC<br \/>\nSTROMVERSORGUNG: 380 Volt, 3-phasig, 50 Hz<br \/>\nSTEUERSPANNUNG: 24 Volt<\/p>\n<\/div>\n<\/div>\n<\/div>\n<p>[\/vc_column_text][vc_separator type=&#8221;transparent&#8221; up=&#8221;20&#8243; down=&#8221;0&#8243;][vc_separator type=&#8221;transparent&#8221; up=&#8221;20&#8243; down=&#8221;0&#8243;][\/vc_column][\/vc_row]<\/p>\n<\/section>","protected":false},"excerpt":{"rendered":"<p>[vc_row row_type=&#8221;row&#8221; use_row_as_full_screen_section=&#8221;no&#8221; type=&#8221;grid&#8221; text_align=&#8221;left&#8221; padding_top=&#8221;55&#8243; padding_bottom=&#8221;23&#8243; css_animation=&#8221;&#8221; box_shadow_on_row=&#8221;no&#8221; oblique_section=&#8221;no&#8221; oblique_section_top_and_bottom=&#8221;both&#8221; oblique_section_position=&#8221;from_left_to_right&#8221; triangle_shape=&#8221;no&#8221; triangle_shape_position=&#8221;both&#8221;][vc_column width=&#8221;1\/2&#8243;][vc_single_image image=&#8221;12096&#8243; img_size=&#8221;full&#8221; mkd_css_animation=&#8221;&#8221;][vc_separator type=&#8221;transparent&#8221;][\/vc_column][vc_column width=&#8221;1\/2&#8243;][vc_column_text] Fahrzeugplattform [\/vc_column_text][vc_separator type=&#8221;transparent&#8221;][vc_column_text]Heutzutage f\u00fchren die \u00dcberbev\u00f6lkerung der St\u00e4dte, st\u00e4ndige Ver\u00e4nderungen und die steigende Zahl von Fahrzeugen zu Parkplatzproblemen. Aufgrund der Probleme der Urbanisierung ist die&#8230;<\/p>\n","protected":false},"author":2,"featured_media":12096,"parent":0,"menu_order":0,"comment_status":"closed","ping_status":"closed","template":"","meta":{"footnotes":""},"class_list":["post-12090","page","type-page","status-publish","has-post-thumbnail","hentry"],"_links":{"self":[{"href":"https:\/\/amadatech.com\/de\/wp-json\/wp\/v2\/pages\/12090","targetHints":{"allow":["GET"]}}],"collection":[{"href":"https:\/\/amadatech.com\/de\/wp-json\/wp\/v2\/pages"}],"about":[{"href":"https:\/\/amadatech.com\/de\/wp-json\/wp\/v2\/types\/page"}],"author":[{"embeddable":true,"href":"https:\/\/amadatech.com\/de\/wp-json\/wp\/v2\/users\/2"}],"replies":[{"embeddable":true,"href":"https:\/\/amadatech.com\/de\/wp-json\/wp\/v2\/comments?post=12090"}],"version-history":[{"count":7,"href":"https:\/\/amadatech.com\/de\/wp-json\/wp\/v2\/pages\/12090\/revisions"}],"predecessor-version":[{"id":13356,"href":"https:\/\/amadatech.com\/de\/wp-json\/wp\/v2\/pages\/12090\/revisions\/13356"}],"wp:featuredmedia":[{"embeddable":true,"href":"https:\/\/amadatech.com\/de\/wp-json\/wp\/v2\/media\/12096"}],"wp:attachment":[{"href":"https:\/\/amadatech.com\/de\/wp-json\/wp\/v2\/media?parent=12090"}],"curies":[{"name":"wp","href":"https:\/\/api.w.org\/{rel}","templated":true}]}}