{"id":12070,"date":"2025-01-10T17:45:25","date_gmt":"2025-01-10T14:45:25","guid":{"rendered":"https:\/\/amadatech.com\/de\/?page_id=12070"},"modified":"2025-12-15T22:46:44","modified_gmt":"2025-12-15T19:46:44","slug":"serviceaufzug","status":"publish","type":"page","link":"https:\/\/amadatech.com\/de\/serviceaufzug\/","title":{"rendered":"Serviceaufzug"},"content":{"rendered":"<section class=\"wpb-content-wrapper\"><p>[vc_row row_type=&#8221;row&#8221; use_row_as_full_screen_section=&#8221;no&#8221; type=&#8221;grid&#8221; text_align=&#8221;left&#8221; css_animation=&#8221;&#8221; box_shadow_on_row=&#8221;no&#8221;][vc_column][vc_column_text]<\/p>\n<h1>Serviceaufzug<\/h1>\n<p>[\/vc_column_text][\/vc_column][\/vc_row][vc_row row_type=&#8221;row&#8221; use_row_as_full_screen_section=&#8221;no&#8221; type=&#8221;grid&#8221; text_align=&#8221;left&#8221; padding_top=&#8221;30&#8243; padding_bottom=&#8221;4&#8243; css_animation=&#8221;&#8221; box_shadow_on_row=&#8221;no&#8221; oblique_section=&#8221;no&#8221; oblique_section_top_and_bottom=&#8221;both&#8221; oblique_section_position=&#8221;from_left_to_right&#8221; triangle_shape=&#8221;no&#8221; triangle_shape_position=&#8221;both&#8221;][vc_column width=&#8221;1\/3&#8243;][vc_column_text]<\/p>\n<h5><a href=\"#\"><strong>Serviceaufzug Stahlkonstruktion inklusive<\/strong><\/a><\/h5>\n<p>[\/vc_column_text][vc_separator type=&#8221;transparent&#8221; up=&#8221;8&#8243; down=&#8221;0&#8243;][vc_column_text]Die f\u00fcr die Installation des Lastenaufzugs erforderlichen Stahlkonstruktionen sind in unserer Klausel enthalten. Die Frisur f\u00fcr Lastenaufz\u00fcge wird per E-Mail an unsere Marketingabteilung gesendet.[\/vc_column_text][vc_separator type=&#8221;transparent&#8221; up=&#8221;22&#8243; down=&#8221;0&#8243;][\/vc_column][vc_column width=&#8221;1\/3&#8243;][vc_column_text]<\/p>\n<h6><a href=\"#\"><strong>Serviceaufzug ACERO INOXIDABLE CERTIFICADO<\/strong><\/a><\/h6>\n<p>[\/vc_column_text][vc_separator type=&#8221;transparent&#8221; up=&#8221;8&#8243; down=&#8221;0&#8243;][vc_column_text]Unsere S<a href=\"https:\/\/amadatech.com\/de\/serviceaufzug-fur-cafes\/\" target=\"_blank\" rel=\"noopener\">erviceaufz\u00fcge<\/a> sind aus hochwertigem Edelstahl 304 gefertigt, entsprechen den Hygienestandards und Anforderungen des Gesundheitsministeriums und des Ministeriums f\u00fcr Tourismus sowie allen Konfigurationen.[\/vc_column_text][vc_separator type=&#8221;transparent&#8221; up=&#8221;22&#8243; down=&#8221;0&#8243;][\/vc_column][vc_column width=&#8221;1\/3&#8243;][vc_column_text]<\/p>\n<h6 class=\"wpb_text_column wpb_content_element \"><a href=\"#\"><strong>Serviceaufzug\u00a0 ARCHITEKTONISCHE UNTERST\u00dcTZUNG<\/strong><\/a><\/h6>\n<p>[\/vc_column_text][vc_separator type=&#8221;transparent&#8221; up=&#8221;8&#8243; down=&#8221;0&#8243;][vc_column_text]Unser technisches Team f\u00fcr den<a href=\"https:\/\/servisasansoru.com\" target=\"_blank\" rel=\"noopener\"> Lastenaufzug<\/a> in Ihrem Projekt hilft Ihnen bei der Ermittlung des am besten geeigneten Standorts, indem es Standortbesichtigungen durchf\u00fchrt. Als architektonische Unterst\u00fctzung erstellen wir die Zeichnung und den Entwurf des Lastenaufzugs.[\/vc_column_text][vc_separator type=&#8221;transparent&#8221; up=&#8221;22&#8243; down=&#8221;0&#8243;][\/vc_column][\/vc_row][vc_row row_type=&#8221;row&#8221; use_row_as_full_screen_section=&#8221;no&#8221; type=&#8221;grid&#8221; text_align=&#8221;left&#8221; padding_bottom=&#8221;38&#8243; css_animation=&#8221;&#8221; box_shadow_on_row=&#8221;no&#8221; oblique_section=&#8221;no&#8221; oblique_section_top_and_bottom=&#8221;both&#8221; oblique_section_position=&#8221;from_left_to_right&#8221; triangle_shape=&#8221;no&#8221; triangle_shape_position=&#8221;both&#8221;][vc_column width=&#8221;1\/3&#8243;][vc_column_text]<\/p>\n<h5 class=\"wpb_text_column wpb_content_element \"><a href=\"#\"><strong>SPEZIELLE KONFIGURATIONEN<\/strong><\/a><\/h5>\n<p>[\/vc_column_text][vc_separator type=&#8221;transparent&#8221; up=&#8221;8&#8243; down=&#8221;0&#8243;][vc_column_text]Die Aufz\u00fcge mit Sonderkonfiguration von AmadaTECH k\u00f6nnen bis zu 50 Meter oder 15 Haltestellen zur\u00fccklegen. Es gibt ein Trommel- und Gegengewichtssystem sowie Optionen f\u00fcr Einfach-, Doppel- und Kreuzzugang. Die Tragf\u00e4higkeiten betragen 150 kg und 250 kg.[\/vc_column_text][vc_separator type=&#8221;transparent&#8221; up=&#8221;22&#8243; down=&#8221;0&#8243;][\/vc_column][vc_column width=&#8221;1\/3&#8243;][vc_column_text]<\/p>\n<h5><a href=\"#\"><strong>LIEFERZEIT<\/strong><\/a><\/h5>\n<p>[\/vc_column_text][vc_separator type=&#8221;transparent&#8221; up=&#8221;8&#8243; down=&#8221;0&#8243;][vc_column_text]<a href=\"https:\/\/amadatech.com\" target=\"_blank\" rel=\"noopener\">AmadaTECH<\/a> ist das weltweit gr\u00f6\u00dfte Unternehmen f\u00fcr die Lagerung und Herstellung von Serviceaufz\u00fcgen. Daher sind die Produkte in unseren Lagern jederzeit versandbereit. Die Lieferzeit betr\u00e4gt 1 Woche f\u00fcr Sondergr\u00f6\u00dfen. Die Montagezeit betr\u00e4gt maximal 2 Tage.[\/vc_column_text][vc_separator type=&#8221;transparent&#8221; up=&#8221;22&#8243; down=&#8221;0&#8243;][\/vc_column][vc_column width=&#8221;1\/3&#8243;][vc_column_text]<\/p>\n<div class=\"wpb_text_column wpb_content_element \">\n<div class=\"wpb_wrapper\">\n<h5><strong><a href=\"#\">UNSERE DIENSTLEISTUNGEN<\/a><\/strong><\/h5>\n<\/div>\n<\/div>\n<p>[\/vc_column_text][vc_separator type=&#8221;transparent&#8221; up=&#8221;8&#8243; down=&#8221;0&#8243;][vc_column_text]Wir wissen, dass die beste Empfehlung ein gl\u00fccklicher und zufriedener Kunde ist. Der Kundendienst ist einer der wichtigsten Bereiche unseres Gesch\u00e4fts.[\/vc_column_text][vc_separator type=&#8221;transparent&#8221; up=&#8221;22&#8243; down=&#8221;0&#8243;][\/vc_column][\/vc_row][vc_row row_type=&#8221;row&#8221; use_row_as_full_screen_section=&#8221;no&#8221; type=&#8221;grid&#8221; text_align=&#8221;left&#8221; css_animation=&#8221;&#8221; box_shadow_on_row=&#8221;no&#8221;][vc_column][vc_column_text]<\/p>\n<h2>Serviceaufzug MODELLE<\/h2>\n<p>[\/vc_column_text][vc_separator type=&#8221;transparent&#8221; up=&#8221;20&#8243; down=&#8221;0&#8243;][\/vc_column][\/vc_row][vc_row row_type=&#8221;row&#8221; use_row_as_full_screen_section=&#8221;no&#8221; type=&#8221;grid&#8221; text_align=&#8221;left&#8221; padding_bottom=&#8221;38&#8243; css_animation=&#8221;&#8221; box_shadow_on_row=&#8221;no&#8221; oblique_section=&#8221;no&#8221; oblique_section_top_and_bottom=&#8221;both&#8221; oblique_section_position=&#8221;from_left_to_right&#8221; triangle_shape=&#8221;no&#8221; triangle_shape_position=&#8221;both&#8221;][vc_column width=&#8221;1\/3&#8243;][vc_single_image image=&#8221;11680&#8243; img_size=&#8221;large&#8221; mkd_css_animation=&#8221;&#8221;][vc_separator type=&#8221;transparent&#8221; up=&#8221;8&#8243; down=&#8221;0&#8243;][vc_column_text]<\/p>\n<div class=\"wpb_text_column wpb_content_element \">\n<h5 class=\"wpb_wrapper\"><a href=\"#\"><strong>Serviceaufzug mit manuellen T\u00fcren<\/strong><\/a><\/h5>\n<\/div>\n<p>[\/vc_column_text][vc_separator type=&#8221;transparent&#8221; up=&#8221;8&#8243; down=&#8221;0&#8243;][vc_column_text]<\/p>\n<div class=\"wpb_text_column wpb_content_element \">\n<div class=\"wpb_wrapper\">\n<p>In <a href=\"https:\/\/amadatech.com\/de\/serviceaufzug-fur-cafes\/\" target=\"_blank\" rel=\"noopener\">K\u00fcchenaufz\u00fcgen<\/a> mit manuellen T\u00fcren ist ein Schachtboden mit einem Durchmesser von 15 cm erforderlich. Bei diesem K\u00fcchenaufzugsmodell befinden sich die T\u00fcren auf gleicher H\u00f6he mit dem Boden. K\u00fcchenaufz\u00fcge mit manuellen T\u00fcren erfordern eine bodengleiche T\u00fcr f\u00fcr das Beladen von Servicefahrzeugen.<\/p>\n<\/div>\n<\/div>\n<p>[\/vc_column_text][vc_separator type=&#8221;transparent&#8221; up=&#8221;22&#8243; down=&#8221;0&#8243;][vc_separator type=&#8221;transparent&#8221; up=&#8221;22&#8243; down=&#8221;0&#8243;][vc_column_text]<\/p>\n<div class=\"wpb_text_column wpb_content_element \">\n<div class=\"wpb_wrapper\">\n<p><strong>Verwendungsbereich<\/strong><\/p>\n<p>Esszimmer, Waschk\u00fcche, Fabrik, Yacht und Schiff, Juweliergesch\u00e4ft, Marktplatz<\/p>\n<\/div>\n<\/div>\n<p>[\/vc_column_text][vc_separator type=&#8221;transparent&#8221; up=&#8221;22&#8243; down=&#8221;0&#8243;][\/vc_column][vc_column width=&#8221;1\/3&#8243;][vc_single_image image=&#8221;11679&#8243; img_size=&#8221;large&#8221; mkd_css_animation=&#8221;&#8221;][vc_separator type=&#8221;transparent&#8221; up=&#8221;8&#8243; down=&#8221;0&#8243;][vc_column_text]<\/p>\n<div class=\"wpb_text_column wpb_content_element \">\n<div class=\"wpb_wrapper\">\n<h5><strong><a href=\"https:\/\/amadatech.com\/de\/food-elevator\/#\">Serviceaufzug mit Schiebet\u00fcren<\/a><\/strong><\/h5>\n<\/div>\n<\/div>\n<p>[\/vc_column_text][vc_separator type=&#8221;transparent&#8221; up=&#8221;8&#8243; down=&#8221;0&#8243;][vc_column_text]<\/p>\n<div class=\"wpb_text_column wpb_content_element \">\n<div class=\"wpb_wrapper\">\n<p><a href=\"https:\/\/kitchenelevator.com\/\" target=\"_blank\" rel=\"noopener\">K\u00fcchenaufzug<\/a> mit Schiebet\u00fcr; Der Boden des Schachts ist optional. Schiebet\u00fcren befinden sich auf Arbeitsplatten- und Bandh\u00f6he und sind in einer H\u00f6he von 80 oder 90 cm angebracht. Serviceaufz\u00fcge mit Schiebet\u00fcren werden f\u00fcr das ungehinderte Laden leichter Lasten verwendet. Es gibt Ausf\u00fchrungen in satiniertem, dekorativem und goldenem Edelstahl.<\/p>\n<\/div>\n<\/div>\n<p>[\/vc_column_text][vc_separator type=&#8221;transparent&#8221; up=&#8221;22&#8243; down=&#8221;0&#8243;][vc_column_text]<\/p>\n<div class=\"wpb_text_column wpb_content_element \">\n<div class=\"wpb_wrapper\">\n<p><strong>Verwendungsbereich<\/strong><\/p>\n<p>Caf\u00e9, Restaurant, Villa, Maisonette-Wohnung, Bibliothek, Archiv, Pizzeria, Konditorei<\/p>\n<\/div>\n<\/div>\n<p>[\/vc_column_text][vc_separator type=&#8221;transparent&#8221; up=&#8221;22&#8243; down=&#8221;0&#8243;][\/vc_column][vc_column width=&#8221;1\/3&#8243;][vc_single_image image=&#8221;11678&#8243; img_size=&#8221;large&#8221; mkd_css_animation=&#8221;&#8221;][vc_separator type=&#8221;transparent&#8221; up=&#8221;8&#8243; down=&#8221;0&#8243;][vc_column_text]<\/p>\n<div class=\"wpb_text_column wpb_content_element \">\n<div class=\"wpb_wrapper\">\n<h5><strong><a href=\"https:\/\/amadatech.com\/de\/food-elevator\/#\">DOPPELDECKER-AUFZUG<\/a><\/strong><\/h5>\n<\/div>\n<\/div>\n<p>[\/vc_column_text][vc_separator type=&#8221;transparent&#8221; up=&#8221;8&#8243; down=&#8221;0&#8243;][vc_column_text]<\/p>\n<div class=\"wpb_text_column wpb_content_element \">\n<div class=\"wpb_wrapper\">\n<p>Der <a href=\"https:\/\/amadatech.com\/de\/doppelstock-speisenaufzug\/\" target=\"_blank\" rel=\"noopener\">Doppeldeckerbus<\/a> von AmadaTECH, der 2016 als Ergebnis der Forschungs- und Entwicklungsarbeit von AmadaTECH auf den Markt kam, wurde auch in viele L\u00e4nder exportiert. Er wurde von den Besuchern der Interlift-Aufzugsausstellung in Deutschland hoch gelobt.<\/p>\n<\/div>\n<\/div>\n<p>[\/vc_column_text][vc_separator type=&#8221;transparent&#8221; up=&#8221;22&#8243; down=&#8221;0&#8243;][vc_separator type=&#8221;transparent&#8221; up=&#8221;22&#8243; down=&#8221;0&#8243;][vc_column_text]<\/p>\n<div class=\"wpb_text_column wpb_content_element \">\n<div class=\"wpb_wrapper\">\n<p><strong>Anwendungsbereich<\/strong><\/p>\n<p>Krankenhaus, Hotel, Schule, Studentenwohnheim, Labor, Klinik<\/p>\n<\/div>\n<\/div>\n<p>[\/vc_column_text][vc_separator type=&#8221;transparent&#8221; up=&#8221;22&#8243; down=&#8221;0&#8243;][\/vc_column][\/vc_row][vc_row row_type=&#8221;row&#8221; use_row_as_full_screen_section=&#8221;no&#8221; type=&#8221;grid&#8221; text_align=&#8221;left&#8221; padding_bottom=&#8221;38&#8243; css_animation=&#8221;&#8221; box_shadow_on_row=&#8221;no&#8221; oblique_section=&#8221;no&#8221; oblique_section_top_and_bottom=&#8221;both&#8221; oblique_section_position=&#8221;from_left_to_right&#8221; triangle_shape=&#8221;no&#8221; triangle_shape_position=&#8221;both&#8221;][vc_column width=&#8221;1\/2&#8243;][vc_video link=&#8221;https:\/\/youtu.be\/_5yvw0doO7s&#8221;][vc_separator type=&#8221;transparent&#8221; up=&#8221;22&#8243; down=&#8221;0&#8243;][\/vc_column][vc_column width=&#8221;1\/2&#8243;][vc_video link=&#8221;https:\/\/youtu.be\/Pdal3opuAoo&#8221;][vc_separator type=&#8221;transparent&#8221; up=&#8221;22&#8243; down=&#8221;0&#8243;][\/vc_column][\/vc_row][vc_row row_type=&#8221;row&#8221; use_row_as_full_screen_section=&#8221;no&#8221; type=&#8221;grid&#8221; text_align=&#8221;left&#8221; background_color=&#8221;#f6f5f5&#8243; padding_top=&#8221;59&#8243; padding_bottom=&#8221;23&#8243; css_animation=&#8221;&#8221; box_shadow_on_row=&#8221;no&#8221; oblique_section=&#8221;no&#8221; oblique_section_top_and_bottom=&#8221;both&#8221; oblique_section_position=&#8221;from_left_to_right&#8221; triangle_shape=&#8221;no&#8221; triangle_shape_position=&#8221;both&#8221;][vc_column width=&#8221;1\/2&#8243;]<div class='mkd_icon_with_title tiny circle'><div class=\"icon_holder \" style=\" \"><div class=\"icon_holder_inner\"><span class=\"mkd_icon_stack mkd_tiny_icon  custom-font\" style=\"font-size: 24px;width: 58px;height: 58px;line-height: 58px;border-width: 0px;\"><i class=\"mkd_icon_font_awesome fa fa-cogs icon_text_icon mkd_icon_stack_1x\" style=\"font-size: 24px;\" ><\/i><\/span><\/div><\/div><div class=\"icon_text_holder\" style=\"padding-left: 84px;\"><div class=\"icon_title_inner_holder\"><h5 class=\"icon_title \" style=\"\">Kapazit\u00e4t<\/h5><\/div><div class=\"icon_text_inner\" style=\"\"><p style=''>150kg, 250kg<\/p><\/div><\/div><\/div>[vc_separator type=&#8221;transparent&#8221; up=&#8221;20&#8243; down=&#8221;0&#8243;]<div class='mkd_icon_with_title tiny circle'><div class=\"icon_holder \" style=\" \"><div class=\"icon_holder_inner\"><span class=\"mkd_icon_stack mkd_tiny_icon  custom-font\" style=\"font-size: 24px;width: 58px;height: 58px;line-height: 58px;border-width: 0px;\"><i class=\"mkd_icon_font_awesome fa fa-cogs icon_text_icon mkd_icon_stack_1x\" style=\"font-size: 24px;\" ><\/i><\/span><\/div><\/div><div class=\"icon_text_holder\" style=\"padding-left: 84px;\"><div class=\"icon_title_inner_holder\"><h5 class=\"icon_title \" style=\"\">T\u00fcrmodelle<\/h5><\/div><div class=\"icon_text_inner\" style=\"\"><p style=''>Guillotine-T\u00fcr, manuelle T\u00fcr, Glast\u00fcr, Doppelt\u00fcr<\/p><\/div><\/div><\/div>[vc_separator type=&#8221;transparent&#8221; up=&#8221;20&#8243; down=&#8221;0&#8243;]<div class='mkd_icon_with_title tiny circle'><div class=\"icon_holder \" style=\" \"><div class=\"icon_holder_inner\"><span class=\"mkd_icon_stack mkd_tiny_icon  custom-font\" style=\"font-size: 24px;width: 58px;height: 58px;line-height: 58px;border-width: 0px;\"><i class=\"mkd_icon_font_awesome fa fa-cogs icon_text_icon mkd_icon_stack_1x\" style=\"font-size: 24px;\" ><\/i><\/span><\/div><\/div><div class=\"icon_text_holder\" style=\"padding-left: 84px;\"><div class=\"icon_title_inner_holder\"><h5 class=\"icon_title \" style=\"\">Knopfsystem<\/h5><\/div><div class=\"icon_text_inner\" style=\"\"><p style=''>Anruf-Versandsystem, Digitalanzeige<\/p><\/div><\/div><\/div>[vc_separator type=&#8221;transparent&#8221; up=&#8221;20&#8243; down=&#8221;0&#8243;][\/vc_column][vc_column width=&#8221;1\/2&#8243;]<div class='mkd_icon_with_title tiny circle'><div class=\"icon_holder \" style=\" \"><div class=\"icon_holder_inner\"><span class=\"mkd_icon_stack mkd_tiny_icon  custom-font\" style=\"font-size: 24px;width: 58px;height: 58px;line-height: 58px;border-width: 0px;\"><i class=\"mkd_icon_font_awesome fa fa-cogs icon_text_icon mkd_icon_stack_1x\" style=\"font-size: 24px;\" ><\/i><\/span><\/div><\/div><div class=\"icon_text_holder\" style=\"padding-left: 84px;\"><div class=\"icon_title_inner_holder\"><h5 class=\"icon_title \" style=\"\">Arbeitssystem<\/h5><\/div><div class=\"icon_text_inner\" style=\"\"><p style=''>Trommel, Gegengewicht, Palanga<\/p><\/div><\/div><\/div>[vc_separator type=&#8221;transparent&#8221; up=&#8221;20&#8243; down=&#8221;0&#8243;]<div class='mkd_icon_with_title tiny circle'><div class=\"icon_holder \" style=\" \"><div class=\"icon_holder_inner\"><span class=\"mkd_icon_stack mkd_tiny_icon  custom-font\" style=\"font-size: 24px;width: 58px;height: 58px;line-height: 58px;border-width: 0px;\"><i class=\"mkd_icon_font_awesome fa fa-cogs icon_text_icon mkd_icon_stack_1x\" style=\"font-size: 24px;\" ><\/i><\/span><\/div><\/div><div class=\"icon_text_holder\" style=\"padding-left: 84px;\"><div class=\"icon_title_inner_holder\"><h5 class=\"icon_title \" style=\"\">Kabinenmodell<\/h5><\/div><div class=\"icon_text_inner\" style=\"\"><p style=''>Edelstahlqualit\u00e4t 304, zus\u00e4tzlicher Zwischenboden im Schrank<\/p><\/div><\/div><\/div>[vc_separator type=&#8221;transparent&#8221; up=&#8221;20&#8243; down=&#8221;0&#8243;]<div class='mkd_icon_with_title tiny circle'><div class=\"icon_holder \" style=\" \"><div class=\"icon_holder_inner\"><span class=\"mkd_icon_stack mkd_tiny_icon  custom-font\" style=\"font-size: 24px;width: 58px;height: 58px;line-height: 58px;border-width: 0px;\"><i class=\"mkd_icon_font_awesome fa fa-cogs icon_text_icon mkd_icon_stack_1x\" style=\"font-size: 24px;\" ><\/i><\/span><\/div><\/div><div class=\"icon_text_holder\" style=\"padding-left: 84px;\"><div class=\"icon_title_inner_holder\"><h5 class=\"icon_title \" style=\"\">Steuerungssystem<\/h5><\/div><div class=\"icon_text_inner\" style=\"\"><p style=''>Elektronische Karte, eine Geschwindigkeit, Arkel ARL 100<\/p><\/div><\/div><\/div>[vc_separator type=&#8221;transparent&#8221; up=&#8221;20&#8243; down=&#8221;0&#8243;][\/vc_column][\/vc_row][vc_row row_type=&#8221;row&#8221; use_row_as_full_screen_section=&#8221;no&#8221; type=&#8221;grid&#8221; text_align=&#8221;left&#8221; css_animation=&#8221;&#8221; box_shadow_on_row=&#8221;no&#8221;][vc_column][vc_separator type=&#8221;transparent&#8221; up=&#8221;20&#8243; down=&#8221;0&#8243;][vc_column_text]<\/p>\n<h3>Serviceaufzug Eingang ANFAHRT<\/h3>\n<p>[\/vc_column_text][\/vc_column][\/vc_row][vc_row row_type=&#8221;row&#8221; use_row_as_full_screen_section=&#8221;no&#8221; type=&#8221;grid&#8221; text_align=&#8221;center&#8221; css_animation=&#8221;&#8221; box_shadow_on_row=&#8221;no&#8221;][vc_column width=&#8221;1\/3&#8243;][vc_single_image image=&#8221;11681&#8243; img_size=&#8221;full&#8221; alignment=&#8221;center&#8221; mkd_css_animation=&#8221;&#8221;][vc_separator type=&#8221;transparent&#8221; up=&#8221;20&#8243; down=&#8221;0&#8243;][vc_column_text]<\/p>\n<div class=\"wpb_text_column wpb_content_element \" style=\"text-align: center;\">\n<div class=\"wpb_wrapper\">\n<h5><a href=\"https:\/\/amadatech.com\/de\/food-elevator\/#\"><strong>EINWEG-EINTRITT<\/strong><\/a><\/h5>\n<\/div>\n<\/div>\n<p>[\/vc_column_text][vc_separator type=&#8221;transparent&#8221; up=&#8221;20&#8243; down=&#8221;0&#8243;][vc_column_text]<\/p>\n<div class=\"wpb_text_column wpb_content_element \">\n<div class=\"wpb_wrapper\">\n<p>Entrance iDer Eingang ist von jeder Etage aus in eine Richtung zug\u00e4nglich.s provided from one direction from each floor.<\/p>\n<\/div>\n<\/div>\n<p>[\/vc_column_text][vc_separator type=&#8221;transparent&#8221; up=&#8221;20&#8243; down=&#8221;0&#8243;][vc_separator type=&#8221;transparent&#8221; up=&#8221;20&#8243; down=&#8221;0&#8243;][\/vc_column][vc_column width=&#8221;1\/3&#8243;][vc_single_image image=&#8221;11677&#8243; img_size=&#8221;full&#8221; alignment=&#8221;center&#8221; mkd_css_animation=&#8221;&#8221;][vc_separator type=&#8221;transparent&#8221; up=&#8221;20&#8243; down=&#8221;0&#8243;][vc_column_text]<\/p>\n<div class=\"wpb_text_column wpb_content_element \" style=\"text-align: center;\">\n<div class=\"wpb_wrapper\">\n<h5><a href=\"https:\/\/amadatech.com\/de\/food-elevator\/#\"><strong>DOPPELTER GEGENSEITIGER EINGANG<\/strong><\/a><\/h5>\n<\/div>\n<\/div>\n<p>[\/vc_column_text][vc_separator type=&#8221;transparent&#8221; up=&#8221;20&#8243; down=&#8221;0&#8243;][vc_column_text]Vordereingang zu einer Etage und direkt gegen\u00fcber der anderen Etage.[\/vc_column_text][vc_separator type=&#8221;transparent&#8221; up=&#8221;20&#8243; down=&#8221;0&#8243;][vc_separator type=&#8221;transparent&#8221; up=&#8221;20&#8243; down=&#8221;0&#8243;][\/vc_column][vc_column width=&#8221;1\/3&#8243;][vc_single_image image=&#8221;11676&#8243; img_size=&#8221;full&#8221; alignment=&#8221;center&#8221; mkd_css_animation=&#8221;&#8221;][vc_separator type=&#8221;transparent&#8221; up=&#8221;20&#8243; down=&#8221;0&#8243;][vc_column_text]<\/p>\n<div class=\"wpb_text_column wpb_content_element \">\n<div class=\"wpb_wrapper\">\n<h5 style=\"text-align: center;\"><a href=\"https:\/\/amadatech.com\/de\/food-elevator\/#\"><strong>CROSS-ENTRY<\/strong><\/a><\/h5>\n<\/div>\n<\/div>\n<p>[\/vc_column_text][vc_separator type=&#8221;transparent&#8221; up=&#8221;20&#8243; down=&#8221;0&#8243;][vc_column_text]Eingang auf einer der Etagen und rechts oder links auf der anderen Etage.[\/vc_column_text][vc_separator type=&#8221;transparent&#8221; up=&#8221;20&#8243; down=&#8221;0&#8243;][vc_separator type=&#8221;transparent&#8221; up=&#8221;20&#8243; down=&#8221;0&#8243;][\/vc_column][\/vc_row][vc_row row_type=&#8221;row&#8221; use_row_as_full_screen_section=&#8221;no&#8221; type=&#8221;grid&#8221; text_align=&#8221;left&#8221; background_color=&#8221;#f6f5f5&#8243; border_top_color=&#8221;#f6f5f5&#8243; border_color=&#8221;#f6f5f5&#8243; css_animation=&#8221;&#8221; box_shadow_on_row=&#8221;no&#8221;][vc_column][vc_column_text]Wir wissen, dass das Bewegen schwerer Lasten mit Risiken verbunden sein kann. Deshalb bieten wir Ihnen sichere, zuverl\u00e4ssige und anpassungsf\u00e4hige Polleraufz\u00fcge, die all Ihren Anforderungen gerecht werden. Ganz gleich, ob Sie ein Unternehmen mit einem Lagerhaus vertreten, das viel Stauraum ben\u00f6tigt, oder eine Privatperson, die zu Hause etwas mehr Platz ben\u00f6tigt \u2013 wir helfen Ihnen gerne weiter. Unser Team arbeitet eng mit Ihnen zusammen, um sicherzustellen, dass Ihre spezifischen Anforderungen erf\u00fcllt werden und dass Ihr Poller Ihren Bed\u00fcrfnissen entspricht.[\/vc_column_text][vc_separator type=&#8221;transparent&#8221; up=&#8221;20&#8243; down=&#8221;0&#8243;][vc_column_text]Der K\u00fcchenaufzug sollte sich harmonisch in seine Umgebung einf\u00fcgen. Unser Konstruktionsb\u00fcro steht Ihnen gerne zur Verf\u00fcgung, um Ihnen verschiedene Konfigurationen und Ausf\u00fchrungen anzubieten. Wir bieten einen schl\u00fcsselfertigen Service f\u00fcr einen Serviceaufzug mit selbsttragender Stahlkonstruktion und einer Au\u00dfenverkleidung aus RAL-lackiertem Blech.[\/vc_column_text][vc_separator type=&#8221;transparent&#8221; up=&#8221;20&#8243; down=&#8221;0&#8243;][vc_separator type=&#8221;transparent&#8221; up=&#8221;20&#8243; down=&#8221;0&#8243;][\/vc_column][\/vc_row]<\/p>\n<\/section>","protected":false},"excerpt":{"rendered":"<p>[vc_row row_type=&#8221;row&#8221; use_row_as_full_screen_section=&#8221;no&#8221; type=&#8221;grid&#8221; text_align=&#8221;left&#8221; css_animation=&#8221;&#8221; box_shadow_on_row=&#8221;no&#8221;][vc_column][vc_column_text] Serviceaufzug [\/vc_column_text][\/vc_column][\/vc_row][vc_row row_type=&#8221;row&#8221; use_row_as_full_screen_section=&#8221;no&#8221; type=&#8221;grid&#8221; text_align=&#8221;left&#8221; padding_top=&#8221;30&#8243; padding_bottom=&#8221;4&#8243; css_animation=&#8221;&#8221; box_shadow_on_row=&#8221;no&#8221; oblique_section=&#8221;no&#8221; oblique_section_top_and_bottom=&#8221;both&#8221; oblique_section_position=&#8221;from_left_to_right&#8221; triangle_shape=&#8221;no&#8221; triangle_shape_position=&#8221;both&#8221;][vc_column width=&#8221;1\/3&#8243;][vc_column_text] Serviceaufzug Stahlkonstruktion inklusive [\/vc_column_text][vc_separator type=&#8221;transparent&#8221; up=&#8221;8&#8243; down=&#8221;0&#8243;][vc_column_text]Die f\u00fcr die Installation des Lastenaufzugs erforderlichen Stahlkonstruktionen sind in unserer Klausel enthalten. Die Frisur f\u00fcr&#8230;<\/p>\n","protected":false},"author":2,"featured_media":13229,"parent":0,"menu_order":0,"comment_status":"closed","ping_status":"closed","template":"","meta":{"footnotes":""},"class_list":["post-12070","page","type-page","status-publish","has-post-thumbnail","hentry"],"_links":{"self":[{"href":"https:\/\/amadatech.com\/de\/wp-json\/wp\/v2\/pages\/12070","targetHints":{"allow":["GET"]}}],"collection":[{"href":"https:\/\/amadatech.com\/de\/wp-json\/wp\/v2\/pages"}],"about":[{"href":"https:\/\/amadatech.com\/de\/wp-json\/wp\/v2\/types\/page"}],"author":[{"embeddable":true,"href":"https:\/\/amadatech.com\/de\/wp-json\/wp\/v2\/users\/2"}],"replies":[{"embeddable":true,"href":"https:\/\/amadatech.com\/de\/wp-json\/wp\/v2\/comments?post=12070"}],"version-history":[{"count":28,"href":"https:\/\/amadatech.com\/de\/wp-json\/wp\/v2\/pages\/12070\/revisions"}],"predecessor-version":[{"id":13238,"href":"https:\/\/amadatech.com\/de\/wp-json\/wp\/v2\/pages\/12070\/revisions\/13238"}],"wp:featuredmedia":[{"embeddable":true,"href":"https:\/\/amadatech.com\/de\/wp-json\/wp\/v2\/media\/13229"}],"wp:attachment":[{"href":"https:\/\/amadatech.com\/de\/wp-json\/wp\/v2\/media?parent=12070"}],"curies":[{"name":"wp","href":"https:\/\/api.w.org\/{rel}","templated":true}]}}