{"id":12044,"date":"2025-01-10T15:46:45","date_gmt":"2025-01-10T12:46:45","guid":{"rendered":"https:\/\/amadatech.com\/de\/?page_id=12044"},"modified":"2025-12-27T20:12:38","modified_gmt":"2025-12-27T17:12:38","slug":"speiseaufzug-aus-vollglas","status":"publish","type":"page","link":"https:\/\/amadatech.com\/de\/speiseaufzug-aus-vollglas\/","title":{"rendered":"Speiseaufzug aus Vollglas"},"content":{"rendered":"<section class=\"wpb-content-wrapper\"><p>[vc_row row_type=&#8221;row&#8221; use_row_as_full_screen_section=&#8221;no&#8221; type=&#8221;full_width&#8221; text_align=&#8221;left&#8221; css_animation=&#8221;&#8221; box_shadow_on_row=&#8221;no&#8221;][vc_column][vc_column_text css_params=&#8221;&#8221;]<\/p>\n<h1><span style=\"color: #0091de;\">Speiseaufzug aus Vollglas<\/span><\/h1>\n<p>[\/vc_column_text][vc_separator type=&#8221;normal&#8221; color=&#8221;white&#8221; css=&#8221;&#8221; css_params=&#8221;&#8221;][\/vc_column][\/vc_row][vc_row row_type=&#8221;row&#8221; use_row_as_full_screen_section=&#8221;no&#8221; type=&#8221;full_width&#8221; text_align=&#8221;left&#8221; css_animation=&#8221;&#8221; box_shadow_on_row=&#8221;no&#8221;][vc_column width=&#8221;2\/3&#8243;][vc_separator type=&#8221;normal&#8221; color=&#8221;white&#8221; css=&#8221;&#8221; css_params=&#8221;&#8221;][vc_video link=&#8221;https:\/\/youtu.be\/4l_8MAxEUuo&#8221; css_params=&#8221;&#8221;][vc_separator type=&#8221;normal&#8221; color=&#8221;white&#8221; css=&#8221;&#8221; css_params=&#8221;&#8221;][vc_separator type=&#8221;normal&#8221; color=&#8221;white&#8221; css=&#8221;&#8221; css_params=&#8221;&#8221;][vc_column_text css_params=&#8221;&#8221;]<\/p>\n<div class=\"wpb_text_column wpb_content_element \">\n<div class=\"wpb_wrapper\">\n<div class=\"wpb_text_column wpb_content_element \">\n<div class=\"wpb_wrapper\">\n<p>AmadaTECH is proud to introduce the All-Glass Food Lift model, a cutting-edge concept representing the next generation of eco-friendly lifts. The lift has a luxurious exterior finish and is fully panoramic, with the cab and doors made entirely of glass. This lift is not just a product, it is a symbol of progress and innovation. It will be the perfect complement to any new endeavour, offering elegance and comfort that will exceed your expectations. Designed with our customers&#8217; needs in mind, Amada Tech lifts are ideal for enhancing comfort in your home or workplace, or for a major project.<\/p>\n<\/div>\n<\/div>\n<\/div>\n<\/div>\n<p>[\/vc_column_text][vc_separator type=&#8221;normal&#8221; color=&#8221;white&#8221; css=&#8221;&#8221; css_params=&#8221;&#8221;][\/vc_column][vc_column width=&#8221;1\/3&#8243;][vc_column_text css_params=&#8221;&#8221;]<\/p>\n<div class=\"wpb_text_column wpb_content_element \">\n<div class=\"wpb_wrapper\">\n<div class=\"wpb_text_column wpb_content_element \">\n<div class=\"wpb_wrapper\">\n<p>Das von AmadaTECH entwickelte vollst\u00e4ndig aus Glas gefertigte Aufzugdesign ist eine speziell angefertigte Panorama-Glasaufzugsl\u00f6sung (panoramic glass elevator) mit Glast\u00fcren, Glaskabine und Glasau\u00dfenverkleidung. Dieser Mini-Serviceaufzug (<a href=\"https:\/\/servisasansoru.com\" target=\"_blank\" rel=\"noopener\">Dumbwaiter<\/a>) vereint die f\u00fcr Luxusprojekte erforderlichen Eigenschaften \u00c4sthetik, Ger\u00e4uscharmut und moderne Technik.<\/p>\n<p>Mit seiner leisen Technologie, dem Panoramablick und den makellosen Details bietet er ein luxuri\u00f6ses Aufzugserlebnis, das in prestigetr\u00e4chtigen R\u00e4umlichkeiten wie Showrooms, Villen, Juweliergesch\u00e4ften, Kunstgalerien und Boutiquen den Unterschied ausmacht.<\/p>\n<p>AmadaTECH ist nicht nur ein Transportsystem, sondern ein Luxusaufzugdesign, das den Wert des Raumes steigert. Mit seiner auf Elevator-Technologie und architektonischem Design abgestimmten Konstruktion ist er die unverzichtbare L\u00f6sung f\u00fcr moderne Projekte.<\/p>\n<p>Dieser spezielle Glas-Speisenaufzug (<a href=\"https:\/\/amadatech.com\/de\/glass-food-elevator\/\" target=\"_blank\" rel=\"noopener\">glass dumbwaiter<\/a>)<br \/>\nvereint Sicherheit, Transparenz, innovative Technik und ein Premium-Gef\u00fchl<br \/>\nin einem einzigen Produkt und leistet damit einen Beitrag zur Architektur der Zukunft.<\/p>\n<p>Entworfen f\u00fcr Eleganz.<br \/>\nHergestellt f\u00fcr Perfektion.<br \/>\nAmadaTECH \u2013 Der Panoramaaufzug, der Luxus vervollst\u00e4ndigt.<\/p>\n<\/div>\n<\/div>\n<\/div>\n<\/div>\n<p>[\/vc_column_text][vc_separator type=&#8221;normal&#8221; color=&#8221;white&#8221; css=&#8221;&#8221; css_params=&#8221;&#8221;][\/vc_column][\/vc_row][vc_row row_type=&#8221;row&#8221; use_row_as_full_screen_section=&#8221;no&#8221; type=&#8221;full_width&#8221; text_align=&#8221;left&#8221; css_animation=&#8221;&#8221; box_shadow_on_row=&#8221;no&#8221;][vc_column][vc_column_text css_params=&#8221;&#8221;]<\/p>\n<h2>Speiseaufzug aus Vollglas<\/h2>\n<p>[\/vc_column_text][vc_separator type=&#8221;normal&#8221; color=&#8221;white&#8221; css=&#8221;&#8221; css_params=&#8221;&#8221;][vc_column_text css_params=&#8221;&#8221;]<strong>Design and customisation<\/strong><\/p>\n<p>The Amada Tech Special Series panoramic glass dining lift model was presented in full to our visitors for the first time in the lift sector at the Konya Elevator Fair.[\/vc_column_text][vc_separator type=&#8221;normal&#8221; color=&#8221;white&#8221; css=&#8221;&#8221; css_params=&#8221;&#8221;][\/vc_column][\/vc_row][vc_row row_type=&#8221;row&#8221; use_row_as_full_screen_section=&#8221;no&#8221; type=&#8221;full_width&#8221; text_align=&#8221;left&#8221; background_color=&#8221;#f6f5f5&#8243; border_top_color=&#8221;#f6f5f5&#8243; border_color=&#8221;#f6f5f5&#8243; css_animation=&#8221;&#8221; box_shadow_on_row=&#8221;no&#8221;][vc_column][vc_column_text css_params=&#8221;&#8221;]<\/p>\n<h3>Speiseaufzug aus Vollglas<\/h3>\n<p>[\/vc_column_text][vc_separator type=&#8221;normal&#8221; color=&#8221;white&#8221; css=&#8221;&#8221; css_params=&#8221;&#8221;][vc_column_text css_params=&#8221;&#8221;]<strong>Food Lifting Solutions<\/strong>[\/vc_column_text][vc_column_text css_params=&#8221;&#8221;]The dimensions of the food lift can be adjusted to suit the available space, enabling optimal performance and ease of use. These lifts are designed for applications such as food transportation and service in restaurants, cafes, hotels and other similar businesses. Their cleaning is straightforward due to their design. With a range of models to suit various tastes and needs, customers can select a model that aligns with their preferences and operational requirements. This also ensures visual harmony.Our maintenance services, carried out monthly and annually, extend to the prevention of problems and ensure the longevity of your lifts.[\/vc_column_text][vc_separator type=&#8221;normal&#8221; color=&#8221;white&#8221; css=&#8221;&#8221; css_params=&#8221;&#8221;][\/vc_column][\/vc_row][vc_row row_type=&#8221;row&#8221; use_row_as_full_screen_section=&#8221;no&#8221; type=&#8221;full_width&#8221; text_align=&#8221;left&#8221; css_animation=&#8221;&#8221; box_shadow_on_row=&#8221;no&#8221;][vc_column width=&#8221;1\/2&#8243;][vc_separator type=&#8221;normal&#8221; color=&#8221;white&#8221; css=&#8221;&#8221; css_params=&#8221;&#8221;][vc_video link=&#8221;https:\/\/youtu.be\/_ytrNszIpw0&#8243; css_params=&#8221;&#8221;][vc_separator type=&#8221;normal&#8221; color=&#8221;white&#8221; css=&#8221;&#8221; css_params=&#8221;&#8221;][\/vc_column][vc_column width=&#8221;1\/2&#8243;][vc_separator type=&#8221;normal&#8221; color=&#8221;white&#8221; css=&#8221;&#8221; css_params=&#8221;&#8221;][vc_column_text css_params=&#8221;&#8221;]<\/p>\n<h4>Speiseaufzug aus Vollglas<\/h4>\n<p>[\/vc_column_text][vc_separator type=&#8221;normal&#8221; color=&#8221;white&#8221; css=&#8221;&#8221; css_params=&#8221;&#8221;][vc_column_text css_params=&#8221;&#8221;]<strong>Service lift planning<\/strong>[\/vc_column_text][vc_column_text css_params=&#8221;&#8221;]<strong>Lift solutions<\/strong> Applications of service lifts Our service lifts are suitable for quiet and hygienic conditions in a variety of settings, including cafes, hotels, villas, restaurants, medical facilities, banks, jewellery stores, factories, and more. They serve from 2 to 15 floors within your company or facility, making them a suitable solution for areas that are only accessible by stairs.Our service lifts are the ideal solution for catering needs in cafes, restaurants, hotels, and villas. Our highly efficient dumbwaiters allow you to transport food, boxes, folders and medical supplies quickly and effortlessly to floors in hospitals.[\/vc_column_text][vc_separator type=&#8221;normal&#8221; color=&#8221;white&#8221; css=&#8221;&#8221; css_params=&#8221;&#8221;][\/vc_column][\/vc_row]<\/p>\n<\/section>","protected":false},"excerpt":{"rendered":"<p>[vc_row row_type=&#8221;row&#8221; use_row_as_full_screen_section=&#8221;no&#8221; type=&#8221;full_width&#8221; text_align=&#8221;left&#8221; css_animation=&#8221;&#8221; box_shadow_on_row=&#8221;no&#8221;][vc_column][vc_column_text css_params=&#8221;&#8221;] Speiseaufzug aus Vollglas [\/vc_column_text][vc_separator type=&#8221;normal&#8221; color=&#8221;white&#8221; css=&#8221;&#8221; css_params=&#8221;&#8221;][\/vc_column][\/vc_row][vc_row row_type=&#8221;row&#8221; use_row_as_full_screen_section=&#8221;no&#8221; type=&#8221;full_width&#8221; text_align=&#8221;left&#8221; css_animation=&#8221;&#8221; box_shadow_on_row=&#8221;no&#8221;][vc_column width=&#8221;2\/3&#8243;][vc_separator type=&#8221;normal&#8221; color=&#8221;white&#8221; css=&#8221;&#8221; css_params=&#8221;&#8221;][vc_video link=&#8221;https:\/\/youtu.be\/4l_8MAxEUuo&#8221; css_params=&#8221;&#8221;][vc_separator type=&#8221;normal&#8221; color=&#8221;white&#8221; css=&#8221;&#8221; css_params=&#8221;&#8221;][vc_separator type=&#8221;normal&#8221; color=&#8221;white&#8221; css=&#8221;&#8221; css_params=&#8221;&#8221;][vc_column_text css_params=&#8221;&#8221;] AmadaTECH is proud to introduce the All-Glass&#8230;<\/p>\n","protected":false},"author":2,"featured_media":13148,"parent":0,"menu_order":0,"comment_status":"closed","ping_status":"closed","template":"","meta":{"footnotes":""},"class_list":["post-12044","page","type-page","status-publish","has-post-thumbnail","hentry"],"_links":{"self":[{"href":"https:\/\/amadatech.com\/de\/wp-json\/wp\/v2\/pages\/12044","targetHints":{"allow":["GET"]}}],"collection":[{"href":"https:\/\/amadatech.com\/de\/wp-json\/wp\/v2\/pages"}],"about":[{"href":"https:\/\/amadatech.com\/de\/wp-json\/wp\/v2\/types\/page"}],"author":[{"embeddable":true,"href":"https:\/\/amadatech.com\/de\/wp-json\/wp\/v2\/users\/2"}],"replies":[{"embeddable":true,"href":"https:\/\/amadatech.com\/de\/wp-json\/wp\/v2\/comments?post=12044"}],"version-history":[{"count":13,"href":"https:\/\/amadatech.com\/de\/wp-json\/wp\/v2\/pages\/12044\/revisions"}],"predecessor-version":[{"id":13613,"href":"https:\/\/amadatech.com\/de\/wp-json\/wp\/v2\/pages\/12044\/revisions\/13613"}],"wp:featuredmedia":[{"embeddable":true,"href":"https:\/\/amadatech.com\/de\/wp-json\/wp\/v2\/media\/13148"}],"wp:attachment":[{"href":"https:\/\/amadatech.com\/de\/wp-json\/wp\/v2\/media?parent=12044"}],"curies":[{"name":"wp","href":"https:\/\/api.w.org\/{rel}","templated":true}]}}