{"id":12023,"date":"2025-01-10T14:50:50","date_gmt":"2025-01-10T11:50:50","guid":{"rendered":"https:\/\/amadatech.com\/de\/?page_id=12023"},"modified":"2025-12-15T16:09:14","modified_gmt":"2025-12-15T13:09:14","slug":"glas-lebensmittelaufzug","status":"publish","type":"page","link":"https:\/\/amadatech.com\/de\/glas-lebensmittelaufzug\/","title":{"rendered":"Glas-Lebensmittelaufzug"},"content":{"rendered":"<section class=\"wpb-content-wrapper\"><p>[vc_row row_type=&#8221;row&#8221; use_row_as_full_screen_section=&#8221;no&#8221; type=&#8221;full_width&#8221; text_align=&#8221;left&#8221; css_animation=&#8221;&#8221; box_shadow_on_row=&#8221;no&#8221;][vc_column][vc_column_text css_params=&#8221;&#8221;]<\/p>\n<h1><span style=\"color: #0091de;\">Glas-Lebensmittelaufzug<\/span><\/h1>\n<p>[\/vc_column_text][vc_separator type=&#8221;normal&#8221; color=&#8221;white&#8221; css=&#8221;&#8221; css_params=&#8221;&#8221;][\/vc_column][\/vc_row][vc_row row_type=&#8221;row&#8221; use_row_as_full_screen_section=&#8221;no&#8221; type=&#8221;full_width&#8221; text_align=&#8221;left&#8221; css_animation=&#8221;&#8221; box_shadow_on_row=&#8221;no&#8221;][vc_column width=&#8221;2\/3&#8243;][vc_video link=&#8221;https:\/\/youtu.be\/6Xngi4lKEbY&#8221; css_params=&#8221;&#8221;][vc_separator type=&#8221;normal&#8221; color=&#8221;white&#8221; css=&#8221;&#8221; css_params=&#8221;&#8221;][\/vc_column][vc_column width=&#8221;1\/3&#8243;][vc_column_text css_params=&#8221;&#8221;]<\/p>\n<div class=\"wpb_text_column wpb_content_element \">\n<div class=\"wpb_wrapper\">\n<div class=\"wpb_text_column wpb_content_element \">\n<div class=\"wpb_wrapper\">\n<h4>Glas-Lebensmittelaufzug<\/h4>\n<\/div>\n<\/div>\n<\/div>\n<\/div>\n<p>[\/vc_column_text][vc_separator type=&#8221;normal&#8221; color=&#8221;white&#8221; css=&#8221;&#8221; css_params=&#8221;&#8221;][vc_column_text css_params=&#8221;&#8221;]<\/p>\n<div class=\"wpb_text_column wpb_content_element \">\n<div class=\"wpb_wrapper\">\n<div class=\"wpb_text_column wpb_content_element \">\n<div class=\"wpb_wrapper\">\n<p>Der Glas-<a href=\"https:\/\/amadatech.com\/de\/lebensmittelaufzug\/\" target=\"_blank\" rel=\"noopener\">Lebensmittelaufzug<\/a> ist eines der Spezialprodukte von <a href=\"https:\/\/amadatech.com\" target=\"_blank\" rel=\"noopener\">AmadaTECH<\/a>, ein luxuri\u00f6ses Lebensmittelaufzugsmodell, das in einem vollst\u00e4ndig panoramischen Stil mit einer Glaskabine und -t\u00fcr gestaltet ist. Dieser Glasaufzug repr\u00e4sentiert die neue Generation unserer nachhaltigen Aufz\u00fcge. Entdecken Sie den Aufzug, der Sie bei allen neuen Unternehmungen Ihres Lebens begleiten wird und stilvolles Design mit Komfort verbindet. Amada Tech wurde entwickelt, um Ihren Bed\u00fcrfnissen gerecht zu werden oder Ihr gro\u00dfes Projekt erschwinglicher zu machen, indem es den Komfort Ihres Zuhauses oder Arbeitsplatzes verbessert.<\/p>\n<\/div>\n<\/div>\n<\/div>\n<\/div>\n<p>[\/vc_column_text][vc_separator type=&#8221;normal&#8221; color=&#8221;white&#8221; css=&#8221;&#8221; css_params=&#8221;&#8221;][vc_column_text css_params=&#8221;&#8221;]<\/p>\n<div class=\"wpb_text_column wpb_content_element \">\n<div class=\"wpb_wrapper\">\n<div class=\"wpb_text_column wpb_content_element \">\n<div class=\"wpb_wrapper\">\n<p><strong>Glas-Lebensmittelaufzug <\/strong>Der Aufzug besteht aus Glas, einschlie\u00dflich seiner T\u00fcren, Kabine, Kabinent\u00fcr und Kabinenablage.<\/p>\n<\/div>\n<\/div>\n<\/div>\n<\/div>\n<p>[\/vc_column_text][\/vc_column][\/vc_row][vc_row row_type=&#8221;row&#8221; use_row_as_full_screen_section=&#8221;no&#8221; type=&#8221;full_width&#8221; text_align=&#8221;left&#8221; background_color=&#8221;#f6f5f5&#8243; border_top_color=&#8221;#f6f5f5&#8243; border_color=&#8221;#f6f5f5&#8243; css_animation=&#8221;&#8221; box_shadow_on_row=&#8221;no&#8221;][vc_column][vc_column_text css_params=&#8221;&#8221;]<\/p>\n<div class=\"wpb_text_column wpb_content_element \">\n<div class=\"wpb_wrapper\">\n<div class=\"wpb_text_column wpb_content_element \">\n<div class=\"wpb_wrapper\">\n<p>AmadaTECH ist eine innovative Marke, die weltweit f\u00fchrend in der Herstellung von Lebensmittelliften ist. Unser Unternehmen ist f\u00fcr seine Vorreiterrolle in diesem Bereich bekannt und bietet seinen Kunden schnelle und zuverl\u00e4ssige L\u00f6sungen, indem es stets fertige Produkte auf Lager h\u00e4lt. In unseren beiden modernen Produktionsst\u00e4tten in Istanbul und Konya f\u00fchren wir fortgeschrittene Studien zu Lifttechnologien der neuen Generation durch.<br \/>\nMit unserem starken F&amp;E-Team, erfahrenen Projektexperten und qualifizierten Ingenieuren bieten wir unseren Kunden die neueste Technologie im Bereich Lebensmittelaufz\u00fcge. AmadaTECH ist darauf spezialisiert, ma\u00dfgeschneiderte L\u00f6sungen f\u00fcr die Bed\u00fcrfnisse seiner Gesch\u00e4ftspartner anzubieten und nutzt dabei die Produktionsdienstleistungen von Originalger\u00e4teherstellern (OEM).<\/p>\n<\/div>\n<\/div>\n<\/div>\n<\/div>\n<p>[\/vc_column_text][vc_separator type=&#8221;normal&#8221; color=&#8221;white&#8221; css=&#8221;&#8221; css_params=&#8221;&#8221;][\/vc_column][\/vc_row][vc_row row_type=&#8221;row&#8221; use_row_as_full_screen_section=&#8221;no&#8221; type=&#8221;full_width&#8221; text_align=&#8221;left&#8221; background_color=&#8221;#f6f5f5&#8243; border_top_color=&#8221;#f6f5f5&#8243; border_color=&#8221;#f6f5f5&#8243; css_animation=&#8221;&#8221; box_shadow_on_row=&#8221;no&#8221;][vc_column width=&#8221;1\/2&#8243;][vc_column_text css_params=&#8221;&#8221;]<\/p>\n<h2>Glas-Lebensmittelaufzug<\/h2>\n<p>[\/vc_column_text][vc_separator type=&#8221;normal&#8221; color=&#8221;white&#8221; css=&#8221;&#8221; css_params=&#8221;&#8221;][vc_column_text css_params=&#8221;&#8221;]Wir erstellen Ihnen gerne einen kostenlosen Kostenvoranschlag f\u00fcr die Gr\u00f6\u00dfe Ihres Speisenaufzugs, damit die Produktion genau auf Ihren Platzbedarf zugeschnitten ist und Sie von einer unvergleichlichen Qualit\u00e4t profitieren. Aufz\u00fcge sind ein Muss f\u00fcr <a href=\"https:\/\/amadatech.com\/de\/speisenaufzug-fur-restaurants\/\" target=\"_blank\" rel=\"noopener\">Restaurants<\/a>, <a href=\"https:\/\/amadatech.com\/de\/serviceaufzug-fur-cafes\/\" target=\"_blank\" rel=\"noopener\">Caf\u00e9s<\/a>, Hotels und viele andere Unternehmen, damit diese m\u00fchelos k\u00f6stliche Speisen servieren k\u00f6nnen. Ein weiterer Vorteil ist, dass sie leicht zu reinigen sind, was ihre Attraktivit\u00e4t zus\u00e4tzlich erh\u00f6ht. Dank unserer gro\u00dfen Auswahl an Modellen k\u00f6nnen Sie ein Design w\u00e4hlen, das perfekt zu Ihrem Stil und Ihren Mobilit\u00e4tsanforderungen passt. Schaffen Sie visuelle Harmonie und bringen Sie Ihr Unternehmen auf ein neues Niveau![\/vc_column_text][vc_separator type=&#8221;normal&#8221; color=&#8221;white&#8221; css=&#8221;&#8221; css_params=&#8221;&#8221;][\/vc_column][vc_column width=&#8221;1\/2&#8243;][vc_video link=&#8221;https:\/\/youtu.be\/Pdal3opuAoo&#8221; css_params=&#8221;&#8221;][vc_separator type=&#8221;normal&#8221; color=&#8221;white&#8221; css=&#8221;&#8221; css_params=&#8221;&#8221;][\/vc_column][\/vc_row][vc_row row_type=&#8221;row&#8221; use_row_as_full_screen_section=&#8221;no&#8221; type=&#8221;full_width&#8221; text_align=&#8221;left&#8221; background_color=&#8221;#f6f5f5&#8243; border_top_color=&#8221;#f6f5f5&#8243; border_color=&#8221;#f6f5f5&#8243; css_animation=&#8221;&#8221; box_shadow_on_row=&#8221;no&#8221;][vc_column][vc_column_text css_params=&#8221;&#8221;]<\/p>\n<h3>Glas-Lebensmittelaufzug<\/h3>\n<p>[\/vc_column_text][vc_separator type=&#8221;normal&#8221; color=&#8221;white&#8221; css=&#8221;&#8221; css_params=&#8221;&#8221;][\/vc_column][\/vc_row][vc_row row_type=&#8221;row&#8221; use_row_as_full_screen_section=&#8221;no&#8221; type=&#8221;full_width&#8221; text_align=&#8221;left&#8221; background_color=&#8221;#f6f5f5&#8243; border_top_color=&#8221;#f6f5f5&#8243; border_color=&#8221;#f6f5f5&#8243; css_animation=&#8221;&#8221; box_shadow_on_row=&#8221;no&#8221;][vc_column][vc_column_text css_params=&#8221;&#8221;]AmadaTECH. Wo Technik auf Eleganz trifft. Als eines der besonderen Konzeptprodukte von AmadaTECH handelt es sich hierbei um einen luxuri\u00f6sen Speisenaufzug, der mit seiner Glaskabine und -t\u00fcr in einem vollst\u00e4ndig panoramischen Stil gestaltet ist und f\u00fcr Villen, Luxuswohnungen und gehobene Gastronomiebetriebe konzipiert wurde. Dieser Glasaufzug repr\u00e4sentiert die neue Generation unserer nachhaltigen Aufz\u00fcge. Ger\u00e4uschloser Lauf. Reibungslose Leistung. Jedes Detail wurde sorgf\u00e4ltig auf visuelle Harmonie und einwandfreie Funktionalit\u00e4t ausgelegt. Ma\u00dfgeschneidert, um Ihre Inneneinrichtung zu erg\u00e4nzen. Er vereint \u00c4sthetik, Technologie und Pr\u00e4zisionstechnik. Amada Tech wurde entwickelt, um den Komfort Ihres Zuhauses oder Arbeitsplatzes zu verbessern, Ihre Bed\u00fcrfnisse zu erf\u00fcllen oder Ihr Gro\u00dfprojekt zug\u00e4nglicher zu machen.[\/vc_column_text][vc_separator type=&#8221;normal&#8221; color=&#8221;white&#8221; css=&#8221;&#8221; css_params=&#8221;&#8221;][\/vc_column][\/vc_row][vc_row row_type=&#8221;row&#8221; use_row_as_full_screen_section=&#8221;no&#8221; type=&#8221;full_width&#8221; text_align=&#8221;left&#8221; background_color=&#8221;#f6f5f5&#8243; border_top_color=&#8221;#f6f5f5&#8243; border_color=&#8221;#f6f5f5&#8243; css_animation=&#8221;&#8221; box_shadow_on_row=&#8221;no&#8221;][vc_column][vc_column_text css_params=&#8221;&#8221;]<\/p>\n<h3>Glas-Lebensmittelaufzug<\/h3>\n<p>[\/vc_column_text][vc_separator type=&#8221;normal&#8221; color=&#8221;white&#8221; css=&#8221;&#8221; css_params=&#8221;&#8221;][\/vc_column][\/vc_row][vc_row row_type=&#8221;row&#8221; use_row_as_full_screen_section=&#8221;no&#8221; type=&#8221;full_width&#8221; text_align=&#8221;left&#8221; css_animation=&#8221;&#8221; box_shadow_on_row=&#8221;no&#8221;][vc_column width=&#8221;1\/2&#8243;][vc_video link=&#8221;https:\/\/youtu.be\/xAczrW6PQqQ&#8221;][vc_separator type=&#8221;transparent&#8221;][\/vc_column][vc_column width=&#8221;1\/2&#8243;][vc_video link=&#8221;https:\/\/youtu.be\/ozChEbLY-8Q&#8221;][vc_separator type=&#8221;transparent&#8221;][\/vc_column][\/vc_row][vc_row row_type=&#8221;row&#8221; use_row_as_full_screen_section=&#8221;no&#8221; type=&#8221;full_width&#8221; text_align=&#8221;left&#8221; background_color=&#8221;#f6f5f5&#8243; border_top_color=&#8221;#f6f5f5&#8243; border_color=&#8221;#f6f5f5&#8243; css_animation=&#8221;&#8221; box_shadow_on_row=&#8221;no&#8221;][vc_column][vc_column_text css_params=&#8221;&#8221;]<strong>Glas-Lebensmittelaufzug <\/strong>AmadaTECH ist eine innovative Marke, die weltweit f\u00fchrend in der Herstellung von Lebensmittel aufz\u00fcgen ist. Unser Unternehmen, das f\u00fcr seine bahnbrechende Identit\u00e4t in diesem Sektor bekannt ist, bietet seinen Kunden schnelle und zuverl\u00e4ssige L\u00f6sungen, indem es stets fertige Produkte auf Lager h\u00e4lt. In unseren beiden modernen Produktionsst\u00e4tten in Istanbul und Konya f\u00fchren wir fortschrittliche Studien zu Aufzugs technologien der neuen Generation durch.<br \/>\nMit unserem starken F&amp;E-Team, erfahrenen Projektexperten und kompetenten Ingenieuren bieten wir unseren Kunden die neueste Technologie f\u00fcr Lebensmittelaufz\u00fcge. AmadaTECH aufzug[\/vc_column_text][vc_separator type=&#8221;normal&#8221; color=&#8221;white&#8221; css=&#8221;&#8221; css_params=&#8221;&#8221;][\/vc_column][\/vc_row][vc_row row_type=&#8221;row&#8221; use_row_as_full_screen_section=&#8221;no&#8221; type=&#8221;full_width&#8221; text_align=&#8221;left&#8221; css_animation=&#8221;&#8221; box_shadow_on_row=&#8221;no&#8221;][vc_column width=&#8221;1\/2&#8243;][vc_separator type=&#8221;normal&#8221; color=&#8221;white&#8221; css=&#8221;&#8221; css_params=&#8221;&#8221;][vc_video link=&#8221;https:\/\/youtu.be\/v-ktvqY-DcI?si=gLdxbk-jqd3M_MaX&#8221; css_params=&#8221;&#8221;][vc_separator type=&#8221;normal&#8221; color=&#8221;white&#8221; css=&#8221;&#8221; css_params=&#8221;&#8221;][\/vc_column][vc_column width=&#8221;1\/2&#8243;][vc_separator type=&#8221;normal&#8221; color=&#8221;white&#8221; css=&#8221;&#8221; css_params=&#8221;&#8221;][vc_column_text css_params=&#8221;&#8221;]<\/p>\n<h4>Glas-Lebensmittelaufzug<\/h4>\n<p>[\/vc_column_text][vc_separator type=&#8221;normal&#8221; color=&#8221;white&#8221; css=&#8221;&#8221; css_params=&#8221;&#8221;][vc_column_text css_params=&#8221;&#8221;]<\/p>\n<h4>Planung eines Lebensmittelaufzugs<\/h4>\n<p>[\/vc_column_text][vc_separator type=&#8221;normal&#8221; color=&#8221;white&#8221; css=&#8221;&#8221; css_params=&#8221;&#8221;][vc_column_text css_params=&#8221;&#8221;]<a href=\"https:\/\/foodelevator.com\/\" target=\"_blank\" rel=\"noopener\">Lebensmittelaufz\u00fcge<\/a>: die perfekte L\u00f6sung f\u00fcr eine ruhige und hygienische Umgebung. Unsere Lastenaufz\u00fcge sind die ideale Wahl f\u00fcr eine Vielzahl von Umgebungen, darunter Caf\u00e9s, Hotels, Villen, Restaurants, medizinische Einrichtungen, Banken, Juweliergesch\u00e4fte, Fabriken und vieles mehr. Sie bedienen nahtlos 2 bis 15 Stockwerke in Ihrem Unternehmen oder Ihrer Einrichtung und eignen sich daher ideal f\u00fcr Bereiche, die \u00fcber Treppen nicht erreichbar sind. Unsere Lastenaufz\u00fcge sind die perfekte L\u00f6sung f\u00fcr Caf\u00e9s, Restaurants, Hotels und Villen, da Sie damit m\u00fchelos Lebensmittel, Kartons, Akten und medizinische G\u00fcter zwischen den Stockwerken in Krankenh\u00e4usern transportieren k\u00f6nnen.[\/vc_column_text][vc_separator type=&#8221;transparent&#8221;][\/vc_column][\/vc_row]<\/p>\n<\/section>","protected":false},"excerpt":{"rendered":"<p>[vc_row row_type=&#8221;row&#8221; use_row_as_full_screen_section=&#8221;no&#8221; type=&#8221;full_width&#8221; text_align=&#8221;left&#8221; css_animation=&#8221;&#8221; box_shadow_on_row=&#8221;no&#8221;][vc_column][vc_column_text css_params=&#8221;&#8221;] Glas-Lebensmittelaufzug [\/vc_column_text][vc_separator type=&#8221;normal&#8221; color=&#8221;white&#8221; css=&#8221;&#8221; css_params=&#8221;&#8221;][\/vc_column][\/vc_row][vc_row row_type=&#8221;row&#8221; use_row_as_full_screen_section=&#8221;no&#8221; type=&#8221;full_width&#8221; text_align=&#8221;left&#8221; css_animation=&#8221;&#8221; box_shadow_on_row=&#8221;no&#8221;][vc_column width=&#8221;2\/3&#8243;][vc_video link=&#8221;https:\/\/youtu.be\/6Xngi4lKEbY&#8221; css_params=&#8221;&#8221;][vc_separator type=&#8221;normal&#8221; color=&#8221;white&#8221; css=&#8221;&#8221; css_params=&#8221;&#8221;][\/vc_column][vc_column width=&#8221;1\/3&#8243;][vc_column_text css_params=&#8221;&#8221;] Glas-Lebensmittelaufzug [\/vc_column_text][vc_separator type=&#8221;normal&#8221; color=&#8221;white&#8221; css=&#8221;&#8221; css_params=&#8221;&#8221;][vc_column_text css_params=&#8221;&#8221;] Der Glas-Lebensmittelaufzug ist eines der Spezialprodukte von AmadaTECH, ein&#8230;<\/p>\n","protected":false},"author":2,"featured_media":13155,"parent":0,"menu_order":0,"comment_status":"closed","ping_status":"closed","template":"","meta":{"footnotes":""},"class_list":["post-12023","page","type-page","status-publish","has-post-thumbnail","hentry"],"_links":{"self":[{"href":"https:\/\/amadatech.com\/de\/wp-json\/wp\/v2\/pages\/12023","targetHints":{"allow":["GET"]}}],"collection":[{"href":"https:\/\/amadatech.com\/de\/wp-json\/wp\/v2\/pages"}],"about":[{"href":"https:\/\/amadatech.com\/de\/wp-json\/wp\/v2\/types\/page"}],"author":[{"embeddable":true,"href":"https:\/\/amadatech.com\/de\/wp-json\/wp\/v2\/users\/2"}],"replies":[{"embeddable":true,"href":"https:\/\/amadatech.com\/de\/wp-json\/wp\/v2\/comments?post=12023"}],"version-history":[{"count":17,"href":"https:\/\/amadatech.com\/de\/wp-json\/wp\/v2\/pages\/12023\/revisions"}],"predecessor-version":[{"id":13167,"href":"https:\/\/amadatech.com\/de\/wp-json\/wp\/v2\/pages\/12023\/revisions\/13167"}],"wp:featuredmedia":[{"embeddable":true,"href":"https:\/\/amadatech.com\/de\/wp-json\/wp\/v2\/media\/13155"}],"wp:attachment":[{"href":"https:\/\/amadatech.com\/de\/wp-json\/wp\/v2\/media?parent=12023"}],"curies":[{"name":"wp","href":"https:\/\/api.w.org\/{rel}","templated":true}]}}