{"id":12011,"date":"2025-01-09T22:29:05","date_gmt":"2025-01-09T19:29:05","guid":{"rendered":"https:\/\/amadatech.com\/de\/?page_id=12011"},"modified":"2025-12-24T19:29:01","modified_gmt":"2025-12-24T16:29:01","slug":"panorama-glasaufzug","status":"publish","type":"page","link":"https:\/\/amadatech.com\/de\/panorama-glasaufzug\/","title":{"rendered":"Panorama-Glasaufzug"},"content":{"rendered":"<section class=\"wpb-content-wrapper\"><p>[vc_row row_type=&#8221;row&#8221; use_row_as_full_screen_section=&#8221;no&#8221; type=&#8221;full_width&#8221; text_align=&#8221;left&#8221; css_animation=&#8221;&#8221; box_shadow_on_row=&#8221;no&#8221;][vc_column][vc_column_text]<\/p>\r\n<h1>Panorama-Glasaufzug<\/h1>\r\n<p>[\/vc_column_text][vc_column_text]<\/p>\r\n<p>Panorama-Glasaufzug f\u00fcr Villen AmadaTECH ist stolz darauf, unsere neueste Innovation im Aufzugsdesign vorstellen zu d\u00fcrfen: den Panorama-Glasaufzug f\u00fcr Villen. Dieses hochmoderne Aufzugsmodell ist ein Beweis f\u00fcr unser Engagement, die Aufzugsbranche zu revolutionieren. Die Kabine und die T\u00fcr sind im Panorama-Stil gestaltet und bestehen aus massivem Glas, wodurch sie eine unvergleichliche Transparenz und ein luxuri\u00f6ses Erlebnis bieten. Der Panorama-Glasaufzug f\u00fcr Villen ist das Spitzenmodell unserer neuen Aufzugsgeneration und verbindet Stabilit\u00e4t mit platzsparendem Design. Dieser Aufzug ist mehr als nur ein Transportmittel, er ist ein Symbol f\u00fcr Neuanf\u00e4nge und wurde elegant und ergonomisch gestaltet, um Ihren Lebensstil zu verbessern. Dieser Aufzug repr\u00e4sentiert eine neue Generation der Aufzugstechnologie, die speziell auf die Bed\u00fcrfnisse unserer Kunden zugeschnitten ist. AmadaTECH Villux wurde entwickelt, um den Komfort Ihres Zuhauses zu verbessern oder den Zugang zu Gro\u00dfprojekten zu erleichtern. Das System ist in hydraulischer oder MRL-Ausf\u00fchrung erh\u00e4ltlich, mit T\u00fcrmodellen wie manuellen Glast\u00fcren, vollautomatischen Glaspanelen und zentral \u00f6ffnenden Glaskabinen mit Vollverglasung. Forschung und Entwicklung, Design und Produktion werden von Amada TECH Elevator Inc. \u00fcbernommen.<\/p>\r\n<p>[\/vc_column_text][vc_column_text]<\/p>\r\n<p><p>[\/vc_column_text][vc_separator type=&#8221;transparent&#8221;][\/vc_column][\/vc_row][vc_row row_type=&#8221;row&#8221; use_row_as_full_screen_section=&#8221;no&#8221; type=&#8221;full_width&#8221; text_align=&#8221;left&#8221; css_animation=&#8221;&#8221; box_shadow_on_row=&#8221;no&#8221;][vc_column width=&#8221;1\/2&#8243;][vc_separator type=&#8221;transparent&#8221;][vc_video link=&#8221;https:\/\/youtu.be\/I5Syw-NfWeE&#8221;][vc_separator type=&#8221;transparent&#8221;][\/vc_column][vc_column width=&#8221;1\/2&#8243;][vc_column_text]<\/p>\n<h4>AmadaTECH Luxury Glass Lift | Wenn Technologie zu Architektur wird. Ultra-Luxus Panorama Glasaufzug<\/h4>\n<p>[\/vc_column_text][vc_separator type=&#8221;transparent&#8221;][vc_column_text]<\/p>\n<p><strong>Luxus beginnt dort, wo Technologie zu Kunst wird.<\/strong> Der AmadaTECH Luxury Glass Lift ist mehr als nur ein Aufzug. Die vollst\u00e4ndig aus Spider-Glas gefertigte Panorama-Kabine \u2013 Kabine, T\u00fcren und Au\u00dfenverkleidung \u2013 bietet kompromisslose Transparenz. Sicherheitsglas in Kristallklarheit, pr\u00e4zise Spider-Glasverbindungen und eine rahmenlose \u00c4sthetik, die fast in der Luft zu schweben scheint. Schlicht. Elegant. Zeitlos. Entwickelt f\u00fcr exklusive Villen, Luxushotels und ikonische Architekturprojekte. Ein Aufzug, der R\u00e4ume nicht nur erg\u00e4nzt, sondern sie definiert. AmadaTECH steht f\u00fcr speziell entwickelte Premium-L\u00f6sungen, h\u00f6chste Qualit\u00e4tsstandards und architektonische Perfektion aus Glas.<\/p>\n<p><strong>AmadaTECH Luxury Glass Series bringt Architektur auf den Gipfel des puren Luxus.<\/strong><\/p>\n<p>[\/vc_column_text][\/vc_column][\/vc_row][vc_row row_type=&#8221;row&#8221; use_row_as_full_screen_section=&#8221;no&#8221; type=&#8221;full_width&#8221; text_align=&#8221;left&#8221; css_animation=&#8221;&#8221; box_shadow_on_row=&#8221;no&#8221;][vc_column width=&#8221;1\/2&#8243;][vc_separator type=&#8221;transparent&#8221;][vc_video link=&#8221;https:\/\/youtu.be\/hADcvJ2gdXk&#8221;][vc_separator type=&#8221;transparent&#8221;][\/vc_column][vc_column width=&#8221;1\/2&#8243;][vc_separator type=&#8221;transparent&#8221;][vc_column_text]<\/p>\n<p>Der Panorama-Glas-Villa-Aufzug ist ein luxuri\u00f6ses Villa-Aufzugsmodell und eines der Spezialprodukte von AmadaTECH. Er zeichnet sich durch ein Panorama-Design aus, bei dem die Kabine und die T\u00fcr aus Glas gefertigt sind, was ihn zu einer einzigartigen und platzsparenden L\u00f6sung macht. Dieser Aufzug repr\u00e4sentiert die n\u00e4chste Generation nachhaltiger Aufz\u00fcge und verbindet \u00c4sthetik mit Funktionalit\u00e4t in modernen Geb\u00e4uden. Der Panorama-Glasaufzug f\u00fcr Villen zeichnet sich durch seine transparenten Glasw\u00e4nde und sein minimalistisches Design aus. Diese \u00c4sthetik wertet das Innere moderner Geb\u00e4ude auf und erm\u00f6glicht den Blick von au\u00dfen ins Innere. Die Funktionalit\u00e4t von Panorama-Glasaufz\u00fcgen tr\u00e4gt zu ihrem Design und ihrer Nutzung bei und macht sie sowohl in \u00e4sthetischer als auch in sicherheitstechnischer Hinsicht zu einem wichtigen Bestandteil moderner Architekturprojekte.<\/p>\n<p>[\/vc_column_text][\/vc_column][\/vc_row][vc_row row_type=&#8221;row&#8221; use_row_as_full_screen_section=&#8221;no&#8221; type=&#8221;grid&#8221; text_align=&#8221;left&#8221; padding_top=&#8221;55&#8243; padding_bottom=&#8221;23&#8243; css_animation=&#8221;&#8221; box_shadow_on_row=&#8221;no&#8221; oblique_section=&#8221;no&#8221; oblique_section_top_and_bottom=&#8221;both&#8221; oblique_section_position=&#8221;from_left_to_right&#8221; triangle_shape=&#8221;no&#8221; triangle_shape_position=&#8221;both&#8221;][vc_column width=&#8221;1\/2&#8243;][vc_video link=&#8221;https:\/\/youtu.be\/Lcl7ZTeYcho&#8221;][vc_separator type=&#8221;small&#8221; position=&#8221;left&#8221; up=&#8221;10&#8243; down=&#8221;31&#8243;][vc_video link=&#8221;https:\/\/youtu.be\/sbux1MiPjPM&#8221;][vc_separator type=&#8221;small&#8221; position=&#8221;left&#8221; up=&#8221;10&#8243; down=&#8221;31&#8243;][\/vc_column][vc_column width=&#8221;1\/2&#8243;][vc_column_text]<\/p>\n<h2>Panorama-Glasaufzug<\/h2>\n<p>[\/vc_column_text][vc_separator type=&#8221;small&#8221; position=&#8221;left&#8221; up=&#8221;10&#8243; down=&#8221;31&#8243;][vc_column_text]<\/p>\n<p>Panorama-Glasaufz\u00fcge sind speziell entwickelte Aufz\u00fcge, die die \u00c4sthetik und Funktionalit\u00e4t moderner Geb\u00e4ude vereinen. Hier sind die Vorteile dieser Aufz\u00fcge:<\/p>\n<p><strong>\u00c4sthetisches Erscheinungsbild:<\/strong><br \/>Panorama-Glasaufz\u00fcge fallen durch ihre transparenten Glasw\u00e4nde und ihr minimalistisches Design auf. Sie verleihen Geb\u00e4uden ein modernes Ambiente und erm\u00f6glichen den Blick von au\u00dfen in den Innenraum, wodurch die Nutzer eine angenehme Aussicht genie\u00dfen k\u00f6nnen. Dies ist besonders in Hochh\u00e4usern von Vorteil.<\/p>\n<p>[\/vc_column_text][vc_separator type=&#8221;small&#8221; position=&#8221;left&#8221; up=&#8221;10&#8243; down=&#8221;31&#8243;][vc_column_text]<\/p>\n<p><strong>Gro\u00dfer Raum:<\/strong><br \/>Diese Aufz\u00fcge verf\u00fcgen \u00fcber eine gr\u00f6\u00dfere Fl\u00e4che als herk\u00f6mmliche Modelle, was zu einer h\u00f6heren Tragf\u00e4higkeit f\u00fchrt. Sie bieten einen ger\u00e4umigeren Innenraum, in dem sich die Benutzer bequem bewegen k\u00f6nnen. Mehrwert: Panorama-Glasaufz\u00fcge steigern den Wert von Geb\u00e4uden, da ihr \u00e4sthetisches Erscheinungsbild und ihre Benutzerfreundlichkeit f\u00fcr Geb\u00e4udeeigent\u00fcmer und Nutzer wichtig sind. Sie werden besonders in Luxuswohnprojekten bevorzugt und steigern den Wert der Immobilie. Visuelles Erlebnis: Benutzer k\u00f6nnen w\u00e4hrend der Fahrt in diesen Aufz\u00fcgen die Aussicht genie\u00dfen. Sie bieten ein einzigartiges Erlebnis an Sehensw\u00fcrdigkeiten oder Aussichtst\u00fcrmen. Glaspanele erhellen den Innenraum und schaffen eine gro\u00dfz\u00fcgige Atmosph\u00e4re. Moderne Technologie und Sicherheit: Panorama-Glasaufz\u00fcge sind mit hochmodernen Sicherheitssystemen ausgestattet. Die Sicherheit der Benutzer hat oberste Priorit\u00e4t. Es werden langlebige Materialien wie Glas, Stahl und Aluminium verwendet.<\/p>\n<p>[\/vc_column_text][\/vc_column][\/vc_row][vc_row row_type=&#8221;row&#8221; use_row_as_full_screen_section=&#8221;no&#8221; type=&#8221;grid&#8221; text_align=&#8221;left&#8221; css_animation=&#8221;&#8221; box_shadow_on_row=&#8221;no&#8221;][vc_column][vc_column_text]<\/p>\n<h3>Panorama-Glasaufzug<\/h3>\n<p>[\/vc_column_text][vc_separator type=&#8221;transparent&#8221; up=&#8221;20&#8243; down=&#8221;0&#8243;][vc_column_text]<\/p>\n<div class=\"vc_row wpb_row row top-row\">\n<div class=\"vc_column_container col-md-12\">\n<div class=\"wpb_wrapper vc_column-inner\">\n<div class=\"wpb_text_column wpb_content_element \">\n<div class=\"wpb_wrapper\">\n<p>Design und \u00c4sthetik: Panorama-Glasaufz\u00fcge zeichnen sich durch transparente Glasw\u00e4nde und ein minimalistisches Design aus, wodurch sie modernen Geb\u00e4uden einen \u00e4sthetischen Mehrwert verleihen und den Blick von au\u00dfen ins Innere erm\u00f6glichen. Die Glasw\u00e4nde erm\u00f6glichen den Nutzern eine komfortable Aussicht, was insbesondere in Hochh\u00e4usern gesch\u00e4tzt wird. Glasfassaden und Halterungen: <a href=\"https:\/\/amadatech.com\/de\/die-besten-hausaufzuge-fur-luxusimmobilien\/\" target=\"_blank\" rel=\"noopener\">Panorama-Glasaufz\u00fcge<\/a> lassen sich harmonisch mit Glasfassaden kombinieren, die Geb\u00e4uden ein modernes Aussehen verleihen.<br \/>Die Halterungen halten die Glasplatten sicher fest und gew\u00e4hrleisten die Stabilit\u00e4t des Aufzugs. Panorama-Halterungen verbinden und befestigen die Glasplatten an den F\u00fchrungsschienen. Anwendungen:<\/p>\n<\/div>\n<\/div>\n<\/div>\n<\/div>\n<\/div>\n<p>[\/vc_column_text][vc_separator type=&#8221;transparent&#8221; up=&#8221;20&#8243; down=&#8221;0&#8243;][\/vc_column][\/vc_row][vc_row row_type=&#8221;row&#8221; use_row_as_full_screen_section=&#8221;no&#8221; type=&#8221;grid&#8221; text_align=&#8221;left&#8221; css_animation=&#8221;&#8221; box_shadow_on_row=&#8221;no&#8221;][vc_column][vc_column_text]<\/p>\n<h3>Panorama-Glasaufzug<\/h3>\n<p>[\/vc_column_text][vc_separator type=&#8221;transparent&#8221; up=&#8221;20&#8243; down=&#8221;0&#8243;][\/vc_column][\/vc_row][vc_row row_type=&#8221;row&#8221; use_row_as_full_screen_section=&#8221;no&#8221; type=&#8221;grid&#8221; text_align=&#8221;left&#8221; css_animation=&#8221;&#8221; box_shadow_on_row=&#8221;no&#8221;][vc_column width=&#8221;1\/3&#8243;][vc_video link=&#8221;https:\/\/youtube.com\/shorts\/zYYEAp4DPBU&#8221;][vc_separator type=&#8221;transparent&#8221; up=&#8221;20&#8243; down=&#8221;0&#8243;][\/vc_column][vc_column width=&#8221;1\/3&#8243;][vc_video link=&#8221;https:\/\/youtube.com\/shorts\/usgN0DbD2SM&#8221;][vc_separator type=&#8221;transparent&#8221; up=&#8221;20&#8243; down=&#8221;0&#8243;][\/vc_column][vc_column width=&#8221;1\/3&#8243;][vc_video link=&#8221;https:\/\/youtube.com\/shorts\/NOc4aa2Lscw&#8221;][vc_separator type=&#8221;transparent&#8221; up=&#8221;20&#8243; down=&#8221;0&#8243;][\/vc_column][\/vc_row][vc_row row_type=&#8221;row&#8221; use_row_as_full_screen_section=&#8221;no&#8221; type=&#8221;grid&#8221; text_align=&#8221;left&#8221; css_animation=&#8221;&#8221; box_shadow_on_row=&#8221;no&#8221;][vc_column][vc_column_text]<\/p>\n<div class=\"vc_row wpb_row row top-row\">\n<div class=\"vc_column_container col-md-12\">\n<div class=\"wpb_wrapper vc_column-inner\">\n<div class=\"wpb_text_column wpb_content_element \">\n<div class=\"wpb_wrapper\">\n<p>Panorama-Glasaufz\u00fcge finden in verschiedenen Bereichen Anwendung:<br \/>B\u00fcrogeb\u00e4ude: Moderne B\u00fcrogeb\u00e4ude bevorzugen Aufz\u00fcge mit transparentem Glas.<br \/>Luxuswohnungen: Werden verwendet, um die Aussicht in Luxuswohnungen hervorzuheben.<br \/>Touristenattraktionen: Aussichtst\u00fcrme und Sehensw\u00fcrdigkeiten bieten Besuchern eine Reise mit atemberaubenden Ausblicken.<br \/>Kunstgalerien und Museen: Beleuchtet und sch\u00fctzt den Innenraum bei der Ausstellung von Kunstwerken.<br \/>Sicherheit und Wartung: Die Sicherheit von Panorama-Glasaufz\u00fcgen wird durch ordnungsgem\u00e4\u00dfe Installation und Wartung gew\u00e4hrleistet. Regelm\u00e4\u00dfige Wartung verbessert ihre Leistung und gew\u00e4hrleistet Langlebigkeit.<br \/>Technologische Fortschritte: Die neue Generation von Panorama-<a href=\"https:\/\/villaasansoru.com\" target=\"_blank\" rel=\"noopener\">Glasaufz\u00fcgen<\/a> ist energieeffizienter und umweltfreundlicher geworden. Automatische Steuerungssysteme verbessern das Benutzererlebnis. Panorama-Glasaufz\u00fcge spielen eine wichtige Rolle in modernen Architekturprojekten und steigern den Wert von Geb\u00e4uden.<\/p>\n<p>Die Vorteile von <a href=\"https:\/\/villux.com.tr\" target=\"_blank\" rel=\"noopener\">Panorama-Glasaufz\u00fcgen<\/a> tragen zur Funktionalit\u00e4t, zum Design und zu den Einsatzbereichen von Spider-Glasaufz\u00fcgen bei. In modernen Architekturprojekten spielen diese Aufz\u00fcge eine wichtige Rolle in Bezug auf \u00c4sthetik und Sicherheit.<\/p>\n<\/div>\n<\/div>\n<\/div>\n<\/div>\n<\/div>\n<p>[\/vc_column_text][vc_separator type=&#8221;transparent&#8221; up=&#8221;20&#8243; down=&#8221;0&#8243;][\/vc_column][\/vc_row][vc_row row_type=&#8221;row&#8221; use_row_as_full_screen_section=&#8221;no&#8221; type=&#8221;grid&#8221; text_align=&#8221;left&#8221; css_animation=&#8221;&#8221; box_shadow_on_row=&#8221;no&#8221;][vc_column][vc_column_text]<\/p>\n<div class=\"vc_row wpb_row row top-row\">\n<div class=\"vc_column_container col-md-12\">\n<div class=\"wpb_wrapper vc_column-inner\">\n<div class=\"wpb_text_column wpb_content_element \">\n<div class=\"wpb_wrapper\">\n<p>Office Buildings and Shopping Malls:<br \/>Modern office buildings and shopping malls often feature spider glass elevators. These elevators enhance the aesthetic appeal of buildings with their transparent glass panels and minimalist design, combining functionality and visual appeal in the workplace.<br \/>Luxury Hotels and Residences:<br \/>Luxury hotels and residential complexes frequently utilise spider glass elevators. These elevators provide guests with the opportunity to enjoy the views in comfort, particularly in high-rise luxury apartments.<br \/>Tourist Attractions and Observation Towers:<br \/>In tourist attractions and observation towers, glass-beam elevators offer visitors a journey with magnificent views, as can be seen at iconic buildings such as the Eiffel Tower or the Burj Khalifa.Art Galleries and Museums:<br \/>Art galleries and museums design spider glass elevators to match the works on display, with glass panels illuminating the interior from the outside while protecting the artworks inside.Airports and Train Stations:<br \/>These elevators facilitate efficient movement between floors, enhancing the passenger experience with unobstructed views.The use of panoramic glass elevators in various settings demonstrates their versatility and growing importance in modern architecture.<\/p>\n<\/div>\n<\/div>\n<\/div>\n<\/div>\n<\/div>\n<p>[\/vc_column_text][vc_separator type=&#8221;transparent&#8221; up=&#8221;20&#8243; down=&#8221;0&#8243;][\/vc_column][\/vc_row]<\/p>\n<\/section>","protected":false},"excerpt":{"rendered":"<p>[vc_row row_type=&#8221;row&#8221; use_row_as_full_screen_section=&#8221;no&#8221; type=&#8221;full_width&#8221; text_align=&#8221;left&#8221; css_animation=&#8221;&#8221; box_shadow_on_row=&#8221;no&#8221;][vc_column][vc_column_text] Panorama-Glasaufzug [\/vc_column_text][vc_column_text] Panorama-Glasaufzug f\u00fcr Villen AmadaTECH ist stolz darauf, unsere neueste Innovation im Aufzugsdesign vorstellen zu d\u00fcrfen: den Panorama-Glasaufzug f\u00fcr Villen. Dieses hochmoderne Aufzugsmodell ist ein Beweis f\u00fcr unser Engagement, die Aufzugsbranche zu revolutionieren. Die Kabine und die&#8230;<\/p>\n","protected":false},"author":2,"featured_media":13111,"parent":0,"menu_order":0,"comment_status":"closed","ping_status":"closed","template":"","meta":{"footnotes":""},"class_list":["post-12011","page","type-page","status-publish","has-post-thumbnail","hentry"],"_links":{"self":[{"href":"https:\/\/amadatech.com\/de\/wp-json\/wp\/v2\/pages\/12011","targetHints":{"allow":["GET"]}}],"collection":[{"href":"https:\/\/amadatech.com\/de\/wp-json\/wp\/v2\/pages"}],"about":[{"href":"https:\/\/amadatech.com\/de\/wp-json\/wp\/v2\/types\/page"}],"author":[{"embeddable":true,"href":"https:\/\/amadatech.com\/de\/wp-json\/wp\/v2\/users\/2"}],"replies":[{"embeddable":true,"href":"https:\/\/amadatech.com\/de\/wp-json\/wp\/v2\/comments?post=12011"}],"version-history":[{"count":21,"href":"https:\/\/amadatech.com\/de\/wp-json\/wp\/v2\/pages\/12011\/revisions"}],"predecessor-version":[{"id":13591,"href":"https:\/\/amadatech.com\/de\/wp-json\/wp\/v2\/pages\/12011\/revisions\/13591"}],"wp:featuredmedia":[{"embeddable":true,"href":"https:\/\/amadatech.com\/de\/wp-json\/wp\/v2\/media\/13111"}],"wp:attachment":[{"href":"https:\/\/amadatech.com\/de\/wp-json\/wp\/v2\/media?parent=12011"}],"curies":[{"name":"wp","href":"https:\/\/api.w.org\/{rel}","templated":true}]}}