{"id":11990,"date":"2025-01-09T22:05:20","date_gmt":"2025-01-09T19:05:20","guid":{"rendered":"https:\/\/amadatech.com\/de\/?page_id=11990"},"modified":"2025-12-15T12:50:13","modified_gmt":"2025-12-15T09:50:13","slug":"villa-aufzug-mit-automatischer-tur","status":"publish","type":"page","link":"https:\/\/amadatech.com\/de\/villa-aufzug-mit-automatischer-tur\/","title":{"rendered":"Villa-Aufzug mit automatischer T\u00fcr"},"content":{"rendered":"<section class=\"wpb-content-wrapper\"><p>[vc_row row_type=&#8221;row&#8221; use_row_as_full_screen_section=&#8221;no&#8221; type=&#8221;full_width&#8221; text_align=&#8221;left&#8221; css_animation=&#8221;&#8221; box_shadow_on_row=&#8221;no&#8221;][vc_column][vc_column_text]<\/p>\r\n<p><p>[\/vc_column_text][\/vc_column][\/vc_row][vc_row row_type=&#8221;row&#8221; use_row_as_full_screen_section=&#8221;no&#8221; type=&#8221;grid&#8221; text_align=&#8221;left&#8221; padding_top=&#8221;55&#8243; padding_bottom=&#8221;23&#8243; css_animation=&#8221;&#8221; box_shadow_on_row=&#8221;no&#8221; oblique_section=&#8221;no&#8221; oblique_section_top_and_bottom=&#8221;both&#8221; oblique_section_position=&#8221;from_left_to_right&#8221; triangle_shape=&#8221;no&#8221; triangle_shape_position=&#8221;both&#8221;][vc_column width=&#8221;1\/2&#8243;][vc_video link=&#8221;https:\/\/youtu.be\/trcxbvKDco4?si=tOE-kv4r_r9Ozhxu&#8221;][\/vc_column][vc_column width=&#8221;1\/2&#8243;][vc_column_text]<\/p>\n<h1>Villa-Aufzug mit automatischer T\u00fcr<\/h1>\n<p>[\/vc_column_text][vc_column_text]<\/p>\n<p>AmadaTECH\u00ae shaftless lifts are quick, practical and easy to install as they are integrated into a self-supporting steel structure requiring no building work.Installation requirements for AmadaTECH shaftless lifts are very limited in the locations where they can be used; all that is needed is enough space to install the lift.The AmadaTECH\u00ae <a href=\"https:\/\/amadatech.com\/de\/villenaufzug\/\" target=\"_blank\" rel=\"noopener\">Villa Lift<\/a> with automatic door is a safe and reliable lift. The double-sided beam curtain (full length photocell) ensures that the car is smoothly stopped at the slightest movement, guaranteeing passenger safety.<\/p>\n<p>[\/vc_column_text][\/vc_column][\/vc_row][vc_row row_type=&#8221;row&#8221; use_row_as_full_screen_section=&#8221;no&#8221; type=&#8221;full_width&#8221; text_align=&#8221;left&#8221; css_animation=&#8221;&#8221; box_shadow_on_row=&#8221;no&#8221;][vc_column][vc_column_text]<\/p>\n<p>\n\r\n\r\n<p>[\/vc_column_text][\/vc_column][\/vc_row][vc_row row_type=&#8221;row&#8221; use_row_as_full_screen_section=&#8221;no&#8221; type=&#8221;full_width&#8221; text_align=&#8221;left&#8221; css_animation=&#8221;&#8221; box_shadow_on_row=&#8221;no&#8221;][vc_column][vc_column_text]<\/p>\n<p>\n\r\n\r\n<p>[\/vc_column_text][\/vc_column][\/vc_row][vc_row row_type=&#8221;row&#8221; use_row_as_full_screen_section=&#8221;no&#8221; type=&#8221;grid&#8221; text_align=&#8221;left&#8221; padding_top=&#8221;55&#8243; padding_bottom=&#8221;55&#8243; css_animation=&#8221;&#8221; box_shadow_on_row=&#8221;no&#8221; oblique_section=&#8221;no&#8221; oblique_section_top_and_bottom=&#8221;both&#8221; oblique_section_position=&#8221;from_left_to_right&#8221; triangle_shape=&#8221;no&#8221; triangle_shape_position=&#8221;both&#8221;][vc_column width=&#8221;1\/3&#8243;][vc_single_image image=&#8221;11999&#8243; img_size=&#8221;full&#8221; mkd_css_animation=&#8221;&#8221;][vc_separator type=&#8221;transparent&#8221;][vc_column_text]<\/p>\n<div class=\"wpb_text_column wpb_content_element \">\n<div class=\"wpb_wrapper\"><strong>EINFACHE INSTALLATION<\/strong><br \/>F\u00fcr die Installation eines automatischen T\u00fcrhebers sind keine gr\u00f6\u00dferen Bauarbeiten erforderlich, und die Installationszeit betr\u00e4gt in der Regel nur wenige Tage.<\/div>\n<\/div>\n<p>[\/vc_column_text][\/vc_column][vc_column width=&#8221;1\/3&#8243;][vc_single_image image=&#8221;11997&#8243; img_size=&#8221;full&#8221; mkd_css_animation=&#8221;&#8221;][vc_separator type=&#8221;transparent&#8221;][vc_column_text]<\/p>\n<p><strong>Villenaufzug<\/strong> Vorteile Niedriger Schachtboden, beliebige Gr\u00f6\u00dfe, keine Lizenz erforderlich, kein Maschinenraum erforderlich, Panorama-Modell, leise, sicher und zertifiziertes Produkt<\/p>\n<p>[\/vc_column_text][\/vc_column][vc_column width=&#8221;1\/3&#8243;][vc_single_image image=&#8221;12000&#8243; img_size=&#8221;full&#8221; mkd_css_animation=&#8221;&#8221;][vc_separator type=&#8221;transparent&#8221;][vc_column_text]<\/p>\n<p><strong>Designs auf Bestellung<\/strong> Es gibt eine Reihe von anpassbaren Optionen, darunter Stahl- und T\u00fcrfarben, Glas, Bodenbel\u00e4ge, Verkleidungen und vieles mehr.<\/p>\n<p>[\/vc_column_text][\/vc_column][\/vc_row][vc_row row_type=&#8221;row&#8221; use_row_as_full_screen_section=&#8221;no&#8221; type=&#8221;full_width&#8221; text_align=&#8221;left&#8221; css_animation=&#8221;&#8221; box_shadow_on_row=&#8221;no&#8221;][vc_column][vc_column_text]<\/p>\n<p>\n\r\n\r\n[\/vc_column_text][\/vc_column][\/vc_row][vc_row row_type=&#8221;row&#8221; use_row_as_full_screen_section=&#8221;no&#8221; type=&#8221;grid&#8221; text_align=&#8221;left&#8221; background_color=&#8221;#f6f5f5&#8243; padding_top=&#8221;59&#8243; padding_bottom=&#8221;18&#8243; css_animation=&#8221;&#8221; box_shadow_on_row=&#8221;no&#8221; oblique_section=&#8221;no&#8221; oblique_section_top_and_bottom=&#8221;both&#8221; oblique_section_position=&#8221;from_left_to_right&#8221; triangle_shape=&#8221;no&#8221; triangle_shape_position=&#8221;both&#8221;][vc_column width=&#8221;1\/2&#8243;]<div class='mkd_icon_with_title tiny circle'><div class=\"icon_holder \" style=\"margin: 0px 0px 60px 0px; \"><div class=\"icon_holder_inner\"><span class=\"mkd_icon_stack mkd_tiny_icon  custom-font\" style=\"font-size: 24px;color: #ffffff;width: 57px;height: 57px;line-height: 57px;background-color: #d34e35;border-width: 0px;\"><i class=\"mkd_icon_font_awesome fa fa-briefcase icon_text_icon mkd_icon_stack_1x\" style=\"font-size: 24px;\" ><\/i><\/span><\/div><\/div><div class=\"icon_text_holder\" style=\"padding-left: 90px;\"><div class=\"icon_title_inner_holder\"><h5 class=\"icon_title \" style=\"\">L\u00d6SUNGEN, DIE ZU IHRER ARCHITEKTONISCHEN STRUKTUR PASSEN<\/h5><\/div><div class=\"icon_text_inner\" style=\"\"><p style=''>Unsere Hausaufz\u00fcge passen sich Ihrem Zuhause an, nicht umgekehrt. Sie gestalten das Design ganz nach Ihren W\u00fcnschen, indem Sie das Aufzugsmodell, das Material und die Farben ausw\u00e4hlen, die zu Ihrem Stil und der Architektur Ihres Hauses passen. Wenn Sie unsere Hilfe ben\u00f6tigen, stehen wir Ihnen jederzeit mit Rat und Tat zur Seite.<\/p><\/div><\/div><\/div>[vc_separator type=&#8221;transparent&#8221; up=&#8221;20&#8243; down=&#8221;0&#8243;]<div class='mkd_icon_with_title tiny circle'><div class=\"icon_holder \" style=\"margin: 0px 0px 60px 0px; \"><div class=\"icon_holder_inner\"><span class=\"mkd_icon_stack mkd_tiny_icon  custom-font\" style=\"font-size: 24px;color: #ffffff;width: 57px;height: 57px;line-height: 57px;background-color: #d34e35;border-width: 0px;\"><i class=\"mkd_icon_font_awesome fa fa-car icon_text_icon mkd_icon_stack_1x\" style=\"font-size: 24px;\" ><\/i><\/span><\/div><\/div><div class=\"icon_text_holder\" style=\"padding-left: 90px;\"><div class=\"icon_title_inner_holder\"><h5 class=\"icon_title \" style=\"\">Hebel\u00f6sungen f\u00fcr Villen<\/h5><\/div><div class=\"icon_text_inner\" style=\"\"><p style=''>Der AmadaTECH-Hausaufzug passt perfekt in einen Raum, Flur oder Treppenabsatz. Mit seinem cleveren und eleganten Design, seinem leisen Betrieb, seiner geringen Stellfl\u00e4che und seiner einfachen Bedienung erf\u00fcllt er alle Anforderungen an einen Hausaufzug. Der Duplex-Hausaufzug ist au\u00dferdem energieeffizient und erfordert nur minimalen Wartungsaufwand.<\/p><\/div><\/div><\/div>[vc_separator type=&#8221;transparent&#8221; up=&#8221;20&#8243; down=&#8221;0&#8243;]<div class='mkd_icon_with_title tiny circle'><div class=\"icon_holder \" style=\"margin: 0px 0px 60px 0px; \"><div class=\"icon_holder_inner\"><span class=\"mkd_icon_stack mkd_tiny_icon  custom-font\" style=\"font-size: 24px;color: #ffffff;width: 57px;height: 57px;line-height: 57px;background-color: #d34e35;border-width: 0px;\"><i class=\"mkd_icon_font_awesome fa fa-shopping-cart icon_text_icon mkd_icon_stack_1x\" style=\"font-size: 24px;\" ><\/i><\/span><\/div><\/div><div class=\"icon_text_holder\" style=\"padding-left: 90px;\"><div class=\"icon_title_inner_holder\"><h5 class=\"icon_title \" style=\"\">Anpassbare Designs<\/h5><\/div><div class=\"icon_text_inner\" style=\"\"><p style=''>Jeder Hausaufzug wird nach Spezifikation gefertigt, um sicherzustellen, dass er f\u00fcr den vorgesehenen Zweck geeignet ist. Wir verwenden die neueste Technologie, um Entw\u00fcrfe mit 3D-Visualisierung zum Leben zu erwecken. Mit einer gro\u00dfen Auswahl an Stilen, RAL-Farben, Materialien und Oberfl\u00e4chen k\u00f6nnen wir Ihren perfekten Hausaufzug gestalten.<\/p><\/div><\/div><\/div>[vc_separator type=&#8221;transparent&#8221; up=&#8221;20&#8243; down=&#8221;0&#8243;][\/vc_column][vc_column width=&#8221;1\/2&#8243;]<div class='mkd_icon_with_title tiny circle'><div class=\"icon_holder \" style=\"margin: 0px 0px 60px 0px; \"><div class=\"icon_holder_inner\"><span class=\"mkd_icon_stack mkd_tiny_icon  custom-font\" style=\"font-size: 24px;color: #ffffff;width: 57px;height: 57px;line-height: 57px;background-color: #d34e35;border-width: 0px;\"><i class=\"mkd_icon_font_awesome fa fa-graduation-cap icon_text_icon mkd_icon_stack_1x\" style=\"font-size: 24px;\" ><\/i><\/span><\/div><\/div><div class=\"icon_text_holder\" style=\"padding-left: 90px;\"><div class=\"icon_title_inner_holder\"><h5 class=\"icon_title \" style=\"\">INTELLIGENTES MODULARES SYSTEM<\/h5><\/div><div class=\"icon_text_inner\" style=\"\"><p style=''>Unsere Hausaufz\u00fcge werden als vorgefertigte Module geliefert, was eine schnelle Lieferung und eine einfache und unkomplizierte Installation gew\u00e4hrleistet. Schnelle Produktion und Lieferung Installation in nur wenigen Tagen Reduzierte Arbeitskosten. Stahlkonstruktion und Au\u00dfenverglasung im Preis inbegriffen<\/p><\/div><\/div><\/div>[vc_separator type=&#8221;transparent&#8221; up=&#8221;20&#8243; down=&#8221;0&#8243;]<div class='mkd_icon_with_title tiny circle'><div class=\"icon_holder \" style=\"margin: 0px 0px 60px 0px; \"><div class=\"icon_holder_inner\"><span class=\"mkd_icon_stack mkd_tiny_icon  custom-font\" style=\"font-size: 24px;color: #ffffff;width: 57px;height: 57px;line-height: 57px;background-color: #d34e35;border-width: 0px;\"><i class=\"mkd_icon_font_awesome fa fa-camera-retro icon_text_icon mkd_icon_stack_1x\" style=\"font-size: 24px;\" ><\/i><\/span><\/div><\/div><div class=\"icon_text_holder\" style=\"padding-left: 90px;\"><div class=\"icon_title_inner_holder\"><h5 class=\"icon_title \" style=\"\">Weltklassequalit\u00e4t<\/h5><\/div><div class=\"icon_text_inner\" style=\"\"><p style=''>Der automatische Villa-Aufzug mit T\u00fcren zeichnet sich durch seine hochwertigen Komponenten, seine zuverl\u00e4ssige Konstruktion, seine Garantie und seinen \u00e4u\u00dferst g\u00fcnstigen Preis aus. Dieses \u00e4u\u00dferst preisg\u00fcnstige Produkt, das Ihre Sicherheit und die Ihrer Lieben gew\u00e4hrleistet, wird erheblich zu Ihrem Komfort beitragen.<\/p><\/div><\/div><\/div>[vc_separator type=&#8221;transparent&#8221; up=&#8221;20&#8243; down=&#8221;0&#8243;]<div class='mkd_icon_with_title tiny circle'><div class=\"icon_holder \" style=\"margin: 0px 0px 60px 0px; \"><div class=\"icon_holder_inner\"><span class=\"mkd_icon_stack mkd_tiny_icon  custom-font\" style=\"font-size: 24px;color: #ffffff;width: 57px;height: 57px;line-height: 57px;background-color: #d34e35;border-width: 0px;\"><i class=\"mkd_icon_font_awesome fa fa-cogs icon_text_icon mkd_icon_stack_1x\" style=\"font-size: 24px;\" ><\/i><\/span><\/div><\/div><div class=\"icon_text_holder\" style=\"padding-left: 90px;\"><div class=\"icon_title_inner_holder\"><h4 class=\"icon_title \" style=\"\">Vorteile eines Villenaufzugs mit automatischer T\u00fcr<\/h4><\/div><div class=\"icon_text_inner\" style=\"\"><p style=''>Kompakte Aufz\u00fcge mit niedrigem Schachtboden und ohne Maschinenraum im Vergleich zu herk\u00f6mmlichen Aufz\u00fcgen. Sie werden als vorgefertigte Module geliefert, was eine schnelle Lieferung und eine einfache und unkomplizierte Installation gew\u00e4hrleistet. Unsere Produkte sind zertifiziert und garantieren h\u00f6chste Qualit\u00e4t.<\/p><\/div><\/div><\/div>[vc_separator type=&#8221;transparent&#8221; up=&#8221;20&#8243; down=&#8221;0&#8243;][\/vc_column][\/vc_row][vc_row row_type=&#8221;row&#8221; use_row_as_full_screen_section=&#8221;no&#8221; type=&#8221;full_width&#8221; text_align=&#8221;left&#8221; css_animation=&#8221;&#8221; box_shadow_on_row=&#8221;no&#8221;][vc_column][vc_column_text]<\/p>\r\n<p>\r\n\r\n<p>[\/vc_column_text][\/vc_column][\/vc_row][vc_row row_type=&#8221;row&#8221; use_row_as_full_screen_section=&#8221;no&#8221; type=&#8221;grid&#8221; text_align=&#8221;left&#8221; css_animation=&#8221;&#8221; box_shadow_on_row=&#8221;no&#8221;][vc_column][vc_separator type=&#8221;transparent&#8221; up=&#8221;20&#8243; down=&#8221;0&#8243;][vc_column_text]<\/p>\n<h3>Der Villa Lift mit automatischer T\u00fcr ist eine einfache, aber sehr elegante L\u00f6sung, die Ihnen das Leben zu Hause erleichtert.<\/h3>\n<p>Der AmadaTECH\u00ae Villa Lift mit automatischer T\u00fcr ist ein Designelement f\u00fcr Ihr Zuhause. Erh\u00e4ltlich in einer Vielzahl von Kabinendesigns: Verbundglas, Laminat oder Edelstahlw\u00e4nde \u2013 es stehen verschiedene Modelle zur Auswahl. Wir bieten Accessoires in Schwarz matt oder gl\u00e4nzend satiniert oder Spiegel-Edelstahl. Wir haben Modelle mit RAL-beschichteten breiten Rahmen und Edelstahl-beschichteten breiten Rahmen f\u00fcr automatische <a href=\"https:\/\/villaasansoru.com\" target=\"_blank\" rel=\"noopener\">Villa-Lift-<\/a>T\u00fcren. Die Abmessungen des Villa-Lifts werden entsprechend den Gesamtabmessungen des Geb\u00e4udes angepasst. Dar\u00fcber hinaus ist es unser Ziel, den Villa-Aufzug entsprechend dem Verwendungszweck in korrekter und fertiger Form vorzubereiten. Aus diesen Gr\u00fcnden gibt es zwar keine Standardkosten f\u00fcr die durchgef\u00fchrten Arbeiten, Sie k\u00f6nnen sich jedoch an unser Unternehmen wenden, um einen hochwertigen und hocheffizienten Aufzug herstellen zu lassen. Es ist sehr wichtig, dass die Konstruktion und Herstellung von Aufz\u00fcgen f\u00fcr Villen, die f\u00fcr eine Vielzahl von Anforderungen vorbereitet werden k\u00f6nnen, von erfahrenen Fachleuten auf diesem Gebiet durchgef\u00fchrt wird, damit sie ordnungsgem\u00e4\u00df und komfortabel funktionieren. Bei der Installation eines automatischen T\u00fcrlifts in Ihrer Wohnung stellen wir sicher, dass der schachtlose Aufzug korrekt und gem\u00e4\u00df den Konstruktionsvorschriften vorbereitet wird.<\/p>\n<p>[\/vc_column_text][vc_separator type=&#8221;transparent&#8221; up=&#8221;20&#8243; down=&#8221;0&#8243;][vc_column_text]<\/p>\n<h3>Villa-Aufzug mit automatischer T\u00fcr<\/h3>\n<p>Diese Aufz\u00fcge sind f\u00fcr den Einsatz in Villengeb\u00e4uden mit zwei oder drei Etagen konzipiert. Das wichtigste Merkmal des <a href=\"https:\/\/amadatech.com\/de\/vorteile-des-hydraulischen-villa-aufzugs\/\" target=\"_blank\" rel=\"noopener\">Villa-Aufzugs<\/a> mit automatischer T\u00fcr ist, dass er auch in Geb\u00e4uden eingesetzt werden kann, die in der Planungsphase keinen Aufzug ben\u00f6tigten, deren Bau jedoch bereits abgeschlossen ist. Amada TECH ist das f\u00fchrende Aufzugsunternehmen in der T\u00fcrkei mit fortschrittlicher Technologie und h\u00f6chster Qualit\u00e4t in der Herstellung von Aufz\u00fcgen und Rolltreppen. Es handelt sich um einen modernen und professionellen Aufzugshersteller, der Design, Forschung und Entwicklung, Konstruktion, Produktion, Fertigung, Vertrieb, Installation und Service in einer einzigen Einheit vereint.<\/p>\n<p>[\/vc_column_text][vc_separator type=&#8221;transparent&#8221; up=&#8221;20&#8243; down=&#8221;0&#8243;][vc_separator type=&#8221;transparent&#8221; up=&#8221;20&#8243; down=&#8221;0&#8243;][\/vc_column][\/vc_row][vc_row row_type=&#8221;row&#8221; use_row_as_full_screen_section=&#8221;no&#8221; type=&#8221;full_width&#8221; text_align=&#8221;left&#8221; css_animation=&#8221;&#8221; box_shadow_on_row=&#8221;no&#8221;][vc_column][vc_column_text]<\/p>\n<p>\n[\/vc_column_text][\/vc_column][\/vc_row]<\/p><\/section>","protected":false},"excerpt":{"rendered":"<p>[vc_row row_type=&#8221;row&#8221; use_row_as_full_screen_section=&#8221;no&#8221; type=&#8221;full_width&#8221; text_align=&#8221;left&#8221; css_animation=&#8221;&#8221; box_shadow_on_row=&#8221;no&#8221;][vc_column][vc_column_text] [\/vc_column_text][\/vc_column][\/vc_row][vc_row row_type=&#8221;row&#8221; use_row_as_full_screen_section=&#8221;no&#8221; type=&#8221;grid&#8221; text_align=&#8221;left&#8221; background_color=&#8221;#f6f5f5&#8243; padding_top=&#8221;59&#8243; padding_bottom=&#8221;18&#8243; css_animation=&#8221;&#8221; box_shadow_on_row=&#8221;no&#8221; oblique_section=&#8221;no&#8221; oblique_section_top_and_bottom=&#8221;both&#8221; oblique_section_position=&#8221;from_left_to_right&#8221; triangle_shape=&#8221;no&#8221; triangle_shape_position=&#8221;both&#8221;][vc_column width=&#8221;1\/2&#8243;][vc_separator type=&#8221;transparent&#8221; up=&#8221;20&#8243; down=&#8221;0&#8243;][vc_separator type=&#8221;transparent&#8221; up=&#8221;20&#8243; down=&#8221;0&#8243;][vc_separator type=&#8221;transparent&#8221; up=&#8221;20&#8243; down=&#8221;0&#8243;][\/vc_column][vc_column width=&#8221;1\/2&#8243;][vc_separator type=&#8221;transparent&#8221; up=&#8221;20&#8243; down=&#8221;0&#8243;][vc_separator type=&#8221;transparent&#8221; up=&#8221;20&#8243; down=&#8221;0&#8243;][vc_separator type=&#8221;transparent&#8221; up=&#8221;20&#8243; down=&#8221;0&#8243;][\/vc_column][\/vc_row][vc_row row_type=&#8221;row&#8221; use_row_as_full_screen_section=&#8221;no&#8221; type=&#8221;full_width&#8221;&#8230;<\/p>\n","protected":false},"author":2,"featured_media":12000,"parent":0,"menu_order":0,"comment_status":"closed","ping_status":"closed","template":"","meta":{"footnotes":""},"class_list":["post-11990","page","type-page","status-publish","has-post-thumbnail","hentry"],"_links":{"self":[{"href":"https:\/\/amadatech.com\/de\/wp-json\/wp\/v2\/pages\/11990","targetHints":{"allow":["GET"]}}],"collection":[{"href":"https:\/\/amadatech.com\/de\/wp-json\/wp\/v2\/pages"}],"about":[{"href":"https:\/\/amadatech.com\/de\/wp-json\/wp\/v2\/types\/page"}],"author":[{"embeddable":true,"href":"https:\/\/amadatech.com\/de\/wp-json\/wp\/v2\/users\/2"}],"replies":[{"embeddable":true,"href":"https:\/\/amadatech.com\/de\/wp-json\/wp\/v2\/comments?post=11990"}],"version-history":[{"count":18,"href":"https:\/\/amadatech.com\/de\/wp-json\/wp\/v2\/pages\/11990\/revisions"}],"predecessor-version":[{"id":13140,"href":"https:\/\/amadatech.com\/de\/wp-json\/wp\/v2\/pages\/11990\/revisions\/13140"}],"wp:featuredmedia":[{"embeddable":true,"href":"https:\/\/amadatech.com\/de\/wp-json\/wp\/v2\/media\/12000"}],"wp:attachment":[{"href":"https:\/\/amadatech.com\/de\/wp-json\/wp\/v2\/media?parent=11990"}],"curies":[{"name":"wp","href":"https:\/\/api.w.org\/{rel}","templated":true}]}}