{"id":11977,"date":"2025-01-09T21:12:36","date_gmt":"2025-01-09T18:12:36","guid":{"rendered":"https:\/\/amadatech.com\/de\/?page_id=11977"},"modified":"2025-12-16T10:26:36","modified_gmt":"2025-12-16T07:26:36","slug":"lebensmittelaufzug-fur-villen","status":"publish","type":"page","link":"https:\/\/amadatech.com\/de\/lebensmittelaufzug-fur-villen\/","title":{"rendered":"Lebensmittelaufzug f\u00fcr Villen"},"content":{"rendered":"<section class=\"wpb-content-wrapper\"><p>[vc_row row_type=&#8221;row&#8221; use_row_as_full_screen_section=&#8221;no&#8221; type=&#8221;full_width&#8221; text_align=&#8221;left&#8221; css_animation=&#8221;&#8221; box_shadow_on_row=&#8221;no&#8221;][vc_column][vc_column_text]<\/p>\n<h1>Lebensmittelaufzug f\u00fcr Villen<\/h1>\n<p>[\/vc_column_text][vc_separator type=&#8221;transparent&#8221; up=&#8221;10&#8243; down=&#8221;31&#8243;][\/vc_column][\/vc_row][vc_row row_type=&#8221;row&#8221; use_row_as_full_screen_section=&#8221;no&#8221; type=&#8221;full_width&#8221; text_align=&#8221;left&#8221; css_animation=&#8221;&#8221; box_shadow_on_row=&#8221;no&#8221;][vc_column width=&#8221;2\/3&#8243;][vc_single_image image=&#8221;11983&#8243; img_size=&#8221;full&#8221; mkd_css_animation=&#8221;&#8221;][vc_separator type=&#8221;transparent&#8221;][\/vc_column][vc_column width=&#8221;1\/3&#8243;][vc_column_text]<\/p>\n<div class=\"wpb_text_column wpb_content_element \">\n<div class=\"wpb_wrapper\">\n<p>Unsere Speisenaufz\u00fcge, die sich f\u00fcr ruhige und hygienische Umgebungen in <a href=\"https:\/\/amadatech.com\/de\/serviceaufzug-fur-cafes\/\" target=\"_blank\" rel=\"noopener\">Caf\u00e9s,<\/a> Hotels, Villen, Restaurants, medizinischen Einrichtungen, Banken, Juweliergesch\u00e4ften, Fabriken usw. eignen, bedienen 2 bis 15 Stockwerke in Ihrem Unternehmen oder Ihrer Einrichtung und sind auch f\u00fcr Ihre R\u00e4umlichkeiten geeignet, die nur \u00fcber Treppen erreichbar sind. Mit unseren Speisenaufz\u00fcgen finden Sie die Antwort auf Ihre Catering-Anforderungen in Caf\u00e9s, Restaurants, Hotels und Villen.<\/p>\n<\/div>\n<\/div>\n<p>[\/vc_column_text][vc_column_text]<\/p>\n<div class=\"wpb_text_column wpb_content_element \">\n<div class=\"wpb_wrapper\">\n<p>Mit unseren leistungsstarken K\u00fcchenaufz\u00fcgen k\u00f6nnen Sie Catering, Kartons, Akten und medizinische G\u00fcter schnell und m\u00fchelos in die Stockwerke von Krankenh\u00e4usern bef\u00f6rdern. Unsere funktionalen, garantierten und langlebigen Speisenaufz\u00fcge sind aus hochwertigem Edelstahl 304 gefertigt und entsprechen den <a href=\"https:\/\/amadatech.com\/de\/glas-lebensmittelaufzug\/\" target=\"_blank\" rel=\"noopener\">Hygieneanforderungen<\/a> sowie den Vorgaben des Gesundheits- und Tourismusministeriums und allen Konfigurationen.<\/p>\n<\/div>\n<\/div>\n<p>[\/vc_column_text][vc_separator type=&#8221;transparent&#8221;][\/vc_column][\/vc_row][vc_row row_type=&#8221;row&#8221; use_row_as_full_screen_section=&#8221;no&#8221; type=&#8221;full_width&#8221; text_align=&#8221;left&#8221; css_animation=&#8221;&#8221; box_shadow_on_row=&#8221;no&#8221;][vc_column][vc_column_text]<\/p>\n<h2>Lebensmittelaufzug f\u00fcr Villen<\/h2>\n<p>[\/vc_column_text][vc_separator type=&#8221;transparent&#8221; up=&#8221;10&#8243; down=&#8221;31&#8243;][\/vc_column][\/vc_row][vc_row row_type=&#8221;row&#8221; use_row_as_full_screen_section=&#8221;no&#8221; type=&#8221;full_width&#8221; text_align=&#8221;left&#8221; css_animation=&#8221;&#8221; box_shadow_on_row=&#8221;no&#8221;][vc_column][vc_video link=&#8221;https:\/\/youtu.be\/v-ktvqY-DcI?si=nfDN0Ld-1t2vGeC-&#8220;][vc_separator type=&#8221;transparent&#8221;][vc_column_text]Die Preisschwankungen von <a href=\"https:\/\/servisasansoru.com\" target=\"_blank\" rel=\"noopener\">K\u00fcchenaufz\u00fcgen<\/a> h\u00e4ngen von verschiedenen Faktoren ab. Dazu geh\u00f6ren die Gr\u00f6\u00dfe, der Bedarf an zus\u00e4tzlichen Dienstleistungen und die Etage des Geb\u00e4udes. Im Allgemeinen handelt es sich jedoch um eine erschwingliche Dienstleistung, die in kurzer Zeit durchgef\u00fchrt werden kann. Sie stellt in einigen Hochh\u00e4usern im Lebensmittel- und Getr\u00e4nkebereich eine Verbindung zwischen der K\u00fcche und dem Servicebereich her und erh\u00f6ht die Arbeitsgeschwindigkeit. Mit einem Monolift k\u00f6nnen Sie Bestellungen und Speisen problemlos nach oben oder unten bef\u00f6rdern. Wir fertigen Monolifte aller Modelle und Kapazit\u00e4ten und bieten sie zu den f\u00fcr Sie g\u00fcnstigsten Preisen zum Verkauf an. Detaillierte Informationen erhalten Sie, wenn Sie sich mit uns in Verbindung setzen.[\/vc_column_text][vc_separator type=&#8221;transparent&#8221;][\/vc_column][\/vc_row][vc_row row_type=&#8221;row&#8221; use_row_as_full_screen_section=&#8221;no&#8221; type=&#8221;full_width&#8221; text_align=&#8221;left&#8221; background_color=&#8221;#f6f5f5&#8243; border_top_color=&#8221;#f6f5f5&#8243; border_color=&#8221;#f6f5f5&#8243; css_animation=&#8221;&#8221; box_shadow_on_row=&#8221;no&#8221;][vc_column][vc_separator type=&#8221;transparent&#8221;][vc_column_text]<\/p>\n<h3>Lebensmittelaufzug f\u00fcr Villen<\/h3>\n<p>[\/vc_column_text][vc_separator type=&#8221;transparent&#8221;][vc_column_text]Hergestellt nach den Ma\u00dfen des Bereichs, den Sie nutzen m\u00f6chten, mit unserer kostenlosen Option zur Ermittlung der Ma\u00dfe des Speisenaufzugs.<br \/>\nWie bei den urspr\u00fcnglichen Aufzugskonstruktionen und dank unserer starken Referenzen in diesem Bereich k\u00f6nnen Sie ein Modell w\u00e4hlen, das dem Geschmack und dem Stil Ihres Unternehmens entspricht. Auf diese Weise erzielen Sie auch eine optische Harmonie. Durch monatliche und j\u00e4hrliche Wartungen k\u00f6nnen Sie die Lebensdauer Ihrer Aufz\u00fcge verl\u00e4ngern. Aus diesem Grund f\u00fchren wir diese Wartungen auch f\u00fcr Sie durch und beugen so m\u00f6glichen Problemen vor.[\/vc_column_text][vc_separator type=&#8221;transparent&#8221;][\/vc_column][\/vc_row][vc_column][\/vc_column][vc_separator type=&#8221;transparent&#8221;]<\/p>\n<\/section>","protected":false},"excerpt":{"rendered":"<p>[vc_row row_type=&#8221;row&#8221; use_row_as_full_screen_section=&#8221;no&#8221; type=&#8221;full_width&#8221; text_align=&#8221;left&#8221; css_animation=&#8221;&#8221; box_shadow_on_row=&#8221;no&#8221;][vc_column][vc_column_text] Lebensmittelaufzug f\u00fcr Villen [\/vc_column_text][vc_separator type=&#8221;transparent&#8221; up=&#8221;10&#8243; down=&#8221;31&#8243;][\/vc_column][\/vc_row][vc_row row_type=&#8221;row&#8221; use_row_as_full_screen_section=&#8221;no&#8221; type=&#8221;full_width&#8221; text_align=&#8221;left&#8221; css_animation=&#8221;&#8221; box_shadow_on_row=&#8221;no&#8221;][vc_column width=&#8221;2\/3&#8243;][vc_single_image image=&#8221;11983&#8243; img_size=&#8221;full&#8221; mkd_css_animation=&#8221;&#8221;][vc_separator type=&#8221;transparent&#8221;][\/vc_column][vc_column width=&#8221;1\/3&#8243;][vc_column_text] Unsere Speisenaufz\u00fcge, die sich f\u00fcr ruhige und hygienische Umgebungen in Caf\u00e9s, Hotels, Villen, Restaurants, medizinischen Einrichtungen, Banken, Juweliergesch\u00e4ften, Fabriken&#8230;<\/p>\n","protected":false},"author":2,"featured_media":13247,"parent":0,"menu_order":0,"comment_status":"closed","ping_status":"closed","template":"","meta":{"footnotes":""},"class_list":["post-11977","page","type-page","status-publish","has-post-thumbnail","hentry"],"_links":{"self":[{"href":"https:\/\/amadatech.com\/de\/wp-json\/wp\/v2\/pages\/11977","targetHints":{"allow":["GET"]}}],"collection":[{"href":"https:\/\/amadatech.com\/de\/wp-json\/wp\/v2\/pages"}],"about":[{"href":"https:\/\/amadatech.com\/de\/wp-json\/wp\/v2\/types\/page"}],"author":[{"embeddable":true,"href":"https:\/\/amadatech.com\/de\/wp-json\/wp\/v2\/users\/2"}],"replies":[{"embeddable":true,"href":"https:\/\/amadatech.com\/de\/wp-json\/wp\/v2\/comments?post=11977"}],"version-history":[{"count":10,"href":"https:\/\/amadatech.com\/de\/wp-json\/wp\/v2\/pages\/11977\/revisions"}],"predecessor-version":[{"id":13249,"href":"https:\/\/amadatech.com\/de\/wp-json\/wp\/v2\/pages\/11977\/revisions\/13249"}],"wp:featuredmedia":[{"embeddable":true,"href":"https:\/\/amadatech.com\/de\/wp-json\/wp\/v2\/media\/13247"}],"wp:attachment":[{"href":"https:\/\/amadatech.com\/de\/wp-json\/wp\/v2\/media?parent=11977"}],"curies":[{"name":"wp","href":"https:\/\/api.w.org\/{rel}","templated":true}]}}