{"id":11959,"date":"2025-01-09T20:55:13","date_gmt":"2025-01-09T17:55:13","guid":{"rendered":"https:\/\/amadatech.com\/de\/?page_id=11959"},"modified":"2025-12-20T23:03:32","modified_gmt":"2025-12-20T20:03:32","slug":"scheren-hubplattform","status":"publish","type":"page","link":"https:\/\/amadatech.com\/de\/scheren-hubplattform\/","title":{"rendered":"Scheren-Hubplattform"},"content":{"rendered":"<section class=\"wpb-content-wrapper\"><p>[vc_row row_type=&#8221;row&#8221; use_row_as_full_screen_section=&#8221;no&#8221; type=&#8221;full_width&#8221; text_align=&#8221;left&#8221; css_animation=&#8221;&#8221; box_shadow_on_row=&#8221;no&#8221;][vc_column][vc_column_text]<\/p>\r\n<h1>Scheren-Hubplattform \u2013 Scheren-RollstuhlPlattform<\/h1>\r\n<p>[\/vc_column_text][vc_separator type=&#8221;transparent&#8221;][\/vc_column][\/vc_row][vc_row row_type=&#8221;row&#8221; use_row_as_full_screen_section=&#8221;no&#8221; type=&#8221;full_width&#8221; text_align=&#8221;left&#8221; css_animation=&#8221;&#8221; box_shadow_on_row=&#8221;no&#8221;][vc_column][vc_column_text]<\/p>\r\n<p>Die Scherenhebeb\u00fchnen von AmadaTECH bieten behinderten und \u00e4lteren Menschen sowohl im Innen- als auch im Au\u00dfenbereich komfortable Mobilit\u00e4t. Sie sind besonders n\u00fctzlich in Bereichen, in denen keine Aufz\u00fcge installiert werden k\u00f6nnen. Scherenhebeb\u00fchnen erm\u00f6glichen behinderten Menschen den Zugang zu H\u00f6hen von bis zu 1,8 Metern.<\/p>\r\n<p>[\/vc_column_text][vc_separator type=&#8221;transparent&#8221;][\/vc_column][\/vc_row][vc_row row_type=&#8221;row&#8221; use_row_as_full_screen_section=&#8221;no&#8221; type=&#8221;full_width&#8221; text_align=&#8221;left&#8221; css_animation=&#8221;&#8221; box_shadow_on_row=&#8221;no&#8221;][vc_column][vc_column_text]<\/p>\r\n<p>Der untere Teil der Plattform ist von einer feuerfesten Sch\u00fcrze umgeben, um ein Verklemmen des Scherenmechanismus und unbefugten Zugang unter die Plattform zu verhindern. Auf der oberen Ebene befindet sich au\u00dferdem eine feststehende Sicherheitst\u00fcr, die manuell oder automatisch ge\u00f6ffnet werden kann.<\/p>\r\n<p>[\/vc_column_text][vc_separator type=&#8221;transparent&#8221;][\/vc_column][\/vc_row][vc_row row_type=&#8221;row&#8221; use_row_as_full_screen_section=&#8221;no&#8221; type=&#8221;full_width&#8221; text_align=&#8221;left&#8221; css_animation=&#8221;&#8221; box_shadow_on_row=&#8221;no&#8221;][vc_column][vc_column_text]<\/p>\r\n<p>F\u00fcr einen einfachen Zugang zur Plattform ist ein automatisches oder feststehendes Rampensystem erh\u00e4ltlich. Die Rollstuhlplattformen von AmadaTECH bieten Kunden vollst\u00e4ndige Unabh\u00e4ngigkeit und Sicherheit bei minimaler Unterst\u00fctzung.<\/p>\r\n<p>[\/vc_column_text][vc_separator type=&#8221;transparent&#8221;][\/vc_column][\/vc_row][vc_row row_type=&#8221;row&#8221; use_row_as_full_screen_section=&#8221;no&#8221; type=&#8221;full_width&#8221; text_align=&#8221;left&#8221; css_animation=&#8221;&#8221; box_shadow_on_row=&#8221;no&#8221;][vc_column width=&#8221;1\/2&#8243;][vc_separator type=&#8221;transparent&#8221;][vc_video link=&#8221;https:\/\/youtu.be\/OeWqx8-5abE&#8221;][vc_separator type=&#8221;transparent&#8221;][\/vc_column][vc_column width=&#8221;1\/2&#8243;][vc_column_text]<\/p>\r\n<h4 class=\"style-scope ytd-watch-metadata\">Vertikale Plattformlifte f\u00fcr Barrierefreiheit | AmadaTECH<\/h4>\r\n<p>[\/vc_column_text][vc_separator type=&#8221;transparent&#8221;][vc_column_text]<\/p>\r\n<p data-start=\"364\" data-end=\"553\">Die <strong data-start=\"368\" data-end=\"411\">vertikalen Plattformlifte von AmadaTECH<\/strong> bieten eine sichere und zuverl\u00e4ssige L\u00f6sung f\u00fcr <strong data-start=\"460\" data-end=\"487\">barrierefreie Mobilit\u00e4t<\/strong> in \u00f6ffentlichen Geb\u00e4uden, Wohnanlagen und gewerblichen Bereichen.<\/p>\r\n<p data-start=\"555\" data-end=\"882\">Die <strong>Scheren-Hubplattform<\/strong>\u00a0mit vertikalem Hubsystem \u00fcberzeugt durch kompakte Bauweise, hohe Stabilit\u00e4t und einen pr\u00e4zisen <strong data-start=\"684\" data-end=\"706\">Scherenmechanismus<\/strong>. Als <strong data-start=\"712\" data-end=\"749\">Plattformlift f\u00fcr Rollstuhlfahrer<\/strong> eignet sich das System ideal f\u00fcr den Einsatz im Innen- und Au\u00dfenbereich sowie f\u00fcr Neubauten und die Nachr\u00fcstung bestehender Geb\u00e4ude.<\/p>\r\n<p data-start=\"884\" data-end=\"1049\">Rutschfeste Plattformen, Sicherheitsleisten, Not-Aus-Funktion und eine benutzerfreundliche Steuerung sorgen f\u00fcr maximale Sicherheit und Komfort im t\u00e4glichen Betrieb.<\/p>\r\n<p>[\/vc_column_text][vc_separator type=&#8221;transparent&#8221;][\/vc_column][\/vc_row][vc_row row_type=&#8221;row&#8221; use_row_as_full_screen_section=&#8221;no&#8221; type=&#8221;full_width&#8221; text_align=&#8221;left&#8221; css_animation=&#8221;&#8221; box_shadow_on_row=&#8221;no&#8221;][vc_column][vc_column_text]<\/p>\r\n<p data-start=\"1051\" data-end=\"1216\"><strong data-start=\"1051\" data-end=\"1064\">AmadaTECH<\/strong> steht f\u00fcr pr\u00e4zise Ingenieurskunst, langlebige Komponenten und projektspezifische L\u00f6sungen im Bereich <strong data-start=\"1166\" data-end=\"1215\">vertikale Plattformlifte und Behindertenlifte<\/strong>.<\/p>\r\n<p data-start=\"937\" data-end=\"1128\">AmadaTECH steht f\u00fcr pr\u00e4zise Ingenieurskunst, langlebige Komponenten und projektspezifische L\u00f6sungen im Bereich vertikale Plattformlifte und Behindertenlifte<\/p>\r\n<p>[\/vc_column_text][vc_separator type=&#8221;transparent&#8221;][\/vc_column][\/vc_row][vc_row row_type=&#8221;row&#8221; use_row_as_full_screen_section=&#8221;no&#8221; type=&#8221;full_width&#8221; text_align=&#8221;left&#8221; css_animation=&#8221;&#8221; box_shadow_on_row=&#8221;no&#8221;][vc_column width=&#8221;1\/2&#8243;][vc_separator type=&#8221;transparent&#8221;][vc_video link=&#8221;https:\/\/youtu.be\/EwoRQjM-_ps&#8221;][vc_separator type=&#8221;transparent&#8221;][\/vc_column][vc_column width=&#8221;1\/2&#8243;][vc_column_text]<\/p>\r\n<h4><strong data-start=\"873\" data-end=\"928\">Barrierefreiheit beginnt mit intelligenter Technik.<\/strong><\/h4>\r\n<p>[\/vc_column_text][vc_separator type=&#8221;transparent&#8221;][vc_column_text]<\/p>\r\n<p data-start=\"937\" data-end=\"1128\">Die <strong data-start=\"941\" data-end=\"1004\">AmadaTECH Scheren-Hubplattform f\u00fcr Menschen mit Behinderung<\/strong> bietet eine sichere, stabile und zuverl\u00e4ssige L\u00f6sung f\u00fcr den barrierefreien Zugang in \u00f6ffentlichen und privaten Geb\u00e4uden.<\/p>\r\n<p data-start=\"1135\" data-end=\"1315\">Dank des <strong data-start=\"1144\" data-end=\"1175\">robusten Scherenmechanismus<\/strong> gew\u00e4hrleistet die Plattform eine <strong data-start=\"1209\" data-end=\"1245\">gleichm\u00e4\u00dfige, vertikale Bewegung<\/strong> und h\u00f6chste <strong data-start=\"1258\" data-end=\"1280\">Betriebssicherheit<\/strong> \u2013 selbst bei intensiver Nutzung.<\/p>\r\n<p data-start=\"1322\" data-end=\"1492\">Unsere <strong data-start=\"1329\" data-end=\"1352\">Rollstuhl-Hebeb\u00fchne<\/strong> ist ideal f\u00fcr <strong data-start=\"1367\" data-end=\"1417\">Eingangsbereiche, Innenr\u00e4ume und Au\u00dfeneins\u00e4tze<\/strong> geeignet und erf\u00fcllt alle relevanten <strong data-start=\"1455\" data-end=\"1489\">europ\u00e4ischen Sicherheitsnormen<\/strong>.<\/p>\r\n<p data-start=\"1499\" data-end=\"1666\">Mit <strong data-start=\"1503\" data-end=\"1529\">rutschfester Plattform<\/strong>, <strong data-start=\"1531\" data-end=\"1549\">Not-Aus-System<\/strong>, <strong data-start=\"1551\" data-end=\"1587\">sanfter Start- und Stoppfunktion<\/strong> sowie <strong data-start=\"1594\" data-end=\"1628\">benutzerfreundlicher Steuerung<\/strong> steht Komfort immer im Mittelpunkt.<\/p>\r\n<p data-start=\"1673\" data-end=\"1815\"><strong data-start=\"1673\" data-end=\"1686\">AmadaTECH<\/strong> kombiniert <strong data-start=\"1698\" data-end=\"1725\">pr\u00e4zise Ingenieurskunst<\/strong>, <strong data-start=\"1727\" data-end=\"1747\">modulares Design<\/strong> und <strong data-start=\"1752\" data-end=\"1784\">individuelle Projektl\u00f6sungen<\/strong> f\u00fcr maximale Zug\u00e4nglichkeit.<\/p>\r\n<p data-start=\"1822\" data-end=\"1876\"><strong data-start=\"1822\" data-end=\"1876\">AmadaTECH \u2013 Technologie, die Barrieren \u00fcberwindet.<\/strong><\/p>\r\n<p>[\/vc_column_text][vc_separator type=&#8221;transparent&#8221;][\/vc_column][\/vc_row][vc_row row_type=&#8221;row&#8221; use_row_as_full_screen_section=&#8221;no&#8221; type=&#8221;grid&#8221; text_align=&#8221;left&#8221; padding_top=&#8221;67&#8243; padding_bottom=&#8221;67&#8243; css_animation=&#8221;&#8221; box_shadow_on_row=&#8221;no&#8221;][vc_column offset=&#8221;vc_col-lg-7 vc_col-md-6 vc_col-xs-12&#8243;][no_elements_holder number_of_columns=&#8221;one_column&#8221;][no_elements_holder_item aligment=&#8221;left&#8221; item_padding_768_1000=&#8221;0 10px 30px 10px&#8221; item_padding_600_768=&#8221;0 10px 30px 10px&#8221; item_padding_480_600=&#8221;0 10px 30px 10px&#8221; item_padding_480=&#8221;0 10px 30px 10px&#8221; advanced_animations=&#8221;no&#8221; start_position=&#8221;bottom&#8221; end_position=&#8221;center&#8221;][vc_column_text]<\/p>\r\n<h2>Scheren-Hubplattform \u2013 Scheren-RollstuhlPlattform<\/h2>\r\n<p>[\/vc_column_text][vc_separator type=&#8221;small&#8221; position=&#8221;left&#8221; up=&#8221;10&#8243; down=&#8221;31&#8243;][vc_column_text]<\/p>\r\n<p>Scheren-Hubplattform \/ Behindertenplattform erfordert aufgrund ihres kompakten und eleganten Designs praktisch keine Bauarbeiten am Einsatzort. Sie ist f\u00fcr den Innen- und Au\u00dfenbereich geeignet. Die Au\u00dfenstruktur kann in ESB-Farbe oder in Edelstahl lackiert werden. Dank des automatischen Schlie\u00dfens und \u00d6ffnens der elektrisch bet\u00e4tigten Rampe erleichtert sie die Einfahrt eines Behindertenfahrzeugs und bildet beim Fahren eine Brandschutzwand.<\/p>\r\n<p>[\/vc_column_text][\/no_elements_holder_item][\/no_elements_holder][\/vc_column][vc_column offset=&#8221;vc_col-lg-5 vc_col-md-6 vc_col-xs-12&#8243;][no_elements_holder number_of_columns=&#8221;one_column&#8221;][no_elements_holder_item aligment=&#8221;left&#8221; item_padding_768_1000=&#8221;0 10px 0 10px&#8221; item_padding_600_768=&#8221;0 10px 0 10px&#8221; item_padding_480_600=&#8221;0 10px 0 10px&#8221; item_padding_480=&#8221;0 10px 0 10px&#8221; advanced_animations=&#8221;no&#8221; start_position=&#8221;bottom&#8221; end_position=&#8221;center&#8221;][vc_single_image image=&#8221;11964&#8243; img_size=&#8221;full&#8221; mkd_css_animation=&#8221;&#8221;][\/no_elements_holder_item][\/no_elements_holder][\/vc_column][\/vc_row][vc_row row_type=&#8221;row&#8221; use_row_as_full_screen_section=&#8221;no&#8221; type=&#8221;full_width&#8221; text_align=&#8221;left&#8221; css_animation=&#8221;&#8221; box_shadow_on_row=&#8221;no&#8221;][vc_column][vc_column_text]<\/p>\r\n<p><!-- \/wp:post-content -->\r\n\r\n<!-- wp:shortcode -->[\/vc_column_text][\/vc_column][\/vc_row][vc_row row_type=&#8221;row&#8221; use_row_as_full_screen_section=&#8221;no&#8221; type=&#8221;grid&#8221; text_align=&#8221;left&#8221; background_color=&#8221;#f6f5f5&#8243; padding_top=&#8221;67&#8243; padding_bottom=&#8221;67&#8243; css_animation=&#8221;&#8221; box_shadow_on_row=&#8221;no&#8221;][vc_column offset=&#8221;vc_col-lg-5 vc_col-md-6 vc_col-xs-12&#8243;][no_elements_holder number_of_columns=&#8221;one_column&#8221;][no_elements_holder_item aligment=&#8221;left&#8221; item_padding_768_1000=&#8221;0 10px 0 10px&#8221; item_padding_600_768=&#8221;0 10px 0 10px&#8221; item_padding_480_600=&#8221;0 10px 0 10px&#8221; item_padding_480=&#8221;0 10px 0 10px&#8221; advanced_animations=&#8221;no&#8221; start_position=&#8221;bottom&#8221; end_position=&#8221;center&#8221;][vc_single_image image=&#8221;13465&#8243; img_size=&#8221;full&#8221; alignment=&#8221;center&#8221; mkd_css_animation=&#8221;&#8221;][vc_separator type=&#8221;transparent&#8221;][vc_single_image image=&#8221;13467&#8243; img_size=&#8221;full&#8221; alignment=&#8221;center&#8221; mkd_css_animation=&#8221;&#8221;][\/no_elements_holder_item][\/no_elements_holder][vc_separator type=&#8221;transparent&#8221;][\/vc_column][vc_column offset=&#8221;vc_col-lg-7 vc_col-md-6 vc_col-xs-12&#8243;][no_elements_holder number_of_columns=&#8221;one_column&#8221;][no_elements_holder_item aligment=&#8221;left&#8221; item_padding_768_1000=&#8221;30px 10px 0 10px&#8221; item_padding_600_768=&#8221;30px 10px 0 10px&#8221; item_padding_480_600=&#8221;30px 10px 0 10px&#8221; item_padding_480=&#8221;30px 10px 0 10px&#8221; advanced_animations=&#8221;no&#8221; start_position=&#8221;bottom&#8221; end_position=&#8221;center&#8221;][vc_column_text]<\/p>\r\n<h3>Scheren-Hubplattform \u2013 Scheren-RollstuhlPlattform<\/h3>\r\n<p>[\/vc_column_text][vc_separator type=&#8221;small&#8221; position=&#8221;center&#8221;][vc_column_text]<\/p>\r\n<p>Es wird gem\u00e4\u00df den Normen 2006\/42\/AT hergestellt und dem Kunden mit CE-Kennzeichnung pr\u00e4sentiert. Die Sicherheit des Benutzers und der Umwelt wird auf h\u00f6chstem Niveau gew\u00e4hrleistet.<\/p>\r\n<p><a href=\"https:\/\/engelliplatformu.com.tr\/makasli-engelli-platformu\/\" target=\"_blank\" rel=\"noopener\">Scheren-Hubplattform<\/a> Anwendungsbereiche: Schulen, Moscheen, Polizeistationen, Rehabilitationszentren, \u00f6ffentliche Einrichtungen, Hotels, medizinische Einrichtungen, Bildungszentren, Grundst\u00fccke usw. Vorzugsweise an folgenden Orten eingesetzt.<\/p>\r\n<p>[\/vc_column_text][vc_separator type=&#8221;small&#8221; position=&#8221;left&#8221; up=&#8221;10&#8243; down=&#8221;31&#8243;][vc_column_text]<\/p>\r\n<ul>\r\n<li>Unsere Produkte sind nach CE-Normen zertifiziert.<br \/>Hochfeste Stahlkonstruktion<br \/>Geeignet f\u00fcr die Installation in der Grube oder im Boden<br \/>Bedienung per Druckknopf oder Fernbedienung<br \/>Sicherheitsventil gegen \u00dcberlastung<br \/>Schlauchbruchventile gegen Lastabfall bei Hydraulikleckagen oder Schlauchbruch.<br \/>Geschwindigkeitsregelventil zur Einstellung der Absenkgeschwindigkeit<br \/>Buchsen ohne Schmierung an beweglichen Punkten<br \/>Rollen mit fettfreien Lagern<br \/>Hochwertiges kompaktes Hydraulikaggregat<\/li>\r\n<\/ul>\r\n<p>[\/vc_column_text][\/no_elements_holder_item][\/no_elements_holder][\/vc_column][\/vc_row][vc_row row_type=&#8221;row&#8221; use_row_as_full_screen_section=&#8221;no&#8221; type=&#8221;grid&#8221; text_align=&#8221;left&#8221; background_color=&#8221;#f6f5f5&#8243; padding_top=&#8221;67&#8243; padding_bottom=&#8221;67&#8243; css_animation=&#8221;&#8221; box_shadow_on_row=&#8221;no&#8221;][vc_column offset=&#8221;vc_col-lg-5 vc_col-md-6 vc_col-xs-12&#8243;][no_elements_holder number_of_columns=&#8221;one_column&#8221;][no_elements_holder_item aligment=&#8221;left&#8221; item_padding_768_1000=&#8221;0 10px 0 10px&#8221; item_padding_600_768=&#8221;0 10px 0 10px&#8221; item_padding_480_600=&#8221;0 10px 0 10px&#8221; item_padding_480=&#8221;0 10px 0 10px&#8221; advanced_animations=&#8221;no&#8221; start_position=&#8221;bottom&#8221; end_position=&#8221;center&#8221;][vc_separator type=&#8221;transparent&#8221;][vc_separator type=&#8221;transparent&#8221;][vc_video link=&#8221;https:\/\/youtube.com\/shorts\/b_f0C-ubSZg&#8221;][\/no_elements_holder_item][\/no_elements_holder][vc_separator type=&#8221;transparent&#8221;][\/vc_column][vc_column offset=&#8221;vc_col-lg-7 vc_col-md-6 vc_col-xs-12&#8243;][no_elements_holder number_of_columns=&#8221;one_column&#8221;][no_elements_holder_item aligment=&#8221;left&#8221; item_padding_768_1000=&#8221;30px 10px 0 10px&#8221; item_padding_600_768=&#8221;30px 10px 0 10px&#8221; item_padding_480_600=&#8221;30px 10px 0 10px&#8221; item_padding_480=&#8221;30px 10px 0 10px&#8221; advanced_animations=&#8221;no&#8221; start_position=&#8221;bottom&#8221; end_position=&#8221;center&#8221;][vc_column_text]<\/p>\r\n<h4>Scheren-Hubplattform \u2013 Scheren-RollstuhlPlattform<\/h4>\r\n<p>[\/vc_column_text][vc_separator type=&#8221;small&#8221; position=&#8221;center&#8221;][vc_column_text]<\/p>\r\n<p>Gelenkplattformen f\u00fcr Menschen mit Behinderung bieten komfortable Mobilit\u00e4t im Innen- und Au\u00dfenbereich f\u00fcr Menschen mit Behinderung und \u00e4ltere Menschen und sind besonders in Bereichen, in denen kein Aufzug installiert werden kann, eine gro\u00dfe Erleichterung. <a href=\"https:\/\/amadatech.com\/de\/vertikale-plattform-fur-behinderte\/\" target=\"_blank\" rel=\"noopener\">Behindertenplattformen<\/a> bieten zuverl\u00e4ssige L\u00f6sungen und k\u00f6nnen in jedem Bereich mit einer Vielzahl von M\u00f6glichkeiten eingesetzt werden \u2013 von Wohnh\u00e4usern bis hin zu \u00f6ffentlichen R\u00e4umen unterschiedlichster Art. Sie k\u00f6nnen je nach Standort in den Boden eingelassen werden und haben ein kompaktes Design.<\/p>\r\n<p>[\/vc_column_text][vc_separator type=&#8221;small&#8221; position=&#8221;left&#8221; up=&#8221;10&#8243; down=&#8221;31&#8243;][vc_column_text]<\/p>\r\n<p class=\"product_title\">Die klappbare Plattform f\u00fcr <a href=\"https:\/\/amadatech.com\/de\/behindertenaufzug\/\" target=\"_blank\" rel=\"noopener\">Behinderte<\/a> wird verwendet, um eine H\u00f6he von bis zu 1,80 m f\u00fcr den Zugang von Behinderten zu schaffen. Der Boden der Plattform ist mit einem nicht brennbaren Faltenbalg abgedeckt, um zu verhindern, dass Personen in der Strebe stecken bleiben und unter die Plattform fallen. Au\u00dferdem gibt es eine feststehende Sicherheitst\u00fcr auf der oberen Ebene der Haltestelle, die manuell oder automatisch ge\u00f6ffnet werden kann. F\u00fcr ein bequemes Ein- und Aussteigen auf der Plattform ist ein automatisches oder feststehendes Rampensystem vorgesehen. Die Einsatzbereiche sind die gleichen wie bei offenen Plattformen f\u00fcr Behinderte.<\/p>\r\n<p>[\/vc_column_text][\/no_elements_holder_item][\/no_elements_holder][\/vc_column][\/vc_row]<\/p><\/section>","protected":false},"excerpt":{"rendered":"<p>[vc_row row_type=&#8221;row&#8221; use_row_as_full_screen_section=&#8221;no&#8221; type=&#8221;full_width&#8221; text_align=&#8221;left&#8221; css_animation=&#8221;&#8221; box_shadow_on_row=&#8221;no&#8221;][vc_column][vc_column_text] Scheren-Hubplattform \u2013 Scheren-RollstuhlPlattform [\/vc_column_text][vc_separator type=&#8221;transparent&#8221;][\/vc_column][\/vc_row][vc_row row_type=&#8221;row&#8221; use_row_as_full_screen_section=&#8221;no&#8221; type=&#8221;full_width&#8221; text_align=&#8221;left&#8221; css_animation=&#8221;&#8221; box_shadow_on_row=&#8221;no&#8221;][vc_column][vc_column_text] Die Scherenhebeb\u00fchnen von AmadaTECH bieten behinderten und \u00e4lteren Menschen sowohl im Innen- als auch im Au\u00dfenbereich komfortable Mobilit\u00e4t. Sie sind besonders n\u00fctzlich in Bereichen, in denen keine&#8230;<\/p>\n","protected":false},"author":2,"featured_media":13457,"parent":0,"menu_order":0,"comment_status":"closed","ping_status":"closed","template":"","meta":{"footnotes":""},"class_list":["post-11959","page","type-page","status-publish","has-post-thumbnail","hentry"],"_links":{"self":[{"href":"https:\/\/amadatech.com\/de\/wp-json\/wp\/v2\/pages\/11959","targetHints":{"allow":["GET"]}}],"collection":[{"href":"https:\/\/amadatech.com\/de\/wp-json\/wp\/v2\/pages"}],"about":[{"href":"https:\/\/amadatech.com\/de\/wp-json\/wp\/v2\/types\/page"}],"author":[{"embeddable":true,"href":"https:\/\/amadatech.com\/de\/wp-json\/wp\/v2\/users\/2"}],"replies":[{"embeddable":true,"href":"https:\/\/amadatech.com\/de\/wp-json\/wp\/v2\/comments?post=11959"}],"version-history":[{"count":27,"href":"https:\/\/amadatech.com\/de\/wp-json\/wp\/v2\/pages\/11959\/revisions"}],"predecessor-version":[{"id":13470,"href":"https:\/\/amadatech.com\/de\/wp-json\/wp\/v2\/pages\/11959\/revisions\/13470"}],"wp:featuredmedia":[{"embeddable":true,"href":"https:\/\/amadatech.com\/de\/wp-json\/wp\/v2\/media\/13457"}],"wp:attachment":[{"href":"https:\/\/amadatech.com\/de\/wp-json\/wp\/v2\/media?parent=11959"}],"curies":[{"name":"wp","href":"https:\/\/api.w.org\/{rel}","templated":true}]}}