{"id":11949,"date":"2025-01-09T20:34:38","date_gmt":"2025-01-09T17:34:38","guid":{"rendered":"https:\/\/amadatech.com\/de\/?page_id=11949"},"modified":"2025-12-15T11:18:10","modified_gmt":"2025-12-15T08:18:10","slug":"horizontale-plattform-fur-behinderte","status":"publish","type":"page","link":"https:\/\/amadatech.com\/de\/horizontale-plattform-fur-behinderte\/","title":{"rendered":"Horizontale Plattform f\u00fcr Behinderte"},"content":{"rendered":"<section class=\"wpb-content-wrapper\"><p>[vc_row row_type=&#8221;row&#8221; use_row_as_full_screen_section=&#8221;no&#8221; type=&#8221;grid&#8221; text_align=&#8221;left&#8221; padding_top=&#8221;20&#8243; padding_bottom=&#8221;13&#8243; css_animation=&#8221;&#8221; box_shadow_on_row=&#8221;no&#8221; oblique_section=&#8221;no&#8221; oblique_section_top_and_bottom=&#8221;both&#8221; oblique_section_position=&#8221;from_left_to_right&#8221; triangle_shape=&#8221;no&#8221; triangle_shape_position=&#8221;both&#8221;][vc_column][vc_column_text]<\/p>\r\n<h1>Horizontale Plattform f\u00fcr Behinderte<\/h1>\r\n<p>[\/vc_column_text][\/vc_column][\/vc_row][vc_row row_type=&#8221;row&#8221; use_row_as_full_screen_section=&#8221;no&#8221; type=&#8221;grid&#8221; text_align=&#8221;left&#8221; padding_top=&#8221;55&#8243; padding_bottom=&#8221;23&#8243; css_animation=&#8221;&#8221; box_shadow_on_row=&#8221;no&#8221; oblique_section=&#8221;no&#8221; oblique_section_top_and_bottom=&#8221;both&#8221; oblique_section_position=&#8221;from_left_to_right&#8221; triangle_shape=&#8221;no&#8221; triangle_shape_position=&#8221;both&#8221;][vc_column width=&#8221;1\/2&#8243;][vc_separator type=&#8221;transparent&#8221;][vc_separator type=&#8221;transparent&#8221;][vc_separator type=&#8221;transparent&#8221;][vc_video link=&#8221;https:\/\/youtu.be\/EGTmV9SH7aM&#8221;][vc_separator type=&#8221;transparent&#8221;][\/vc_column][vc_column width=&#8221;1\/2&#8243;][vc_column_text]<\/p>\r\n<ul>\r\n<li>AmadaTECH Elevator ist ein Pionierunternehmen, das f\u00fcr seine fortschrittliche Technologie und F&amp;E-Studien bekannt ist und innovative L\u00f6sungen in der Aufzugsbranche anbietet. AmadaTECH hat sich auf Sonderprojekte f\u00fcr Aufzugsunternehmen spezialisiert und produziert mit OEM (Original Equipment Manufacturer)-Herstellungsdienstleistungen spezifische L\u00f6sungen f\u00fcr die Bed\u00fcrfnisse seiner Gesch\u00e4ftspartner.<br \/>Die horizontale Behinderten plattform von AmadaTECH ist die schnellere und einfachere Installationsl\u00f6sung f\u00fcr jedes Geb\u00e4ude. Sein vorgefertigtes Konzept und seine flexible Konfiguration gew\u00e4hrleisten eine nahtlose Integration. Jeder Rollstuhllift ist CE-gekennzeichnet und von einer akkreditierten Organisation zertifiziert, wodurch unsere Lifte sowohl f\u00fcr Erwachsene als auch f\u00fcr Kinder geeignet sind. Die Liftsysteme bieten ein hohes Ma\u00df an Sicherheit und Benutzerfreundlichkeit und erm\u00f6glichen es Rollstuhlfahrern, Treppen hinauf- und hinunterzufahren. Sie sind f\u00fcr den Innen- und Au\u00dfenbereich geeignet. Unsere horizontalen Behinderten plattformen sind die ideale Zugangsl\u00f6sung f\u00fcr \u00f6ffentliche oder gewerbliche Geb\u00e4ude, in denen kein Platz f\u00fcr eine vertikale Plattform oder einen Personenaufzug ist. Diese vielseitige Plattform erm\u00f6glicht es einer Person, im Rollstuhl sitzend zu reisen. Sie ist vom Rollstuhlfahrer einfach zu benutzen und zu bedienen und ist ein ideales Produkt, das einen einfachen und sicheren Zugang zu Ihrem Geb\u00e4ude erm\u00f6glicht. Dank der klappbaren Plattform und des Schrankenbaums l\u00e4sst sich die horizontale <a href=\"https:\/\/engelliplatformu.com.tr\/yatay-engelli-platformu\/\" target=\"_blank\" rel=\"noopener\">Behindertenplattform<\/a> ordentlich zusammenklappen, so dass die Treppe f\u00fcr Fu\u00dfg\u00e4nger frei wird.<\/li>\r\n<\/ul>\r\n<p>[\/vc_column_text][vc_separator type=&#8221;transparent&#8221;][\/vc_column][\/vc_row][vc_row row_type=&#8221;row&#8221; use_row_as_full_screen_section=&#8221;no&#8221; type=&#8221;grid&#8221; text_align=&#8221;left&#8221; padding_top=&#8221;55&#8243; padding_bottom=&#8221;23&#8243; css_animation=&#8221;&#8221; box_shadow_on_row=&#8221;no&#8221; oblique_section=&#8221;no&#8221; oblique_section_top_and_bottom=&#8221;both&#8221; oblique_section_position=&#8221;from_left_to_right&#8221; triangle_shape=&#8221;no&#8221; triangle_shape_position=&#8221;both&#8221;][vc_column width=&#8221;1\/2&#8243;][vc_video link=&#8221;https:\/\/youtu.be\/5JNl1GLNCdo&#8221;][vc_separator type=&#8221;transparent&#8221;][\/vc_column][vc_column width=&#8221;1\/2&#8243;][vc_column_text]<\/p>\r\n<ul>\r\n<li>Das Design und die Abmessungen der <a href=\"https:\/\/amadatech.com\/de\/treppenlift\/\" target=\"_blank\" rel=\"noopener\">Plattformen<\/a> in Ihrem Projekt werden an den Kunden gesendet. Die horizontale Plattform Amada TECH f\u00fcr Menschen mit Behinderung l\u00e4sst sich schnell und einfach installieren und verf\u00fcgt \u00fcber ein vorgefertigtes Konzept und eine flexible Konfiguration f\u00fcr die nahtlose Integration in jede Art von Geb\u00e4ude. Jeder Rollstuhllift ist CE-gekennzeichnet und von einer akkreditierten Stelle zertifiziert, wodurch die Eignung f\u00fcr Erwachsene und Kinder gleicherma\u00dfen gew\u00e4hrleistet ist, mit einem hohen Ma\u00df an Sicherheit und Benutzerfreundlichkeit. Diese Hebesysteme erm\u00f6glichen es Menschen mit Behinderungen, mit ihren Rollst\u00fchlen Treppen zu \u00fcberwinden, sodass sie sowohl f\u00fcr den Innen- als auch f\u00fcr den Au\u00dfenbereich geeignet sind. Nach der Installation sind die Plattformen sofort einsatzbereit, sobald die Treppe von der Seite geschlossen ist. F\u00fcr weitere Informationen kontaktieren Sie uns bitte noch am selben Tag per E-Mail.<\/li>\r\n<\/ul>\r\n<p>[\/vc_column_text][vc_separator type=&#8221;transparent&#8221;][\/vc_column][\/vc_row][vc_row row_type=&#8221;row&#8221; use_row_as_full_screen_section=&#8221;no&#8221; type=&#8221;grid&#8221; text_align=&#8221;left&#8221; css_animation=&#8221;&#8221; box_shadow_on_row=&#8221;no&#8221;][vc_column][vc_column_text]<\/p>\r\n<p><!-- \/wp:post-content -->\u00a0<\/p>\r\n<!-- wp:paragraph -->\r\n<h2>Horizontale Plattform f\u00fcr Behinderte<\/h2>\r\n<p>[\/vc_column_text][vc_separator type=&#8221;transparent&#8221;][vc_column_text]<\/p>\r\n<p>Unsere horizontalen Plattformen sind die ideale L\u00f6sung f\u00fcr \u00f6ffentliche oder gewerbliche Geb\u00e4ude, in denen kein Platz f\u00fcr eine vertikale Plattform oder einen Personenaufzug vorhanden ist. Diese vielseitigen Plattformen erm\u00f6glichen es Menschen, sich im Rollstuhl sitzend fortzubewegen. Sie sind f\u00fcr Rollstuhlfahrer einfach zu bedienen und bieten einen einfachen und sicheren Zugang zum Geb\u00e4ude. Dank der klappbaren Plattform und der Barriere kann die horizontale Plattform platzsparend zusammengeklappt werden, sodass die Treppe f\u00fcr Fu\u00dfg\u00e4nger frei bleibt.<\/p>\r\n<p>[\/vc_column_text][vc_separator type=&#8221;transparent&#8221;][\/vc_column][\/vc_row][vc_row row_type=&#8221;row&#8221; use_row_as_full_screen_section=&#8221;no&#8221; type=&#8221;grid&#8221; text_align=&#8221;left&#8221; padding_top=&#8221;55&#8243; padding_bottom=&#8221;55&#8243; css_animation=&#8221;&#8221; box_shadow_on_row=&#8221;no&#8221; oblique_section=&#8221;no&#8221; oblique_section_top_and_bottom=&#8221;both&#8221; oblique_section_position=&#8221;from_left_to_right&#8221; triangle_shape=&#8221;no&#8221; triangle_shape_position=&#8221;both&#8221;][vc_column width=&#8221;1\/3&#8243;][vc_single_image image=&#8221;11956&#8243; img_size=&#8221;full&#8221; mkd_css_animation=&#8221;&#8221;][vc_separator type=&#8221;transparent&#8221;][vc_column_text]<\/p>\r\n<div class=\"wpb_text_column wpb_content_element \">\r\n<div class=\"wpb_wrapper\">We sind stolz darauf, ein umfassendes Kundendienstpaket anbieten zu k\u00f6nnen, das einen technischen Serviceplan und eine vollst\u00e4ndige Garantie auf Produkte und Ersatzteile umfasst. Diese Garantie deckt Herstellungs-, Verarbeitungs- und Montagefehler ab.<\/div>\r\n<\/div>\r\n<p>[\/vc_column_text][vc_separator type=&#8221;transparent&#8221;][\/vc_column][vc_column width=&#8221;1\/3&#8243;][vc_single_image image=&#8221;11954&#8243; img_size=&#8221;full&#8221; mkd_css_animation=&#8221;&#8221;][vc_separator type=&#8221;transparent&#8221;][vc_column_text]<\/p>\r\n<p>Dieses Produkt bietet eine 3-j\u00e4hrige Garantie als gro\u00dfartiges Feature.<br \/>Sein Design eignet sich sowohl f\u00fcr den Innen- als auch f\u00fcr den Au\u00dfenbereich.<br \/>Es ist faltbar, verf\u00fcgt \u00fcber eine 220-V-Haushaltsstromversorgung, ein vorgefertigtes Konzept und eine flexible Konfiguration und l\u00e4sst sich nahtlos in jede Art von Geb\u00e4ude integrieren.<\/p>\r\n<p>[\/vc_column_text][vc_separator type=&#8221;transparent&#8221;][\/vc_column][vc_column width=&#8221;1\/3&#8243;][vc_single_image image=&#8221;11955&#8243; img_size=&#8221;full&#8221; mkd_css_animation=&#8221;&#8221;][vc_separator type=&#8221;transparent&#8221;][vc_column_text]<\/p>\r\n<p>Von der Mehrwertsteuer befreit Gem\u00e4\u00df Artikel 17 Absatz 4 des Mehrwertsteuergesetzeswurde Absatz \u201ec\u201c durch das Gesetz vom 07.07.2005 unter der Nummer 5378 hinzugef\u00fcgt und trat am selben Tag in Kraft, wodurch es von der Mehrwertsteuer befreit ist.<\/p>\r\n<p>[\/vc_column_text][vc_separator type=&#8221;transparent&#8221;][\/vc_column][\/vc_row][vc_row row_type=&#8221;row&#8221; use_row_as_full_screen_section=&#8221;no&#8221; type=&#8221;grid&#8221; text_align=&#8221;left&#8221; background_color=&#8221;#f6f5f5&#8243; padding_top=&#8221;59&#8243; padding_bottom=&#8221;18&#8243; css_animation=&#8221;&#8221; box_shadow_on_row=&#8221;no&#8221; oblique_section=&#8221;no&#8221; oblique_section_top_and_bottom=&#8221;both&#8221; oblique_section_position=&#8221;from_left_to_right&#8221; triangle_shape=&#8221;no&#8221; triangle_shape_position=&#8221;both&#8221;][vc_column]<div class='mkd_icon_with_title tiny circle'><div class=\"icon_holder \" style=\"margin: 0px 0px 60px 0px; \"><div class=\"icon_holder_inner\"><span class=\"mkd_icon_stack mkd_tiny_icon  custom-font\" style=\"font-size: 24px;color: #ffffff;width: 57px;height: 57px;line-height: 57px;background-color: #d34e35;border-width: 0px;\"><i class=\"mkd_icon_font_awesome fa fa-briefcase icon_text_icon mkd_icon_stack_1x\" style=\"font-size: 24px;\" ><\/i><\/span><\/div><\/div><div class=\"icon_text_holder\" style=\"padding-left: 90px;\"><div class=\"icon_title_inner_holder\"><h5 class=\"icon_title \" style=\"\">Was Sie bei der Auswahl eines Treppenlifts beachten sollten.<\/h5><\/div><div class=\"icon_text_inner\" style=\"\"><p style=''>Es gibt zwei Haupttypen von Treppenliften: gerade und spiralf\u00f6rmige. Gerade Treppenlifte k\u00f6nnen an bestehenden geraden Treppen innerhalb oder au\u00dferhalb des Hauses installiert werden, w\u00e4hrend spiralf\u00f6rmige Treppenlifte in der Regel an Treppen innerhalb des Hauses installiert werden. Bei der Auswahl eines Treppenlifts sind Komfort und Sicherheit von gr\u00f6\u00dfter Bedeutung. Diese Produkte m\u00fcssen so sicher wie m\u00f6glich sein, insbesondere da sie haupts\u00e4chlich von \u00e4lteren und kranken Menschen genutzt werden. Ein weiterer wichtiger Aspekt ist die Qualit\u00e4t des Vor- und Nachverkaufssupports des Unternehmens, bei dem der Treppenlift gekauft wird.<\/p><\/div><\/div><\/div>[vc_separator type=&#8221;transparent&#8221; up=&#8221;20&#8243; down=&#8221;0&#8243;]<div class='mkd_icon_with_title tiny circle'><div class=\"icon_holder \" style=\"margin: 0px 0px 60px 0px; \"><div class=\"icon_holder_inner\"><span class=\"mkd_icon_stack mkd_tiny_icon  custom-font\" style=\"font-size: 24px;color: #ffffff;width: 57px;height: 57px;line-height: 57px;background-color: #d34e35;border-width: 0px;\"><i class=\"mkd_icon_font_awesome fa fa-car icon_text_icon mkd_icon_stack_1x\" style=\"font-size: 24px;\" ><\/i><\/span><\/div><\/div><div class=\"icon_text_holder\" style=\"padding-left: 90px;\"><div class=\"icon_title_inner_holder\"><h5 class=\"icon_title \" style=\"\">Was ist Barrierefreiheitsregulierung?<\/h5><\/div><div class=\"icon_text_inner\" style=\"\"><p style=''>Was ist Barrierefreiheit? Der Barrierefreiheitsstandard ist definiert als gesetzliche Anforderung f\u00fcr die Bereitstellung von Infrastruktur, die behinderten und \u00e4lteren Menschen einen unabh\u00e4ngigen Zugang und eine unabh\u00e4ngige Fortbewegung an \u00f6ffentlichen und sozialen Orten, einschlie\u00dflich Schulen, Krankenh\u00e4usern und kommunalen Geb\u00e4uden sowie Gemeinschaftsbereichen, erm\u00f6glicht.<\/p><\/div><\/div><\/div>[vc_separator type=&#8221;transparent&#8221; up=&#8221;20&#8243; down=&#8221;0&#8243;][\/vc_column][\/vc_row][vc_row row_type=&#8221;row&#8221; use_row_as_full_screen_section=&#8221;no&#8221; type=&#8221;full_width&#8221; text_align=&#8221;left&#8221; css_animation=&#8221;&#8221; box_shadow_on_row=&#8221;no&#8221;][vc_column][vc_column_text]<\/p>\r\n<p><!-- \/wp:paragraph -->\r\n\r\n<!-- wp:shortcode -->[\/vc_column_text][\/vc_column][\/vc_row][vc_row row_type=&#8221;row&#8221; use_row_as_full_screen_section=&#8221;no&#8221; type=&#8221;grid&#8221; text_align=&#8221;left&#8221; css_animation=&#8221;&#8221; box_shadow_on_row=&#8221;no&#8221;][vc_column][vc_separator type=&#8221;transparent&#8221; up=&#8221;20&#8243; down=&#8221;0&#8243;][vc_column_text]<\/p>\r\n<p>Horizontale Plattform f\u00fcr Behinderte<\/p>\r\n<p>Die horizontale Plattform f\u00fcr Behinderte von Amada TECH l\u00e4sst sich schnell und einfach installieren und ist somit eine \u00e4u\u00dferst effiziente L\u00f6sung f\u00fcr eine Vielzahl von Geb\u00e4uden. Das vorgefertigte Konzept und die flexible Konfiguration gew\u00e4hrleisten eine nahtlose Integration und verbessern die Zug\u00e4nglichkeit der Plattform. Jeder Rollstuhllift ist CE-gekennzeichnet und von einer akkreditierten Stelle zertifiziert, wodurch sichergestellt wird, dass unsere Lifte die h\u00f6chsten Sicherheits- und Zertifizierungsstandards f\u00fcr Erwachsene und Kinder erf\u00fcllen und ein hohes Ma\u00df an Sicherheit und Benutzerfreundlichkeit bieten.<\/p>\r\n<p>[\/vc_column_text][vc_separator type=&#8221;transparent&#8221; up=&#8221;20&#8243; down=&#8221;0&#8243;][\/vc_column][\/vc_row][vc_row row_type=&#8221;row&#8221; use_row_as_full_screen_section=&#8221;no&#8221; type=&#8221;grid&#8221; text_align=&#8221;left&#8221; css_animation=&#8221;&#8221; box_shadow_on_row=&#8221;no&#8221;][vc_column][vc_column_text]<\/p>\r\n<p><!-- \/wp:shortcode -->\r\n\r\n<!-- wp:paragraph -->[\/vc_column_text][vc_column_text]<\/p>\r\n<div class=\"vc_row wpb_row row top-row\">\r\n<div class=\"vc_column_container col-md-6\">\r\n<div class=\"wpb_wrapper vc_column-inner\">\r\n<div class=\"wpb_text_column wpb_content_element \">\r\n<div class=\"wpb_wrapper\">\r\n<p>Horizontale Plattform f\u00fcr Behinderte<\/p>\r\n<p>Die horizontale Plattform f\u00fcr Behinderte von Amada TECH, Rollstuhllift, ist mit Sicherheitshebeln an der Vorder- und R\u00fcckseite der Plattform sowie einem Quetschsensor ausgestattet, der die Bewegung stoppt, um maximale Sicherheit zu gew\u00e4hrleisten. Die horizontale Plattform f\u00fcr Behinderte ist sowohl f\u00fcr den Innen- als auch f\u00fcr den Au\u00dfenbereich geeignet und kann bei Nichtgebrauch zusammengeklappt werden. Sie ist in zwei Modellen erh\u00e4ltlich: gerade und drehbar. Die horizontale Plattform f\u00fcr Behinderte ist so konzipiert, dass sie sich an die Abmessungen Ihrer Treppe anpasst und die Installation ohne gr\u00f6\u00dfere Umbauten vereinfacht. Die Plattform ist platzsparend konstruiert, l\u00e4sst sich bei Nichtgebrauch platzsparend zusammenklappen und bei Bedarf auf Befehl automatisch ausklappen. Die horizontale Plattform f\u00fcr Behinderte wird auf Bestellung gefertigt und kann innerhalb weniger Tage mit sehr geringem Montageaufwand installiert werden. Stromversorgung: einphasiger Haushaltsstrom 220 V.<\/p>\r\n<\/div>\r\n<\/div>\r\n<\/div>\r\n<\/div>\r\n<\/div>\r\n<p>[\/vc_column_text][\/vc_column][\/vc_row][vc_row row_type=&#8221;row&#8221; use_row_as_full_screen_section=&#8221;no&#8221; type=&#8221;grid&#8221; text_align=&#8221;left&#8221; css_animation=&#8221;&#8221; box_shadow_on_row=&#8221;no&#8221;][vc_column][vc_column_text]<\/p>\r\n<p><!-- \/wp:paragraph -->\r\n\r\n<!-- wp:paragraph -->[\/vc_column_text][vc_column_text]<\/p>\r\n<p>Unsere innovative horizontale Plattform wurde sowohl f\u00fcr gerade als auch f\u00fcr gewendelte Treppen entwickelt und ist somit eine vielseitige L\u00f6sung f\u00fcr eine Vielzahl von Geb\u00e4udekonfigurationen. Diese Plattform wird in der Regel in bestehenden Geb\u00e4uden installiert und bietet dank ihrer Wand- oder Stufenbefestigungsoptionen eine hohe Anpassungsf\u00e4higkeit, sodass unabh\u00e4ngig von baulichen Einschr\u00e4nkungen eine sichere Installation gew\u00e4hrleistet ist. Dank ihrer kompakten Bauweise l\u00e4sst sie sich schnell installieren, oft sogar innerhalb eines Tages, und ist somit eine praktische Wahl, um die Barrierefreiheit in Ihrem Geb\u00e4ude zu verbessern.<\/p>\r\n<p>[\/vc_column_text][vc_separator type=&#8221;transparent&#8221;][\/vc_column][\/vc_row]<\/p><\/section>","protected":false},"excerpt":{"rendered":"<p>[vc_row row_type=&#8221;row&#8221; use_row_as_full_screen_section=&#8221;no&#8221; type=&#8221;grid&#8221; text_align=&#8221;left&#8221; padding_top=&#8221;20&#8243; padding_bottom=&#8221;13&#8243; css_animation=&#8221;&#8221; box_shadow_on_row=&#8221;no&#8221; oblique_section=&#8221;no&#8221; oblique_section_top_and_bottom=&#8221;both&#8221; oblique_section_position=&#8221;from_left_to_right&#8221; triangle_shape=&#8221;no&#8221; triangle_shape_position=&#8221;both&#8221;][vc_column][vc_column_text] Horizontale Plattform f\u00fcr Behinderte [\/vc_column_text][\/vc_column][\/vc_row][vc_row row_type=&#8221;row&#8221; use_row_as_full_screen_section=&#8221;no&#8221; type=&#8221;grid&#8221; text_align=&#8221;left&#8221; padding_top=&#8221;55&#8243; padding_bottom=&#8221;23&#8243; css_animation=&#8221;&#8221; box_shadow_on_row=&#8221;no&#8221; oblique_section=&#8221;no&#8221; oblique_section_top_and_bottom=&#8221;both&#8221; oblique_section_position=&#8221;from_left_to_right&#8221; triangle_shape=&#8221;no&#8221; triangle_shape_position=&#8221;both&#8221;][vc_column width=&#8221;1\/2&#8243;][vc_separator type=&#8221;transparent&#8221;][vc_separator type=&#8221;transparent&#8221;][vc_separator type=&#8221;transparent&#8221;][vc_video link=&#8221;https:\/\/youtu.be\/EGTmV9SH7aM&#8221;][vc_separator type=&#8221;transparent&#8221;][\/vc_column][vc_column width=&#8221;1\/2&#8243;][vc_column_text] AmadaTECH Elevator ist ein Pionierunternehmen, das&#8230;<\/p>\n","protected":false},"author":2,"featured_media":11850,"parent":0,"menu_order":0,"comment_status":"closed","ping_status":"closed","template":"","meta":{"footnotes":""},"class_list":["post-11949","page","type-page","status-publish","has-post-thumbnail","hentry"],"_links":{"self":[{"href":"https:\/\/amadatech.com\/de\/wp-json\/wp\/v2\/pages\/11949","targetHints":{"allow":["GET"]}}],"collection":[{"href":"https:\/\/amadatech.com\/de\/wp-json\/wp\/v2\/pages"}],"about":[{"href":"https:\/\/amadatech.com\/de\/wp-json\/wp\/v2\/types\/page"}],"author":[{"embeddable":true,"href":"https:\/\/amadatech.com\/de\/wp-json\/wp\/v2\/users\/2"}],"replies":[{"embeddable":true,"href":"https:\/\/amadatech.com\/de\/wp-json\/wp\/v2\/comments?post=11949"}],"version-history":[{"count":14,"href":"https:\/\/amadatech.com\/de\/wp-json\/wp\/v2\/pages\/11949\/revisions"}],"predecessor-version":[{"id":13131,"href":"https:\/\/amadatech.com\/de\/wp-json\/wp\/v2\/pages\/11949\/revisions\/13131"}],"wp:featuredmedia":[{"embeddable":true,"href":"https:\/\/amadatech.com\/de\/wp-json\/wp\/v2\/media\/11850"}],"wp:attachment":[{"href":"https:\/\/amadatech.com\/de\/wp-json\/wp\/v2\/media?parent=11949"}],"curies":[{"name":"wp","href":"https:\/\/api.w.org\/{rel}","templated":true}]}}