{"id":11929,"date":"2025-01-09T20:09:43","date_gmt":"2025-01-09T17:09:43","guid":{"rendered":"https:\/\/amadatech.com\/de\/?page_id=11929"},"modified":"2025-12-22T19:37:48","modified_gmt":"2025-12-22T16:37:48","slug":"treppenlift","status":"publish","type":"page","link":"https:\/\/amadatech.com\/de\/treppenlift\/","title":{"rendered":"Treppenlift"},"content":{"rendered":"<section class=\"wpb-content-wrapper\"><p>[vc_row row_type=&#8221;row&#8221; use_row_as_full_screen_section=&#8221;no&#8221; type=&#8221;grid&#8221; text_align=&#8221;left&#8221; padding_top=&#8221;55&#8243; padding_bottom=&#8221;23&#8243; css_animation=&#8221;&#8221; box_shadow_on_row=&#8221;no&#8221; oblique_section=&#8221;no&#8221; oblique_section_top_and_bottom=&#8221;both&#8221; oblique_section_position=&#8221;from_left_to_right&#8221; triangle_shape=&#8221;no&#8221; triangle_shape_position=&#8221;both&#8221;][vc_column width=&#8221;1\/2&#8243;][vc_single_image image=&#8221;13532&#8243; img_size=&#8221;full&#8221; mkd_css_animation=&#8221;&#8221;][vc_separator type=&#8221;transparent&#8221;][\/vc_column][vc_column width=&#8221;1\/2&#8243;][vc_column_text]<\/p>\n<h1>Treppenlift<\/h1>\n<p>[\/vc_column_text][vc_separator type=&#8221;transparent&#8221;][vc_column_text]Amada TECH <a href=\"https:\/\/engelliplatformu.com.tr\/\" target=\"_blank\" rel=\"noopener\">Handicap-Liftsysteme<\/a> f\u00fcr Menschen mit Behinderung<br \/>\nDas Leben ist voller Hindernisse. Rufen Sie uns an f\u00fcr ein reibungsloses Leben. Lassen Sie uns gemeinsam Hindernisse \u00fcberwinden.<\/p>\n<p>Der Treppenlift mit geradem oder schwenkbarem Sitz wurde f\u00fcr Menschen entwickelt, die Schwierigkeiten beim Treppensteigen haben. Der <a href=\"https:\/\/amadatech.com\" target=\"_blank\" rel=\"noopener\">AmadaTECH<\/a>-Treppenlift ist der einzige Treppenlift weltweit, der im zusammengeklappten Zustand den geringsten Platzbedarf hat und \u00fcber eine Selbstschutzfunktion f\u00fcr den Fall eines Stromausfalls verf\u00fcgt.[\/vc_column_text][\/vc_column][\/vc_row][vc_row row_type=&#8221;row&#8221; use_row_as_full_screen_section=&#8221;no&#8221; type=&#8221;grid&#8221; text_align=&#8221;left&#8221; padding_top=&#8221;55&#8243; padding_bottom=&#8221;55&#8243; css_animation=&#8221;&#8221; box_shadow_on_row=&#8221;no&#8221; oblique_section=&#8221;no&#8221; oblique_section_top_and_bottom=&#8221;both&#8221; oblique_section_position=&#8221;from_left_to_right&#8221; triangle_shape=&#8221;no&#8221; triangle_shape_position=&#8221;both&#8221;][vc_column width=&#8221;1\/3&#8243;][vc_single_image image=&#8221;13530&#8243; img_size=&#8221;full&#8221; mkd_css_animation=&#8221;&#8221;][vc_separator type=&#8221;transparent&#8221;][vc_column_text]<\/p>\n<div class=\"wpb_text_column wpb_content_element \">\n<div class=\"wpb_wrapper\">ZERTIFIZIERT \u2013 PATENTIERT<br \/>\nCE-zertifiziert CE-patentiert von TPE. Kundendienst \u2013 Wartungspaket \u2013 Vollst\u00e4ndige Garantie auf Produkte und Ersatzteile gegen Herstellungs-, Produktions- und Installationsfehler<\/div>\n<\/div>\n<p>[\/vc_column_text][vc_separator type=&#8221;transparent&#8221;][\/vc_column][vc_column width=&#8221;1\/3&#8243;][vc_single_image image=&#8221;13519&#8243; img_size=&#8221;full&#8221; mkd_css_animation=&#8221;&#8221;][vc_separator type=&#8221;transparent&#8221;][vc_column_text]<strong>HERVORRAGENDE LEISTUNG \u2013 5 JAHRE GARANTIE<\/strong><\/p>\n<p>Das kompakteste Produkt der Welt, Selbstladefunktion, Digitalanzeige f\u00fcr den Ladezustand, arbeitet auch bei ausgeschaltetem Ger\u00e4t mit dem Batterieladesystem weiter.[\/vc_column_text][vc_separator type=&#8221;transparent&#8221;][\/vc_column][vc_column width=&#8221;1\/3&#8243;][vc_single_image image=&#8221;13521&#8243; img_size=&#8221;full&#8221; mkd_css_animation=&#8221;&#8221;][vc_separator type=&#8221;transparent&#8221;][vc_column_text]<strong>BEFREIUNG VON DER MEHRWERTSTEUER<\/strong><br \/>\nArtikel 17 Absatz 4 des Mehrwertsteuergesetzes ist gem\u00e4\u00df Unterabsatz \u201ec\u201c, der durch das Gesetz vom 07.07.2005 unter der Nummer 5378 hinzugef\u00fcgt wurde und am selben Tag in Kraft trat, von der Mehrwertsteuer befreit.[\/vc_column_text][vc_separator type=&#8221;transparent&#8221;][\/vc_column][\/vc_row][vc_row row_type=&#8221;row&#8221; use_row_as_full_screen_section=&#8221;no&#8221; type=&#8221;grid&#8221; text_align=&#8221;left&#8221; css_animation=&#8221;&#8221; box_shadow_on_row=&#8221;no&#8221;][vc_column width=&#8221;1\/2&#8243;][vc_column_text]<\/p>\n<h3><strong>AmadaTECH \u2013 neue Generation der Aufzugstechnik. <\/strong><strong>F\u00fcr barrierefreie Mobilit\u00e4t und mehr Lebensqualit\u00e4t.<\/strong><\/h3>\n<p>[\/vc_column_text][vc_separator type=&#8221;transparent&#8221; up=&#8221;20&#8243; down=&#8221;0&#8243;][vc_column_text]Unsere Treppenlifte bieten maximale Sicherheit, Komfort und Barrierefreiheit \u2013 sowohl im privaten als auch im gewerblichen Einsatz.[\/vc_column_text][vc_separator type=&#8221;transparent&#8221; up=&#8221;20&#8243; down=&#8221;0&#8243;][vc_column_text]Dank fortschrittlicher Technologie passen sich AmadaTECH Treppenlifte perfekt an gerade, kurvige und mehrst\u00f6ckige Treppenanlagen an.[\/vc_column_text][vc_separator type=&#8221;transparent&#8221; up=&#8221;20&#8243; down=&#8221;0&#8243;][vc_column_text]Leiser Betrieb, sanfte Start- und Stoppfunktionen sowie intelligente Sicherheitssysteme gew\u00e4hrleisten eine komfortable und sichere Nutzung.[\/vc_column_text][vc_separator type=&#8221;transparent&#8221; up=&#8221;20&#8243; down=&#8221;0&#8243;][vc_column_text]Unsere L\u00f6sungen werden aus hochwertigen Materialien gefertigt und individuell geplant, um sich harmonisch in die bestehende Architektur einzuf\u00fcgen.[\/vc_column_text][vc_column_text]Energieeffiziente Antriebssysteme sorgen f\u00fcr einen nachhaltigen und wartungsarmen Betrieb.[\/vc_column_text][vc_separator type=&#8221;transparent&#8221; up=&#8221;20&#8243; down=&#8221;0&#8243;][\/vc_column][vc_column width=&#8221;1\/2&#8243;][vc_video link=&#8221;https:\/\/youtu.be\/gMqrnbLmDus&#8221;][vc_separator type=&#8221;transparent&#8221; up=&#8221;20&#8243; down=&#8221;0&#8243;][vc_column_text]AmadaTECH Treppenlifte verbessern die Lebensqualit\u00e4t, f\u00f6rdern die Selbstst\u00e4ndigkeit und erm\u00f6glichen uneingeschr\u00e4nkte Mobilit\u00e4t \u2013 jeden Tag.<\/p>\n<p>AmadaTECH \u2013 neue Generation der Aufzugstechnik.<br \/>\nSicher. Zuverl\u00e4ssig. Zukunftsorientiert.[\/vc_column_text][vc_separator type=&#8221;transparent&#8221; up=&#8221;20&#8243; down=&#8221;0&#8243;][\/vc_column][\/vc_row][vc_row row_type=&#8221;row&#8221; use_row_as_full_screen_section=&#8221;no&#8221; type=&#8221;grid&#8221; text_align=&#8221;left&#8221; background_color=&#8221;#f6f5f5&#8243; padding_top=&#8221;59&#8243; padding_bottom=&#8221;18&#8243; css_animation=&#8221;&#8221; box_shadow_on_row=&#8221;no&#8221; oblique_section=&#8221;no&#8221; oblique_section_top_and_bottom=&#8221;both&#8221; oblique_section_position=&#8221;from_left_to_right&#8221; triangle_shape=&#8221;no&#8221; triangle_shape_position=&#8221;both&#8221;][vc_column]<div class='mkd_icon_with_title tiny circle'><div class=\"icon_holder \" style=\"margin: 0px 0px 60px 0px; \"><div class=\"icon_holder_inner\"><span class=\"mkd_icon_stack mkd_tiny_icon  custom-font\" style=\"font-size: 24px;color: #ffffff;width: 57px;height: 57px;line-height: 57px;background-color: #d34e35;border-width: 0px;\"><i class=\"mkd_icon_font_awesome fa fa-briefcase icon_text_icon mkd_icon_stack_1x\" style=\"font-size: 24px;\" ><\/i><\/span><\/div><\/div><div class=\"icon_text_holder\" style=\"padding-left: 90px;\"><div class=\"icon_title_inner_holder\"><h3 class=\"icon_title \" style=\"\">Was Sie bei der Auswahl eines Treppenlifts beachten sollten<\/h3><\/div><div class=\"icon_text_inner\" style=\"\"><p style=''>Treppenlifte werden in gerade Treppenlifte und Wendeltreppenlifte unterschieden. W\u00e4hrend gerade Treppenlifte an bestehenden geraden Treppen innerhalb oder au\u00dferhalb des Hauses installiert werden k\u00f6nnen, werden Wendeltreppenlifte in der Regel an Treppen innerhalb des Hauses installiert. Bei der Auswahl eines Treppenlifts sind der Komfort und die Sicherheit des Produkts die wichtigsten Aspekte. Sicherheit sollte bei Treppenliften, die haupts\u00e4chlich von \u00e4lteren und kranken Menschen genutzt werden, an erster Stelle stehen. Ein weiterer wichtiger Aspekt ist der Kundendienst vor und nach dem Kauf durch das Unternehmen, bei dem Sie den Treppenlift erwerben.<\/p><\/div><\/div><\/div>[vc_separator type=&#8221;transparent&#8221; up=&#8221;20&#8243; down=&#8221;0&#8243;]<div class='mkd_icon_with_title tiny circle'><div class=\"icon_holder \" style=\"margin: 0px 0px 60px 0px; \"><div class=\"icon_holder_inner\"><span class=\"mkd_icon_stack mkd_tiny_icon  custom-font\" style=\"font-size: 24px;color: #ffffff;width: 57px;height: 57px;line-height: 57px;background-color: #d34e35;border-width: 0px;\"><i class=\"mkd_icon_font_awesome fa fa-car icon_text_icon mkd_icon_stack_1x\" style=\"font-size: 24px;\" ><\/i><\/span><\/div><\/div><div class=\"icon_text_holder\" style=\"padding-left: 90px;\"><div class=\"icon_title_inner_holder\"><h5 class=\"icon_title \" style=\"\">Was ist Barrierefreiheitsregulierung?<\/h5><\/div><div class=\"icon_text_inner\" style=\"\"><p style=''>Wenn wir eine allgemeine Definition des Barrierefreiheitsstandards geben, handelt es sich um einen Artikel des Gesetzes, der die notwendigen baulichen Ma\u00dfnahmen beschreibt, damit Menschen mit Behinderung und \u00e4ltere Menschen alle \u00f6ffentlichen und sozialen Einrichtungen wie Schulen, Krankenh\u00e4user, Beh\u00f6rden usw. sowie Gemeinschaftsbereiche selbstst\u00e4ndig betreten, sich darin bewegen und verlassen k\u00f6nnen.<\/p><\/div><\/div><\/div>[vc_separator type=&#8221;transparent&#8221; up=&#8221;20&#8243; down=&#8221;0&#8243;][\/vc_column][\/vc_row][vc_row row_type=&#8221;row&#8221; use_row_as_full_screen_section=&#8221;no&#8221; type=&#8221;grid&#8221; text_align=&#8221;left&#8221; css_animation=&#8221;&#8221; box_shadow_on_row=&#8221;no&#8221;][vc_column][vc_separator type=&#8221;transparent&#8221; up=&#8221;20&#8243; down=&#8221;0&#8243;][vc_column_text]<\/p>\n<h2>Treppenlift mit Sitz<\/h2>\n<p>Geeignet f\u00fcr den Innen- und Au\u00dfenbereich<br \/>\nTragkraft: 125 kg<br \/>\nGeschwindigkeit: 0,15 m\/s<br \/>\nKomfortables und elegantes Design<br \/>\nInnovatives und flexibles Design<br \/>\nKlappbarer Sitz \u2013 Sicherheitsgurt<br \/>\nVerschiedene Polsteroptionen<br \/>\nVerstellbare Armlehnen<br \/>\nAutomatisches Zusammenklappen in einem Schritt<br \/>\nBetriebsspannung: 24 Volt Gleichstrom<br \/>\nGewichtssensor am Sitz<br \/>\nSteuerungssystem (PLC Digital): Ja<br \/>\nMit einer Hand zu befestigender und l\u00f6sbarer Sicherheitsgurt<br \/>\nDrahtlose Steuerung an Haltestellen<br \/>\nEinfach zu bedienender und abschlie\u00dfbarer Steuergriff<br \/>\n5 Jahre Herstellergarantie[\/vc_column_text][vc_column_text]Der <a href=\"https:\/\/amadatech.com\/de\/horizontal-disabled-platform\/\" target=\"_blank\" rel=\"noopener\">Treppenlift<\/a> mit geradem oder schwenkbarem Sitz wurde f\u00fcr Menschen entwickelt, die Schwierigkeiten beim Treppensteigen haben.[\/vc_column_text][vc_separator type=&#8221;transparent&#8221; up=&#8221;20&#8243; down=&#8221;0&#8243;][\/vc_column][\/vc_row][vc_row row_type=&#8221;row&#8221; use_row_as_full_screen_section=&#8221;no&#8221; type=&#8221;full_width&#8221; text_align=&#8221;left&#8221; css_animation=&#8221;&#8221; box_shadow_on_row=&#8221;no&#8221;][vc_column width=&#8221;1\/3&#8243;][vc_video link=&#8221;https:\/\/youtu.be\/3n6Q-EfZX0U&#8221;][vc_separator type=&#8221;transparent&#8221;][vc_separator type=&#8221;transparent&#8221;][\/vc_column][vc_column width=&#8221;1\/3&#8243;][vc_video link=&#8221;https:\/\/youtube.com\/shorts\/GMYHpKlCgjk&#8221;][vc_separator type=&#8221;transparent&#8221;][vc_separator type=&#8221;transparent&#8221;][\/vc_column][vc_column width=&#8221;1\/3&#8243;][vc_video link=&#8221;https:\/\/youtu.be\/GVyRer36uY0&#8243;][vc_separator type=&#8221;transparent&#8221;][vc_separator type=&#8221;transparent&#8221;][\/vc_column][\/vc_row]<\/p>\n<\/section>","protected":false},"excerpt":{"rendered":"<p>[vc_row row_type=&#8221;row&#8221; use_row_as_full_screen_section=&#8221;no&#8221; type=&#8221;grid&#8221; text_align=&#8221;left&#8221; padding_top=&#8221;55&#8243; padding_bottom=&#8221;23&#8243; css_animation=&#8221;&#8221; box_shadow_on_row=&#8221;no&#8221; oblique_section=&#8221;no&#8221; oblique_section_top_and_bottom=&#8221;both&#8221; oblique_section_position=&#8221;from_left_to_right&#8221; triangle_shape=&#8221;no&#8221; triangle_shape_position=&#8221;both&#8221;][vc_column width=&#8221;1\/2&#8243;][vc_single_image image=&#8221;13532&#8243; img_size=&#8221;full&#8221; mkd_css_animation=&#8221;&#8221;][vc_separator type=&#8221;transparent&#8221;][\/vc_column][vc_column width=&#8221;1\/2&#8243;][vc_column_text] Treppenlift [\/vc_column_text][vc_separator type=&#8221;transparent&#8221;][vc_column_text]Amada TECH Handicap-Liftsysteme f\u00fcr Menschen mit Behinderung Das Leben ist voller Hindernisse. Rufen Sie uns an f\u00fcr ein reibungsloses Leben. Lassen Sie uns&#8230;<\/p>\n","protected":false},"author":2,"featured_media":13519,"parent":0,"menu_order":0,"comment_status":"closed","ping_status":"closed","template":"","meta":{"footnotes":""},"class_list":["post-11929","page","type-page","status-publish","has-post-thumbnail","hentry"],"_links":{"self":[{"href":"https:\/\/amadatech.com\/de\/wp-json\/wp\/v2\/pages\/11929","targetHints":{"allow":["GET"]}}],"collection":[{"href":"https:\/\/amadatech.com\/de\/wp-json\/wp\/v2\/pages"}],"about":[{"href":"https:\/\/amadatech.com\/de\/wp-json\/wp\/v2\/types\/page"}],"author":[{"embeddable":true,"href":"https:\/\/amadatech.com\/de\/wp-json\/wp\/v2\/users\/2"}],"replies":[{"embeddable":true,"href":"https:\/\/amadatech.com\/de\/wp-json\/wp\/v2\/comments?post=11929"}],"version-history":[{"count":28,"href":"https:\/\/amadatech.com\/de\/wp-json\/wp\/v2\/pages\/11929\/revisions"}],"predecessor-version":[{"id":13559,"href":"https:\/\/amadatech.com\/de\/wp-json\/wp\/v2\/pages\/11929\/revisions\/13559"}],"wp:featuredmedia":[{"embeddable":true,"href":"https:\/\/amadatech.com\/de\/wp-json\/wp\/v2\/media\/13519"}],"wp:attachment":[{"href":"https:\/\/amadatech.com\/de\/wp-json\/wp\/v2\/media?parent=11929"}],"curies":[{"name":"wp","href":"https:\/\/api.w.org\/{rel}","templated":true}]}}