{"id":11915,"date":"2025-01-09T19:49:41","date_gmt":"2025-01-09T16:49:41","guid":{"rendered":"https:\/\/amadatech.com\/de\/?page_id=11915"},"modified":"2025-12-23T16:42:06","modified_gmt":"2025-12-23T13:42:06","slug":"geschlossene-plattform","status":"publish","type":"page","link":"https:\/\/amadatech.com\/de\/geschlossene-plattform\/","title":{"rendered":"Geschlossene Plattform"},"content":{"rendered":"<section class=\"wpb-content-wrapper\"><p>[vc_row row_type=&#8221;row&#8221; use_row_as_full_screen_section=&#8221;no&#8221; type=&#8221;grid&#8221; text_align=&#8221;left&#8221; padding_top=&#8221;20&#8243; padding_bottom=&#8221;13&#8243; css_animation=&#8221;&#8221; box_shadow_on_row=&#8221;no&#8221; oblique_section=&#8221;no&#8221; oblique_section_top_and_bottom=&#8221;both&#8221; oblique_section_position=&#8221;from_left_to_right&#8221; triangle_shape=&#8221;no&#8221; triangle_shape_position=&#8221;both&#8221;][vc_column][vc_column_text]<\/p>\r\n<h1>Geschlossene Plattform<\/h1>\r\n<p>[\/vc_column_text][\/vc_column][\/vc_row][vc_row row_type=&#8221;row&#8221; use_row_as_full_screen_section=&#8221;no&#8221; type=&#8221;grid&#8221; text_align=&#8221;left&#8221; padding_top=&#8221;55&#8243; padding_bottom=&#8221;23&#8243; css_animation=&#8221;&#8221; box_shadow_on_row=&#8221;no&#8221; oblique_section=&#8221;no&#8221; oblique_section_top_and_bottom=&#8221;both&#8221; oblique_section_position=&#8221;from_left_to_right&#8221; triangle_shape=&#8221;no&#8221; triangle_shape_position=&#8221;both&#8221;][vc_column width=&#8221;1\/2&#8243;][vc_video link=&#8221;https:\/\/youtu.be\/kB0XoGQMCs8&#8243;][vc_separator type=&#8221;transparent&#8221;][\/vc_column][vc_column width=&#8221;1\/2&#8243;][vc_column_text]<\/p>\r\n<h2>Geschlossene Plattform<\/h2>\r\n<p>[\/vc_column_text][vc_separator type=&#8221;transparent&#8221;][vc_column_text]<\/p>\r\n<p>Hergestellt gem\u00e4\u00df TS EN 81-41 f\u00fcr Sicherheitsvorschriften f\u00fcr Konstruktion und Montage, TS ISO 9386-1 f\u00fcr Sicherheit, Abmessungen und Funktionsvorschriften sowie der Maschinenrichtlinie 2006\/42\/EG, werden sie mit dem CE-Konformit\u00e4tszeichen vermarktet. Wir bieten Alternativen wie elegantes Design, Plattformgr\u00f6\u00dfen, Panorama-Glas- oder Sandwichpaneele, verschiedene Farben, Edelstahldetails, Spotlights und breite Glast\u00fcren mit Rahmen. Stahlkonstruktion, Glas- oder Verbundstoff-Au\u00dfenverkleidung sind in unseren Preisen enthalten. Tragf\u00e4higkeit 315 kg, maximale Schwimmweite 15 Meter. Schachtboden 9 cm, Betriebsspannung 220 oder 380 V.<\/p>\r\n<p>[\/vc_column_text][\/vc_column][\/vc_row][vc_row row_type=&#8221;row&#8221; use_row_as_full_screen_section=&#8221;no&#8221; type=&#8221;grid&#8221; text_align=&#8221;left&#8221; css_animation=&#8221;&#8221; box_shadow_on_row=&#8221;no&#8221;][vc_column][vc_column_text]<\/p>\r\n<p>Die vertikale, geschlossene Rollstuhlplattform von Amada TECH bietet Ihnen flexible L\u00f6sungen, da sie in vielen Bereichen wie Schulen, medizinischen Zentren, kommunalen Geb\u00e4uden und Privathaushalten eingesetzt werden kann.<\/p>\r\n<p>[\/vc_column_text][vc_separator type=&#8221;transparent&#8221;][\/vc_column][\/vc_row][vc_row row_type=&#8221;row&#8221; use_row_as_full_screen_section=&#8221;no&#8221; type=&#8221;full_width&#8221; text_align=&#8221;left&#8221; css_animation=&#8221;&#8221; box_shadow_on_row=&#8221;no&#8221;][vc_column][vc_column_text]<\/p>\r\n<p><!-- \/wp:post-content -->\r\n\r\n<!-- wp:shortcode -->[\/vc_column_text][\/vc_column][\/vc_row][vc_row row_type=&#8221;row&#8221; use_row_as_full_screen_section=&#8221;no&#8221; type=&#8221;grid&#8221; text_align=&#8221;left&#8221; padding_top=&#8221;55&#8243; padding_bottom=&#8221;55&#8243; css_animation=&#8221;&#8221; box_shadow_on_row=&#8221;no&#8221; oblique_section=&#8221;no&#8221; oblique_section_top_and_bottom=&#8221;both&#8221; oblique_section_position=&#8221;from_left_to_right&#8221; triangle_shape=&#8221;no&#8221; triangle_shape_position=&#8221;both&#8221;][vc_column width=&#8221;1\/3&#8243;][vc_single_image image=&#8221;11921&#8243; img_size=&#8221;full&#8221; mkd_css_animation=&#8221;&#8221;][vc_separator type=&#8221;transparent&#8221;][\/vc_column][vc_column width=&#8221;1\/3&#8243;][vc_single_image image=&#8221;11923&#8243; img_size=&#8221;full&#8221; mkd_css_animation=&#8221;&#8221;][vc_separator type=&#8221;transparent&#8221;][\/vc_column][vc_column width=&#8221;1\/3&#8243;][vc_single_image image=&#8221;12215&#8243; img_size=&#8221;full&#8221; mkd_css_animation=&#8221;&#8221;][vc_separator type=&#8221;transparent&#8221;][\/vc_column][\/vc_row][vc_row row_type=&#8221;row&#8221; use_row_as_full_screen_section=&#8221;no&#8221; type=&#8221;full_width&#8221; text_align=&#8221;left&#8221; css_animation=&#8221;&#8221; box_shadow_on_row=&#8221;no&#8221;][vc_column][vc_column_text]<\/p>\r\n<p><!-- \/wp:shortcode -->\r\n\r\n<!-- wp:paragraph -->[\/vc_column_text][\/vc_column][\/vc_row][vc_row row_type=&#8221;row&#8221; use_row_as_full_screen_section=&#8221;no&#8221; type=&#8221;grid&#8221; text_align=&#8221;left&#8221; background_color=&#8221;#f6f5f5&#8243; padding_top=&#8221;59&#8243; padding_bottom=&#8221;18&#8243; css_animation=&#8221;&#8221; box_shadow_on_row=&#8221;no&#8221; oblique_section=&#8221;no&#8221; oblique_section_top_and_bottom=&#8221;both&#8221; oblique_section_position=&#8221;from_left_to_right&#8221; triangle_shape=&#8221;no&#8221; triangle_shape_position=&#8221;both&#8221;][vc_column]<div class='mkd_icon_with_title tiny circle'><div class=\"icon_holder \" style=\"margin: 0px 0px 60px 0px; \"><div class=\"icon_holder_inner\"><span class=\"mkd_icon_stack mkd_tiny_icon  custom-font\" style=\"font-size: 24px;color: #ffffff;width: 57px;height: 57px;line-height: 57px;background-color: #d34e35;border-width: 0px;\"><i class=\"mkd_icon_font_awesome fa fa-briefcase icon_text_icon mkd_icon_stack_1x\" style=\"font-size: 24px;\" ><\/i><\/span><\/div><\/div><div class=\"icon_text_holder\" style=\"padding-left: 90px;\"><div class=\"icon_title_inner_holder\"><h5 class=\"icon_title \" style=\"\">Architektonische Unterst\u00fctzung<\/h5><\/div><div class=\"icon_text_inner\" style=\"\"><p style=''>Das Design und die Abmessungen der Plattformen in Ihrem Projekt werden dem Kunden noch am selben Tag per E-Mail zugesandt.<\/p><\/div><\/div><\/div>[vc_separator type=&#8221;transparent&#8221; up=&#8221;20&#8243; down=&#8221;0&#8243;]<div class='mkd_icon_with_title tiny circle'><div class=\"icon_holder \" style=\"margin: 0px 0px 60px 0px; \"><div class=\"icon_holder_inner\"><span class=\"mkd_icon_stack mkd_tiny_icon  custom-font\" style=\"font-size: 24px;color: #ffffff;width: 57px;height: 57px;line-height: 57px;background-color: #d34e35;border-width: 0px;\"><i class=\"mkd_icon_font_awesome fa fa-car icon_text_icon mkd_icon_stack_1x\" style=\"font-size: 24px;\" ><\/i><\/span><\/div><\/div><div class=\"icon_text_holder\" style=\"padding-left: 90px;\"><div class=\"icon_title_inner_holder\"><h5 class=\"icon_title \" style=\"\">Was ist Barrierefreiheitsregulierung?<\/h5><\/div><div class=\"icon_text_inner\" style=\"\"><p style=''>Wenn wir eine allgemeine Definition des Barrierefreiheitsstandards geben, handelt es sich um einen Artikel des Gesetzes, der die notwendigen baulichen Ma\u00dfnahmen beschreibt, damit Menschen mit Behinderung und \u00e4ltere Menschen alle \u00f6ffentlichen und sozialen Einrichtungen wie Schulen, Krankenh\u00e4user, Beh\u00f6rden usw. sowie Gemeinschaftsbereiche selbstst\u00e4ndig betreten, sich darin bewegen und verlassen k\u00f6nnen.<\/p><\/div><\/div><\/div>[vc_separator type=&#8221;transparent&#8221; up=&#8221;20&#8243; down=&#8221;0&#8243;][\/vc_column][\/vc_row][vc_row row_type=&#8221;row&#8221; use_row_as_full_screen_section=&#8221;no&#8221; type=&#8221;full_width&#8221; text_align=&#8221;left&#8221; css_animation=&#8221;&#8221; box_shadow_on_row=&#8221;no&#8221;][vc_column][vc_separator type=&#8221;transparent&#8221; up=&#8221;20&#8243; down=&#8221;0&#8243;][vc_column_text]<\/p>\r\n<h3>Geschlossene Plattform<\/h3>\r\n<p>[\/vc_column_text][vc_separator type=&#8221;transparent&#8221; up=&#8221;20&#8243; down=&#8221;0&#8243;][\/vc_column][\/vc_row][vc_row row_type=&#8221;row&#8221; use_row_as_full_screen_section=&#8221;no&#8221; type=&#8221;full_width&#8221; text_align=&#8221;left&#8221; css_animation=&#8221;&#8221; box_shadow_on_row=&#8221;no&#8221;][vc_column width=&#8221;1\/2&#8243;][vc_single_image image=&#8221;13576&#8243; img_size=&#8221;full&#8221; mkd_css_animation=&#8221;&#8221;][vc_separator type=&#8221;transparent&#8221; up=&#8221;20&#8243; down=&#8221;0&#8243;][\/vc_column][vc_column width=&#8221;1\/2&#8243;][vc_single_image image=&#8221;13540&#8243; img_size=&#8221;full&#8221; mkd_css_animation=&#8221;&#8221;][vc_separator type=&#8221;transparent&#8221; up=&#8221;20&#8243; down=&#8221;0&#8243;][\/vc_column][\/vc_row][vc_row row_type=&#8221;row&#8221; use_row_as_full_screen_section=&#8221;no&#8221; type=&#8221;full_width&#8221; text_align=&#8221;left&#8221; css_animation=&#8221;&#8221; box_shadow_on_row=&#8221;no&#8221;][vc_column][vc_column_text]<\/p>\r\n<p>Dies ist ein langsamer, sicherer und zuverl\u00e4ssiger Spezialaufzug, der den Maschinensicherheitsvorschriften entspricht. Dies ist das ideale <a href=\"https:\/\/engelliplatformu.com.tr\/kapali-tip-engelli-platformu\/\" target=\"_blank\" rel=\"noopener\">Aufzugsmodell<\/a> f\u00fcr Menschen, die Schwierigkeiten beim Gehen haben und Probleme beim Treppensteigen haben. Sie sind gem\u00e4\u00df den Maschinensicherheitsvorschriften nicht als Aufz\u00fcge klassifiziert. Unsere Produkte werden gem\u00e4\u00df den Richtlinien und Normen 2006\/42\/EG \u2013 2014\/35\/EU entwickelt und hergestellt. Zertifiziert durch eine akkreditierte Institution. Unsere Produkte entsprechen den Richtlinien EN 60204-1:2018, EN 60201-1, EN ISO 12100:2010, EN ISO 13849-1:2015 und EN 81-40.<\/p>\r\n<p>[\/vc_column_text][vc_separator type=&#8221;transparent&#8221; up=&#8221;20&#8243; down=&#8221;0&#8243;][vc_column_text]<\/p>\r\n<p>Stahlkonstruktion (vorgefertigter Schacht), die f\u00fcr Innen- und Au\u00dfenbereiche geeignet ist. Unsere Stahlkonstruktion ist ein nahtloses System und mit E.S.B.-Lackierung versehen. UPS-System, das den Aufzug bei Stromausfall zur n\u00e4chsten Etage bringt, Selbstschutzfunktion gegen Stromausfall, M\u00f6glichkeit der Au\u00dfenbeschichtung nach Kundenwunsch, Kabinendesign, Sonderausf\u00fchrung, Projektentwicklung und Produktion entsprechend dem Ort, an dem der <a href=\"https:\/\/amadatech.com\/de\/vertikale-plattform-fur-behinderte\/\" target=\"_blank\" rel=\"noopener\">Aufzug installiert<\/a> werden soll.<\/p>\r\n<p>[\/vc_column_text][vc_separator type=&#8221;transparent&#8221; up=&#8221;20&#8243; down=&#8221;0&#8243;][\/vc_column][\/vc_row][vc_row row_type=&#8221;row&#8221; use_row_as_full_screen_section=&#8221;no&#8221; type=&#8221;grid&#8221; text_align=&#8221;left&#8221; css_animation=&#8221;&#8221; box_shadow_on_row=&#8221;no&#8221;][vc_column width=&#8221;1\/3&#8243;][vc_video link=&#8221;https:\/\/youtube.com\/shorts\/QDTY6fDX0vo&#8221;][vc_separator type=&#8221;transparent&#8221;][\/vc_column][vc_column width=&#8221;1\/3&#8243;][vc_video link=&#8221;https:\/\/youtube.com\/shorts\/X4K1zfrqEZM&#8221;][vc_separator type=&#8221;transparent&#8221;][\/vc_column][vc_column width=&#8221;1\/3&#8243;][vc_video link=&#8221;https:\/\/youtube.com\/shorts\/ROaGciB-Sd0&#8243;][vc_separator type=&#8221;transparent&#8221;][\/vc_column][\/vc_row][vc_row row_type=&#8221;row&#8221; use_row_as_full_screen_section=&#8221;no&#8221; type=&#8221;full_width&#8221; text_align=&#8221;left&#8221; css_animation=&#8221;&#8221; box_shadow_on_row=&#8221;no&#8221;][vc_column][vc_column_text]<\/p>\r\n<h3>Geschlossener vertikaler Plattformlift \u2013 Barrierefreiheit bis 5 Etagen | AmadaTECH<\/h3>\r\n<p>[\/vc_column_text][vc_separator type=&#8221;transparent&#8221;][vc_column_text]<\/p>\r\n<p>Der geschlossene vertikale Plattformlift von AmadaTECH bietet eine moderne, sichere und \u00e4sthetische L\u00f6sung f\u00fcr barrierefreien Zugang. Dank der stabilen Stahlkonstruktion und der eleganten Au\u00dfenverglasung eignet sich dieses panoramische Modell ideal f\u00fcr die Au\u00dfenmontage am Geb\u00e4ude und kann bis zu f\u00fcnf Etagen realisiert werden.<\/p>\r\n<p>[\/vc_column_text][vc_separator type=&#8221;transparent&#8221;][vc_column_text]<\/p>\r\n<p>Die gro\u00dfz\u00fcgige Plattform erm\u00f6glicht eine komfortable Nutzung f\u00fcr Rollstuhlfahrer inklusive Begleitperson. Hohe Sicherheitsstandards, langlebige Materialien und witterungsbest\u00e4ndige Bauweise sorgen f\u00fcr einen zuverl\u00e4ssigen Betrieb im Innen- und Au\u00dfenbereich.<\/p>\r\n<p>[\/vc_column_text][vc_separator type=&#8221;transparent&#8221;][vc_column_text]<\/p>\r\n<p>Eine perfekte L\u00f6sung f\u00fcr \u00f6ffentliche Geb\u00e4ude, Gewerbeobjekte und Wohnanlagen, die Wert auf Barrierefreiheit, Sicherheit und modernes Design legen.<\/p>\r\n<p><strong>AmadaTECH \u2013 Barrierefreiheit neu gedacht.<\/strong><\/p>\r\n<p>[\/vc_column_text][vc_separator type=&#8221;transparent&#8221;][vc_separator type=&#8221;transparent&#8221;][\/vc_column][\/vc_row]<\/p><\/section>","protected":false},"excerpt":{"rendered":"<p>[vc_row row_type=&#8221;row&#8221; use_row_as_full_screen_section=&#8221;no&#8221; type=&#8221;grid&#8221; text_align=&#8221;left&#8221; padding_top=&#8221;20&#8243; padding_bottom=&#8221;13&#8243; css_animation=&#8221;&#8221; box_shadow_on_row=&#8221;no&#8221; oblique_section=&#8221;no&#8221; oblique_section_top_and_bottom=&#8221;both&#8221; oblique_section_position=&#8221;from_left_to_right&#8221; triangle_shape=&#8221;no&#8221; triangle_shape_position=&#8221;both&#8221;][vc_column][vc_column_text] Geschlossene Plattform [\/vc_column_text][\/vc_column][\/vc_row][vc_row row_type=&#8221;row&#8221; use_row_as_full_screen_section=&#8221;no&#8221; type=&#8221;grid&#8221; text_align=&#8221;left&#8221; padding_top=&#8221;55&#8243; padding_bottom=&#8221;23&#8243; css_animation=&#8221;&#8221; box_shadow_on_row=&#8221;no&#8221; oblique_section=&#8221;no&#8221; oblique_section_top_and_bottom=&#8221;both&#8221; oblique_section_position=&#8221;from_left_to_right&#8221; triangle_shape=&#8221;no&#8221; triangle_shape_position=&#8221;both&#8221;][vc_column width=&#8221;1\/2&#8243;][vc_video link=&#8221;https:\/\/youtu.be\/kB0XoGQMCs8&#8243;][vc_separator type=&#8221;transparent&#8221;][\/vc_column][vc_column width=&#8221;1\/2&#8243;][vc_column_text] Geschlossene Plattform [\/vc_column_text][vc_separator type=&#8221;transparent&#8221;][vc_column_text] Hergestellt gem\u00e4\u00df TS EN 81-41 f\u00fcr Sicherheitsvorschriften&#8230;<\/p>\n","protected":false},"author":2,"featured_media":12250,"parent":0,"menu_order":0,"comment_status":"closed","ping_status":"closed","template":"","meta":{"footnotes":""},"class_list":["post-11915","page","type-page","status-publish","has-post-thumbnail","hentry"],"_links":{"self":[{"href":"https:\/\/amadatech.com\/de\/wp-json\/wp\/v2\/pages\/11915","targetHints":{"allow":["GET"]}}],"collection":[{"href":"https:\/\/amadatech.com\/de\/wp-json\/wp\/v2\/pages"}],"about":[{"href":"https:\/\/amadatech.com\/de\/wp-json\/wp\/v2\/types\/page"}],"author":[{"embeddable":true,"href":"https:\/\/amadatech.com\/de\/wp-json\/wp\/v2\/users\/2"}],"replies":[{"embeddable":true,"href":"https:\/\/amadatech.com\/de\/wp-json\/wp\/v2\/comments?post=11915"}],"version-history":[{"count":17,"href":"https:\/\/amadatech.com\/de\/wp-json\/wp\/v2\/pages\/11915\/revisions"}],"predecessor-version":[{"id":13577,"href":"https:\/\/amadatech.com\/de\/wp-json\/wp\/v2\/pages\/11915\/revisions\/13577"}],"wp:featuredmedia":[{"embeddable":true,"href":"https:\/\/amadatech.com\/de\/wp-json\/wp\/v2\/media\/12250"}],"wp:attachment":[{"href":"https:\/\/amadatech.com\/de\/wp-json\/wp\/v2\/media?parent=11915"}],"curies":[{"name":"wp","href":"https:\/\/api.w.org\/{rel}","templated":true}]}}