{"id":11900,"date":"2025-01-09T19:24:45","date_gmt":"2025-01-09T16:24:45","guid":{"rendered":"https:\/\/amadatech.com\/de\/?page_id=11900"},"modified":"2025-12-14T17:45:10","modified_gmt":"2025-12-14T14:45:10","slug":"vertikale-plattform-fur-behinderte","status":"publish","type":"page","link":"https:\/\/amadatech.com\/de\/vertikale-plattform-fur-behinderte\/","title":{"rendered":"Vertikale Plattform f\u00fcr Behinderte"},"content":{"rendered":"<section class=\"wpb-content-wrapper\"><p>[vc_row row_type=&#8221;row&#8221; use_row_as_full_screen_section=&#8221;no&#8221; type=&#8221;grid&#8221; text_align=&#8221;left&#8221; padding_top=&#8221;20&#8243; padding_bottom=&#8221;13&#8243; css_animation=&#8221;&#8221; box_shadow_on_row=&#8221;no&#8221; oblique_section=&#8221;no&#8221; oblique_section_top_and_bottom=&#8221;both&#8221; oblique_section_position=&#8221;from_left_to_right&#8221; triangle_shape=&#8221;no&#8221; triangle_shape_position=&#8221;both&#8221;][vc_column][vc_column_text]<\/p>\r\n<h1>Vertikale Plattform f\u00fcr Behinderte<\/h1>\r\n<p>[\/vc_column_text][\/vc_column][\/vc_row][vc_row row_type=&#8221;row&#8221; use_row_as_full_screen_section=&#8221;no&#8221; type=&#8221;grid&#8221; text_align=&#8221;left&#8221; padding_top=&#8221;55&#8243; padding_bottom=&#8221;23&#8243; css_animation=&#8221;&#8221; box_shadow_on_row=&#8221;no&#8221; oblique_section=&#8221;no&#8221; oblique_section_top_and_bottom=&#8221;both&#8221; oblique_section_position=&#8221;from_left_to_right&#8221; triangle_shape=&#8221;no&#8221; triangle_shape_position=&#8221;both&#8221;][vc_column width=&#8221;1\/2&#8243;][vc_video link=&#8221;https:\/\/youtu.be\/tEoC40RFcSo&#8221;][\/vc_column][vc_column width=&#8221;1\/2&#8243;][vc_column_text]<\/p>\r\n<p>Vertikale Behindertenplattform von <a href=\"https:\/\/amadatech.com\" target=\"_blank\" rel=\"noopener\">AmadaTECH<\/a> Die Behindertenplattformen von AmadaTECH sind bekannt f\u00fcr ihre Benutzerfreundlichkeit, hohe Mobilit\u00e4t, Qualit\u00e4t und Zuverl\u00e4ssigkeit und suchen ihresgleichen. Wir produzieren L\u00f6sungen, die sich \u00fcberall leicht installieren lassen und dank modernster Technologie kontinuierlich arbeiten und Ihren spezifischen Anforderungen entsprechen.<\/p>\r\n<p>[\/vc_column_text][vc_column_text]<\/p>\r\n<p>Die offene Behindertenplattform bietet eine vertikale Bewegung nach innen oder au\u00dfen mit anpassbaren H\u00f6hen von 600 mm bis 3000 mm und eignet sich sowohl f\u00fcr \u00f6ffentliche als auch f\u00fcr private Geb\u00e4ude. Diese Plattform ist eine zuverl\u00e4ssige Alternative zu vollst\u00e4ndig geschlossenen Plattformliften und bietet eine kosteng\u00fcnstige L\u00f6sung. Sie wurde speziell f\u00fcr Anwendungen entwickelt, die nur geringe oder gar keine \u00c4nderungen an bestehenden Geb\u00e4uden erfordern.<\/p>\r\n<p>[\/vc_column_text][vc_column_text]<\/p>\r\n<p>Die AmadaTECH-<a href=\"https:\/\/engelliplatformu.com.tr\/\" target=\"_blank\" rel=\"noopener\">Behindertenplattform<\/a> bietet einen sicheren und einfachen Zugang zu Einrichtungen, die aufgrund von Treppen f\u00fcr Rollstuhlfahrer unzug\u00e4nglich sind. Sie wurde entwickelt, um Kunden Auswahl und Flexibilit\u00e4t zu bieten. Die vertikale Behindertenplattform von AmadaTECH bietet Kunden vollst\u00e4ndige Unabh\u00e4ngigkeit und Sicherheit bei der Nutzung mit minimaler Unterst\u00fctzung durch andere Personen.<\/p>\r\n<p>[\/vc_column_text][vc_separator type=&#8221;transparent&#8221;][\/vc_column][\/vc_row][vc_row row_type=&#8221;row&#8221; use_row_as_full_screen_section=&#8221;no&#8221; type=&#8221;grid&#8221; text_align=&#8221;left&#8221; css_animation=&#8221;&#8221; box_shadow_on_row=&#8221;no&#8221;][vc_column][vc_column_text]<\/p>\r\n<p>Die Vertikale Plattform f\u00fcr Behinderte ist eine praktische L\u00f6sung, die in verschiedenen RAL-Farben erh\u00e4ltlich ist. Die Amada TECH-<a href=\"https:\/\/amadatech.com\/de\/platform-lift\/\" target=\"_blank\" rel=\"noopener\">Plattform<\/a> wurde entwickelt, um einen sicheren und einfachen Zugang zu Bereichen zu erm\u00f6glichen, die f\u00fcr Rollstuhlfahrer \u00fcber Treppen nicht erreichbar sind. Sie bietet Kunden Auswahl und Flexibilit\u00e4t.<\/p>\r\n<p>[\/vc_column_text][vc_separator type=&#8221;transparent&#8221;][\/vc_column][\/vc_row][vc_row row_type=&#8221;row&#8221; use_row_as_full_screen_section=&#8221;no&#8221; type=&#8221;full_width&#8221; text_align=&#8221;left&#8221; css_animation=&#8221;&#8221; box_shadow_on_row=&#8221;no&#8221;][vc_column][vc_column_text]<\/p>\r\n<!-- \/wp:post-content -->\r\n<p><!-- wp:shortcode -->[\/vc_column_text][\/vc_column][\/vc_row][vc_row row_type=&#8221;row&#8221; use_row_as_full_screen_section=&#8221;no&#8221; type=&#8221;grid&#8221; text_align=&#8221;left&#8221; padding_top=&#8221;55&#8243; padding_bottom=&#8221;55&#8243; css_animation=&#8221;&#8221; box_shadow_on_row=&#8221;no&#8221; oblique_section=&#8221;no&#8221; oblique_section_top_and_bottom=&#8221;both&#8221; oblique_section_position=&#8221;from_left_to_right&#8221; triangle_shape=&#8221;no&#8221; triangle_shape_position=&#8221;both&#8221;][vc_column width=&#8221;1\/3&#8243;][vc_single_image image=&#8221;11909&#8243; img_size=&#8221;full&#8221; mkd_css_animation=&#8221;&#8221;][vc_separator type=&#8221;transparent&#8221;][\/vc_column][vc_column width=&#8221;1\/3&#8243;][vc_single_image image=&#8221;11910&#8243; img_size=&#8221;full&#8221; mkd_css_animation=&#8221;&#8221;][vc_separator type=&#8221;transparent&#8221;][\/vc_column][vc_column width=&#8221;1\/3&#8243;][vc_single_image image=&#8221;11911&#8243; img_size=&#8221;full&#8221; mkd_css_animation=&#8221;&#8221;][vc_separator type=&#8221;transparent&#8221;][\/vc_column][\/vc_row][vc_row row_type=&#8221;row&#8221; use_row_as_full_screen_section=&#8221;no&#8221; type=&#8221;full_width&#8221; text_align=&#8221;left&#8221; css_animation=&#8221;&#8221; box_shadow_on_row=&#8221;no&#8221;][vc_column][vc_column_text]<\/p>\r\n<!-- \/wp:shortcode -->\r\n<p><!-- wp:paragraph -->[\/vc_column_text][\/vc_column][\/vc_row][vc_row row_type=&#8221;row&#8221; use_row_as_full_screen_section=&#8221;no&#8221; type=&#8221;grid&#8221; text_align=&#8221;left&#8221; background_color=&#8221;#f6f5f5&#8243; padding_top=&#8221;59&#8243; padding_bottom=&#8221;18&#8243; css_animation=&#8221;&#8221; box_shadow_on_row=&#8221;no&#8221; oblique_section=&#8221;no&#8221; oblique_section_top_and_bottom=&#8221;both&#8221; oblique_section_position=&#8221;from_left_to_right&#8221; triangle_shape=&#8221;no&#8221; triangle_shape_position=&#8221;both&#8221;][vc_column]<div class='mkd_icon_with_title tiny circle'><div class=\"icon_holder \" style=\"margin: 0px 0px 60px 0px; \"><div class=\"icon_holder_inner\"><span class=\"mkd_icon_stack mkd_tiny_icon  custom-font\" style=\"font-size: 24px;color: #ffffff;width: 57px;height: 57px;line-height: 57px;background-color: #d34e35;border-width: 0px;\"><i class=\"mkd_icon_font_awesome fa fa-briefcase icon_text_icon mkd_icon_stack_1x\" style=\"font-size: 24px;\" ><\/i><\/span><\/div><\/div><div class=\"icon_text_holder\" style=\"padding-left: 90px;\"><div class=\"icon_title_inner_holder\"><h5 class=\"icon_title \" style=\"\">Architektonische Unterst\u00fctzung<\/h5><\/div><div class=\"icon_text_inner\" style=\"\"><p style=''>Das Design und die Abmessungen der Plattformen in Ihrem Projekt werden dem Kunden noch am selben Tag per E-Mail zugesandt.<\/p><\/div><\/div><\/div>[vc_separator type=&#8221;transparent&#8221; up=&#8221;20&#8243; down=&#8221;0&#8243;]<div class='mkd_icon_with_title tiny circle'><div class=\"icon_holder \" style=\"margin: 0px 0px 60px 0px; \"><div class=\"icon_holder_inner\"><span class=\"mkd_icon_stack mkd_tiny_icon  custom-font\" style=\"font-size: 24px;color: #ffffff;width: 57px;height: 57px;line-height: 57px;background-color: #d34e35;border-width: 0px;\"><i class=\"mkd_icon_font_awesome fa fa-car icon_text_icon mkd_icon_stack_1x\" style=\"font-size: 24px;\" ><\/i><\/span><\/div><\/div><div class=\"icon_text_holder\" style=\"padding-left: 90px;\"><div class=\"icon_title_inner_holder\"><h5 class=\"icon_title \" style=\"\">Was ist Barrierefreiheitsregulierung?<\/h5><\/div><div class=\"icon_text_inner\" style=\"\"><p style=''>Der Barrierefreiheitsstandard ist als gesetzliche Anforderung f\u00fcr die Bereitstellung von Infrastruktur definiert, die behinderten und \u00e4lteren Menschen einen unabh\u00e4ngigen Zugang und eine unabh\u00e4ngige Fortbewegung an \u00f6ffentlichen und sozialen Orten, einschlie\u00dflich Schulen, Krankenh\u00e4usern und kommunalen Geb\u00e4uden sowie Gemeinschaftsbereichen, erm\u00f6glicht.<\/p><\/div><\/div><\/div>[vc_separator type=&#8221;transparent&#8221; up=&#8221;20&#8243; down=&#8221;0&#8243;][\/vc_column][\/vc_row][vc_row row_type=&#8221;row&#8221; use_row_as_full_screen_section=&#8221;no&#8221; type=&#8221;full_width&#8221; text_align=&#8221;left&#8221; css_animation=&#8221;&#8221; box_shadow_on_row=&#8221;no&#8221;][vc_column][vc_column_text]<\/p>\r\n<!-- \/wp:paragraph -->\r\n<p><!-- wp:shortcode -->[\/vc_column_text][\/vc_column][\/vc_row][vc_row row_type=&#8221;row&#8221; use_row_as_full_screen_section=&#8221;no&#8221; type=&#8221;grid&#8221; text_align=&#8221;left&#8221; css_animation=&#8221;&#8221; box_shadow_on_row=&#8221;no&#8221;][vc_column width=&#8221;1\/2&#8243;][vc_column_text]<\/p>\r\n<h3 style=\"text-align: center;\">Vertikale Plattform f\u00fcr Behinderte &#8211; Hauptmerkmale:<\/h3>\r\n<p style=\"text-align: center;\">&#8211; Modernes, leichtes Design f\u00fcr optimale Mobilit\u00e4t<br \/>&#8211; Optionale Edelstahlkonstruktion f\u00fcr Langlebigkeit und Hygiene<br \/>&#8211; Geringer Platzbedarf f\u00fcr maximale Raumeffizienz<br \/>&#8211; Hohe Sicherheit f\u00fcr ein beruhigendes Gef\u00fchl<br \/>&#8211; Leiser Betrieb f\u00fcr ununterbrochene Nutzung<br \/>&#8211; Einfache Bedienung f\u00fcr unkomplizierte Wartung<br \/>&#8211; Keine Bohrung erforderlich f\u00fcr einfache Installation<br \/>&#8211; Einfache Installation und Wartung f\u00fcr Kosteneffizienz<br \/>&#8211; Insgesamt niedrige Betriebs- und Wartungskosten f\u00fcr Wirtschaftlichkeit<\/p>\r\n<p>[\/vc_column_text][vc_separator type=&#8221;transparent&#8221; up=&#8221;20&#8243; down=&#8221;0&#8243;][\/vc_column][vc_column width=&#8221;1\/2&#8243;][vc_column_text]<\/p>\r\n<h3 style=\"text-align: center;\">TECHNISCHE DATEN DER Vertikale Plattform f\u00fcr Behinderte<\/h3>\r\n<p style=\"text-align: center;\">Die Plattform verf\u00fcgt \u00fcber zwei Haltestellen und kann mit einer H\u00f6chstgeschwindigkeit von 0,15 m\/s fahren. Sie hat eine maximale Tragkraft von 385 kg und misst 1100 mm in der Breite und 1400 mm in der L\u00e4nge. Der Plattformboden ist mit antibakteriellem PVC ausgelegt. Der Antrieb erfolgt hydraulisch und der Boden ist mit Drucktastensteuerungen ausgestattet. Die Beschichtung ist anthrazitfarben, es sind jedoch verschiedene Farboptionen erh\u00e4ltlich. Die Tiefe des Schachtbodens betr\u00e4gt 0. Die Plattform ist mit einem Notfallrettungssystem ausgestattet. Ups Einsatzort: Innen-\/Au\u00dfenbereich Automatische Rampe: Ja<\/p>\r\n<p>[\/vc_column_text][vc_separator type=&#8221;transparent&#8221;][\/vc_column][\/vc_row][vc_row row_type=&#8221;row&#8221; use_row_as_full_screen_section=&#8221;no&#8221; type=&#8221;grid&#8221; text_align=&#8221;left&#8221; css_animation=&#8221;&#8221; box_shadow_on_row=&#8221;no&#8221;][vc_column width=&#8221;1\/2&#8243;][vc_video link=&#8221;https:\/\/youtu.be\/OUghXbCEWMc?si=d3ZGNwko6fz3oyT0&#8243;][vc_separator type=&#8221;transparent&#8221;][\/vc_column][vc_column width=&#8221;1\/2&#8243;][vc_video link=&#8221;https:\/\/youtube.com\/shorts\/NOaQmA3mJoc&#8221;][vc_separator type=&#8221;transparent&#8221;][\/vc_column][\/vc_row]<\/p><\/section>","protected":false},"excerpt":{"rendered":"<p>[vc_row row_type=&#8221;row&#8221; use_row_as_full_screen_section=&#8221;no&#8221; type=&#8221;grid&#8221; text_align=&#8221;left&#8221; padding_top=&#8221;20&#8243; padding_bottom=&#8221;13&#8243; css_animation=&#8221;&#8221; box_shadow_on_row=&#8221;no&#8221; oblique_section=&#8221;no&#8221; oblique_section_top_and_bottom=&#8221;both&#8221; oblique_section_position=&#8221;from_left_to_right&#8221; triangle_shape=&#8221;no&#8221; triangle_shape_position=&#8221;both&#8221;][vc_column][vc_column_text] Vertikale Plattform f\u00fcr Behinderte [\/vc_column_text][\/vc_column][\/vc_row][vc_row row_type=&#8221;row&#8221; use_row_as_full_screen_section=&#8221;no&#8221; type=&#8221;grid&#8221; text_align=&#8221;left&#8221; padding_top=&#8221;55&#8243; padding_bottom=&#8221;23&#8243; css_animation=&#8221;&#8221; box_shadow_on_row=&#8221;no&#8221; oblique_section=&#8221;no&#8221; oblique_section_top_and_bottom=&#8221;both&#8221; oblique_section_position=&#8221;from_left_to_right&#8221; triangle_shape=&#8221;no&#8221; triangle_shape_position=&#8221;both&#8221;][vc_column width=&#8221;1\/2&#8243;][vc_video link=&#8221;https:\/\/youtu.be\/tEoC40RFcSo&#8221;][\/vc_column][vc_column width=&#8221;1\/2&#8243;][vc_column_text] Vertikale Behindertenplattform von AmadaTECH Die Behindertenplattformen von AmadaTECH sind bekannt&#8230;<\/p>\n","protected":false},"author":2,"featured_media":13094,"parent":0,"menu_order":0,"comment_status":"closed","ping_status":"closed","template":"","meta":{"footnotes":""},"class_list":["post-11900","page","type-page","status-publish","has-post-thumbnail","hentry"],"_links":{"self":[{"href":"https:\/\/amadatech.com\/de\/wp-json\/wp\/v2\/pages\/11900","targetHints":{"allow":["GET"]}}],"collection":[{"href":"https:\/\/amadatech.com\/de\/wp-json\/wp\/v2\/pages"}],"about":[{"href":"https:\/\/amadatech.com\/de\/wp-json\/wp\/v2\/types\/page"}],"author":[{"embeddable":true,"href":"https:\/\/amadatech.com\/de\/wp-json\/wp\/v2\/users\/2"}],"replies":[{"embeddable":true,"href":"https:\/\/amadatech.com\/de\/wp-json\/wp\/v2\/comments?post=11900"}],"version-history":[{"count":21,"href":"https:\/\/amadatech.com\/de\/wp-json\/wp\/v2\/pages\/11900\/revisions"}],"predecessor-version":[{"id":13103,"href":"https:\/\/amadatech.com\/de\/wp-json\/wp\/v2\/pages\/11900\/revisions\/13103"}],"wp:featuredmedia":[{"embeddable":true,"href":"https:\/\/amadatech.com\/de\/wp-json\/wp\/v2\/media\/13094"}],"wp:attachment":[{"href":"https:\/\/amadatech.com\/de\/wp-json\/wp\/v2\/media?parent=11900"}],"curies":[{"name":"wp","href":"https:\/\/api.w.org\/{rel}","templated":true}]}}