{"id":11883,"date":"2025-01-09T17:41:12","date_gmt":"2025-01-09T14:41:12","guid":{"rendered":"https:\/\/amadatech.com\/de\/?page_id=11883"},"modified":"2025-12-16T20:15:14","modified_gmt":"2025-12-16T17:15:14","slug":"heimaufzug","status":"publish","type":"page","link":"https:\/\/amadatech.com\/de\/heimaufzug\/","title":{"rendered":"Heimaufzug"},"content":{"rendered":"<section class=\"wpb-content-wrapper\"><p>[vc_row row_type=&#8221;row&#8221; use_row_as_full_screen_section=&#8221;no&#8221; type=&#8221;full_width&#8221; text_align=&#8221;left&#8221; css_animation=&#8221;&#8221; box_shadow_on_row=&#8221;no&#8221;][vc_column][vc_column_text]<\/p>\r\n<p><p>[\/vc_column_text][\/vc_column][\/vc_row][vc_row row_type=&#8221;row&#8221; use_row_as_full_screen_section=&#8221;no&#8221; type=&#8221;grid&#8221; text_align=&#8221;left&#8221; padding_top=&#8221;67&#8243; padding_bottom=&#8221;67&#8243; css_animation=&#8221;&#8221; box_shadow_on_row=&#8221;no&#8221;][vc_column offset=&#8221;vc_col-lg-7 vc_col-md-6 vc_col-xs-12&#8243;][no_elements_holder number_of_columns=&#8221;one_column&#8221;][no_elements_holder_item aligment=&#8221;left&#8221; item_padding_768_1000=&#8221;0 10px 30px 10px&#8221; item_padding_600_768=&#8221;0 10px 30px 10px&#8221; item_padding_480_600=&#8221;0 10px 30px 10px&#8221; item_padding_480=&#8221;0 10px 30px 10px&#8221; advanced_animations=&#8221;no&#8221; start_position=&#8221;bottom&#8221; end_position=&#8221;center&#8221;][vc_column_text]<\/p>\n<h1>Heimaufzug<\/h1>\n<p>[\/vc_column_text][vc_separator type=&#8221;small&#8221; position=&#8221;left&#8221; up=&#8221;10&#8243; down=&#8221;31&#8243;][vc_column_text]<\/p>\n<p>Heimaufzug\u00a0f\u00fcr das Leben in der H\u00f6he AmadaTECH-<a href=\"https:\/\/amadatech.com\/de\/villenaufzug\/\" target=\"_blank\" rel=\"noopener\">Hausaufz\u00fcge<\/a> zeichnen sich durch ein ausgepr\u00e4gtes \u00e4sthetisches Gesp\u00fcr aus. Heimaufzug sind nicht nur unglaublich gut gestaltet, sondern auch Meisterwerke der Innovation. \u00dcberdenken, \u00fcberdenken und neu gestalten Sie die Art und Weise, wie Sie sich in Ihrem Zuhause bewegen. AmadaTECH-Villaaufz\u00fcge sind schnell, sanft und elegant. Der AmadaTECH-Hausaufzug ist elegant gestaltet, passt sich sauberen R\u00e4umen an und kann in einer Ecke eines Raumes oder in einem Wendeltreppenbereich installiert werden.<\/p>\n<p>[\/vc_column_text][\/no_elements_holder_item][\/no_elements_holder][\/vc_column][vc_column offset=&#8221;vc_col-lg-5 vc_col-md-6 vc_col-xs-12&#8243;][no_elements_holder number_of_columns=&#8221;one_column&#8221;][no_elements_holder_item aligment=&#8221;left&#8221; item_padding_768_1000=&#8221;0 10px 0 10px&#8221; item_padding_600_768=&#8221;0 10px 0 10px&#8221; item_padding_480_600=&#8221;0 10px 0 10px&#8221; item_padding_480=&#8221;0 10px 0 10px&#8221; advanced_animations=&#8221;no&#8221; start_position=&#8221;bottom&#8221; end_position=&#8221;center&#8221;][vc_video link=&#8221;https:\/\/youtu.be\/Hrrc3AuPGwg&#8221;][\/no_elements_holder_item][\/no_elements_holder][\/vc_column][\/vc_row][vc_row row_type=&#8221;row&#8221; use_row_as_full_screen_section=&#8221;no&#8221; type=&#8221;full_width&#8221; text_align=&#8221;left&#8221; css_animation=&#8221;&#8221; box_shadow_on_row=&#8221;no&#8221;][vc_column][vc_column_text]<\/p>\n\r\n<p><p>[\/vc_column_text][\/vc_column][\/vc_row][vc_row row_type=&#8221;row&#8221; use_row_as_full_screen_section=&#8221;no&#8221; type=&#8221;grid&#8221; text_align=&#8221;left&#8221; background_color=&#8221;#f6f5f5&#8243; padding_top=&#8221;67&#8243; padding_bottom=&#8221;67&#8243; css_animation=&#8221;&#8221; box_shadow_on_row=&#8221;no&#8221;][vc_column offset=&#8221;vc_col-lg-5 vc_col-md-6 vc_col-xs-12&#8243;][no_elements_holder number_of_columns=&#8221;one_column&#8221;][no_elements_holder_item aligment=&#8221;left&#8221; item_padding_768_1000=&#8221;0 10px 0 10px&#8221; item_padding_600_768=&#8221;0 10px 0 10px&#8221; item_padding_480_600=&#8221;0 10px 0 10px&#8221; item_padding_480=&#8221;0 10px 0 10px&#8221; advanced_animations=&#8221;no&#8221; start_position=&#8221;bottom&#8221; end_position=&#8221;center&#8221;][vc_video link=&#8221;https:\/\/youtu.be\/5mD-_voH85E&#8221;][\/no_elements_holder_item][\/no_elements_holder][\/vc_column][vc_column offset=&#8221;vc_col-lg-7 vc_col-md-6 vc_col-xs-12&#8243;][no_elements_holder number_of_columns=&#8221;one_column&#8221;][no_elements_holder_item aligment=&#8221;left&#8221; item_padding_768_1000=&#8221;30px 10px 0 10px&#8221; item_padding_600_768=&#8221;30px 10px 0 10px&#8221; item_padding_480_600=&#8221;30px 10px 0 10px&#8221; item_padding_480=&#8221;30px 10px 0 10px&#8221; advanced_animations=&#8221;no&#8221; start_position=&#8221;bottom&#8221; end_position=&#8221;center&#8221;][vc_column_text]<\/p>\n<h2>Herstellung von Heimaufzug f\u00fcr \u00e4ltere und behinderte Menschen.<\/h2>\n<p>[\/vc_column_text][vc_separator type=&#8221;small&#8221; position=&#8221;left&#8221; up=&#8221;10&#8243; down=&#8221;31&#8243;][vc_column_text]<\/p>\n<p>Wir k\u00f6nnen Ihnen bei der Herstellung von geeigneten und komfortablen Sitzaufz\u00fcgen f\u00fcr Villen helfen, die vor allem von \u00e4lteren Menschen genutzt werden. Wir f\u00fchren alle Konstruktionsarbeiten durch, um Ihnen unsere Produkte auf die bestm\u00f6gliche und genaueste Weise anzubieten. Wir richten uns bei unserer Arbeit nach der Art der Treppe und ihrer Struktur. Dar\u00fcber hinaus ist die Verwendung von Aufz\u00fcgen f\u00fcr Villen f\u00fcr Menschen mit eingeschr\u00e4nkter Mobilit\u00e4t sehr vorteilhaft, um komfortabel leben zu k\u00f6nnen.<\/p>\n<p>[\/vc_column_text][\/no_elements_holder_item][\/no_elements_holder][\/vc_column][\/vc_row][vc_row row_type=&#8221;row&#8221; use_row_as_full_screen_section=&#8221;no&#8221; type=&#8221;full_width&#8221; text_align=&#8221;left&#8221; css_animation=&#8221;&#8221; box_shadow_on_row=&#8221;no&#8221;][vc_column][vc_column_text]<\/p>\n\r\n<p><p>[\/vc_column_text][\/vc_column][\/vc_row][vc_row row_type=&#8221;row&#8221; use_row_as_full_screen_section=&#8221;no&#8221; type=&#8221;grid&#8221; text_align=&#8221;left&#8221; padding_top=&#8221;67&#8243; padding_bottom=&#8221;67&#8243; css_animation=&#8221;&#8221; box_shadow_on_row=&#8221;no&#8221;][vc_column offset=&#8221;vc_col-lg-7 vc_col-md-6 vc_col-xs-12&#8243;][no_elements_holder number_of_columns=&#8221;one_column&#8221;][no_elements_holder_item aligment=&#8221;left&#8221; item_padding_768_1000=&#8221;0 10px 30px 10px&#8221; item_padding_600_768=&#8221;0 10px 30px 10px&#8221; item_padding_480_600=&#8221;0 10px 30px 10px&#8221; item_padding_480=&#8221;0 10px 30px 10px&#8221; advanced_animations=&#8221;no&#8221; start_position=&#8221;bottom&#8221; end_position=&#8221;center&#8221;][vc_column_text]<\/p>\n<h3>Der Heimaufzug hat Weltklasse-Qualit\u00e4t.<\/h3>\n<p>[\/vc_column_text][vc_separator type=&#8221;small&#8221; position=&#8221;left&#8221; up=&#8221;10&#8243; down=&#8221;31&#8243;][vc_column_text]<\/p>\n<p>Die Preise f\u00fcr <a href=\"https:\/\/amadahomelitfs.com\" target=\"_blank\" rel=\"noopener\">Hausaufz\u00fcge<\/a> sind attraktiv, da sie im Vergleich zu unseren Produkten, die mit einer Garantie f\u00fcr hochwertige Komponenten und zuverl\u00e4ssige Konstruktion angeboten werden, sehr g\u00fcnstig und angemessen sind. Dieses \u00e4u\u00dferst vorteilhafte Produkt gew\u00e4hrleistet Ihre Sicherheit und die Ihrer Angeh\u00f6rigen und leistet einen wesentlichen positiven Beitrag zu Ihrem Komfort. Wenden Sie sich an unser Unternehmen, um sich mit Hausaufz\u00fcgen, die hinsichtlich Qualit\u00e4t und Sicherheit CE-zertifiziert sind, einen komfortablen Wohnraum f\u00fcr die kommenden Jahre zu sichern. Ein Hausaufzug ist eine einfache, aber sehr elegante L\u00f6sung, um Ihnen das Leben in Ihrem Zuhause zu erleichtern.<\/p>\n<p>[\/vc_column_text][\/no_elements_holder_item][\/no_elements_holder][\/vc_column][vc_column offset=&#8221;vc_col-lg-5 vc_col-md-6 vc_col-xs-12&#8243;][no_elements_holder number_of_columns=&#8221;one_column&#8221;][no_elements_holder_item aligment=&#8221;left&#8221; item_padding_768_1000=&#8221;0 10px 0 10px&#8221; item_padding_600_768=&#8221;0 10px 0 10px&#8221; item_padding_480_600=&#8221;0 10px 0 10px&#8221; item_padding_480=&#8221;0 10px 0 10px&#8221; advanced_animations=&#8221;no&#8221; start_position=&#8221;bottom&#8221; end_position=&#8221;center&#8221;][vc_single_image image=&#8221;11889&#8243; img_size=&#8221;full&#8221; alignment=&#8221;center&#8221; mkd_css_animation=&#8221;&#8221;][\/no_elements_holder_item][\/no_elements_holder][\/vc_column][\/vc_row][vc_row row_type=&#8221;row&#8221; use_row_as_full_screen_section=&#8221;no&#8221; type=&#8221;full_width&#8221; text_align=&#8221;left&#8221; css_animation=&#8221;&#8221; box_shadow_on_row=&#8221;no&#8221;][vc_column][vc_column_text]<\/p>\n\r\n<p><p>[\/vc_column_text][\/vc_column][\/vc_row][vc_row row_type=&#8221;row&#8221; use_row_as_full_screen_section=&#8221;no&#8221; type=&#8221;grid&#8221; text_align=&#8221;left&#8221; background_color=&#8221;#f6f5f5&#8243; padding_top=&#8221;67&#8243; padding_bottom=&#8221;67&#8243; css_animation=&#8221;&#8221; box_shadow_on_row=&#8221;no&#8221;][vc_column offset=&#8221;vc_col-lg-5 vc_col-md-6 vc_col-xs-12&#8243;][no_elements_holder number_of_columns=&#8221;one_column&#8221;][no_elements_holder_item aligment=&#8221;left&#8221; item_padding_768_1000=&#8221;0 10px 0 10px&#8221; item_padding_600_768=&#8221;0 10px 0 10px&#8221; item_padding_480_600=&#8221;0 10px 0 10px&#8221; item_padding_480=&#8221;0 10px 0 10px&#8221; advanced_animations=&#8221;no&#8221; start_position=&#8221;bottom&#8221; end_position=&#8221;center&#8221;][vc_single_image image=&#8221;11891&#8243; img_size=&#8221;full&#8221; add_caption=&#8221;yes&#8221; alignment=&#8221;center&#8221; mkd_css_animation=&#8221;&#8221;][\/no_elements_holder_item][\/no_elements_holder][\/vc_column][vc_column offset=&#8221;vc_col-lg-7 vc_col-md-6 vc_col-xs-12&#8243;][no_elements_holder number_of_columns=&#8221;one_column&#8221;][no_elements_holder_item aligment=&#8221;left&#8221; item_padding_768_1000=&#8221;30px 10px 0 10px&#8221; item_padding_600_768=&#8221;30px 10px 0 10px&#8221; item_padding_480_600=&#8221;30px 10px 0 10px&#8221; item_padding_480=&#8221;30px 10px 0 10px&#8221; advanced_animations=&#8221;no&#8221; start_position=&#8221;bottom&#8221; end_position=&#8221;center&#8221;][vc_column_text]<\/p>\n<h4>Heimaufzug, PANORAMIC STYLE<\/h4>\n<p>[\/vc_column_text][vc_separator type=&#8221;small&#8221; position=&#8221;left&#8221; up=&#8221;10&#8243; down=&#8221;31&#8243;][vc_column_text]<\/p>\n<p>Die Stahlkonstruktion des fertigen Schachts eines Hausaufzugssystems beginnt mit dem Schachtboden in 17 cm H\u00f6he (wenn kein Schachtboden vorhanden ist, dann mit einer H\u00f6he von 15 cm im Erdgeschoss. Dies ist vorteilhaft f\u00fcr Maisonette-Wohnungen oder R\u00e4ume mit Fu\u00dfbodenheizung. In Geb\u00e4uden ohne Schachtboden bieten wir L\u00f6sungen mit Rampen an). &#8211; Wir haben ein hydraulisches Modell, das ger\u00e4uscharm ist, keine Lizenz ben\u00f6tigt und keinen Maschinenraum erfordert. Wir haben hydraulische Modelle, Modelle mit Maschinenraum und Modelle ohne Maschinenraum in Aufz\u00fcgen f\u00fcr Villen mit Schachtsystem (Aufzugsschacht).<\/p>\n<p>[\/vc_column_text][\/no_elements_holder_item][\/no_elements_holder][\/vc_column][\/vc_row][vc_row row_type=&#8221;row&#8221; use_row_as_full_screen_section=&#8221;no&#8221; type=&#8221;full_width&#8221; text_align=&#8221;left&#8221; css_animation=&#8221;&#8221; box_shadow_on_row=&#8221;no&#8221;][vc_column][vc_column_text]<\/p>\n\r\n<p><p>[\/vc_column_text][\/vc_column][\/vc_row][vc_row row_type=&#8221;row&#8221; use_row_as_full_screen_section=&#8221;no&#8221; type=&#8221;grid&#8221; text_align=&#8221;left&#8221; background_color=&#8221;#f6f5f5&#8243; border_top_color=&#8221;#f6f5f5&#8243; border_color=&#8221;#f6f5f5&#8243; css_animation=&#8221;&#8221; box_shadow_on_row=&#8221;no&#8221;][vc_column][vc_column_text]<\/p>\n<h4>AmadaTECH Neue Generation von Aufzugs- und Fahrtreppentechnologien<\/h4>\n<p>AmadaTECH ist eine f\u00fchrende Marke, die mit innovativer und fortschrittlicher Technologie ausgestattete Aufzugs- und Fahrtreppenl\u00f6sungen anbietet. Unser Ziel ist es, modernen Lebensr\u00e4umen Komfort, \u00c4sthetik und Zug\u00e4nglichkeit mit einer breiten Palette von Produkten wie Hausaufz\u00fcgen,\u00a0<\/p>\n<p>[\/vc_column_text][vc_separator type=&#8221;transparent&#8221;][vc_column_text]<\/p>\n<p>Villenaufz\u00fcgen, schachtlosen Aufz\u00fcgen und Panorama-Glasaufz\u00fcgen zu verleihen. In unseren hochmodernen Produktionsst\u00e4tten in Istanbul und Konya bieten wir unseren Kunden mit unserem fachkundigen Forschungs- und Entwicklungsteam, unserem erfahrenen Projektteam und unseren professionellen Ingenieuren einen Service von h\u00f6chster Qualit\u00e4t.<\/p>\n<p>[\/vc_column_text][vc_separator type=&#8221;transparent&#8221;][vc_column_text]<\/p>\n<p><strong>AmadaTECH Villa-Aufz\u00fcge<\/strong> sind f\u00fcr den Einsatz in Doppel- und Dreifach-Villa-Geb\u00e4uden konzipiert. Das wichtigste Merkmal von VillaAufz\u00fcgen ist, dass sie auch in Geb\u00e4uden installiert werden k\u00f6nnen, in denen w\u00e4hrend der Planungsphase kein Aufzugsbedarf bestand und die bereits fertiggestellt sind. Unsere Villa Aufzugs modelle gew\u00e4hrleisten dank unserer einzigartigen Sonderanfertigungen und Spezialprodukte eine optische Integrit\u00e4t in Ihren R\u00e4umen.\u00a0<\/p>\n<p>[\/vc_column_text][vc_separator type=&#8221;transparent&#8221;][vc_column_text]<\/p>\n<p>Bei AmadaTECH arbeiten wir nach der Philosophie, ma\u00dfgeschneiderte L\u00f6sungen f\u00fcr die Bed\u00fcrfnisse jedes Kunden zu entwickeln. Wir bieten nicht nur schl\u00fcsselfertige Projekte mit unseren Komplettpaketen an, sondern auch die M\u00f6glichkeit der OEM Produktion unter der eigenen Marke f\u00fcr Unternehmen. Mit unserem kundenorientierten Ansatz und innovativen Technologien gestalten wir die Zukunft der Aufzugsbranche. Entdecken Sie die Aufz\u00fcge der neuen Generation von AmadaTECH und werten Sie Ihre Wohnr\u00e4ume sicher und \u00e4sthetisch auf.<\/p>\n<p>[\/vc_column_text][vc_separator type=&#8221;transparent&#8221;][\/vc_column][\/vc_row][vc_row row_type=&#8221;row&#8221; use_row_as_full_screen_section=&#8221;no&#8221; type=&#8221;full_width&#8221; text_align=&#8221;left&#8221; css_animation=&#8221;&#8221; box_shadow_on_row=&#8221;no&#8221;][vc_column][vc_column_text]<\/p>\n<p>\n[\/vc_column_text][\/vc_column][\/vc_row]<\/p><\/section>","protected":false},"excerpt":{"rendered":"<p>[vc_row row_type=&#8221;row&#8221; use_row_as_full_screen_section=&#8221;no&#8221; type=&#8221;full_width&#8221; text_align=&#8221;left&#8221; css_animation=&#8221;&#8221; box_shadow_on_row=&#8221;no&#8221;][vc_column][vc_column_text] [\/vc_column_text][\/vc_column][\/vc_row]<\/p>\n","protected":false},"author":2,"featured_media":13300,"parent":0,"menu_order":0,"comment_status":"closed","ping_status":"closed","template":"","meta":{"footnotes":""},"class_list":["post-11883","page","type-page","status-publish","has-post-thumbnail","hentry"],"_links":{"self":[{"href":"https:\/\/amadatech.com\/de\/wp-json\/wp\/v2\/pages\/11883","targetHints":{"allow":["GET"]}}],"collection":[{"href":"https:\/\/amadatech.com\/de\/wp-json\/wp\/v2\/pages"}],"about":[{"href":"https:\/\/amadatech.com\/de\/wp-json\/wp\/v2\/types\/page"}],"author":[{"embeddable":true,"href":"https:\/\/amadatech.com\/de\/wp-json\/wp\/v2\/users\/2"}],"replies":[{"embeddable":true,"href":"https:\/\/amadatech.com\/de\/wp-json\/wp\/v2\/comments?post=11883"}],"version-history":[{"count":11,"href":"https:\/\/amadatech.com\/de\/wp-json\/wp\/v2\/pages\/11883\/revisions"}],"predecessor-version":[{"id":13303,"href":"https:\/\/amadatech.com\/de\/wp-json\/wp\/v2\/pages\/11883\/revisions\/13303"}],"wp:featuredmedia":[{"embeddable":true,"href":"https:\/\/amadatech.com\/de\/wp-json\/wp\/v2\/media\/13300"}],"wp:attachment":[{"href":"https:\/\/amadatech.com\/de\/wp-json\/wp\/v2\/media?parent=11883"}],"curies":[{"name":"wp","href":"https:\/\/api.w.org\/{rel}","templated":true}]}}