{"id":11864,"date":"2025-01-09T17:22:44","date_gmt":"2025-01-09T14:22:44","guid":{"rendered":"https:\/\/amadatech.com\/de\/?page_id=11864"},"modified":"2025-12-24T19:34:12","modified_gmt":"2025-12-24T16:34:12","slug":"behindertenaufzug","status":"publish","type":"page","link":"https:\/\/amadatech.com\/de\/behindertenaufzug\/","title":{"rendered":"Behindertenaufzug"},"content":{"rendered":"<section class=\"wpb-content-wrapper\"><p>[vc_row row_type=&#8221;row&#8221; use_row_as_full_screen_section=&#8221;no&#8221; type=&#8221;grid&#8221; text_align=&#8221;left&#8221; css_animation=&#8221;&#8221; box_shadow_on_row=&#8221;no&#8221;][vc_column][vc_column_text]<\/p>\n<h1>Behindertenaufzug<\/h1>\n<p>[\/vc_column_text][vc_separator type=&#8221;transparent&#8221;][vc_column_text]Ein tragbarer Behindertenaufzug erm\u00f6glicht es Ihnen in der Regel, ohne Schwierigkeiten oder die Hilfe einer anderen Person von einem hohen Ort aufzustehen. Solche Aufz\u00fcge sind ideal f\u00fcr Menschen, die keine normalen Treppen steigen k\u00f6nnen. Dieser Aufzug, der von kranken oder \u00e4lteren Menschen genutzt werden kann, ist als ein Produkt bekannt, das das Leben im privaten Bereich sowie in Wohnungen und \u00f6ffentlichen Einrichtungen erleichtert. Es ist unerl\u00e4sslich, dass alle Teile des Aufzugs, der in der Regel ununterbrochen in Geb\u00e4uden, Wohngebieten oder B\u00fcros in Betrieb ist, von hoher Qualit\u00e4t sind und jeder Art von Belastung standhalten k\u00f6nnen. Der Rollstuhlaufzug, der von unserem Unternehmen mit dem Gedanken entwickelt wurde, Hindernisse gemeinsam zu \u00fcberwinden, besteht aus Materialien, die jedes Gewicht, einschlie\u00dflich Rollst\u00fchle, tragen k\u00f6nnen.[\/vc_column_text][vc_separator type=&#8221;transparent&#8221;][vc_column_text]<\/p>\n<h4>Einfacher Behindertenaufzug<\/h4>\n<p>Mit dem einfachen Behindertenaufzug sind hohe Stellen leicht zu erreichen. Der Aufzug, der eine vertikale Bewegung von etwa 3 Metern nach au\u00dfen und innen erm\u00f6glicht, kann in Privath\u00e4usern, \u00f6ffentlichen Einrichtungen und B\u00fcros eingesetzt werden. Der Aufzug, der Menschen mit Behinderung dabei hilft, nicht aufgrund ihrer Behinderung auf andere Menschen angewiesen zu sein, bietet ihnen gro\u00dfen Komfort. Die Kabine des Aufzugs ist parallel zum Boden ausgerichtet, sodass Menschen mit Behinderung bequem ein- und aussteigen k\u00f6nnen. Die Geschwindigkeit des Aufzugs und die Schlie\u00dfgeschwindigkeit der T\u00fcren sind einstellbar, sodass Menschen mit Behinderung sich daran anpassen k\u00f6nnen. Dar\u00fcber hinaus ist das Produkt, das empfindlicher auf Ersch\u00fctterungen reagiert als andere Aufz\u00fcge, auch mit einem Sprachsteuerungssystem f\u00fcr blinde Menschen ausgestattet.[\/vc_column_text][vc_separator type=&#8221;transparent&#8221;][vc_column_text]<\/p>\n<div class=\"vc_row wpb_row row\">\n<div class=\"vc_column_container col-md-12\">\n<div class=\"wpb_wrapper vc_column-inner\">\n<div class=\"wpb_text_column wpb_content_element \">\n<div class=\"wpb_wrapper\">\n<h2>Behindertenaufzug<\/h2>\n<\/div>\n<\/div>\n<\/div>\n<\/div>\n<\/div>\n<p>[\/vc_column_text][vc_separator type=&#8221;transparent&#8221;][vc_column_text]<\/p>\n<div class=\"vc_row wpb_row row\">\n<div class=\"vc_column_container col-md-12\">\n<div class=\"wpb_wrapper vc_column-inner\">\n<div class=\"wpb_text_column wpb_content_element \">\n<div class=\"wpb_wrapper\">\n<h3>LIFE IS FULL OF OBSTACLES. CALL US, LET&#8217;S OVERCOME THE OBSTACLES TOGETHER.<\/h3>\n<\/div>\n<\/div>\n<\/div>\n<\/div>\n<\/div>\n<p>[\/vc_column_text][vc_separator type=&#8221;transparent&#8221;][vc_column_text]<\/p>\n<div class=\"vc_row wpb_row row\">\n<div class=\"vc_column_container col-md-12\">\n<div class=\"wpb_wrapper vc_column-inner\">\n<div class=\"wpb_text_column wpb_content_element \">\n<div class=\"wpb_wrapper\">Wir bieten Ihnen flexible L\u00f6sungen, die in vielen Bereichen eingesetzt werden k\u00f6nnen, beispielsweise in Schulen, medizinischen Einrichtungen, kommunalen Geb\u00e4uden und Privath\u00e4usern.<br \/>\nAmadaTECH ist ein f\u00fchrendes t\u00fcrkisches Unternehmen f\u00fcr Aufz\u00fcge und Rolltreppen mit fortschrittlicher Technologie und h\u00f6chster Qualit\u00e4t. Es handelt sich um einen modernen und professionellen Aufzugshersteller, der Design, Forschung und Entwicklung, Konstruktion, Produktion, Vertrieb, Installation und Wartung unter einem Dach vereint.<\/div>\n<\/div>\n<\/div>\n<\/div>\n<\/div>\n<p>[\/vc_column_text][vc_separator type=&#8221;transparent&#8221;][\/vc_column][\/vc_row][vc_row row_type=&#8221;row&#8221; use_row_as_full_screen_section=&#8221;no&#8221; type=&#8221;grid&#8221; text_align=&#8221;left&#8221; css_animation=&#8221;&#8221; box_shadow_on_row=&#8221;no&#8221;][vc_column][vc_column_text]<\/p>\n<h3>Behindertenaufzug<\/h3>\n<p>[\/vc_column_text][vc_separator type=&#8221;transparent&#8221;][\/vc_column][\/vc_row][vc_row row_type=&#8221;row&#8221; use_row_as_full_screen_section=&#8221;no&#8221; type=&#8221;full_width&#8221; text_align=&#8221;left&#8221; css_animation=&#8221;&#8221; box_shadow_on_row=&#8221;no&#8221;][vc_column width=&#8221;1\/2&#8243;][vc_column_text]<\/p>\n<h4>Geschlossener vertikaler Plattformlift \u2013 Barrierefreiheit bis 5 Etagen | AmadaTECH<\/h4>\n<p>Der geschlossene <a href=\"https:\/\/engelliplatformu.com.tr\/kapali-tip-engelli-platformu\/\" target=\"_blank\" rel=\"noopener\">vertikale Plattformlift<\/a> von AmadaTECH bietet eine moderne, sichere und \u00e4sthetische L\u00f6sung f\u00fcr barrierefreien Zugang. Dank der stabilen Stahlkonstruktion und der eleganten Au\u00dfenverglasung eignet sich dieses panoramische Modell ideal f\u00fcr die Au\u00dfenmontage am Geb\u00e4ude und kann bis zu f\u00fcnf Etagen realisiert werden. Die gro\u00dfz\u00fcgige Plattform erm\u00f6glicht eine komfortable Nutzung f\u00fcr Rollstuhlfahrer inklusive Begleitperson. Hohe Sicherheitsstandards, langlebige Materialien und witterungsbest\u00e4ndige Bauweise sorgen f\u00fcr einen zuverl\u00e4ssigen Betrieb im Innen- und Au\u00dfenbereich. Eine perfekte L\u00f6sung f\u00fcr \u00f6ffentliche Geb\u00e4ude, Gewerbeobjekte und Wohnanlagen, die Wert auf Barrierefreiheit, Sicherheit und modernes Design legen. AmadaTECH \u2013 Barrierefreiheit neu gedacht.[\/vc_column_text][vc_separator type=&#8221;transparent&#8221;][\/vc_column][vc_column width=&#8221;1\/2&#8243;][vc_video link=&#8221;https:\/\/youtu.be\/kB0XoGQMCs8&#8243; align=&#8221;center&#8221;][vc_separator type=&#8221;transparent&#8221;][\/vc_column][\/vc_row][vc_row row_type=&#8221;row&#8221; use_row_as_full_screen_section=&#8221;no&#8221; type=&#8221;full_width&#8221; text_align=&#8221;left&#8221; css_animation=&#8221;&#8221; box_shadow_on_row=&#8221;no&#8221;][vc_column width=&#8221;1\/2&#8243;][vc_column_text]<\/p>\n<h4>Vertikale Plattform f\u00fcr Menschen mit Behinderung<\/h4>\n<p>Mit einer vertikalen Bewegungsreichweite von bis zu 3 Metern im Innen- und Au\u00dfenbereich kann unser offener Behindertenaufzug in \u00f6ffentlichen und privaten Geb\u00e4uden H\u00f6hen von 600 mm bis 3000 mm \u00fcberwinden und ist eine geeignete Alternative zu einem vollst\u00e4ndig geschlossenen Aufzug. Er wurde speziell f\u00fcr Anwendungen entwickelt, bei denen nur minimale oder gar keine \u00c4nderungen an bestehenden Geb\u00e4uden erforderlich sind. Das offene Design bietet eine ansprechende L\u00f6sung, optional in satinierter Edelstahlausf\u00fchrung und RAL-Farben. Die AmadaTECH-<a href=\"https:\/\/engelliplatformu.com.tr\/\" target=\"_blank\" rel=\"noopener\">Behindertenplattform<\/a> bietet einen sicheren und einfachen Zugang zu Einrichtungen, die \u00fcber Treppen nicht rollstuhlgerecht sind. Sie wurde entwickelt, um Kunden Auswahlm\u00f6glichkeiten und Flexibilit\u00e4t zu bieten.[\/vc_column_text][vc_separator type=&#8221;transparent&#8221;][\/vc_column][vc_column width=&#8221;1\/2&#8243;][vc_video link=&#8221;https:\/\/youtu.be\/tEoC40RFcSo&#8221; align=&#8221;center&#8221;][vc_separator type=&#8221;transparent&#8221;][\/vc_column][\/vc_row][vc_row row_type=&#8221;row&#8221; use_row_as_full_screen_section=&#8221;no&#8221; type=&#8221;full_width&#8221; text_align=&#8221;left&#8221; css_animation=&#8221;&#8221; box_shadow_on_row=&#8221;no&#8221;][vc_column width=&#8221;1\/2&#8243;][vc_column_text]<\/p>\n<h4>Geschlossene Rollstuhlplattform<\/h4>\n<p>4 importierte Ventile (Herkunft Italien) Ger\u00e4uschloser, start- und stoppsensitiver Motor und Pumpenaggregat. Stahlkonstruktion (gut verarbeitet) f\u00fcr den Innen- und Au\u00dfenbereich geeignet, unsere Stahlkonstruktion ist ein nahtloses System und E.S.B-ofenlackiert. Unterbrechungsfreie Stromversorgung, um den Aufzug im Falle eines Stromausfalls zur n\u00e4chsten Etage zu bringen, Selbstschutzfunktion gegen Stromausfall, M\u00f6glichkeit der Au\u00dfenbeschichtung nach Kundenwunsch, Kabinendesign, Sonderanfertigung, Designentwicklung und Fertigung entsprechend dem Aufstellungsort des Aufzugs.<\/p>\n<p>Es handelt sich um langsame, sichere und zuverl\u00e4ssige Spezialaufz\u00fcge, die den Maschinensicherheitsvorschriften entsprechen. Es ist das ideale Aufzugsmodell f\u00fcr Menschen, die Schwierigkeiten beim Gehen und beim Treppensteigen haben. Sie sind gem\u00e4\u00df den Maschinensicherheitsvorschriften nicht als Aufz\u00fcge klassifiziert.[\/vc_column_text][vc_separator type=&#8221;transparent&#8221;][\/vc_column][vc_column width=&#8221;1\/2&#8243;][vc_video link=&#8221;https:\/\/youtu.be\/EGTmV9SH7aM&#8221; align=&#8221;center&#8221;][vc_separator type=&#8221;transparent&#8221;][\/vc_column][\/vc_row][vc_row row_type=&#8221;row&#8221; use_row_as_full_screen_section=&#8221;no&#8221; type=&#8221;full_width&#8221; text_align=&#8221;left&#8221; css_animation=&#8221;&#8221; box_shadow_on_row=&#8221;no&#8221;][vc_column width=&#8221;1\/2&#8243;][vc_column_text]<\/p>\n<h4>SCHACHTFREIE Aufz\u00fcge<\/h4>\n<p>AmadaTECH\u00ae schachtfreie Aufz\u00fcge sind hydraulische Aufz\u00fcge, die entwickelt wurden, um Hindernisse in Privath\u00e4usern und Villen zu beseitigen und jeder Umgebung einen Hauch von Design zu verleihen, ohne dass Bauarbeiten erforderlich sind. Es ist kein Aufzugsschacht erforderlich. Da kein Schacht unterhalb erforderlich ist, bieten AmadaTECH schachtfreie Aufz\u00fcge im Vergleich zu herk\u00f6mmlichen Aufz\u00fcgen erhebliche Kosteneinsparungen.<\/p>\n<p>AmadaTECH\u00ae-Aufz\u00fcge ohne Schacht sind schnell, praktisch und einfach zu installieren, da sie in eine selbsttragende Stahlkonstruktion integriert sind, die keine Bauarbeiten erfordert. Die Installationsanforderungen des AmadaTECH-<a href=\"https:\/\/villaasansoru.com\" target=\"_blank\" rel=\"noopener\">Aufzugs<\/a> ohne Schacht sind so gering, dass er an Orten mit sehr begrenzten Installationsanforderungen eingesetzt werden kann. Sie ben\u00f6tigen lediglich ausreichend Platz f\u00fcr die Installation des Aufzugs.[\/vc_column_text][vc_separator type=&#8221;transparent&#8221;][\/vc_column][vc_column width=&#8221;1\/2&#8243;][vc_video link=&#8221;https:\/\/youtu.be\/Hrrc3AuPGwg&#8221; align=&#8221;center&#8221;][vc_separator type=&#8221;transparent&#8221;][\/vc_column][\/vc_row][vc_row row_type=&#8221;row&#8221; use_row_as_full_screen_section=&#8221;no&#8221; type=&#8221;full_width&#8221; text_align=&#8221;left&#8221; css_animation=&#8221;&#8221; box_shadow_on_row=&#8221;no&#8221;][vc_column width=&#8221;1\/2&#8243;][vc_column_text]<\/p>\n<h4>Vertikale Plattformlifte f\u00fcr Barrierefreiheit | AmadaTECH<\/h4>\n<p>Die vertikalen Plattformlifte von AmadaTECH bieten eine sichere und zuverl\u00e4ssige L\u00f6sung f\u00fcr barrierefreie Mobilit\u00e4t in \u00f6ffentlichen Geb\u00e4uden, Wohnanlagen und gewerblichen Bereichen. Die <a href=\"https:\/\/amadatech.com\/de\/scheren-hubplattform\/\" target=\"_blank\" rel=\"noopener\">Scheren-Hubplattform<\/a>\u00a0mit vertikalem Hubsystem \u00fcberzeugt durch kompakte Bauweise, hohe Stabilit\u00e4t und einen pr\u00e4zisen Scherenmechanismus. Als Plattformlift f\u00fcr Rollstuhlfahrer eignet sich das System ideal f\u00fcr den Einsatz im Innen- und Au\u00dfenbereich sowie f\u00fcr Neubauten und die Nachr\u00fcstung bestehender Geb\u00e4ude. Rutschfeste Plattformen, Sicherheitsleisten, Not-Aus-Funktion und eine benutzerfreundliche Steuerung sorgen f\u00fcr maximale Sicherheit und Komfort im t\u00e4glichen Betrieb. AmadaTECH steht f\u00fcr pr\u00e4zise Ingenieurskunst, langlebige Komponenten und projektspezifische L\u00f6sungen im Bereich vertikale Plattformlifte und Behindertenlifte. AmadaTECH steht f\u00fcr pr\u00e4zise Ingenieurskunst, langlebige Komponenten und projektspezifische L\u00f6sungen im Bereich vertikale Plattformlifte und Behindertenlifte[\/vc_column_text][vc_separator type=&#8221;transparent&#8221;][\/vc_column][vc_column width=&#8221;1\/2&#8243;][vc_video link=&#8221;https:\/\/youtu.be\/OeWqx8-5abE&#8221; align=&#8221;center&#8221;][vc_separator type=&#8221;transparent&#8221;][\/vc_column][\/vc_row][vc_row row_type=&#8221;row&#8221; use_row_as_full_screen_section=&#8221;no&#8221; type=&#8221;full_width&#8221; text_align=&#8221;left&#8221; css_animation=&#8221;&#8221; box_shadow_on_row=&#8221;no&#8221;][vc_column width=&#8221;1\/2&#8243;][vc_column_text]<\/p>\n<h4>Treppenlift f\u00fcr Menschen mit Behinderung<\/h4>\n<p>Der von unserem Unternehmen hergestellte <a href=\"https:\/\/amadatech.com\/de\/treppenlift\/\" target=\"_blank\" rel=\"noopener\">Treppenlift<\/a> f\u00fcr Menschen mit Behinderung ist hinsichtlich Preis und Nutzung eine sehr logische Wahl. Ein Aufzug, der jedem Menschen das <a href=\"https:\/\/amadatech.com\/de\/mobilitat-bedeutet-freiheit\/\" target=\"_blank\" rel=\"noopener\">Treppensteigen<\/a> erm\u00f6glicht, ist das Ergebnis innovativer Ideen. Der Treppenlift f\u00fcr Menschen mit Behinderung, der sowohl in der T\u00fcrkei als auch auf den Weltm\u00e4rkten gro\u00dfes Interesse weckt, ist nicht nur eine Entwicklung im industriellen Bereich, sondern auch im Hinblick auf die soziale Verantwortung von gro\u00dfer Bedeutung. Soziale Verantwortung ist eine der wichtigsten Voraussetzungen f\u00fcr das Bestehen einer modernen Gesellschaft. Wenn Sie uns dabei unterst\u00fctzen m\u00f6chten, Hindernisse zu beseitigen und Lebensr\u00e4ume f\u00fcr alle Menschen komfortabler zu gestalten, k\u00f6nnen Sie uns per E-Mail oder Telefon kontaktieren.[\/vc_column_text][vc_separator type=&#8221;transparent&#8221;][\/vc_column][vc_column width=&#8221;1\/2&#8243;][vc_video link=&#8221;https:\/\/youtu.be\/gMqrnbLmDus&#8221; align=&#8221;center&#8221;][vc_separator type=&#8221;transparent&#8221;][\/vc_column][\/vc_row][vc_row row_type=&#8221;row&#8221; use_row_as_full_screen_section=&#8221;no&#8221; type=&#8221;full_width&#8221; text_align=&#8221;left&#8221; css_animation=&#8221;&#8221; box_shadow_on_row=&#8221;no&#8221;][vc_column][\/vc_column][\/vc_row]<\/p>\n<\/section>","protected":false},"excerpt":{"rendered":"<p>[vc_row row_type=&#8221;row&#8221; use_row_as_full_screen_section=&#8221;no&#8221; type=&#8221;grid&#8221; text_align=&#8221;left&#8221; css_animation=&#8221;&#8221; box_shadow_on_row=&#8221;no&#8221;][vc_column][vc_column_text] Behindertenaufzug [\/vc_column_text][vc_separator type=&#8221;transparent&#8221;][vc_column_text]Ein tragbarer Behindertenaufzug erm\u00f6glicht es Ihnen in der Regel, ohne Schwierigkeiten oder die Hilfe einer anderen Person von einem hohen Ort aufzustehen. Solche Aufz\u00fcge sind ideal f\u00fcr Menschen, die keine normalen Treppen steigen k\u00f6nnen. Dieser Aufzug,&#8230;<\/p>\n","protected":false},"author":2,"featured_media":12215,"parent":0,"menu_order":0,"comment_status":"closed","ping_status":"closed","template":"","meta":{"footnotes":""},"class_list":["post-11864","page","type-page","status-publish","has-post-thumbnail","hentry"],"_links":{"self":[{"href":"https:\/\/amadatech.com\/de\/wp-json\/wp\/v2\/pages\/11864","targetHints":{"allow":["GET"]}}],"collection":[{"href":"https:\/\/amadatech.com\/de\/wp-json\/wp\/v2\/pages"}],"about":[{"href":"https:\/\/amadatech.com\/de\/wp-json\/wp\/v2\/types\/page"}],"author":[{"embeddable":true,"href":"https:\/\/amadatech.com\/de\/wp-json\/wp\/v2\/users\/2"}],"replies":[{"embeddable":true,"href":"https:\/\/amadatech.com\/de\/wp-json\/wp\/v2\/comments?post=11864"}],"version-history":[{"count":22,"href":"https:\/\/amadatech.com\/de\/wp-json\/wp\/v2\/pages\/11864\/revisions"}],"predecessor-version":[{"id":13594,"href":"https:\/\/amadatech.com\/de\/wp-json\/wp\/v2\/pages\/11864\/revisions\/13594"}],"wp:featuredmedia":[{"embeddable":true,"href":"https:\/\/amadatech.com\/de\/wp-json\/wp\/v2\/media\/12215"}],"wp:attachment":[{"href":"https:\/\/amadatech.com\/de\/wp-json\/wp\/v2\/media?parent=11864"}],"curies":[{"name":"wp","href":"https:\/\/api.w.org\/{rel}","templated":true}]}}