{"id":11813,"date":"2025-01-09T16:13:01","date_gmt":"2025-01-09T13:13:01","guid":{"rendered":"https:\/\/amadatech.com\/de\/?page_id=11813"},"modified":"2025-12-28T22:38:30","modified_gmt":"2025-12-28T19:38:30","slug":"fahrzeugaufzug","status":"publish","type":"page","link":"https:\/\/amadatech.com\/de\/fahrzeugaufzug\/","title":{"rendered":"Fahrzeugaufzug"},"content":{"rendered":"<section class=\"wpb-content-wrapper\"><p>[vc_row row_type=&#8221;row&#8221; use_row_as_full_screen_section=&#8221;no&#8221; type=&#8221;full_width&#8221; text_align=&#8221;left&#8221; css_animation=&#8221;&#8221; box_shadow_on_row=&#8221;no&#8221;][vc_column width=&#8221;5\/6&#8243; offset=&#8221;vc_col-sm-offset-1&#8243;][vc_column_text]<\/p>\n<h1 style=\"text-align: center;\">Fahrzeugaufzug<\/h1>\n<p>[\/vc_column_text][vc_separator type=&#8221;transparent&#8221;][\/vc_column][\/vc_row][vc_row row_type=&#8221;row&#8221; use_row_as_full_screen_section=&#8221;no&#8221; type=&#8221;full_width&#8221; text_align=&#8221;left&#8221; css_animation=&#8221;&#8221; box_shadow_on_row=&#8221;no&#8221;][vc_column width=&#8221;5\/6&#8243; offset=&#8221;vc_col-sm-offset-1&#8243;][vc_video link=&#8221;https:\/\/youtu.be\/3u8DTfwdQ5E&#8221;][vc_separator type=&#8221;transparent&#8221;][vc_column_text]<\/p>\n<h4 style=\"text-align: center;\">360\u00b0 Drehbare Fahrzeugplattform &amp; Vollautomatischer Fahrzeugaufzug | AmadaTECH Smart Parking<\/h4>\n<p>[\/vc_column_text][vc_separator type=&#8221;transparent&#8221;][vc_column_text]Moderne St\u00e4dte verlangen nach intelligenten Parkl\u00f6sungen. AmadaTECH Fahrzeugaufz\u00fcge und drehbare Fahrzeugplattformen verbinden h\u00f6chste Ingenieurskunst mit maximaler Effizienz. Der AmadaTECH Fahrzeuglift mit Dachkonstruktion bietet sicheren Schutz f\u00fcr Ihr Fahrzeug \u2013 bei jedem Wetter. In Kombination mit der 360-Grad-drehbaren Fahrzeugplattform wird pr\u00e4zises Ein- und Ausparken selbst auf engstem Raum m\u00f6glich. Vollautomatische T\u00fcren, intelligente Steuerungssysteme und sensorbasierte Sicherheit sorgen f\u00fcr einen reibungslosen, komfortablen Betrieb. Jede Bewegung ist kontrolliert, leise und exakt. Unsere Fahrzeugaufz\u00fcge sind f\u00fcr Wohngeb\u00e4ude, Luxusvillen, Showrooms und gewerbliche Parkanlagen konzipiert. Individuell geplant, ma\u00dfgeschneidert gefertigt und nach europ\u00e4ischen Normen umgesetzt. AmadaTECH steht f\u00fcr Zuverl\u00e4ssigkeit, innovative Technologie und langlebige Qualit\u00e4t. Mehr Platz. Mehr Sicherheit. Mehr Komfort. AmadaTECH \u2013 Engineering the Future of Smart Parking.[\/vc_column_text][vc_separator type=&#8221;transparent&#8221;][\/vc_column][\/vc_row][vc_row row_type=&#8221;row&#8221; use_row_as_full_screen_section=&#8221;no&#8221; type=&#8221;full_width&#8221; text_align=&#8221;left&#8221; css_animation=&#8221;&#8221; box_shadow_on_row=&#8221;no&#8221;][vc_column width=&#8221;5\/6&#8243; offset=&#8221;vc_col-sm-offset-1&#8243;][vc_column_text css_animation=&#8221;fadeInUp&#8221; el_class=&#8221;featured lead&#8221;]<\/p>\n<div class=\"wpb_text_column wpb_content_element \">\n<div class=\"wpb_wrapper\">\n<h2>Fahrzeugaufzug<\/h2>\n<p>Heutzutage f\u00fchren \u00dcberbev\u00f6lkerung, Entwicklung und die steigende Anzahl von Autos zu Parkplatzproblemen. Aufgrund der Probleme der Urbanisierung gibt es nur sehr wenige Parkpl\u00e4tze, was zu ernsthaften Problemen beim Abstellen von Fahrzeugen f\u00fchrt. Fahrzeugliftsysteme, die aufgrund des technologischen Fortschritts entstanden sind, sind Systeme, die entwickelt wurden, um Parkprobleme und Sachsch\u00e4den an am Stra\u00dfenrand geparkten Fahrzeugen zu reduzieren. Diese Systeme, die zur Verbesserung der Fahrzeugsicherheit und zur besseren Raumnutzung eingesetzt werden, k\u00f6nnen die unteren oder oberen Teile von Geb\u00e4uden in Parkpl\u00e4tze verwandeln und Parkprobleme vollst\u00e4ndig beseitigen. Dank der Technologie, mit der sie ausgestattet sind, erm\u00f6glichen Autoaufz\u00fcge mit einer Tragkraft von zweieinhalb bis acht Tonnen den Menschen, mit einem einzigen Knopfdruck in die gew\u00fcnschte Etage zu fahren, ohne \u00fcberhaupt aus dem Auto aussteigen zu m\u00fcssen. Sie k\u00f6nnen sich an unser Unternehmen wenden, um das Parkplatzproblem in Wohngeb\u00e4uden zu beseitigen, Ihren Transport zu sichern und den gesamten Prozess komfortabler zu gestalten.<\/p>\n<\/div>\n<\/div>\n<p>[\/vc_column_text][vc_separator type=&#8221;transparent&#8221;][vc_column_text css_animation=&#8221;fadeInUp&#8221; el_class=&#8221;featured lead&#8221;]<\/p>\n<h3>Was ist ein Fahrzeugaufzug?<\/h3>\n<p>Autolifte sind spezielle Systeme, die dazu dienen, Autos auf die gew\u00fcnschte H\u00f6he zu heben. Sie werden h\u00e4ufig insbesondere auf Parkpl\u00e4tzen und an Orten eingesetzt, an denen Autos transportiert werden. Sie werden gem\u00e4\u00df verschiedenen Sicherheitsvorschriften hergestellt und verwendet. Da diese Aufz\u00fcge f\u00fcr Menschen sehr n\u00fctzlich sind, ist es wichtig, dass sie lange Zeit funktionieren. Daher m\u00fcssen Unternehmen, die \u00fcber Autoaufz\u00fcge verf\u00fcgen, diese regelm\u00e4\u00dfig warten lassen. Auf diese Weise wird die lange Lebensdauer des Aufzugs gew\u00e4hrleistet. Au\u00dferdem werden negative Situationen wie Unf\u00e4lle fr\u00fchzeitig verhindert.[\/vc_column_text][vc_separator type=&#8221;transparent&#8221;][\/vc_column][\/vc_row][vc_row row_type=&#8221;row&#8221; use_row_as_full_screen_section=&#8221;no&#8221; type=&#8221;full_width&#8221; text_align=&#8221;left&#8221; css_animation=&#8221;&#8221; box_shadow_on_row=&#8221;no&#8221;][vc_column width=&#8221;5\/6&#8243; offset=&#8221;vc_col-sm-offset-1&#8243;][vc_accordion active_tab=&#8221;1&#8243; style=&#8221;boxed_accordion&#8221; hide_icon=&#8221;yes&#8221;][vc_accordion_tab title=&#8221;Merkmale des Fahrzeugaufzugs&#8221; title_tag=&#8221;h3&#8243;][vc_column_text]Robuste Stahlkonstruktion<br \/>\nGeeignet f\u00fcr Boden- oder Aushubinstallation<br \/>\nDruckknopfsteuerung mit 24-V-Steuerungssystem<br \/>\n\u00dcberlastsicherungsventil<br \/>\nGeschwindigkeitsregelventil zur Einstellung der Absenkgeschwindigkeit<br \/>\nHochwertige Hydraulikzylinder<br \/>\nSchlauchberstventil gegen freien Fall bei Schlauchbersten<br \/>\nSchmierfreie Buchsen an beweglichen Punkten<br \/>\nRollen mit fettfreien Lagern<br \/>\nHochwertiges kompaktes Hydraulikaggregat<br \/>\nDie Fahrzeughebeb\u00fchne ist nur zum Heben von Fahrzeugen vorgesehen und darf nicht zum Heben von Personen verwendet werden.[\/vc_column_text][\/vc_accordion_tab][vc_accordion_tab title=&#8221;Technische Spezifikationen&#8221;][vc_column_text]<\/p>\n<p style=\"text-align: center;\">TRAGF\u00c4HIGKEIT: 3000 kg<br \/>\nF\u00dcR DIE INSTALLATION ERFORDERLICHE PLATTFORMABMESSUNGEN<br \/>\nPLATTFORM: Breite: 3000 mm \/ L\u00e4nge: 5600 mm<br \/>\nGrubenh\u00f6he: 1020 mm<br \/>\nHUBWEG: 8000 mm<br \/>\nHUBZEIT: 150 Sek.<br \/>\nMOTOR: 5,5 kW 380 V AC<br \/>\nSTROMVERSORGUNG: 380 Volt, 3 Phasen, 50 Hz<br \/>\nSTEUERSPANNUNG: 24 Volt<br \/>\nSTEUERUNG: 2 Teile Heben und Senken mit Ruf- und Entsendungssystem, Not-Aus-Taster<br \/>\nFARBE: Blau (RAL 5015)<br \/>\nVerpackung: Mit Stretchfolie und Luftpolsterfolie verpackt.<br \/>\nGarantie: Auf unsere Produkte gew\u00e4hren wir eine Garantie von 2 (zwei) Jahren auf Herstellungs-, Material- und Installationsfehler und von 10 (zehn) Jahren auf Ersatzteile.<\/p>\n<p>[\/vc_column_text][\/vc_accordion_tab][vc_accordion_tab title=&#8221;ABMESSUNGEN der Fahrzeugplattform&#8221; title_tag=&#8221;h4&#8243;][vc_column_text]<\/p>\n<div class=\"elementor-element elementor-element-46bde3a8 elementor-widget elementor-widget-ct_heading\" data-id=\"46bde3a8\" data-element_type=\"widget\" data-widget_type=\"ct_heading.default\">\n<div class=\"elementor-widget-container\">\n<div class=\"ct-heading h-align- item-st-default\">\n<p>F\u00dcR DIE VORINSTALLATION DER PLATTFORM ERFORDERLICHE ABMESSUNGEN<\/p>\n<p>GRUBE: Breite: 3000 mm \/ L\u00e4nge: 5600<br \/>\nGrubenh\u00f6he: 1020 mm<br \/>\nFAHRWEG: 8000 mm<br \/>\nMOTOR: 5,5 kW 380 V AC<br \/>\nSTROMVERSORGUNG: 380 Volt, 3-phasig, 50 Hz<br \/>\nSTEUERSPANNUNG: 24 Volt<\/p>\n<\/div>\n<\/div>\n<\/div>\n<p>[\/vc_column_text][\/vc_accordion_tab][\/vc_accordion][vc_separator type=&#8221;normal&#8221; color=&#8221;white&#8221;][\/vc_column][\/vc_row][vc_row row_type=&#8221;row&#8221; use_row_as_full_screen_section=&#8221;no&#8221; type=&#8221;full_width&#8221; text_align=&#8221;left&#8221; css_animation=&#8221;&#8221; box_shadow_on_row=&#8221;no&#8221;][vc_column width=&#8221;1\/2&#8243;][vc_video link=&#8221;https:\/\/youtu.be\/MgxVyZc0LSM&#8221; align=&#8221;center&#8221;][vc_separator type=&#8221;normal&#8221; color=&#8221;white&#8221;][\/vc_column][vc_column width=&#8221;1\/2&#8243;][vc_video link=&#8221;https:\/\/youtu.be\/2JuEe4mVo_g&#8221; align=&#8221;center&#8221;][vc_separator type=&#8221;normal&#8221; color=&#8221;white&#8221;][\/vc_column][\/vc_row][vc_row row_type=&#8221;row&#8221; use_row_as_full_screen_section=&#8221;no&#8221; type=&#8221;full_width&#8221; text_align=&#8221;left&#8221; css_animation=&#8221;&#8221; box_shadow_on_row=&#8221;no&#8221;][vc_column width=&#8221;1\/2&#8243;][vc_video link=&#8221;https:\/\/www.youtube.com\/watch?v=aUvzc9SB9jk&#8221; align=&#8221;center&#8221;][vc_separator type=&#8221;normal&#8221; color=&#8221;white&#8221;][\/vc_column][vc_column width=&#8221;1\/2&#8243;][vc_video link=&#8221;https:\/\/www.youtube.com\/watch?v=H14SpFghteE&#8221; align=&#8221;center&#8221;][vc_separator type=&#8221;normal&#8221; color=&#8221;white&#8221;][\/vc_column][\/vc_row][vc_row row_type=&#8221;row&#8221; use_row_as_full_screen_section=&#8221;no&#8221; type=&#8221;full_width&#8221; text_align=&#8221;left&#8221; css_animation=&#8221;&#8221; box_shadow_on_row=&#8221;no&#8221;][vc_column][vc_column_text]<\/p>\n<h3>Was sind die Vorteile eines Fahrzeugaufzugs?<\/h3>\n<p>Ein hydraulischer <a href=\"https:\/\/yukplatformu.com\" target=\"_blank\" rel=\"noopener\">Fahrzeugaufzug<\/a> ist ein System, das f\u00fcr Unternehmen von gro\u00dfem Nutzen ist. Er minimiert den Bedarf an Parkpl\u00e4tzen, indem er eine einfache und regelm\u00e4\u00dfige Positionierung von Fahrzeugen erm\u00f6glicht. Er bewegt Fahrzeuge einfach und schnell in H\u00f6hen, die mit menschlicher Kraft nicht erreichbar sind. Er sorgt f\u00fcr eine bessere Auslastung von Parkpl\u00e4tzen in der Stadt. Dadurch verhindert er den Abriss von Geb\u00e4uden oder Gr\u00fcnfl\u00e4chen zur Schaffung neuer Parkpl\u00e4tze. Er erm\u00f6glicht eine effizientere Nutzung der Stra\u00dfen. Er ist sehr n\u00fctzlich im Hinblick auf Umweltsanierungen wie Rampensysteme. Er bietet Unternehmen einen finanziellen Vorteil, da auf einer kleinen Fl\u00e4che weit mehr Autos untergebracht werden k\u00f6nnen als bisher. Ein f\u00fcr jede Nachbarschaft geeignetes Autoaufzugssystem wird von unserem Unternehmen schnell installiert.[\/vc_column_text][vc_separator type=&#8221;normal&#8221; color=&#8221;white&#8221;][vc_column_text]<\/p>\n<h5>Wie hoch sind die Preise f\u00fcr Fahrzeugaufz\u00fcge?<\/h5>\n<p>Die Preise f\u00fcr Autoaufz\u00fcge unterscheiden sich von Unternehmen zu Unternehmen. Schlie\u00dflich verwendet jedes Unternehmen bei der Herstellung der Aufz\u00fcge unterschiedliche Materialien. Dar\u00fcber hinaus wird der Preis direkt von der Effizienz und Qualifikation des in der Produktion des Aufzugs t\u00e4tigen Personals beeinflusst. Da Autoaufz\u00fcge mit unterschiedlichen Funktionen ausgestattet sind, wirkt sich dies ebenfalls auf den Preis aus.<\/p>\n<p>Alle von unserem Unternehmen verkauften Hebeb\u00fchnen werden aus hochwertigen Materialien hergestellt. Dar\u00fcber hinaus installieren unsere Experten diese Systeme an den unterschiedlichsten Standorten auf die sicherste Art und Weise. Wir bieten unseren Kunden vor und nach dem Verkauf jede Art von Informationsunterst\u00fctzung. Unter allen auf dem Markt verkauften Hebeb\u00fchnen bietet unser Unternehmen unseren Kunden die g\u00fcnstigsten Preise und Zahlungsbedingungen.<\/p>\n<p>Autolifte, die h\u00e4ufig in Parksystemen, Autowerkst\u00e4tten und <a href=\"https:\/\/amadatech.com\/de\/car-elevator-with-automatic-door\/\" target=\"_blank\" rel=\"noopener\">Automobilunternehme<\/a>n eingesetzt werden, k\u00f6nnen von unserem Unternehmen entsprechend dem Einsatzbereich oder Verwendungszweck hergestellt werden. Unser Unternehmen, das entsprechend den Bed\u00fcrfnissen und Sonderw\u00fcnschen seiner Kunden produzieren kann, legt keine festen Preise f\u00fcr Autolifte fest. Der Grund f\u00fcr die Ungewissheit der Preise f\u00fcr Autolifte liegt darin, dass die Fahrstrecke, die Eignung, die verwendete Ausr\u00fcstung, die Tragf\u00e4higkeit, das Zubeh\u00f6r und die Eigenschaften der Lifte vom Einsatzbereich abh\u00e4ngen und jedes Kriterium zu einer Preis\u00e4nderung f\u00fchrt. Unser Unternehmen, das \u00fcber umfangreiche Erfahrungen und Kenntnisse in dieser Branche verf\u00fcgt, bietet seinen Kunden einen kostenlosen Suchservice und erstellt eine klare Preisberechnung, indem es den erforderlichen Informationsfluss bereitstellt.[\/vc_column_text][vc_separator type=&#8221;normal&#8221; color=&#8221;white&#8221;][\/vc_column][\/vc_row][vc_row row_type=&#8221;row&#8221; use_row_as_full_screen_section=&#8221;no&#8221; type=&#8221;full_width&#8221; text_align=&#8221;left&#8221; css_animation=&#8221;&#8221; box_shadow_on_row=&#8221;no&#8221;][vc_column width=&#8221;1\/3&#8243;][vc_column_text]<a href=\"https:\/\/amadatech.com\/de\/autoaufzug-mit-automatischen-turen\/\" target=\"_blank\" rel=\"noopener\">Autoaufzug mit automatischer T\u00fcr<\/a>[\/vc_column_text][vc_separator type=&#8221;normal&#8221; color=&#8221;white&#8221;][vc_single_image image=&#8221;11829&#8243; img_size=&#8221;large&#8221; alignment=&#8221;center&#8221; onclick=&#8221;custom_link&#8221; img_link_target=&#8221;_blank&#8221; mkd_css_animation=&#8221;&#8221; title=&#8221;AmadaTECH Otomatik Kap\u0131l\u0131 Ara\u00e7 Asans\u00f6r\u00fc&#8221; link=&#8221;https:\/\/amadatech.com\/de\/car-elevator-with-automatic-door\/&#8221;][vc_separator type=&#8221;normal&#8221; color=&#8221;white&#8221;][\/vc_column][vc_column width=&#8221;1\/3&#8243;][vc_column_text]<strong><a href=\"https:\/\/amadatech.com\/de\/autoaufzuge-mit-dach\/\" target=\"_blank\" rel=\"noopener\">\u00dcberdachte Fahrzeugplattform<\/a><\/strong>[\/vc_column_text][vc_separator type=&#8221;normal&#8221; color=&#8221;white&#8221;][vc_single_image image=&#8221;11830&#8243; img_size=&#8221;large&#8221; alignment=&#8221;center&#8221; onclick=&#8221;custom_link&#8221; img_link_target=&#8221;_blank&#8221; mkd_css_animation=&#8221;&#8221; title=&#8221;AmadaTECH \u00c7at\u0131l\u0131 Sistem Ara\u00e7 Platformu&#8221; link=&#8221;https:\/\/amadatech.com\/de\/roofed-vehicle-platform\/&#8221;][vc_separator type=&#8221;normal&#8221; color=&#8221;white&#8221;][\/vc_column][vc_column width=&#8221;1\/3&#8243;][vc_column_text]<strong><a href=\"https:\/\/amadatech.com\/de\/um-360-grad-drehbare-fahrzeugplattform\/\" target=\"_blank\" rel=\"noopener\">360 Grad drehbare Plattform f\u00fcr Fahrzeuge<\/a><\/strong>[\/vc_column_text][vc_separator type=&#8221;normal&#8221; color=&#8221;white&#8221;][vc_single_image image=&#8221;11828&#8243; img_size=&#8221;large&#8221; alignment=&#8221;center&#8221; onclick=&#8221;custom_link&#8221; img_link_target=&#8221;_blank&#8221; mkd_css_animation=&#8221;&#8221; title=&#8221;AmadaTECH 360 Derece D\u00f6nerli Ara\u00e7 Platformu&#8221; link=&#8221;https:\/\/amadatech.com\/de\/360-degree-rotation-vehicle-platform\/&#8221;][vc_separator type=&#8221;normal&#8221; color=&#8221;white&#8221;][\/vc_column][\/vc_row][vc_row row_type=&#8221;row&#8221; use_row_as_full_screen_section=&#8221;no&#8221; type=&#8221;full_width&#8221; text_align=&#8221;left&#8221; css_animation=&#8221;&#8221; box_shadow_on_row=&#8221;no&#8221;][vc_column][\/vc_column][\/vc_row]<\/p>\n<\/section>","protected":false},"excerpt":{"rendered":"<p>[vc_row row_type=&#8221;row&#8221; use_row_as_full_screen_section=&#8221;no&#8221; type=&#8221;full_width&#8221; text_align=&#8221;left&#8221; css_animation=&#8221;&#8221; box_shadow_on_row=&#8221;no&#8221;][vc_column width=&#8221;5\/6&#8243; offset=&#8221;vc_col-sm-offset-1&#8243;][vc_column_text] Fahrzeugaufzug [\/vc_column_text][vc_separator type=&#8221;transparent&#8221;][\/vc_column][\/vc_row][vc_row row_type=&#8221;row&#8221; use_row_as_full_screen_section=&#8221;no&#8221; type=&#8221;full_width&#8221; text_align=&#8221;left&#8221; css_animation=&#8221;&#8221; box_shadow_on_row=&#8221;no&#8221;][vc_column width=&#8221;5\/6&#8243; offset=&#8221;vc_col-sm-offset-1&#8243;][vc_video link=&#8221;https:\/\/youtu.be\/3u8DTfwdQ5E&#8221;][vc_separator type=&#8221;transparent&#8221;][vc_column_text] 360\u00b0 Drehbare Fahrzeugplattform &amp; Vollautomatischer Fahrzeugaufzug | AmadaTECH Smart Parking [\/vc_column_text][vc_separator type=&#8221;transparent&#8221;][vc_column_text]Moderne St\u00e4dte verlangen nach intelligenten Parkl\u00f6sungen. AmadaTECH Fahrzeugaufz\u00fcge und drehbare Fahrzeugplattformen verbinden&#8230;<\/p>\n","protected":false},"author":2,"featured_media":12117,"parent":0,"menu_order":0,"comment_status":"closed","ping_status":"closed","template":"","meta":{"footnotes":""},"class_list":["post-11813","page","type-page","status-publish","has-post-thumbnail","hentry"],"_links":{"self":[{"href":"https:\/\/amadatech.com\/de\/wp-json\/wp\/v2\/pages\/11813","targetHints":{"allow":["GET"]}}],"collection":[{"href":"https:\/\/amadatech.com\/de\/wp-json\/wp\/v2\/pages"}],"about":[{"href":"https:\/\/amadatech.com\/de\/wp-json\/wp\/v2\/types\/page"}],"author":[{"embeddable":true,"href":"https:\/\/amadatech.com\/de\/wp-json\/wp\/v2\/users\/2"}],"replies":[{"embeddable":true,"href":"https:\/\/amadatech.com\/de\/wp-json\/wp\/v2\/comments?post=11813"}],"version-history":[{"count":30,"href":"https:\/\/amadatech.com\/de\/wp-json\/wp\/v2\/pages\/11813\/revisions"}],"predecessor-version":[{"id":13644,"href":"https:\/\/amadatech.com\/de\/wp-json\/wp\/v2\/pages\/11813\/revisions\/13644"}],"wp:featuredmedia":[{"embeddable":true,"href":"https:\/\/amadatech.com\/de\/wp-json\/wp\/v2\/media\/12117"}],"wp:attachment":[{"href":"https:\/\/amadatech.com\/de\/wp-json\/wp\/v2\/media?parent=11813"}],"curies":[{"name":"wp","href":"https:\/\/api.w.org\/{rel}","templated":true}]}}