{"id":11778,"date":"2025-01-09T14:41:16","date_gmt":"2025-01-09T11:41:16","guid":{"rendered":"https:\/\/amadatech.com\/de\/?page_id=11778"},"modified":"2025-12-14T15:53:46","modified_gmt":"2025-12-14T12:53:46","slug":"personenaufzug","status":"publish","type":"page","link":"https:\/\/amadatech.com\/de\/personenaufzug\/","title":{"rendered":"Personenaufzug"},"content":{"rendered":"<section class=\"wpb-content-wrapper\"><p>[vc_row row_type=&#8221;row&#8221; use_row_as_full_screen_section=&#8221;no&#8221; type=&#8221;full_width&#8221; text_align=&#8221;left&#8221; css_animation=&#8221;&#8221; box_shadow_on_row=&#8221;no&#8221; wrap_container=&#8221;yes&#8221; css=&#8221;.vc_custom_1543890012935{padding-top: 50px !important;}&#8221;][vc_column offset=&#8221;vc_col-xs-12&#8243;][vc_column_text]<\/p>\n<h1>Personenaufzug<\/h1>\n<p>[\/vc_column_text][vc_separator type=&#8221;transparent&#8221;][vc_column_text]Amada TECH ist ein f\u00fchrendes t\u00fcrkisches Aufzugsunternehmen mit fortschrittlicher Technologie und h\u00f6chster Qualit\u00e4t in der Herstellung von Aufz\u00fcgen und Rolltreppen. Es handelt sich um einen modernen und professionellen Aufzugshersteller, der Design, Forschung und Entwicklung, Konstruktion, Produktion, Vertrieb, Installation und Service in einer einzigen Einheit vereint.[\/vc_column_text][vc_separator type=&#8221;transparent&#8221;][vc_column_text css_animation=&#8221;fadeInUp&#8221;]AmadaTECH entwickelt, produziert, installiert, modernisiert und wartet Aufz\u00fcge f\u00fcr den Transport von Personen und G\u00fctern in Wohnh\u00e4usern, Hotels, Krankenh\u00e4usern, B\u00fcros, Einkaufszentren, Flugh\u00e4fen, U-Bahn-Stationen und Geb\u00e4uden ohne Aufz\u00fcge. Die Aufz\u00fcge von AmadaTECH sind so konzipiert, dass sie alle Anforderungen an den vertikalen Transport von Personen und G\u00fctern in Geb\u00e4uden aller Art auf bequeme, sichere und effiziente Weise erf\u00fcllen.[\/vc_column_text][vc_separator type=&#8221;transparent&#8221;][vc_separator type=&#8221;transparent&#8221;][\/vc_column][\/vc_row][vc_row row_type=&#8221;row&#8221; use_row_as_full_screen_section=&#8221;no&#8221; type=&#8221;full_width&#8221; text_align=&#8221;left&#8221; css_animation=&#8221;&#8221; box_shadow_on_row=&#8221;no&#8221; wrap_container=&#8221;yes&#8221; is_section=&#8221;yes&#8221; remove_margin_top=&#8221;yes&#8221; remove_margin_bottom=&#8221;yes&#8221; remove_border=&#8221;yes&#8221; css=&#8221;.vc_custom_1543891117429{padding-top: 70px !important;}&#8221;][vc_column][vc_column_text css_animation=&#8221;fadeInUp&#8221;]<\/p>\n<h2>Personenaufzug<\/h2>\n<p>[\/vc_column_text][vc_separator type=&#8221;transparent&#8221;][vc_video link=&#8221;https:\/\/youtu.be\/pRhixoMO88k&#8221;][vc_separator type=&#8221;transparent&#8221;][\/vc_column][\/vc_row][vc_row row_type=&#8221;row&#8221; use_row_as_full_screen_section=&#8221;no&#8221; type=&#8221;full_width&#8221; text_align=&#8221;left&#8221; css_animation=&#8221;&#8221; box_shadow_on_row=&#8221;no&#8221; wrap_container=&#8221;yes&#8221; is_section=&#8221;yes&#8221; remove_margin_top=&#8221;yes&#8221; remove_margin_bottom=&#8221;yes&#8221; remove_border=&#8221;yes&#8221; css=&#8221;.vc_custom_1543891117429{padding-top: 70px !important;}&#8221;][vc_column][vc_column_text]<\/p>\n<div class=\"vc_row wpb_row row top-row wpb_custom_034b39d9bc6c6b310d69e39f0ccf274f\">\n<div class=\"vc_column_container col-md-12\">\n<div class=\"wpb_wrapper vc_column-inner\">\n<div class=\"porto-u-heading wpb_custom_95aa9a11c17ad45cfabaf210d84ee7cc porto-u-55ca8359258f9a412be7e73af65d2aac \">\n<div class=\"porto-u-main-heading\">\n<p><strong>L\u00f6sungen, die f\u00fcr jeden Standort geeignet sind<\/strong><\/p>\n<\/div>\n<\/div>\n<\/div>\n<\/div>\n<\/div>\n<p>[\/vc_column_text][vc_separator type=&#8221;transparent&#8221;][vc_column_text]<\/p>\n<div class=\"vc_row wpb_row row top-row wpb_custom_034b39d9bc6c6b310d69e39f0ccf274f\">\n<div class=\"vc_column_container col-md-12\">\n<div class=\"wpb_wrapper vc_column-inner\">\n<div class=\"porto-u-heading wpb_custom_95aa9a11c17ad45cfabaf210d84ee7cc porto-u-55ca8359258f9a412be7e73af65d2aac \">\n<div class=\"porto-u-main-heading\">\n<p>Wir bieten eine umfassende Palette an Aufz\u00fcgen mit einer Vielzahl von Leistungsstufen und Funktionen, von Aufz\u00fcgen f\u00fcr Privath\u00e4user bis hin zu Aufz\u00fcgen mit und ohne Maschinenraum, einschlie\u00dflich B\u00fcro- und Hochgeschwindigkeitsaufz\u00fcgen. Hochleistungsaufz\u00fcge f\u00fcr Hochh\u00e4user. Wir bieten auch Design- und ma\u00dfgeschneiderte L\u00f6sungen, die auf den Zweck von Geb\u00e4uden wie Wohnungen, B\u00fcros, Fabriken, Hotels, Einkaufszentren, Krankenh\u00e4usern, Flugh\u00e4fen usw. zugeschnitten sind. Personenaufz\u00fcge und Lastenaufz\u00fcge mit und ohne Maschinenraum erf\u00fcllen die Anforderungen Ihres Geb\u00e4udes hinsichtlich Kapazit\u00e4t, Gr\u00f6\u00dfe und Verkehrsaufkommen mit absoluter Betriebssicherheit. Unsere <a href=\"https:\/\/amadaelevator.com\" target=\"_blank\" rel=\"noopener\">Aufz\u00fcge<\/a>, die sowohl im Au\u00dfen- als auch im Innenbereich installiert werden k\u00f6nnen, sind die ideale Wahl f\u00fcr \u00dcberf\u00fchrungen, U-Bahn-Stationen, Flugh\u00e4fen, B\u00fcrogeb\u00e4ude, Krankenh\u00e4user, Hotels und Einkaufszentren.<\/p>\n<\/div>\n<\/div>\n<\/div>\n<\/div>\n<\/div>\n<p>[\/vc_column_text][vc_accordion active_tab=&#8221;1&#8243; style=&#8221;boxed_accordion&#8221; hide_icon=&#8221;yes&#8221;][vc_accordion_tab title=&#8221;SERVICE und SERVICE-Exzellenz&#8221;][vc_column_text]Exzellenter Service ist mehr als nur Service. Es ist unsere Denk- und Handlungsweise. Es geht nicht nur darum, \u201eein Problem zu beheben\u201c oder routinem\u00e4\u00dfige Wartungsarbeiten durchzuf\u00fchren, sondern auch um das \u201eL\u00e4cheln\u201c in der Stimme am Telefon, schnelle Antworten auf alle Anfragen und das st\u00e4ndige Streben nach Verbesserungen. Es geht darum, wie wir zusammenarbeiten und wie wir mit unseren Kunden zusammenarbeiten.[\/vc_column_text][\/vc_accordion_tab][vc_accordion_tab title=&#8221;Sicherheit&#8221;][vc_column_text]Sicherheit und Zuverl\u00e4ssigkeit sind ein wesentlicher Bestandteil der Produkte von AmadaTECH. Wir streben kontinuierlich nach Verbesserungen, die zur Sicherheit der Fahrg\u00e4ste und der Wartungstechniker beitragen, die Amada TECH-Aufz\u00fcge weltweit warten.[\/vc_column_text][\/vc_accordion_tab][vc_accordion_tab title=&#8221;Sicherheitsma\u00dfnahmen&#8221;][vc_column_text]Eines der wichtigsten Konzepte beim Betrieb von Aufz\u00fcgen ist die Sicherheit der Menschen. Daher verf\u00fcgen unsere Anlagen \u00fcber alle notwendigen Mechanismen, um die Sicherheit sowohl der Fahrg\u00e4ste als auch des Montage- und Wartungspersonals zu gew\u00e4hrleisten.<\/p>\n<p>Unsere Produkte verf\u00fcgen \u00fcber folgende Sicherheitsmerkmale:<\/p>\n<p>Automatische Personenrettung bei Stromausfall, damit der Benutzer die n\u00e4chstgelegene Etage erreicht und den Aufzug verlassen kann.<br \/>\nEin Sicherheitssystem f\u00fcr geschlossene R\u00e4ume, das gem\u00e4\u00df der europ\u00e4ischen Norm EN81-20 f\u00fcr neue Aufz\u00fcge in bestehenden Geb\u00e4uden funktioniert.<br \/>\nEin Sensorsystem, das erkennt, wenn eine Person den Schacht betritt, und den Aufzug automatisch abschaltet, um Unf\u00e4lle zu verhindern.<br \/>\nEs ist m\u00f6glich, ein bidirektionales Kommunikations- und Alarmsystem gem\u00e4\u00df der Norm zu installieren.<br \/>\nDie Produkte sind nach europ\u00e4ischen Normen zertifiziert.<br \/>\nSpezialisiertes und qualifiziertes Wartungsteam.<br \/>\n3 Jahre Garantie.[\/vc_column_text][\/vc_accordion_tab][vc_accordion_tab title=&#8221;TECHNISCHE DATEN&#8221;][vc_column_text]Automatische Kabinenbeleuchtung<br \/>\nSicherheitshandlauf f\u00fcr Kabinendach<br \/>\nKabinenhandlauf<br \/>\nGanzk\u00f6rperspiegel<br \/>\nAlarmanlage<br \/>\nKabinent\u00fcr-Schlie\u00dfknopf<br \/>\n\u00dcberlastanzeige<br \/>\nKabinent\u00fcr-\u00d6ffnungsknopf<br \/>\nGanzfl\u00e4chiger Schutzvorhang an der Kabinent\u00fcr<br \/>\nEinstellung der Schlie\u00dfzeit f\u00fcr Kabinent\u00fcr und Einstiegst\u00fcr<br \/>\nDigitale Bodenanzeige im Innenraum<br \/>\nDigitale Bodenanzeige auf allen Etagen<br \/>\nGSM-Kommunikationssystem<br \/>\nAUTOMATISCHER BODEN (Notfallrettungssystem wird bei Stromausfall aktiviert)[\/vc_column_text][\/vc_accordion_tab][vc_accordion_tab title=&#8221;Normen und Garantie&#8221;][vc_column_text]AmadaTECH-Aufz\u00fcge entsprechen den Normen und Standards der EN 81-20 und sind CE-zertifiziert.<\/p>\n<p>3 Jahre ab Lieferdatum auf Ger\u00e4te, Arbeitsleistung und Materialien,<\/p>\n<p>10 Jahre Garantie von unserem Unternehmen auf Ersatzteile.[\/vc_column_text][\/vc_accordion_tab][\/vc_accordion][vc_separator type=&#8221;transparent&#8221;][\/vc_column][\/vc_row][vc_row row_type=&#8221;row&#8221; use_row_as_full_screen_section=&#8221;no&#8221; type=&#8221;full_width&#8221; text_align=&#8221;left&#8221; css_animation=&#8221;&#8221; box_shadow_on_row=&#8221;no&#8221;][vc_column][vc_column_text]<\/p>\n<h2>Personenaufzug<\/h2>\n<p>[\/vc_column_text][vc_separator type=&#8221;transparent&#8221; style=&#8221;solid&#8221;][\/vc_column][\/vc_row][vc_row row_type=&#8221;row&#8221; use_row_as_full_screen_section=&#8221;no&#8221; type=&#8221;full_width&#8221; text_align=&#8221;left&#8221; css_animation=&#8221;&#8221; box_shadow_on_row=&#8221;no&#8221; wrap_container=&#8221;yes&#8221; is_section=&#8221;yes&#8221; remove_margin_top=&#8221;yes&#8221; remove_margin_bottom=&#8221;yes&#8221; remove_border=&#8221;yes&#8221; css=&#8221;.vc_custom_1543891117429{padding-top: 70px !important;}&#8221;][vc_column width=&#8221;1\/2&#8243;][vc_video link=&#8221;https:\/\/youtu.be\/hxLg3GRBoT4?si=U91IXgjRUhg41Xv-&#8220;][vc_separator type=&#8221;transparent&#8221;][\/vc_column][vc_column width=&#8221;1\/2&#8243;][vc_column_text]<strong>Amada Academy<\/strong><\/p>\n<p>Um Wartungs-, Installations- und Au\u00dfendiensttechniker zu professionellen Mitgliedern unseres Unternehmens zu machen, treten sie unserem Team bei, nachdem sie die Ausbildung an der AmadaTECH Academy erfolgreich abgeschlossen haben.<\/p>\n<p><strong>Technisches Support-Center<\/strong><\/p>\n<p>Wir unterst\u00fctzen unsere Kunden in allen Belangen, vom Entwurf und der Dimensionierung der Aufz\u00fcge in Ihrem Projekt bis hin zur internen Projektunterst\u00fctzung und dem technischen Support-Team in vier Sprachen bei Projekten im Ausland.<\/p>\n<p><strong>\u00c4sthetik- und Designzentrum<\/strong><\/p>\n<p>Das AmadaTECH Design Center in der T\u00fcrkei ist mit Fachleuten besetzt, die sich \u00fcber die neuesten \u00e4sthetischen <a href=\"https:\/\/amadalift.com\" target=\"_blank\" rel=\"noopener\">Designs<\/a> auf dem Laufenden halten, um den Kundenanforderungen gerecht zu werden.[\/vc_column_text][vc_separator type=&#8221;transparent&#8221; style=&#8221;solid&#8221;][\/vc_column][\/vc_row][vc_row row_type=&#8221;row&#8221; use_row_as_full_screen_section=&#8221;no&#8221; type=&#8221;full_width&#8221; text_align=&#8221;left&#8221; css_animation=&#8221;&#8221; box_shadow_on_row=&#8221;no&#8221;][vc_column][vc_column_text]<\/p>\n<h3>Personenaufzug<\/h3>\n<p>[\/vc_column_text][vc_separator type=&#8221;transparent&#8221; style=&#8221;solid&#8221;][\/vc_column][\/vc_row][vc_row row_type=&#8221;row&#8221; use_row_as_full_screen_section=&#8221;no&#8221; type=&#8221;full_width&#8221; text_align=&#8221;left&#8221; css_animation=&#8221;&#8221; box_shadow_on_row=&#8221;no&#8221;][vc_column width=&#8221;1\/2&#8243;][vc_column_text]Wir verf\u00fcgen \u00fcber ein Team hochqualifizierter Ingenieure, die den perfekten Aufzug f\u00fcr Ihr Geb\u00e4ude entwerfen. So k\u00f6nnen wir Aufz\u00fcge entwickeln, die auch in nicht standardm\u00e4\u00dfigen und komplexen R\u00e4umen installiert werden k\u00f6nnen, wobei wir uns um jeden Schritt des Projekts k\u00fcmmern und Sie sich um nichts k\u00fcmmern m\u00fcssen.<\/p>\n<p>Die vollst\u00e4ndige Flexibilit\u00e4t unserer Produkte gew\u00e4hrleistet, dass wir den verf\u00fcgbaren Platz in jeder Art von Geb\u00e4ude optimal nutzen, einschlie\u00dflich enger R\u00e4ume, schmaler Durchg\u00e4nge und Vorr\u00e4ume. Dadurch k\u00f6nnen wir ger\u00e4umige und komfortable Kabinen auf engstem Raum anbieten und <a href=\"https:\/\/amadatech.com\" target=\"_blank\" rel=\"noopener\">Aufz\u00fcge<\/a> sogar in \u00e4lteren Geb\u00e4uden ohne Aufz\u00fcge installieren, da sie keinen Maschinenraum ben\u00f6tigen.<\/p>\n<p>Unsere Produkte k\u00f6nnen auch in Geb\u00e4uden mit 380-V-Drehstromversorgung und 220-V-Einphasen-Stromversorgung installiert werden.[\/vc_column_text][vc_separator type=&#8221;transparent&#8221;][\/vc_column][vc_column width=&#8221;1\/2&#8243;][vc_video link=&#8221;https:\/\/youtu.be\/1BV084tr_Hw&#8221;][vc_separator type=&#8221;normal&#8221; color=&#8221;white&#8221; style=&#8221;solid&#8221;][\/vc_column][\/vc_row][vc_row row_type=&#8221;row&#8221; use_row_as_full_screen_section=&#8221;no&#8221; type=&#8221;full_width&#8221; text_align=&#8221;left&#8221; css_animation=&#8221;&#8221; box_shadow_on_row=&#8221;no&#8221;][vc_column][vc_column_text]<strong>Bauaufzug<\/strong><\/p>\n<p>Bauaufz\u00fcge sind zu einer unverzichtbaren Voraussetzung f\u00fcr den Bau von Flach- und Hochh\u00e4usern geworden. Sie dienen der vertikalen Bef\u00f6rderung von Personen und G\u00fctern und erleichtern das Leben. Heute sind elektrische Modelle weit verbreitet. Bei diesem Aufzugstyp wird die Kabine mit Fracht und Personen durch Stahlseile in der Luft gehalten. Mithilfe eines Flaschenzugsystems bewegt sich die mit den Stahlseilen verbundene Kabine nach oben oder unten. Der Bauaufzug ist au\u00dferdem mit speziellen Bremssystemen ausgestattet, um ihn an der richtigen Stelle anzuhalten.[\/vc_column_text][vc_separator type=&#8221;transparent&#8221;][vc_column_text]<strong>Arten und Merkmale von Aufz\u00fcgen?<\/strong><\/p>\n<p>Aufz\u00fcge mit unterschiedlicher Kapazit\u00e4t werden entsprechend dem Geb\u00e4ude konstruiert und hergestellt. Aufz\u00fcge in verschiedenen Ausf\u00fchrungen sind auch in Modellen erh\u00e4ltlich, deren Front-, Seiten- und R\u00fcckfassaden vollst\u00e4ndig aus Glas bestehen. Solche Modelle, die den Nutzern ein interessantes Design und einzigartige Verwendungsm\u00f6glichkeiten bieten, werden als Panoramaaufz\u00fcge bezeichnet. Infolge der technologischen und wissenschaftlichen Entwicklungen werden Aufz\u00fcge nicht mehr nur in Geb\u00e4uden eingesetzt. Auf vielen Plattformen, darunter auch schwimmenden Plattformen, sind Aufz\u00fcge zu finden. Solche Transportplattformen gibt es auf Passagierkreuzfahrtschiffen und privaten Yachten. Aufz\u00fcge \u00fcbernehmen die Aufgabe des Personentransports in schwimmenden Fahrzeugen, abgesehen von Serviceaufz\u00fcgen. Zus\u00e4tzlich zum speziellen Yacht-Aufzugdesign bestehen die T\u00fcr, die Kn\u00f6pfe und die Kabine vollst\u00e4ndig aus speziellem Edelstahl oder Glas. Diese Ger\u00e4te werden auch im Gesundheitswesen eingesetzt. Pflegeheime, medizinische Zentren, Krankenh\u00e4user usw. verf\u00fcgen \u00fcber Aufz\u00fcge mit unterschiedlichen Kapazit\u00e4ten und Kabinengeschwindigkeiten. In Bezug auf die hygienischen Anforderungen m\u00fcssen sie den Hygienevorschriften entsprechen und Ma\u00dfnahmen zur Bek\u00e4mpfung von Bakterien und Krankheiten umfassen. Krankentragenaufz\u00fcge, auch als Patientenaufz\u00fcge bekannt, haben breitere T\u00fcren und niedrigere Kabinentasten.[\/vc_column_text][vc_separator type=&#8221;transparent&#8221;][vc_column_text]<strong>Sicherheit und Normen f\u00fcr Aufz\u00fcge?<\/strong><\/p>\n<p>Aufz\u00fcge unterliegen weitaus mehr Normen als alle anderen Ger\u00e4te. Auch die Sicherheitsma\u00dfnahmen sind strenger als bei anderen Maschinen. Der wichtigste Grund daf\u00fcr ist die t\u00f6dliche Gefahr f\u00fcr Menschen im Falle eines Unfalls, da die Steuerung w\u00e4hrend der Benutzung des Aufzugs vollst\u00e4ndig im Inneren des Aufzugs erfolgt und dieser von jedermann ohne spezielle Schulung benutzt werden kann. Daher m\u00fcssen die elektronischen, mechanischen und elektrischen Komponenten von Bauaufz\u00fcgen den einschl\u00e4gigen Anforderungen und Sicherheitsnormen entsprechen.[\/vc_column_text][vc_separator type=&#8221;transparent&#8221;][\/vc_column][\/vc_row][vc_row row_type=&#8221;row&#8221; use_row_as_full_screen_section=&#8221;no&#8221; type=&#8221;full_width&#8221; text_align=&#8221;left&#8221; css_animation=&#8221;&#8221; box_shadow_on_row=&#8221;no&#8221;][vc_column][vc_column_text]<strong>Aufzugsauswahl je nach Geb\u00e4udetyp<\/strong><\/p>\n<p>Das Team von Aufzugsexperten bei AmadaTECH bietet L\u00f6sungen f\u00fcr jeden Geb\u00e4udetyp. Ob Gewerbe- oder Wohngeb\u00e4ude, Flachbau oder Hochhaus \u2013 AmadaTECH kann einen Aufzug entwerfen und installieren, der Ihren individuellen Anforderungen entspricht.<\/p>\n<p>Viele Immobilienverwalter und Eigent\u00fcmer wissen nicht, dass je nach Gr\u00f6\u00dfe und Art der zu bef\u00f6rdernden Lasten unterschiedliche Aufzugstypen und -klassen f\u00fcr Geb\u00e4ude empfohlen werden.<\/p>\n<p>Kleinere Geb\u00e4ude mit f\u00fcnf oder weniger Stockwerken erfordern in der Regel einen hydraulischen Aufzug. H\u00f6here Geb\u00e4ude erfordern einen elektrischen Aufzug. Diese werden in der Aufzugsbranche als \u201ePersonenaufz\u00fcge\u201d bezeichnet.<\/p>\n<p>Personenaufz\u00fcge sind die bevorzugten Aufz\u00fcge f\u00fcr Geb\u00e4ude.<\/p>\n<p>Personenaufz\u00fcge sind f\u00fcr die Bef\u00f6rderung von Personen konzipiert und gebaut. AmadaTECH Elevator entwirft Personenaufz\u00fcge mit verschiedenen Geschwindigkeiten und Gr\u00f6\u00dfen. Die gr\u00f6\u00dften Personenaufz\u00fcge haben eine Tragkraft von 2500 kg, die meisten haben jedoch eine Tragkraft zwischen 800 kg und 1600 kg. Einige sind speziell f\u00fcr den Transport von Krankentragen ausgelegt, beispielsweise in Krankenh\u00e4usern. Sie k\u00f6nnen hydraulisch oder mit Seilzug betrieben werden. Sie k\u00f6nnen auch maschinenraumlos sein und sind im Wesentlichen eine spezielle Art von elektrischen Aufz\u00fcgen. Personenaufz\u00fcge k\u00f6nnen mit oder ohne Maschinenraum ausgestattet sein.[\/vc_column_text][vc_separator type=&#8221;transparent&#8221;][\/vc_column][\/vc_row][vc_row row_type=&#8221;row&#8221; use_row_as_full_screen_section=&#8221;no&#8221; type=&#8221;full_width&#8221; text_align=&#8221;left&#8221; css_animation=&#8221;&#8221; box_shadow_on_row=&#8221;no&#8221;][vc_column][vc_column_text]Lastenaufz\u00fcge<\/p>\n<p>Lastenaufz\u00fcge sind f\u00fcr Schwerlastanwendungen und den Materialtransport ausgelegt. Lastenaufz\u00fcge verf\u00fcgen \u00fcber vertikal und horizontal \u00f6ffnende Ladet\u00fcren. AmadaTECH kann sie individuell an die Art Ihres Geb\u00e4udes und die zu transportierenden Lasten anpassen. Wir k\u00f6nnen Lastenaufz\u00fcge mit jeder f\u00fcr Ihr Geb\u00e4ude erforderlichen Geschwindigkeit und Gr\u00f6\u00dfe konstruieren.[\/vc_column_text][vc_separator type=&#8221;transparent&#8221;][\/vc_column][\/vc_row][vc_row row_type=&#8221;row&#8221; use_row_as_full_screen_section=&#8221;no&#8221; type=&#8221;full_width&#8221; text_align=&#8221;left&#8221; css_animation=&#8221;&#8221; box_shadow_on_row=&#8221;no&#8221;][vc_column][vc_column_text]<a href=\"https:\/\/amadatech.com\/de\/service-elevator\/\" target=\"_blank\" rel=\"noopener\"><strong>Serviceaufz\u00fcge<\/strong><\/a><\/p>\n<p>Serviceaufz\u00fcge werden oft als Personenaufz\u00fcge oder kleine Lastenaufz\u00fcge bezeichnet. Serviceaufz\u00fcge sind normale Personenaufz\u00fcge mit zus\u00e4tzlichen Kabinen und Etagen und befinden sich in der Regel im \u201eMitarbeiterbereich\u201d eines Gesch\u00e4ftsgeb\u00e4udes. Das bekannteste Beispiel ist der Serviceaufzug, der vom Reinigungsdienst in Hotels genutzt wird. Serviceaufz\u00fcge werden auch als kleine Lastenaufz\u00fcge bezeichnet. Sie bef\u00f6rdern Lasten mit einer Kapazit\u00e4t von bis zu 500 Kilogramm. Sie werden an Arbeitspl\u00e4tzen und in Fabriken eingesetzt.<\/p>\n<p>[\/vc_column_text][vc_separator type=&#8221;transparent&#8221;][\/vc_column][\/vc_row][vc_row row_type=&#8221;row&#8221; use_row_as_full_screen_section=&#8221;no&#8221; type=&#8221;full_width&#8221; text_align=&#8221;left&#8221; css_animation=&#8221;&#8221; box_shadow_on_row=&#8221;no&#8221;][vc_column][vc_column_text]<strong>Aufz\u00fcge f\u00fcr Gewerbe- und Wohngeb\u00e4ude<\/strong><\/p>\n<p>Aufz\u00fcge f\u00fcr Wohngeb\u00e4ude sind f\u00fcr Gesch\u00e4ftszentren und Wohnh\u00e4user konzipiert. Wenn der installierte Aufzug mehr als ein Haus bedient, muss es sich um einen Aufzug f\u00fcr Gewerbezwecke handeln. Aufz\u00fcge f\u00fcr Wohngeb\u00e4ude haben eine Tragkraft von 320, 400, 630 und 800 kg. Aufz\u00fcge f\u00fcr Wohngeb\u00e4ude werden in der Regel in Aufz\u00fcgen mit Maschinenraum verwendet.[\/vc_column_text][vc_separator type=&#8221;transparent&#8221;][\/vc_column][\/vc_row][vc_row row_type=&#8221;row&#8221; use_row_as_full_screen_section=&#8221;no&#8221; type=&#8221;full_width&#8221; text_align=&#8221;left&#8221; css_animation=&#8221;&#8221; box_shadow_on_row=&#8221;no&#8221;][vc_column][vc_column_text]<a href=\"https:\/\/amadatech.com\/de\/machine-room-elevator\/\" target=\"_blank\" rel=\"noopener\"><strong>Aufz\u00fcge ohne Maschinenraum<\/strong><\/a><\/p>\n<p>Eine der neuesten Innovationen in der Aufzugsbranche sind maschinenraumlose Aufz\u00fcge oder MRL-Aufz\u00fcge. Diese verwenden eine kleine getriebelose Maschine und einen Motor oben im Aufzugsschacht. Durch den Wegfall des f\u00fcr die meisten Aufz\u00fcge erforderlichen Maschinenraums l\u00e4sst sich der Platz effizienter nutzen. Aufz\u00fcge ohne Maschinenraum werden aufgrund ihrer kompakten Bauweise in Hochh\u00e4usern eingesetzt. Aufz\u00fcge ohne Maschinenraum werden ebenfalls als Personen- oder Lastenaufz\u00fcge klassifiziert.[\/vc_column_text][vc_separator type=&#8221;transparent&#8221;][\/vc_column][\/vc_row][vc_row row_type=&#8221;row&#8221; use_row_as_full_screen_section=&#8221;no&#8221; type=&#8221;full_width&#8221; text_align=&#8221;left&#8221; css_animation=&#8221;&#8221; box_shadow_on_row=&#8221;no&#8221;][vc_column][vc_column_text]<a href=\"https:\/\/amadatech.com\/de\/lebensmittelaufzug\/\" target=\"_blank\" rel=\"noopener\">Speisenaufzug<\/a><\/p>\n<p>Speisenaufz\u00fcge k\u00f6nnen f\u00fcr den Transport und das Servieren von Speisen in Privathaushalten, Hotels, Krankenh\u00e4usern, Villen, Caf\u00e9s und Restaurants sehr praktisch sein. Sie lassen sich auf kleinem Raum installieren und erm\u00f6glichen den schnellen und einfachen Transport von Speisen, Paketen oder anderen Gegenst\u00e4nden zwischen den Etagen. AmadaTECH Elevator fertigt einen ma\u00dfgeschneiderten Aufzug f\u00fcr Ihr Geb\u00e4ude, der all Ihren Anforderungen gerecht wird.[\/vc_column_text][vc_separator type=&#8221;transparent&#8221;][vc_separator type=&#8221;transparent&#8221;][vc_separator type=&#8221;transparent&#8221;][\/vc_column][\/vc_row]<\/p>\n<\/section>","protected":false},"excerpt":{"rendered":"<p>[vc_row row_type=&#8221;row&#8221; use_row_as_full_screen_section=&#8221;no&#8221; type=&#8221;full_width&#8221; text_align=&#8221;left&#8221; css_animation=&#8221;&#8221; box_shadow_on_row=&#8221;no&#8221; wrap_container=&#8221;yes&#8221; css=&#8221;.vc_custom_1543890012935{padding-top: 50px !important;}&#8221;][vc_column offset=&#8221;vc_col-xs-12&#8243;][vc_column_text] Personenaufzug [\/vc_column_text][vc_separator type=&#8221;transparent&#8221;][vc_column_text]Amada TECH ist ein f\u00fchrendes t\u00fcrkisches Aufzugsunternehmen mit fortschrittlicher Technologie und h\u00f6chster Qualit\u00e4t in der Herstellung von Aufz\u00fcgen und Rolltreppen. Es handelt sich um einen modernen und professionellen Aufzugshersteller, der Design,&#8230;<\/p>\n","protected":false},"author":2,"featured_media":13070,"parent":0,"menu_order":0,"comment_status":"closed","ping_status":"closed","template":"","meta":{"footnotes":""},"class_list":["post-11778","page","type-page","status-publish","has-post-thumbnail","hentry"],"_links":{"self":[{"href":"https:\/\/amadatech.com\/de\/wp-json\/wp\/v2\/pages\/11778","targetHints":{"allow":["GET"]}}],"collection":[{"href":"https:\/\/amadatech.com\/de\/wp-json\/wp\/v2\/pages"}],"about":[{"href":"https:\/\/amadatech.com\/de\/wp-json\/wp\/v2\/types\/page"}],"author":[{"embeddable":true,"href":"https:\/\/amadatech.com\/de\/wp-json\/wp\/v2\/users\/2"}],"replies":[{"embeddable":true,"href":"https:\/\/amadatech.com\/de\/wp-json\/wp\/v2\/comments?post=11778"}],"version-history":[{"count":44,"href":"https:\/\/amadatech.com\/de\/wp-json\/wp\/v2\/pages\/11778\/revisions"}],"predecessor-version":[{"id":11783,"href":"https:\/\/amadatech.com\/de\/wp-json\/wp\/v2\/pages\/11778\/revisions\/11783"}],"wp:featuredmedia":[{"embeddable":true,"href":"https:\/\/amadatech.com\/de\/wp-json\/wp\/v2\/media\/13070"}],"wp:attachment":[{"href":"https:\/\/amadatech.com\/de\/wp-json\/wp\/v2\/media?parent=11778"}],"curies":[{"name":"wp","href":"https:\/\/api.w.org\/{rel}","templated":true}]}}