{"id":11767,"date":"2025-01-09T13:50:41","date_gmt":"2025-01-09T10:50:41","guid":{"rendered":"https:\/\/amadatech.com\/de\/?page_id=11767"},"modified":"2025-12-27T20:14:56","modified_gmt":"2025-12-27T17:14:56","slug":"villenaufzug","status":"publish","type":"page","link":"https:\/\/amadatech.com\/de\/villenaufzug\/","title":{"rendered":"Villenaufzug"},"content":{"rendered":"<section class=\"wpb-content-wrapper\"><p>[vc_row row_type=&#8221;row&#8221; use_row_as_full_screen_section=&#8221;no&#8221; type=&#8221;grid&#8221; text_align=&#8221;left&#8221; padding_top=&#8221;67&#8243; padding_bottom=&#8221;67&#8243; css_animation=&#8221;&#8221; box_shadow_on_row=&#8221;no&#8221;][vc_column offset=&#8221;vc_col-lg-7 vc_col-md-6 vc_col-xs-12&#8243;][no_elements_holder number_of_columns=&#8221;one_column&#8221;][no_elements_holder_item aligment=&#8221;left&#8221; item_padding_768_1000=&#8221;0 10px 30px 10px&#8221; item_padding_600_768=&#8221;0 10px 30px 10px&#8221; item_padding_480_600=&#8221;0 10px 30px 10px&#8221; item_padding_480=&#8221;0 10px 30px 10px&#8221; advanced_animations=&#8221;no&#8221; start_position=&#8221;bottom&#8221; end_position=&#8221;center&#8221;][vc_column_text]<\/p>\n<h1>Villenaufzug<\/h1>\n<p>[\/vc_column_text][vc_separator type=&#8221;small&#8221; position=&#8221;left&#8221; up=&#8221;10&#8243; down=&#8221;31&#8243;][vc_column_text]<\/p>\n<h2>Aufz\u00fcge f\u00fcr Villen &#8230; Hausaufz\u00fcge f\u00fcr das Wohnen in H\u00f6henlagen<\/h2>\n<p>[\/vc_column_text][vc_column_text]AmadaTECH-Villaaufz\u00fcge zeichnen sich durch ein ausgepr\u00e4gtes \u00e4sthetisches Bewusstsein aus. Villaaufz\u00fcge sind nicht nur unglaublich gut gestaltet, sondern auch Meisterwerke der Innovation.[\/vc_column_text][vc_column_text]\u00dcberdenken, \u00fcberdenken und gestalten Sie die Art und Weise, wie Sie sich in Ihrem Zuhause fortbewegen, neu. AmadaTECH-Villaaufz\u00fcge sind schnell, laufruhig und elegant.<br \/>\nDer AmadaTECH Villa Lift ist f\u00fcr die elegante Platzierung in einem klaren Raum konzipiert und kann in einer Ecke eines Raumes oder in einem Wendeltreppenbereich aufgestellt werden.[\/vc_column_text][\/no_elements_holder_item][\/no_elements_holder][\/vc_column][vc_column offset=&#8221;vc_col-lg-5 vc_col-md-6 vc_col-xs-12&#8243;][no_elements_holder number_of_columns=&#8221;one_column&#8221;][no_elements_holder_item aligment=&#8221;left&#8221; item_padding_768_1000=&#8221;0 10px 0 10px&#8221; item_padding_600_768=&#8221;0 10px 0 10px&#8221; item_padding_480_600=&#8221;0 10px 0 10px&#8221; item_padding_480=&#8221;0 10px 0 10px&#8221; advanced_animations=&#8221;no&#8221; start_position=&#8221;bottom&#8221; end_position=&#8221;center&#8221;][vc_video link=&#8221;https:\/\/youtu.be\/hhMiQ-H0Pp0&#8243;][\/no_elements_holder_item][\/no_elements_holder][\/vc_column][\/vc_row][vc_row row_type=&#8221;row&#8221; use_row_as_full_screen_section=&#8221;no&#8221; type=&#8221;grid&#8221; text_align=&#8221;left&#8221; background_color=&#8221;#f6f5f5&#8243; border_top_color=&#8221;#f6f5f5&#8243; border_color=&#8221;#f6f5f5&#8243; css_animation=&#8221;&#8221; box_shadow_on_row=&#8221;no&#8221;][vc_column width=&#8221;1\/3&#8243;][vc_single_image image=&#8221;13549&#8243; img_size=&#8221;full&#8221; mkd_css_animation=&#8221;&#8221;][vc_separator type=&#8221;transparent&#8221;][\/vc_column][vc_column width=&#8221;1\/3&#8243;][vc_single_image image=&#8221;13551&#8243; img_size=&#8221;full&#8221; mkd_css_animation=&#8221;&#8221;][vc_separator type=&#8221;transparent&#8221;][\/vc_column][vc_column width=&#8221;1\/3&#8243;][vc_single_image image=&#8221;13548&#8243; img_size=&#8221;full&#8221; mkd_css_animation=&#8221;&#8221;][vc_separator type=&#8221;transparent&#8221;][\/vc_column][\/vc_row][vc_row row_type=&#8221;row&#8221; use_row_as_full_screen_section=&#8221;no&#8221; type=&#8221;grid&#8221; text_align=&#8221;left&#8221; background_color=&#8221;#f6f5f5&#8243; border_top_color=&#8221;#f6f5f5&#8243; border_color=&#8221;#f6f5f5&#8243; css_animation=&#8221;&#8221; box_shadow_on_row=&#8221;no&#8221;][vc_column][vc_column_text]<\/p>\n<h2>Herstellung von Aufz\u00fcgen f\u00fcr Villen, f\u00fcr \u00e4ltere Menschen und Menschen mit Behinderung<\/h2>\n<p>[\/vc_column_text][vc_separator type=&#8221;transparent&#8221;][vc_column_text]Wir k\u00f6nnen Ihnen dabei helfen, die richtigen und bequemen Sitzaufz\u00fcge f\u00fcr Villen herzustellen, die vor allem von \u00e4lteren Menschen genutzt werden. Wir f\u00fchren alle Konstruktionsarbeiten durch, um Ihnen unsere Produkte auf die am besten geeignete und genaueste Weise anzubieten.[\/vc_column_text][vc_separator type=&#8221;transparent&#8221;][vc_column_text]Wir f\u00fchren unsere Arbeiten entsprechend der Art der Treppe und ihrer Struktur durch. Dar\u00fcber hinaus ist die Verwendung von Aufz\u00fcgen f\u00fcr Villen f\u00fcr Menschen mit eingeschr\u00e4nkter Mobilit\u00e4t sehr vorteilhaft, um komfortabel leben zu k\u00f6nnen.[\/vc_column_text][vc_separator type=&#8221;transparent&#8221;][\/vc_column][\/vc_row][vc_row row_type=&#8221;row&#8221; use_row_as_full_screen_section=&#8221;no&#8221; type=&#8221;grid&#8221; text_align=&#8221;left&#8221; padding_top=&#8221;67&#8243; padding_bottom=&#8221;67&#8243; css_animation=&#8221;&#8221; box_shadow_on_row=&#8221;no&#8221;][vc_column offset=&#8221;vc_col-lg-7 vc_col-md-6 vc_col-xs-12&#8243;][no_elements_holder number_of_columns=&#8221;one_column&#8221;][no_elements_holder_item aligment=&#8221;left&#8221; item_padding_768_1000=&#8221;0 10px 30px 10px&#8221; item_padding_600_768=&#8221;0 10px 30px 10px&#8221; item_padding_480_600=&#8221;0 10px 30px 10px&#8221; item_padding_480=&#8221;0 10px 30px 10px&#8221; advanced_animations=&#8221;no&#8221; start_position=&#8221;bottom&#8221; end_position=&#8221;center&#8221;][vc_column_text]<\/p>\n<h3>Villenaufzug verf\u00fcgt \u00fcber Weltklasse-Qualit\u00e4t<\/h3>\n<p>[\/vc_column_text][vc_separator type=&#8221;small&#8221; position=&#8221;left&#8221; up=&#8221;10&#8243; down=&#8221;31&#8243;][vc_column_text]Die Preise f\u00fcr <a href=\"https:\/\/amadatech.com\/de\/villenaufzug\/\">Villa-Aufz\u00fcge<\/a> sind aufgrund ihrer hochwertigen Komponenten und der soliden Konstruktionsgarantie attraktiv, und weil unsere Produkte zu einem sehr g\u00fcnstigen und angemessenen Preis angeboten werden. Dieses \u00e4u\u00dferst vorteilhafte Produkt gew\u00e4hrleistet die Sicherheit von Ihnen und Ihren Lieben und leistet einen wichtigen Beitrag zu Ihrem Komfort. Sie k\u00f6nnen sich an unser Unternehmen wenden, um mit Hilfe von Villa-Aufz\u00fcgen, die f\u00fcr Qualit\u00e4t und Sicherheit CE-zertifiziert sind, einen komfortablen Wohnraum f\u00fcr die kommenden Jahre zu erhalten.[\/vc_column_text][vc_column_text]Ein Villa-Aufzug ist eine einfache, aber sehr elegante L\u00f6sung, um das Leben in Ihrem Zuhause zu erleichtern.[\/vc_column_text][\/no_elements_holder_item][\/no_elements_holder][\/vc_column][vc_column offset=&#8221;vc_col-lg-5 vc_col-md-6 vc_col-xs-12&#8243;][no_elements_holder number_of_columns=&#8221;one_column&#8221;][no_elements_holder_item aligment=&#8221;left&#8221; item_padding_768_1000=&#8221;0 10px 0 10px&#8221; item_padding_600_768=&#8221;0 10px 0 10px&#8221; item_padding_480_600=&#8221;0 10px 0 10px&#8221; item_padding_480=&#8221;0 10px 0 10px&#8221; advanced_animations=&#8221;no&#8221; start_position=&#8221;bottom&#8221; end_position=&#8221;center&#8221;][vc_video link=&#8221;https:\/\/youtu.be\/Hrrc3AuPGwg&#8221;][\/no_elements_holder_item][\/no_elements_holder][\/vc_column][\/vc_row][vc_row row_type=&#8221;row&#8221; use_row_as_full_screen_section=&#8221;no&#8221; type=&#8221;grid&#8221; text_align=&#8221;left&#8221; background_color=&#8221;#f6f5f5&#8243; padding_top=&#8221;67&#8243; padding_bottom=&#8221;67&#8243; css_animation=&#8221;&#8221; box_shadow_on_row=&#8221;no&#8221;][vc_column offset=&#8221;vc_col-lg-5 vc_col-md-6 vc_col-xs-12&#8243;][no_elements_holder number_of_columns=&#8221;one_column&#8221;][no_elements_holder_item aligment=&#8221;left&#8221; item_padding_768_1000=&#8221;0 10px 0 10px&#8221; item_padding_600_768=&#8221;0 10px 0 10px&#8221; item_padding_480_600=&#8221;0 10px 0 10px&#8221; item_padding_480=&#8221;0 10px 0 10px&#8221; advanced_animations=&#8221;no&#8221; start_position=&#8221;bottom&#8221; end_position=&#8221;center&#8221;][vc_video link=&#8221;https:\/\/youtu.be\/5mD-_voH85E&#8221;][\/no_elements_holder_item][\/no_elements_holder][\/vc_column][vc_column offset=&#8221;vc_col-lg-7 vc_col-md-6 vc_col-xs-12&#8243;][no_elements_holder number_of_columns=&#8221;one_column&#8221;][no_elements_holder_item aligment=&#8221;left&#8221; item_padding_768_1000=&#8221;30px 10px 0 10px&#8221; item_padding_600_768=&#8221;30px 10px 0 10px&#8221; item_padding_480_600=&#8221;30px 10px 0 10px&#8221; item_padding_480=&#8221;30px 10px 0 10px&#8221; advanced_animations=&#8221;no&#8221; start_position=&#8221;bottom&#8221; end_position=&#8221;center&#8221;][vc_column_text]<\/p>\n<h2>Villenaufzug Stahlkonstruktion<\/h2>\n<p>[\/vc_column_text][vc_separator type=&#8221;small&#8221; position=&#8221;left&#8221; up=&#8221;10&#8243; down=&#8221;31&#8243;][vc_column_text]Im Schacht des Villa-Aufzugssystems muss die Tiefe des Schachts 150 cm betragen. Der Standort des Aufzugs sollte in Ihrem architektonischen Entwurf angegeben werden.[\/vc_column_text][vc_column_text]Hydraulische Villa-Aufz\u00fcge ben\u00f6tigen keinen Maschinenraum im obersten Stockwerk. Bei unserem Modell mit Maschinenraum ist ein Maschinenraum im obersten Stockwerk erforderlich. Bei unserem Modell ohne Maschinenraum sollte die H\u00f6he des obersten Stockwerks gr\u00f6\u00dfer sein. F\u00fcr 3 Villa-Aufzugsmodelle erhalten Sie von unserem Unternehmen Unterst\u00fctzung hinsichtlich Gr\u00f6\u00dfe und Projekt.[\/vc_column_text][vc_column_text]Der <a href=\"https:\/\/villaasansoru.com\" target=\"_blank\" rel=\"noopener\">hydraulische Aufzug<\/a> ist die beste Aluminiumschachtl\u00f6sung, die wir sowohl f\u00fcr Geb\u00e4ude mit Sch\u00e4chten als auch f\u00fcr Geb\u00e4ude ohne Sch\u00e4chte anbieten. Er kann in Villen, Coworking Spaces, Dachgeschoss-Duplexwohnungen und allen anderen Geb\u00e4uden eingesetzt werden, in denen die Gr\u00f6\u00dfe des Schachtbodens und die H\u00f6he des obersten Stockwerks unzureichend sind. Dank seiner breiten T\u00fcr- und Kabinenoptionen kann er problemlos von \u00e4lteren Menschen, Menschen mit Behinderung und Eltern mit Kindern genutzt werden.[\/vc_column_text][\/no_elements_holder_item][\/no_elements_holder][\/vc_column][\/vc_row][vc_row row_type=&#8221;row&#8221; use_row_as_full_screen_section=&#8221;no&#8221; type=&#8221;grid&#8221; text_align=&#8221;left&#8221; background_color=&#8221;#f6f5f5&#8243; border_top_color=&#8221;#f6f5f5&#8243; border_color=&#8221;#f6f5f5&#8243; css_animation=&#8221;&#8221; box_shadow_on_row=&#8221;no&#8221;][vc_column width=&#8221;1\/2&#8243;][vc_single_image image=&#8221;13540&#8243; img_size=&#8221;full&#8221; mkd_css_animation=&#8221;&#8221;][vc_separator type=&#8221;transparent&#8221;][\/vc_column][vc_column width=&#8221;1\/2&#8243;][vc_single_image image=&#8221;13542&#8243; img_size=&#8221;full&#8221; mkd_css_animation=&#8221;&#8221;][vc_separator type=&#8221;transparent&#8221;][\/vc_column][\/vc_row][vc_row row_type=&#8221;row&#8221; use_row_as_full_screen_section=&#8221;no&#8221; type=&#8221;grid&#8221; text_align=&#8221;left&#8221; background_color=&#8221;#f6f5f5&#8243; border_top_color=&#8221;#f6f5f5&#8243; border_color=&#8221;#f6f5f5&#8243; css_animation=&#8221;&#8221; box_shadow_on_row=&#8221;no&#8221;][vc_column][vc_column_text]Im Schacht des Villa-Aufzugssystems muss die Tiefe des Schachts 150 cm betragen. Der Standort des Aufzugs sollte in Ihrem architektonischen Entwurf angegeben werden.[\/vc_column_text][vc_column_text]Hydraulische Villa-Aufz\u00fcge ben\u00f6tigen keinen Maschinenraum im obersten Stockwerk. Bei unserem Modell mit Maschinenraum ist ein Maschinenraum im obersten Stockwerk erforderlich. Bei unserem Modell ohne Maschinenraum sollte die H\u00f6he des obersten Stockwerks gr\u00f6\u00dfer sein. F\u00fcr 3 Villa-Aufzugsmodelle erhalten Sie von unserem Unternehmen Unterst\u00fctzung hinsichtlich Gr\u00f6\u00dfe und Projekt.[\/vc_column_text][vc_column_text]Der hydraulische Aufzug ist die beste Aluminiumschachtl\u00f6sung, die wir sowohl f\u00fcr Geb\u00e4ude mit Sch\u00e4chten als auch f\u00fcr Geb\u00e4ude ohne Sch\u00e4chte anbieten. Er kann in Villen, Coworking Spaces, Dachgeschoss-Duplexwohnungen und allen anderen Geb\u00e4uden eingesetzt werden, in denen die Gr\u00f6\u00dfe des Schachtbodens und die H\u00f6he des obersten Stockwerks unzureichend sind. Dank seiner breiten T\u00fcr- und Kabinenoptionen kann er problemlos von \u00e4lteren Menschen, Menschen mit Behinderung und Eltern mit Kindern genutzt werden.[\/vc_column_text][vc_separator type=&#8221;transparent&#8221;][vc_column_text]Die Abmessungen des Villaaufzugs werden entsprechend den Gesamtabmessungen des Geb\u00e4udes festgelegt. Dar\u00fcber hinaus ist es das Ziel, den Villaaufzug entsprechend der vorgesehenen Nutzung in der richtigen und fertigen Form vorzubereiten. Aus diesen Gr\u00fcnden gibt es zwar keine Standardkosten f\u00fcr die durchgef\u00fchrten Arbeiten, Sie k\u00f6nnen sich jedoch an unser Unternehmen wenden, um einen hochwertigen und hocheffizienten Aufzug herstellen zu lassen. Es ist sehr wichtig, dass die Konstruktion und Herstellung von Aufz\u00fcgen f\u00fcr Sommerh\u00e4user, die f\u00fcr eine Vielzahl von Anforderungen vorbereitet werden k\u00f6nnen, von erfahrenen Fachleuten auf diesem Gebiet durchgef\u00fchrt wird, damit sie ordnungsgem\u00e4\u00df und komfortabel funktionieren. Bei der Installation eines Aufzugs in Ihrer Wohnung stellen wir sicher, dass der Aufzug mit oder ohne Schacht korrekt und gem\u00e4\u00df den Konstruktionsvorschriften vorbereitet wird. Dar\u00fcber hinaus sorgen wir daf\u00fcr, dass die Installation von Aufz\u00fcgen mit den erforderlichen Systemen von unserem Unternehmen korrekt durchgef\u00fchrt wird, wobei wir ber\u00fccksichtigen, dass Sie keinen Maschinenraum ben\u00f6tigen.[\/vc_column_text][vc_column_text]Sobald der Bestellvorgang abgeschlossen ist, werden Erkundungs- und Planungsbesuche von unseren erfahrenen Mitarbeitern pr\u00e4zise und schnell durchgef\u00fchrt, um einen ordnungsgem\u00e4\u00dfen Produktionsprozess zu gew\u00e4hrleisten. Die Kosten f\u00fcr den Villenaufzug werden nach Abschluss des Prozesses angegeben, da sie je nach all diesen Vorbereitungsprozessen variieren. Wir bieten weiterhin Dienstleistungen an, um Produktionsl\u00f6sungen f\u00fcr Ihre nationalen oder internationalen Bestellungen so schnell wie m\u00f6glich fertigzustellen.[\/vc_column_text][vc_separator type=&#8221;transparent&#8221;][\/vc_column][\/vc_row]<\/p>\n<\/section>","protected":false},"excerpt":{"rendered":"<p>[vc_row row_type=&#8221;row&#8221; use_row_as_full_screen_section=&#8221;no&#8221; type=&#8221;grid&#8221; text_align=&#8221;left&#8221; padding_top=&#8221;67&#8243; padding_bottom=&#8221;67&#8243; css_animation=&#8221;&#8221; box_shadow_on_row=&#8221;no&#8221;][vc_column offset=&#8221;vc_col-lg-7 vc_col-md-6 vc_col-xs-12&#8243;][no_elements_holder number_of_columns=&#8221;one_column&#8221;][no_elements_holder_item aligment=&#8221;left&#8221; item_padding_768_1000=&#8221;0 10px 30px 10px&#8221; item_padding_600_768=&#8221;0 10px 30px 10px&#8221; item_padding_480_600=&#8221;0 10px 30px 10px&#8221; item_padding_480=&#8221;0 10px 30px 10px&#8221; advanced_animations=&#8221;no&#8221; start_position=&#8221;bottom&#8221; end_position=&#8221;center&#8221;][vc_column_text] Villenaufzug [\/vc_column_text][vc_separator type=&#8221;small&#8221; position=&#8221;left&#8221; up=&#8221;10&#8243; down=&#8221;31&#8243;][vc_column_text] Aufz\u00fcge f\u00fcr Villen &#8230; Hausaufz\u00fcge f\u00fcr&#8230;<\/p>\n","protected":false},"author":2,"featured_media":12915,"parent":0,"menu_order":0,"comment_status":"closed","ping_status":"closed","template":"","meta":{"footnotes":""},"class_list":["post-11767","page","type-page","status-publish","has-post-thumbnail","hentry"],"_links":{"self":[{"href":"https:\/\/amadatech.com\/de\/wp-json\/wp\/v2\/pages\/11767","targetHints":{"allow":["GET"]}}],"collection":[{"href":"https:\/\/amadatech.com\/de\/wp-json\/wp\/v2\/pages"}],"about":[{"href":"https:\/\/amadatech.com\/de\/wp-json\/wp\/v2\/types\/page"}],"author":[{"embeddable":true,"href":"https:\/\/amadatech.com\/de\/wp-json\/wp\/v2\/users\/2"}],"replies":[{"embeddable":true,"href":"https:\/\/amadatech.com\/de\/wp-json\/wp\/v2\/comments?post=11767"}],"version-history":[{"count":28,"href":"https:\/\/amadatech.com\/de\/wp-json\/wp\/v2\/pages\/11767\/revisions"}],"predecessor-version":[{"id":13615,"href":"https:\/\/amadatech.com\/de\/wp-json\/wp\/v2\/pages\/11767\/revisions\/13615"}],"wp:featuredmedia":[{"embeddable":true,"href":"https:\/\/amadatech.com\/de\/wp-json\/wp\/v2\/media\/12915"}],"wp:attachment":[{"href":"https:\/\/amadatech.com\/de\/wp-json\/wp\/v2\/media?parent=11767"}],"curies":[{"name":"wp","href":"https:\/\/api.w.org\/{rel}","templated":true}]}}