{"id":11736,"date":"2025-01-08T19:26:20","date_gmt":"2025-01-08T16:26:20","guid":{"rendered":"https:\/\/amadatech.com\/de\/?page_id=11736"},"modified":"2025-12-16T13:25:47","modified_gmt":"2025-12-16T10:25:47","slug":"krankenhausaufzug","status":"publish","type":"page","link":"https:\/\/amadatech.com\/de\/krankenhausaufzug\/","title":{"rendered":"Krankenhausaufzug"},"content":{"rendered":"<section class=\"wpb-content-wrapper\"><p>[vc_row row_type=&#8221;row&#8221; use_row_as_full_screen_section=&#8221;no&#8221; type=&#8221;full_width&#8221; text_align=&#8221;left&#8221; css_animation=&#8221;&#8221; box_shadow_on_row=&#8221;no&#8221;][vc_column][vc_column_text]<\/p>\n<h1>Krankenhausaufzug<\/h1>\n<p>&nbsp;<\/p>\n<p>Krankentransportaufz\u00fcge k\u00f6nnen je nach Geschwindigkeit der Kabine von 0,40 m\/s bis 3 m\/s eine Tragkraft von bis zu 1.600 kg, 2.000 kg und 2.500 kg haben. Sie kommen in der Regel in<a href=\"https:\/\/amadatech.com\" target=\"_blank\" rel=\"noopener\"> Krankenh\u00e4usern<\/a>, medizinischen Zentren, Sanatorien und Pflegeheimen zum Einsatz. Die Gr\u00f6\u00dfe des Krankentransportaufzugs sollte so bemessen sein, dass er mindestens eine Trage und eine Begleitperson bef\u00f6rdern kann. Die Kabinen von Krankentragenaufz\u00fcgen m\u00fcssen hygienischen Standards entsprechen und es m\u00fcssen antibakterielle Ma\u00dfnahmen getroffen werden. Der Innenraum von Krankentragenaufz\u00fcgen, auch als Patientenaufz\u00fcge bekannt, muss aus Edelstahl bestehen und die Beleuchtung muss so gestaltet sein, dass sie den Patienten nicht st\u00f6rt. Krankentragenaufz\u00fcge haben weniger Kn\u00f6pfe als andere Aufz\u00fcge und die T\u00fcren sind breiter als normal. Es sollten Vorkehrungen gegen Stromausf\u00e4lle getroffen werden.[\/vc_column_text][vc_separator type=&#8221;transparent&#8221;][\/vc_column][\/vc_row][vc_row row_type=&#8221;row&#8221; use_row_as_full_screen_section=&#8221;no&#8221; type=&#8221;full_width&#8221; text_align=&#8221;left&#8221; css_animation=&#8221;&#8221; box_shadow_on_row=&#8221;no&#8221;][vc_column][vc_column_text css_params=&#8221;&#8221;]<\/p>\n<h2>Krankenhausaufzug<\/h2>\n<p>[\/vc_column_text][vc_separator type=&#8221;transparent&#8221;][\/vc_column][\/vc_row][vc_row row_type=&#8221;row&#8221; use_row_as_full_screen_section=&#8221;no&#8221; type=&#8221;full_width&#8221; text_align=&#8221;left&#8221; css_animation=&#8221;&#8221; box_shadow_on_row=&#8221;no&#8221;][vc_column][vc_column_text css_params=&#8221;&#8221;]<\/p>\n<p style=\"text-align: center;\"><a href=\"https:\/\/amadatech.com\" target=\"_blank\" rel=\"noopener\">AmadaTECH<\/a> is a leading Turkish <a href=\"https:\/\/amadatech.com\/de\/personenaufzug\/\" target=\"_blank\" rel=\"noopener\">elevator<\/a> company with advanced technology and highest quality in elevator and <a href=\"https:\/\/escalatormarket.com\" target=\"_blank\" rel=\"noopener\">escalator<\/a> manufacturing. It is a modern and professional elevator manufacturer integrating design, research and development, engineering, production, sales, installation and service into a single unit.<\/p>\n<p>[\/vc_column_text][vc_separator type=&#8221;transparent&#8221;][\/vc_column][\/vc_row][vc_row row_type=&#8221;row&#8221; use_row_as_full_screen_section=&#8221;no&#8221; type=&#8221;full_width&#8221; text_align=&#8221;left&#8221; css_animation=&#8221;&#8221; box_shadow_on_row=&#8221;no&#8221;][vc_column][vc_video link=&#8221;https:\/\/youtu.be\/lWRMW9GNzWw&#8221; align=&#8221;center&#8221;][vc_separator type=&#8221;transparent&#8221;][\/vc_column][\/vc_row][vc_row row_type=&#8221;row&#8221; use_row_as_full_screen_section=&#8221;no&#8221; type=&#8221;full_width&#8221; text_align=&#8221;left&#8221; css_animation=&#8221;&#8221; box_shadow_on_row=&#8221;no&#8221;][vc_column][vc_column_text css_params=&#8221;&#8221;]<\/p>\n<h3>Krankenhausaufzug<\/h3>\n<p>[\/vc_column_text][vc_separator type=&#8221;transparent&#8221;][\/vc_column][\/vc_row][vc_row row_type=&#8221;row&#8221; use_row_as_full_screen_section=&#8221;no&#8221; type=&#8221;full_width&#8221; text_align=&#8221;left&#8221; css_animation=&#8221;&#8221; box_shadow_on_row=&#8221;no&#8221;][vc_column][vc_column_text css_params=&#8221;&#8221;]Die Wartung und Reparatur von Tragenaufz\u00fcgen sollte sorgf\u00e4ltig und gewissenhaft durchgef\u00fchrt werden. Selbst kleinste Details zu ignorieren, kann schwerwiegende negative Folgen haben. Daher muss jedes Hebeger\u00e4t ordnungsgem\u00e4\u00df repariert werden. Negative Einfl\u00fcsse d\u00fcrfen den Patienten nicht beeintr\u00e4chtigen. Zu diesem Zweck muss das System, auf dem der Aufzug installiert ist, gut kontrolliert werden.[\/vc_column_text][vc_separator type=&#8221;transparent&#8221;][\/vc_column][\/vc_row][vc_row row_type=&#8221;row&#8221; use_row_as_full_screen_section=&#8221;no&#8221; type=&#8221;full_width&#8221; text_align=&#8221;left&#8221; css_animation=&#8221;&#8221; box_shadow_on_row=&#8221;no&#8221;][vc_column width=&#8221;1\/3&#8243;][vc_single_image image=&#8221;11742&#8243; img_size=&#8221;full&#8221; alignment=&#8221;center&#8221; mkd_css_animation=&#8221;&#8221; label=&#8221;&#8221; css_params=&#8221;&#8221;][vc_separator type=&#8221;transparent&#8221;][\/vc_column][vc_column width=&#8221;1\/3&#8243;][vc_single_image image=&#8221;11741&#8243; img_size=&#8221;full&#8221; alignment=&#8221;center&#8221; mkd_css_animation=&#8221;&#8221; label=&#8221;&#8221; css_params=&#8221;&#8221;][vc_separator type=&#8221;transparent&#8221;][\/vc_column][vc_column width=&#8221;1\/3&#8243;][vc_single_image image=&#8221;11740&#8243; img_size=&#8221;full&#8221; alignment=&#8221;center&#8221; mkd_css_animation=&#8221;&#8221; label=&#8221;&#8221; css_params=&#8221;&#8221;][vc_separator type=&#8221;transparent&#8221;][\/vc_column][\/vc_row][vc_row row_type=&#8221;row&#8221; use_row_as_full_screen_section=&#8221;no&#8221; type=&#8221;full_width&#8221; text_align=&#8221;left&#8221; css_animation=&#8221;&#8221; box_shadow_on_row=&#8221;no&#8221;][vc_column][\/vc_column][\/vc_row]<\/p>\n<\/section>","protected":false},"excerpt":{"rendered":"<p>[vc_row row_type=&#8221;row&#8221; use_row_as_full_screen_section=&#8221;no&#8221; type=&#8221;full_width&#8221; text_align=&#8221;left&#8221; css_animation=&#8221;&#8221; box_shadow_on_row=&#8221;no&#8221;][vc_column][vc_column_text] Krankenhausaufzug &nbsp; Krankentransportaufz\u00fcge k\u00f6nnen je nach Geschwindigkeit der Kabine von 0,40 m\/s bis 3 m\/s eine Tragkraft von bis zu 1.600 kg, 2.000 kg und 2.500 kg haben. Sie kommen in der Regel in Krankenh\u00e4usern, medizinischen Zentren, Sanatorien&#8230;<\/p>\n","protected":false},"author":2,"featured_media":13274,"parent":0,"menu_order":0,"comment_status":"closed","ping_status":"closed","template":"","meta":{"footnotes":""},"class_list":["post-11736","page","type-page","status-publish","has-post-thumbnail","hentry"],"_links":{"self":[{"href":"https:\/\/amadatech.com\/de\/wp-json\/wp\/v2\/pages\/11736","targetHints":{"allow":["GET"]}}],"collection":[{"href":"https:\/\/amadatech.com\/de\/wp-json\/wp\/v2\/pages"}],"about":[{"href":"https:\/\/amadatech.com\/de\/wp-json\/wp\/v2\/types\/page"}],"author":[{"embeddable":true,"href":"https:\/\/amadatech.com\/de\/wp-json\/wp\/v2\/users\/2"}],"replies":[{"embeddable":true,"href":"https:\/\/amadatech.com\/de\/wp-json\/wp\/v2\/comments?post=11736"}],"version-history":[{"count":7,"href":"https:\/\/amadatech.com\/de\/wp-json\/wp\/v2\/pages\/11736\/revisions"}],"predecessor-version":[{"id":11743,"href":"https:\/\/amadatech.com\/de\/wp-json\/wp\/v2\/pages\/11736\/revisions\/11743"}],"wp:featuredmedia":[{"embeddable":true,"href":"https:\/\/amadatech.com\/de\/wp-json\/wp\/v2\/media\/13274"}],"wp:attachment":[{"href":"https:\/\/amadatech.com\/de\/wp-json\/wp\/v2\/media?parent=11736"}],"curies":[{"name":"wp","href":"https:\/\/api.w.org\/{rel}","templated":true}]}}