{"id":11720,"date":"2025-01-08T17:34:23","date_gmt":"2025-01-08T14:34:23","guid":{"rendered":"https:\/\/amadatech.com\/de\/?page_id=11720"},"modified":"2025-12-24T19:44:03","modified_gmt":"2025-12-24T16:44:03","slug":"panoramaaufzug","status":"publish","type":"page","link":"https:\/\/amadatech.com\/de\/panoramaaufzug\/","title":{"rendered":"Panoramaaufzug"},"content":{"rendered":"<section class=\"wpb-content-wrapper\"><p>[vc_row row_type=&#8221;row&#8221; use_row_as_full_screen_section=&#8221;no&#8221; type=&#8221;full_width&#8221; text_align=&#8221;left&#8221; css_animation=&#8221;&#8221; box_shadow_on_row=&#8221;no&#8221;][vc_column][vc_column_text]<\/p>\n<h1>Panoramaaufzug<\/h1>\n<p>[\/vc_column_text][vc_separator type=&#8221;transparent&#8221;][vc_separator type=&#8221;transparent&#8221;][\/vc_column][\/vc_row][vc_row row_type=&#8221;row&#8221; use_row_as_full_screen_section=&#8221;no&#8221; type=&#8221;full_width&#8221; text_align=&#8221;left&#8221; css_animation=&#8221;&#8221; box_shadow_on_row=&#8221;no&#8221;][vc_column][vc_column_text css_params=&#8221;&#8221;]<\/p>\n<h2>Vorteile unseres Panoramaaufzugs<\/h2>\n<p>Unser Panoramaaufzugsmodell hat viele Vorteile. Aus diesem Grund wird es von unseren Kunden sehr gesch\u00e4tzt. Dank seines stilvollen Designs verf\u00fcgt unser Panoramaaufzug \u00fcber eine gr\u00f6\u00dfere Fl\u00e4che als herk\u00f6mmliche Aufz\u00fcge. Dadurch ist die Tragkraft h\u00f6her. Dieser Aufzug verf\u00fcgt \u00fcber eine h\u00f6here Technologie und ein modernes Erscheinungsbild. Aus diesem Grund geben Besucher ihm gerne den Vorzug.[\/vc_column_text][vc_separator type=&#8221;transparent&#8221;][\/vc_column][\/vc_row][vc_row row_type=&#8221;row&#8221; use_row_as_full_screen_section=&#8221;no&#8221; type=&#8221;full_width&#8221; text_align=&#8221;left&#8221; css_animation=&#8221;&#8221; box_shadow_on_row=&#8221;no&#8221;][vc_column][vc_column_text css_params=&#8221;&#8221;]Heute haben zunehmend modernisierte Geb\u00e4ude und \u00e4sthetische architektonische L\u00f6sungen auch das A<a href=\"https:\/\/amadatech.com\" target=\"_blank\" rel=\"noopener\">ufzugsdesign<\/a> beeinflusst. Panoramaaufz\u00fcge, die sich perfekt in modernes Architekturdesign einf\u00fcgen, werden sowohl wegen ihrer technischen Effizienz als auch wegen ihres \u00e4sthetischen Erscheinungsbildes bevorzugt.[\/vc_column_text][vc_separator type=&#8221;transparent&#8221;][\/vc_column][\/vc_row][vc_row row_type=&#8221;row&#8221; use_row_as_full_screen_section=&#8221;no&#8221; type=&#8221;full_width&#8221; text_align=&#8221;left&#8221; css_animation=&#8221;&#8221; box_shadow_on_row=&#8221;no&#8221;][vc_column][vc_column_text css_params=&#8221;&#8221;]Einkaufszentren, Pl\u00e4tze, \u00f6ffentliche Geb\u00e4ude, Restaurants, Hotels und Unterhaltungszentren sind die beliebtesten Geb\u00e4ude f\u00fcr <a href=\"https:\/\/villaasansoru.com\" target=\"_blank\" rel=\"noopener\">Panoramaaufz\u00fcge<\/a>. Das auff\u00e4lligste Merkmal von Panoramaaufz\u00fcgen ist, dass die Fahrkabine vollst\u00e4ndig aus Glas besteht, sodass die Fahrg\u00e4ste w\u00e4hrend der Fahrt im Aufzug die Umgebung sehen k\u00f6nnen.[\/vc_column_text][vc_separator type=&#8221;transparent&#8221;][\/vc_column][\/vc_row][vc_row row_type=&#8221;row&#8221; use_row_as_full_screen_section=&#8221;no&#8221; type=&#8221;full_width&#8221; text_align=&#8221;left&#8221; css_animation=&#8221;&#8221; box_shadow_on_row=&#8221;no&#8221;][vc_column][vc_column_text css_params=&#8221;&#8221;]Technisch gesehen k\u00f6nnen Panoramaaufz\u00fcge f\u00fcr 4 bis 21 Personen mit Geschwindigkeiten von 0,63 m\/s bis 2,5 m\/s konstruiert und hergestellt werden.[\/vc_column_text][vc_separator type=&#8221;transparent&#8221;][\/vc_column][\/vc_row][vc_row row_type=&#8221;row&#8221; use_row_as_full_screen_section=&#8221;no&#8221; type=&#8221;full_width&#8221; text_align=&#8221;left&#8221; css_animation=&#8221;&#8221; box_shadow_on_row=&#8221;no&#8221;][vc_column][vc_column_text css_params=&#8221;&#8221;]Amada Tech ist ein f\u00fchrendes Aufzugsunternehmen in der T\u00fcrkei mit fortschrittlicher Technologie und h\u00f6chster Qualit\u00e4t in der Herstellung von Aufz\u00fcgen und Rolltreppen. Es handelt sich um einen modernen und professionellen Aufzugshersteller, der Design, Forschung und Entwicklung, Konstruktion, Produktion, Vertrieb, Installation und Service in einer einzigen Einheit vereint.[\/vc_column_text][vc_separator type=&#8221;transparent&#8221;][\/vc_column][\/vc_row][vc_row row_type=&#8221;row&#8221; use_row_as_full_screen_section=&#8221;no&#8221; type=&#8221;full_width&#8221; text_align=&#8221;left&#8221; css_animation=&#8221;&#8221; box_shadow_on_row=&#8221;no&#8221;][vc_column width=&#8221;1\/2&#8243;][vc_video link=&#8221;https:\/\/youtu.be\/I5Syw-NfWeE&#8221; align=&#8221;center&#8221;][vc_separator type=&#8221;transparent&#8221;][\/vc_column][vc_column width=&#8221;1\/2&#8243;][vc_video link=&#8221;https:\/\/youtu.be\/hADcvJ2gdXk&#8221; align=&#8221;center&#8221;][vc_separator type=&#8221;transparent&#8221;][\/vc_column][\/vc_row][vc_row row_type=&#8221;row&#8221; use_row_as_full_screen_section=&#8221;no&#8221; type=&#8221;full_width&#8221; text_align=&#8221;left&#8221; css_animation=&#8221;&#8221; box_shadow_on_row=&#8221;no&#8221;][vc_column][vc_column_text css_params=&#8221;&#8221;]<\/p>\n<h4>AmadaTECH Luxury Glass Lift | Wenn Technologie zu Architektur wird. Ultra-Luxus Panorama Glasaufzug<\/h4>\n<p><strong>Luxus beginnt dort, wo Technologie zu Kunst wird.<\/strong> Der AmadaTECH <a href=\"https:\/\/amadatech.com\/de\/panorama-glasaufzug\/\" target=\"_blank\" rel=\"noopener\">Luxury Glass Lift<\/a> ist mehr als nur ein Aufzug. Die vollst\u00e4ndig aus Spider-Glas gefertigte Panorama-Kabine \u2013 Kabine, T\u00fcren und Au\u00dfenverkleidung \u2013 bietet kompromisslose Transparenz. Sicherheitsglas in Kristallklarheit, pr\u00e4zise Spider-Glasverbindungen und eine rahmenlose \u00c4sthetik, die fast in der Luft zu schweben scheint. Schlicht. Elegant. Zeitlos. Entwickelt f\u00fcr exklusive Villen, Luxushotels und ikonische Architekturprojekte. Ein Aufzug, der R\u00e4ume nicht nur erg\u00e4nzt, sondern sie definiert. AmadaTECH steht f\u00fcr speziell entwickelte Premium-L\u00f6sungen, h\u00f6chste Qualit\u00e4tsstandards und architektonische Perfektion aus Glas. <strong>AmadaTECH Luxury Glass Series bringt Architektur auf den Gipfel des puren Luxus.<\/strong>[\/vc_column_text][vc_separator type=&#8221;transparent&#8221;][\/vc_column][\/vc_row][vc_row row_type=&#8221;row&#8221; use_row_as_full_screen_section=&#8221;no&#8221; type=&#8221;full_width&#8221; text_align=&#8221;left&#8221; css_animation=&#8221;&#8221; box_shadow_on_row=&#8221;no&#8221;][vc_column][vc_column_text css_params=&#8221;&#8221;]<\/p>\n<h3>Was Sie \u00fcber unseren Panoramaaufzug wissen m\u00fcssen<\/h3>\n<p>Unsere Panoramaaufzugmodelle werden aus hochwertigen Glasmaterialien hergestellt. Deshalb bietet der Panoramaaufzug selbst bei st\u00e4rksten St\u00f6\u00dfen maximale Haltbarkeit. Unsere Panoramaaufz\u00fcge werden bevorzugt in Gro\u00dfst\u00e4dten und Unterhaltungszentren eingesetzt.[\/vc_column_text][vc_separator type=&#8221;transparent&#8221;][\/vc_column][\/vc_row][vc_row row_type=&#8221;row&#8221; use_row_as_full_screen_section=&#8221;no&#8221; type=&#8221;full_width&#8221; text_align=&#8221;left&#8221; css_animation=&#8221;&#8221; box_shadow_on_row=&#8221;no&#8221;][vc_column][vc_column_text css_params=&#8221;&#8221;]Dar\u00fcber hinaus k\u00f6nnen wir Panoramaaufz\u00fcge je nach Bedarf in quadratischer, rechteckiger und dreieckiger Form herstellen. Aus diesem Grund verf\u00fcgen wir \u00fcber eine Vielzahl von Panoramaaufzugstypen, die wir zur vollsten Zufriedenheit unserer Kunden herstellen.[\/vc_column_text][vc_separator type=&#8221;transparent&#8221;][\/vc_column][\/vc_row][vc_row row_type=&#8221;row&#8221; use_row_as_full_screen_section=&#8221;no&#8221; type=&#8221;full_width&#8221; text_align=&#8221;left&#8221; css_animation=&#8221;&#8221; box_shadow_on_row=&#8221;no&#8221;][vc_column width=&#8221;1\/3&#8243;][vc_video link=&#8221;https:\/\/youtube.com\/shorts\/QCMPT7V72Bo&#8221;][vc_separator type=&#8221;transparent&#8221;][vc_separator type=&#8221;transparent&#8221;][\/vc_column][vc_column width=&#8221;1\/3&#8243;][vc_video link=&#8221;https:\/\/youtube.com\/shorts\/oQvJqPKi9no&#8221;][vc_separator type=&#8221;transparent&#8221;][vc_separator type=&#8221;transparent&#8221;][\/vc_column][vc_column width=&#8221;1\/3&#8243;][vc_video link=&#8221;https:\/\/youtube.com\/shorts\/SArAQec9YlA&#8221;][vc_separator type=&#8221;transparent&#8221;][vc_separator type=&#8221;transparent&#8221;][\/vc_column][\/vc_row]<\/p>\n<\/section>","protected":false},"excerpt":{"rendered":"<p>[vc_row row_type=&#8221;row&#8221; use_row_as_full_screen_section=&#8221;no&#8221; type=&#8221;full_width&#8221; text_align=&#8221;left&#8221; css_animation=&#8221;&#8221; box_shadow_on_row=&#8221;no&#8221;][vc_column][vc_column_text] Panoramaaufzug [\/vc_column_text][vc_separator type=&#8221;transparent&#8221;][vc_separator type=&#8221;transparent&#8221;][\/vc_column][\/vc_row][vc_row row_type=&#8221;row&#8221; use_row_as_full_screen_section=&#8221;no&#8221; type=&#8221;full_width&#8221; text_align=&#8221;left&#8221; css_animation=&#8221;&#8221; box_shadow_on_row=&#8221;no&#8221;][vc_column][vc_column_text css_params=&#8221;&#8221;] Vorteile unseres Panoramaaufzugs Unser Panoramaaufzugsmodell hat viele Vorteile. Aus diesem Grund wird es von unseren Kunden sehr gesch\u00e4tzt. Dank seines stilvollen Designs verf\u00fcgt unser Panoramaaufzug \u00fcber eine&#8230;<\/p>\n","protected":false},"author":2,"featured_media":12269,"parent":0,"menu_order":0,"comment_status":"closed","ping_status":"closed","template":"","meta":{"footnotes":""},"class_list":["post-11720","page","type-page","status-publish","has-post-thumbnail","hentry"],"_links":{"self":[{"href":"https:\/\/amadatech.com\/de\/wp-json\/wp\/v2\/pages\/11720","targetHints":{"allow":["GET"]}}],"collection":[{"href":"https:\/\/amadatech.com\/de\/wp-json\/wp\/v2\/pages"}],"about":[{"href":"https:\/\/amadatech.com\/de\/wp-json\/wp\/v2\/types\/page"}],"author":[{"embeddable":true,"href":"https:\/\/amadatech.com\/de\/wp-json\/wp\/v2\/users\/2"}],"replies":[{"embeddable":true,"href":"https:\/\/amadatech.com\/de\/wp-json\/wp\/v2\/comments?post=11720"}],"version-history":[{"count":12,"href":"https:\/\/amadatech.com\/de\/wp-json\/wp\/v2\/pages\/11720\/revisions"}],"predecessor-version":[{"id":13595,"href":"https:\/\/amadatech.com\/de\/wp-json\/wp\/v2\/pages\/11720\/revisions\/13595"}],"wp:featuredmedia":[{"embeddable":true,"href":"https:\/\/amadatech.com\/de\/wp-json\/wp\/v2\/media\/12269"}],"wp:attachment":[{"href":"https:\/\/amadatech.com\/de\/wp-json\/wp\/v2\/media?parent=11720"}],"curies":[{"name":"wp","href":"https:\/\/api.w.org\/{rel}","templated":true}]}}