{"id":10,"date":"2015-03-19T11:45:54","date_gmt":"2015-03-19T11:45:54","guid":{"rendered":"http:\/\/demo.mikado-themes.com\/onyx30\/?page_id=10"},"modified":"2025-12-12T14:02:35","modified_gmt":"2025-12-12T11:02:35","slug":"lebensmittelaufzug","status":"publish","type":"page","link":"https:\/\/amadatech.com\/de\/lebensmittelaufzug\/","title":{"rendered":"Lebensmittelaufzug"},"content":{"rendered":"<section class=\"wpb-content-wrapper\"><p>[vc_row row_type=&#8221;row&#8221; use_row_as_full_screen_section=&#8221;no&#8221; type=&#8221;grid&#8221; text_align=&#8221;left&#8221; padding_top=&#8221;34&#8243; padding_bottom=&#8221;40&#8243; css_animation=&#8221;&#8221; box_shadow_on_row=&#8221;no&#8221; oblique_section=&#8221;no&#8221; oblique_section_top_and_bottom=&#8221;both&#8221; oblique_section_position=&#8221;from_left_to_right&#8221; triangle_shape=&#8221;no&#8221; triangle_shape_position=&#8221;both&#8221;][vc_column][vc_column_text]<\/p>\n<h1><span style=\"color: #de0037;\">Lebensmittelaufzug<\/span><\/h1>\n<p>[\/vc_column_text][vc_separator type=&#8221;small&#8221; position=&#8221;left&#8221; up=&#8221;10&#8243; down=&#8221;31&#8243;][\/vc_column][\/vc_row][vc_row row_type=&#8221;row&#8221; use_row_as_full_screen_section=&#8221;no&#8221; type=&#8221;grid&#8221; text_align=&#8221;left&#8221; css_animation=&#8221;&#8221; box_shadow_on_row=&#8221;no&#8221;][vc_column][vc_column_text]<\/p>\n<div class=\"wpb_text_column wpb_content_element \">\n<div class=\"wpb_wrapper\">\n<p>Der Speisenaufzug eignet sich f\u00fcr ruhige und hygienische Umgebungen in Caf\u00e9s, Hotels, Villen, Restaurants, medizinischen Einrichtungen, Banken, Juweliergesch\u00e4ften, Fabriken usw. Er bedient 2 bis 15 Stockwerke in Ihrem Unternehmen oder Ihrer Einrichtung und ist eine geeignete L\u00f6sung f\u00fcr Ihre R\u00e4umlichkeiten, die nur \u00fcber Treppen zug\u00e4nglich sind. Mit unseren K\u00fcchenaufz\u00fcgen finden Sie Antworten auf Ihre Catering-Anforderungen in Caf\u00e9s, Restaurants, Hotels und Villen. Mit hocheffizienten Lastenaufz\u00fcgen k\u00f6nnen Sie in Krankenh\u00e4usern Lebensmittel, Kartons, Akten und Medikamente schnell und m\u00fchelos auf die gew\u00fcnschte Etage transportieren. Der K\u00fcchenaufzug ist funktional, garantiert und langlebig. Er besteht aus Edelstahl 304, ist hygienisch und entspricht den Vorschriften des Gesundheitsministeriums und des Ministeriums f\u00fcr Tourismus sowie allen Konfigurationen.<\/p>\n<\/div>\n<\/div>\n<p>[\/vc_column_text][vc_separator type=&#8221;transparent&#8221;][\/vc_column][\/vc_row][vc_row row_type=&#8221;row&#8221; use_row_as_full_screen_section=&#8221;no&#8221; type=&#8221;grid&#8221; text_align=&#8221;left&#8221; css_animation=&#8221;&#8221; box_shadow_on_row=&#8221;no&#8221;][vc_column width=&#8221;1\/2&#8243;][vc_video link=&#8221;https:\/\/youtu.be\/6Xngi4lKEbY&#8221;][vc_separator type=&#8221;transparent&#8221;][\/vc_column][vc_column width=&#8221;1\/2&#8243;][vc_video link=&#8221;https:\/\/youtu.be\/xAczrW6PQqQ?si=hYxRX9E99xAXJhkK&#8221;][vc_separator type=&#8221;transparent&#8221;][\/vc_column][\/vc_row][vc_row row_type=&#8221;row&#8221; use_row_as_full_screen_section=&#8221;no&#8221; type=&#8221;grid&#8221; text_align=&#8221;left&#8221; css_animation=&#8221;&#8221; box_shadow_on_row=&#8221;no&#8221;][vc_column][vc_column_text]<\/p>\n<h4>Ma\u00dfgeschneidertes Design und Gestaltung<\/h4>\n<p>[\/vc_column_text][vc_separator type=&#8221;transparent&#8221;][\/vc_column][\/vc_row][vc_row row_type=&#8221;row&#8221; use_row_as_full_screen_section=&#8221;no&#8221; type=&#8221;grid&#8221; text_align=&#8221;left&#8221; css_animation=&#8221;&#8221; box_shadow_on_row=&#8221;no&#8221;][vc_column width=&#8221;1\/2&#8243;][vc_separator type=&#8221;transparent&#8221;][vc_column_text]Die Preise f\u00fcr Speisenaufz\u00fcge variieren in Abh\u00e4ngigkeit von verschiedenen Faktoren. Dazu geh\u00f6ren: Gr\u00f6\u00dfe, gew\u00fcnschte Zusatzleistungen, Anzahl der Stockwerke im Geb\u00e4ude. In der Regel handelt es sich jedoch um eine erschwingliche Dienstleistung, die in kurzer Zeit durchgef\u00fchrt werden kann. In einigen mehrst\u00f6ckigen Geb\u00e4uden zur Lebensmittelverarbeitung stellt sie eine Verbindung zwischen der K\u00fcche und dem Servicebereich her und beschleunigt so den Ablauf. Mit einem K\u00fcchenaufzug k\u00f6nnen Sie Bestellungen und Speisen ganz einfach nach oben oder unten bef\u00f6rdern. Wir fertigen Montageaufz\u00fcge aller Modelle und Kapazit\u00e4ten und bieten sie zu \u00e4u\u00dferst g\u00fcnstigen Preisen zum Verkauf an. Detaillierte Informationen erhalten Sie bei uns.[\/vc_column_text][vc_separator type=&#8221;transparent&#8221;][\/vc_column][vc_column width=&#8221;1\/2&#8243;][vc_video link=&#8221;https:\/\/youtu.be\/ozChEbLY-8Q&#8221;][vc_separator type=&#8221;transparent&#8221;][\/vc_column][\/vc_row][vc_row row_type=&#8221;row&#8221; use_row_as_full_screen_section=&#8221;no&#8221; type=&#8221;grid&#8221; text_align=&#8221;left&#8221; background_color=&#8221;#f6f5f5&#8243; border_top_color=&#8221;#f6f5f5&#8243; border_color=&#8221;#f6f5f5&#8243; css_animation=&#8221;&#8221; box_shadow_on_row=&#8221;no&#8221;][vc_column][vc_separator type=&#8221;transparent&#8221;][vc_column_text]<\/p>\n<h2>L\u00f6sungen f\u00fcr Lebensmittellifte<\/h2>\n<p>[\/vc_column_text][vc_separator type=&#8221;transparent&#8221;][vc_column_text]Hergestellt nach den Ma\u00dfen des Bereichs, den Sie nutzen m\u00f6chten, mit unserer kostenlosen Option zur Ermittlung der Ma\u00dfe des K\u00fcchenaufzugs. Dies erm\u00f6glicht eine bessere Nutzung des Aufzugs. Aufz\u00fcge werden in Restaurants, Caf\u00e9s, Hotels und vielen anderen \u00e4hnlichen Betrieben zum Transport von Speisen und zur Erbringung von Dienstleistungen eingesetzt. Aus diesem Grund sind sie auch sehr leicht zu reinigen. Sie k\u00f6nnen Modelle w\u00e4hlen, die dem Geschmack und dem Stil Ihres Unternehmens entsprechen, sowie unsere originellen Aufzugsdesigns und unsere bew\u00e4hrten Empfehlungen aus der Branche. Auf diese Weise erzielen Sie eine optische Harmonie. Durch monatliche und j\u00e4hrliche Wartungen k\u00f6nnen Aufz\u00fcge l\u00e4nger genutzt werden. Aus diesem Grund f\u00fchren wir diese Wartungen f\u00fcr Sie durch und beugen so Problemen vor.[\/vc_column_text][vc_separator type=&#8221;transparent&#8221;][\/vc_column][\/vc_row][vc_row row_type=&#8221;row&#8221; use_row_as_full_screen_section=&#8221;no&#8221; type=&#8221;grid&#8221; text_align=&#8221;left&#8221; css_animation=&#8221;&#8221; box_shadow_on_row=&#8221;no&#8221;][vc_column width=&#8221;1\/6&#8243;][\/vc_column][vc_column width=&#8221;2\/3&#8243;][vc_separator type=&#8221;transparent&#8221;][vc_video link=&#8221;https:\/\/youtu.be\/Pdal3opuAoo&#8221;][vc_separator type=&#8221;transparent&#8221;][\/vc_column][vc_column width=&#8221;1\/6&#8243;][\/vc_column][\/vc_row][vc_row row_type=&#8221;row&#8221; use_row_as_full_screen_section=&#8221;no&#8221; type=&#8221;grid&#8221; text_align=&#8221;left&#8221; css_animation=&#8221;&#8221; box_shadow_on_row=&#8221;no&#8221;][vc_column][vc_separator type=&#8221;transparent&#8221;][vc_column_text]<\/p>\n<h3>Lebensmittelaufzug-Modelle<\/h3>\n<p>[\/vc_column_text][vc_separator type=&#8221;transparent&#8221;][\/vc_column][\/vc_row][vc_row row_type=&#8221;row&#8221; use_row_as_full_screen_section=&#8221;no&#8221; type=&#8221;grid&#8221; text_align=&#8221;center&#8221; css_animation=&#8221;&#8221; box_shadow_on_row=&#8221;no&#8221;][vc_column width=&#8221;1\/3&#8243;][vc_column_text]<\/p>\n<h5><strong><a href=\"#\">K\u00fcchenaufzug mit Guillotine-T\u00fcr<\/a><\/strong><\/h5>\n<p>[\/vc_column_text][vc_separator type=&#8221;transparent&#8221;][vc_single_image image=&#8221;11679&#8243; img_size=&#8221;large&#8221; alignment=&#8221;center&#8221; mkd_css_animation=&#8221;&#8221;][vc_separator type=&#8221;transparent&#8221;][vc_column_text]<\/p>\n<div class=\"wpb_text_column wpb_content_element \">\n<div class=\"wpb_wrapper\">\n<div class=\"wpb_text_column wpb_content_element \">\n<div class=\"wpb_wrapper\">\n<p><a href=\"https:\/\/kitchenelevator.com\/\" target=\"_blank\" rel=\"noopener\">K\u00fcchenaufzug<\/a> mit Schiebet\u00fcr; Der Boden des Schachts ist optional. Schiebet\u00fcren befinden sich auf Arbeitsplatten- und Bandh\u00f6he und sind in einer H\u00f6he von 80, 90 cm angebracht. Serviceaufz\u00fcge mit Schiebet\u00fcren werden f\u00fcr das ungehinderte Laden leichter Lasten verwendet. Es gibt Ausf\u00fchrungen in satiniertem, dekorativem und goldenem Edelstahl.<\/p>\n<p>Einsatzbereich<\/p>\n<p>Caf\u00e9, Restaurant, Villa, Maisonette-Wohnung, Bibliothek, Archiv, Pizzeria, Konditorei<\/p>\n<\/div>\n<\/div>\n<\/div>\n<\/div>\n<p>[\/vc_column_text][vc_separator type=&#8221;transparent&#8221;][vc_separator type=&#8221;transparent&#8221;][\/vc_column][vc_column width=&#8221;1\/3&#8243;][vc_column_text]<\/p>\n<h6 class=\"met_title_stack met_bold_one\"><a href=\"#\"><strong>Halbautomatischer K\u00fcchenaufzug mit T\u00fcr<\/strong><\/a><\/h6>\n<p>[\/vc_column_text][vc_separator type=&#8221;transparent&#8221;][vc_single_image image=&#8221;11680&#8243; img_size=&#8221;full&#8221; alignment=&#8221;center&#8221; mkd_css_animation=&#8221;&#8221;][vc_separator type=&#8221;transparent&#8221;][vc_column_text]<\/p>\n<div class=\"wpb_text_column wpb_content_element \">\n<div class=\"wpb_wrapper\">\n<div class=\"wpb_text_column wpb_content_element \">\n<div class=\"wpb_wrapper\">\n<p>In K\u00fcchenaufz\u00fcgen mit manuellen T\u00fcren ist ein Schachtboden mit einem Durchmesser von 15 cm erforderlich. Bei diesem K\u00fcchenaufzugsmodell befinden sich die T\u00fcren auf gleicher H\u00f6he mit dem Boden. K\u00fcchenaufz\u00fcge mit manuellen T\u00fcren erfordern eine bodengleiche T\u00fcr f\u00fcr das Beladen von Servicefahrzeugen.<\/p>\n<p>Einsatzbereich<\/p>\n<p>Speisesaal, W\u00e4scherei, Fabrik, Yacht und Schiff, Juweliergesch\u00e4ft, Marktplatz<\/p>\n<\/div>\n<\/div>\n<\/div>\n<\/div>\n<p>[\/vc_column_text][vc_separator type=&#8221;transparent&#8221;][vc_separator type=&#8221;transparent&#8221;][\/vc_column][vc_column width=&#8221;1\/3&#8243;][vc_column_text]<\/p>\n<h5><strong><a href=\"#\" target=\"_blank\" rel=\"noopener\">Doppelstock-Speisenaufzug<\/a><\/strong><\/h5>\n<p>[\/vc_column_text][vc_separator type=&#8221;transparent&#8221;][vc_single_image image=&#8221;11678&#8243; img_size=&#8221;full&#8221; alignment=&#8221;center&#8221; mkd_css_animation=&#8221;&#8221;][vc_separator type=&#8221;transparent&#8221;][vc_column_text]<\/p>\n<div class=\"wpb_text_column wpb_content_element \">\n<div class=\"wpb_wrapper\">\n<div class=\"wpb_text_column wpb_content_element \">\n<div class=\"wpb_wrapper\">\n<p>Der <a href=\"https:\/\/amadatech.com\/de\/doppelstock-speisenaufzug\/\" target=\"_blank\" rel=\"noopener\">Doppeldeckerbus<\/a> von AmadaTECH, der 2016 als Ergebnis der Forschungs- und Entwicklungsarbeit von AmadaTECH auf den Markt kam, wurde auch in viele L\u00e4nder exportiert. Er wurde von den Besuchern der Interlift-Aufzugsausstellung in Deutschland hoch gelobt.<\/p>\n<p><strong>Einsatzbereich<\/strong><\/p>\n<p>Krankenhaus, Hotel, Schule, Studentenwohnheim, Labor, Klinik<\/p>\n<\/div>\n<\/div>\n<\/div>\n<\/div>\n<p>[\/vc_column_text][vc_separator type=&#8221;transparent&#8221;][vc_separator type=&#8221;transparent&#8221;][\/vc_column][\/vc_row][vc_row row_type=&#8221;row&#8221; use_row_as_full_screen_section=&#8221;no&#8221; type=&#8221;grid&#8221; text_align=&#8221;left&#8221; background_color=&#8221;#f6f5f5&#8243; border_top_color=&#8221;#f6f5f5&#8243; border_color=&#8221;#f6f5f5&#8243; css_animation=&#8221;&#8221; box_shadow_on_row=&#8221;no&#8221;][vc_column][vc_separator type=&#8221;transparent&#8221;][vc_column_text]<\/p>\n<h5><strong>Lebensmittelaufzug Spezielle L\u00f6sung f\u00fcr Ihre Bed\u00fcrfnisse<\/strong><\/h5>\n<p>[\/vc_column_text][vc_separator type=&#8221;transparent&#8221;][vc_column_text]Der Speisenaufzug wird unter Ber\u00fccksichtigung Ihrer Bed\u00fcrfnisse hergestellt. Wir bieten Ihnen eine Integrationsl\u00f6sung, die sich nach den Geb\u00e4udeparametern und der von Ihnen ben\u00f6tigten Gr\u00f6\u00dfe richtet und sich an jedes Ihrer Projekte anpassen l\u00e4sst. Durch das Durchbl\u00e4ttern unseres E-Katalogs helfen wir Ihnen, die Funktionen zu identifizieren, die Ihren Anforderungen entsprechen, und das beste Produkt und die beste Konfiguration auszuw\u00e4hlen. Mit unserer Herstellergarantie, unseren angemessenen Preisen und unseren \u00fcberzeugenden Referenzen sind wir f\u00fcr viele Architekturb\u00fcros und Caf\u00e9-Restaurant-Unternehmen in f Elevator der bevorzugte L\u00f6sungspartner.[\/vc_column_text][vc_separator type=&#8221;transparent&#8221;][\/vc_column][\/vc_row][vc_row row_type=&#8221;row&#8221; use_row_as_full_screen_section=&#8221;no&#8221; type=&#8221;grid&#8221; text_align=&#8221;left&#8221; css_animation=&#8221;&#8221; box_shadow_on_row=&#8221;no&#8221;][vc_column][vc_separator type=&#8221;transparent&#8221;][vc_column_text]<\/p>\n<h4>Bewegungsrichtungen der T\u00fcren des Lebensmittellifts<\/h4>\n<p>[\/vc_column_text][vc_separator type=&#8221;transparent&#8221;][\/vc_column][\/vc_row][vc_row row_type=&#8221;row&#8221; use_row_as_full_screen_section=&#8221;no&#8221; type=&#8221;grid&#8221; text_align=&#8221;center&#8221; css_animation=&#8221;&#8221; box_shadow_on_row=&#8221;no&#8221;][vc_column width=&#8221;1\/3&#8243;][vc_column_text]<\/p>\n<h5><a href=\"#\"><strong>EINWEG-EINTRITT<\/strong><\/a><\/h5>\n<p>[\/vc_column_text][vc_separator type=&#8221;transparent&#8221;][vc_single_image image=&#8221;11681&#8243; img_size=&#8221;full&#8221; alignment=&#8221;center&#8221; mkd_css_animation=&#8221;&#8221;][vc_separator type=&#8221;transparent&#8221;][vc_column_text]Der Eingang ist von jeder Etage aus in eine Richtung zug\u00e4nglich.[\/vc_column_text][vc_separator type=&#8221;transparent&#8221;][vc_separator type=&#8221;transparent&#8221;][\/vc_column][vc_column width=&#8221;1\/3&#8243;][vc_column_text]<\/p>\n<h5><strong><a href=\"#\">DOPPELTER GEGENSEITIGER EINGANG<\/a><\/strong><\/h5>\n<p>[\/vc_column_text][vc_separator type=&#8221;transparent&#8221;][vc_single_image image=&#8221;11677&#8243; img_size=&#8221;full&#8221; alignment=&#8221;center&#8221; mkd_css_animation=&#8221;&#8221;][vc_separator type=&#8221;transparent&#8221;][vc_column_text]Vordereingang zu einer Etage und direkt gegen\u00fcber der anderen Etage.[\/vc_column_text][vc_separator type=&#8221;transparent&#8221;][vc_separator type=&#8221;transparent&#8221;][\/vc_column][vc_column width=&#8221;1\/3&#8243;][vc_column_text]<\/p>\n<h5><a href=\"#\"><strong>CROSS-ENTRY<\/strong><\/a><\/h5>\n<p>[\/vc_column_text][vc_separator type=&#8221;transparent&#8221;][vc_single_image image=&#8221;11676&#8243; img_size=&#8221;full&#8221; alignment=&#8221;center&#8221; mkd_css_animation=&#8221;&#8221;][vc_separator type=&#8221;transparent&#8221;][vc_column_text]Eingang auf einer der Etagen und rechts oder links auf der anderen Etage.[\/vc_column_text][vc_separator type=&#8221;transparent&#8221;][vc_separator type=&#8221;transparent&#8221;][\/vc_column][\/vc_row][vc_row row_type=&#8221;row&#8221; use_row_as_full_screen_section=&#8221;no&#8221; type=&#8221;grid&#8221; text_align=&#8221;left&#8221; css_animation=&#8221;&#8221; box_shadow_on_row=&#8221;no&#8221;][vc_column width=&#8221;1\/2&#8243;][vc_column_text]<\/p>\n<h4>Merkmale des Kitchen Aufzugs<\/h4>\n<p>[\/vc_column_text][vc_separator type=&#8221;transparent&#8221;][vc_column_text]Sofortige Lieferung ab Lager.<br \/>\nStahlkonstruktion (hygienisch, robust, nicht geschwei\u00dftes System)<br \/>\nGer\u00e4uscharmer Trommel- oder Gegengewichtsmotor,<br \/>\nElektronisches Bedienfeld von Arkel<br \/>\nRuf-Versandsystem<br \/>\nGuillotine-T\u00fcr aus Edelstahl der Qualit\u00e4t 304<br \/>\nSchrank aus Edelstahl 304<br \/>\nRegal aus Edelstahl 304<br \/>\n3 Meter lange Schiene<br \/>\nSto\u00dfstange<br \/>\nProjektunterst\u00fctzung<br \/>\n380 V, dreiphasig<br \/>\nKistenverpackung f\u00fcr Bestellungen au\u00dferhalb der Stadt.<br \/>\nKistenverpackung f\u00fcr internationale Bestellungen<br \/>\nTechnischer Support in 5 Sprachen f\u00fcr internationale Bestellungen<br \/>\nISO-zertifiziert<br \/>\nMobile App<br \/>\nTrommel, gewichtet, L-Eingang, Auslegersystem<br \/>\nKabinent\u00fcr (optional)<br \/>\nGeschwindigkeitsregelung (optional)<br \/>\nSprachalarmsystem (optional)<br \/>\nUnterst\u00fctzung durch Installationsgruppe (optional)<br \/>\nVorgefertigte Sanit\u00e4rinstallationen (optional)[\/vc_column_text][vc_separator type=&#8221;transparent&#8221;][\/vc_column][vc_column width=&#8221;1\/2&#8243;][vc_column_text]<\/p>\n<h4>Fragen zum Lebensmittellift<\/h4>\n<p>[\/vc_column_text][vc_separator type=&#8221;transparent&#8221;][vc_column_text]Wie lange ist die Lieferzeit f\u00fcr den K\u00fcchenaufzug?<\/p>\n<p>Standardprodukte werden noch am selben Tag geliefert. Die Lieferzeit f\u00fcr nicht standardm\u00e4\u00dfige Spezialprodukte betr\u00e4gt 1 Woche.<\/p>\n<p>Ben\u00f6tigt der K\u00fcchenaufzug eine Grube?<\/p>\n<p>Eine Grube ist nicht erforderlich.<\/p>\n<p>Ben\u00f6tigen wir eine Lizenz oder Genehmigung f\u00fcr den K\u00fcchenaufzug?<\/p>\n<p>Nein.<\/p>\n<p>K\u00f6nnen wir das Montagematerial selbst kaufen und die Montage von jemand anderem durchf\u00fchren lassen?<\/p>\n<p>Das Montagematerial ist in unserem Lager verf\u00fcgbar und kann ohne Montage gekauft werden. F\u00fcr die Montage sind fachlich qualifizierte Personen mit Kenntnissen \u00fcber Aufz\u00fcge erforderlich. W\u00e4hrend der Installationsphase bieten wir Ihnen kostenlosen technischen Support.<\/p>\n<p>Ist eine Wartung erforderlich?<\/p>\n<p>Bei schweren Aufz\u00fcgen wird eine regelm\u00e4\u00dfige monatliche Wartung empfohlen. Wir bieten eine kostenpflichtige Wartung f\u00fcr Aufz\u00fcge an, die nicht monatlich gewartet werden. (F\u00fcr Aufz\u00fcge der Marke Amada TECH bieten wir keine externe Wartung an.)<\/p>\n<p>Wie viele Haltestellen kann ein K\u00fcchenaufzug haben?<\/p>\n<p>Wir k\u00f6nnen jeden \u00dcberkopfaufzug gem\u00e4\u00df Ihren spezifischen Projektanforderungen herstellen. (Unser Unternehmen hat einen Lebensmittelaufzug f\u00fcr die oberste Etage in der T\u00fcrkei hergestellt und montiert.)<\/p>\n<p>Kann es zwei T\u00fcren in einer Kabine geben?<\/p>\n<p>Ja[\/vc_column_text][vc_separator type=&#8221;transparent&#8221;][\/vc_column][\/vc_row][vc_row row_type=&#8221;row&#8221; use_row_as_full_screen_section=&#8221;no&#8221; type=&#8221;grid&#8221; text_align=&#8221;left&#8221; css_animation=&#8221;&#8221; box_shadow_on_row=&#8221;no&#8221;][vc_column][vc_column_text]<\/p>\n<h4>Wo wird ein Lebensmittelaufzug verwendet?<\/h4>\n<p>[\/vc_column_text][vc_separator type=&#8221;transparent&#8221;][vc_column_text]Der Speisenaufzug kann Lebensmittel, Teller, Gl\u00e4ser usw. transportieren. Er wird f\u00fcr den Transport verwendet. Dies funktioniert auch f\u00fcr Restaurants mit einer oder mehreren Etagen. Er hilft beim Servieren von Speisen und beim Abtransport von schmutzigem Geschirr. Unser anderes Modell ist ein Serviceaufzug f\u00fcr den Einsatz im Erdgeschoss. Er ist f\u00fcr den Transport von Servierwagen in Superm\u00e4rkten, Catering-Unternehmen und Fabriken konzipiert. Er hilft beim Transport schwerer Lasten wie Kisten, S\u00e4cken, Taschen, Rollen, F\u00e4ssern, Koffern und Tonnen im Erdgeschoss.[\/vc_column_text][vc_separator type=&#8221;transparent&#8221;][\/vc_column][\/vc_row][vc_row row_type=&#8221;row&#8221; use_row_as_full_screen_section=&#8221;no&#8221; type=&#8221;grid&#8221; text_align=&#8221;left&#8221; css_animation=&#8221;&#8221; box_shadow_on_row=&#8221;no&#8221;][vc_column][vc_column_text]<\/p>\n<h4>ABMESSUNGEN des Lebensmittellifts<\/h4>\n<p>[\/vc_column_text][vc_separator type=&#8221;transparent&#8221;][vc_column_text]Erforderliche Abmessungen der Nische f\u00fcr Schrank 400x400x400 Abmessungen: Breite 750 mm Tiefe 650 mm<br \/>\nErforderliche Abmessungen der Nische f\u00fcr Schrank 450x450x450 Abmessungen: Breite 800 mm Tiefe 700 mm<br \/>\nErforderliche Abmessungen der Nische f\u00fcr Schrank 500x500x500 Abmessungen: Breite 850 mm Tiefe 750 mm<br \/>\nErforderliche Abmessungen der Nische f\u00fcr Schrank 600x600x600 Abmessungen: Breite 950 mm Tiefe 850 mm<br \/>\nErforderliche Abmessungen der Nische f\u00fcr Schrank 700x700x700: Breite 1050 mm Tiefe 950 mm<br \/>\nErforderliche Abmessungen der Nische f\u00fcr Schrank 800x800x800 Abmessungen: Breite 1150 mm Tiefe 1050 mm<br \/>\nErforderliche Abmessungen der Nische f\u00fcr Schrank 900x900x900 Abmessungen: Breite 1250 mm Tiefe 1150 mm[\/vc_column_text][vc_separator type=&#8221;transparent&#8221;][\/vc_column][\/vc_row][vc_row row_type=&#8221;row&#8221; use_row_as_full_screen_section=&#8221;no&#8221; type=&#8221;grid&#8221; text_align=&#8221;left&#8221; background_color=&#8221;#f6f5f5&#8243; border_top_color=&#8221;#f6f5f5&#8243; border_color=&#8221;#f6f5f5&#8243; css_animation=&#8221;&#8221; box_shadow_on_row=&#8221;no&#8221;][vc_column][vc_separator type=&#8221;transparent&#8221;][vc_column_text]Serviceaufz\u00fcge, Lastenaufz\u00fcge und Lebensmittelaufz\u00fcge f\u00fcr Produkte m\u00fcssen den hygienischen Anforderungen und Vorschriften des Gesundheitsministeriums entsprechen. Das Ingenieurteam und die technische Supportabteilung von Amada TECH arbeiten kontinuierlich daran, dieses Ziel zu erreichen. Durch seine Forschung und Entwicklung sowie die Entwicklung neuer Technologien ist es ein Unternehmen, das in der Aufzugsbranche weltweit Beachtung findet. <a href=\"https:\/\/amadatech.com\" target=\"_blank\" rel=\"noopener\">AmadaTECH ist mit fortschrittlicher Technologie<\/a> und h\u00f6chster Qualit\u00e4t in der Herstellung von Aufz\u00fcgen und Rolltreppen das f\u00fchrende Aufzugsunternehmen der T\u00fcrkei. Es ist ein moderner und professioneller Aufzugshersteller, der Design, Forschung und Entwicklung, Konstruktion, Produktion, Vertrieb, Installation und Wartung als Ganzes integriert.[\/vc_column_text][vc_separator type=&#8221;transparent&#8221;][vc_separator type=&#8221;transparent&#8221;][\/vc_column][\/vc_row][vc_row row_type=&#8221;row&#8221; use_row_as_full_screen_section=&#8221;no&#8221; type=&#8221;grid&#8221; text_align=&#8221;left&#8221; css_animation=&#8221;&#8221; box_shadow_on_row=&#8221;no&#8221;][vc_column width=&#8221;1\/2&#8243;][vc_separator type=&#8221;transparent&#8221;][vc_column_text]<\/p>\n<h5>INDIVIDUELLES DESIGN Lebensmittelaufzug<\/h5>\n<p>[\/vc_column_text][vc_separator type=&#8221;transparent&#8221;][vc_video link=&#8221;https:\/\/youtu.be\/_5yvw0doO7s&#8221;][vc_separator type=&#8221;transparent&#8221;][vc_separator type=&#8221;transparent&#8221;][\/vc_column][vc_column width=&#8221;1\/2&#8243;][vc_separator type=&#8221;transparent&#8221;][vc_column_text]<\/p>\n<h5>Planung eines Lebensmittellifts<\/h5>\n<p>[\/vc_column_text][vc_separator type=&#8221;transparent&#8221;][vc_column_text]Anwendungen f\u00fcr K\u00fcchenaufz\u00fcge Unsere Serviceaufz\u00fcge, die leise und hygienische Bedingungen in Caf\u00e9s, Hotels, Villen, Restaurants, medizinischen Einrichtungen, Banken, Juweliergesch\u00e4ften und Fabriken erf\u00fcllen, bedienen 2 bis 15 Stockwerke in Ihrem Unternehmen oder Ihrer Einrichtung und auch Orte, die nur \u00fcber Treppen erreichbar sind. Mit unseren Serviceaufz\u00fcgen finden Sie Antworten auf Ihre Catering-Anforderungen in Caf\u00e9s, Restaurants, Hotels und Villen. K\u00fcchenaufz\u00fcge sind sehr effizient und erm\u00f6glichen Ihnen die schnelle und m\u00fchelose Lieferung von Lebensmitteln, Kartons, Akten und Medikamenten an Krankenh\u00e4user.[\/vc_column_text][vc_separator type=&#8221;transparent&#8221;][\/vc_column][\/vc_row][vc_row row_type=&#8221;row&#8221; use_row_as_full_screen_section=&#8221;no&#8221; type=&#8221;grid&#8221; text_align=&#8221;left&#8221; css_animation=&#8221;&#8221; box_shadow_on_row=&#8221;no&#8221;][vc_column][vc_column_text][\/vc_column_text][vc_video link=&#8221;https:\/\/youtu.be\/_ytrNszIpw0&#8243;][vc_separator type=&#8221;transparent&#8221;][\/vc_column][\/vc_row]<\/p>\n<\/section>","protected":false},"excerpt":{"rendered":"<p>[vc_row row_type=&#8221;row&#8221; use_row_as_full_screen_section=&#8221;no&#8221; type=&#8221;grid&#8221; text_align=&#8221;left&#8221; padding_top=&#8221;34&#8243; padding_bottom=&#8221;40&#8243; css_animation=&#8221;&#8221; box_shadow_on_row=&#8221;no&#8221; oblique_section=&#8221;no&#8221; oblique_section_top_and_bottom=&#8221;both&#8221; oblique_section_position=&#8221;from_left_to_right&#8221; triangle_shape=&#8221;no&#8221; triangle_shape_position=&#8221;both&#8221;][vc_column][vc_column_text] Lebensmittelaufzug [\/vc_column_text][vc_separator type=&#8221;small&#8221; position=&#8221;left&#8221; up=&#8221;10&#8243; down=&#8221;31&#8243;][\/vc_column][\/vc_row][vc_row row_type=&#8221;row&#8221; use_row_as_full_screen_section=&#8221;no&#8221; type=&#8221;grid&#8221; text_align=&#8221;left&#8221; css_animation=&#8221;&#8221; box_shadow_on_row=&#8221;no&#8221;][vc_column][vc_column_text] Der Speisenaufzug eignet sich f\u00fcr ruhige und hygienische Umgebungen in Caf\u00e9s, Hotels, Villen, Restaurants, medizinischen Einrichtungen, Banken, Juweliergesch\u00e4ften, Fabriken&#8230;<\/p>\n","protected":false},"author":2,"featured_media":11540,"parent":0,"menu_order":0,"comment_status":"open","ping_status":"open","template":"full_width.php","meta":{"footnotes":""},"class_list":["post-10","page","type-page","status-publish","has-post-thumbnail","hentry"],"_links":{"self":[{"href":"https:\/\/amadatech.com\/de\/wp-json\/wp\/v2\/pages\/10","targetHints":{"allow":["GET"]}}],"collection":[{"href":"https:\/\/amadatech.com\/de\/wp-json\/wp\/v2\/pages"}],"about":[{"href":"https:\/\/amadatech.com\/de\/wp-json\/wp\/v2\/types\/page"}],"author":[{"embeddable":true,"href":"https:\/\/amadatech.com\/de\/wp-json\/wp\/v2\/users\/2"}],"replies":[{"embeddable":true,"href":"https:\/\/amadatech.com\/de\/wp-json\/wp\/v2\/comments?post=10"}],"version-history":[{"count":35,"href":"https:\/\/amadatech.com\/de\/wp-json\/wp\/v2\/pages\/10\/revisions"}],"predecessor-version":[{"id":12945,"href":"https:\/\/amadatech.com\/de\/wp-json\/wp\/v2\/pages\/10\/revisions\/12945"}],"wp:featuredmedia":[{"embeddable":true,"href":"https:\/\/amadatech.com\/de\/wp-json\/wp\/v2\/media\/11540"}],"wp:attachment":[{"href":"https:\/\/amadatech.com\/de\/wp-json\/wp\/v2\/media?parent=10"}],"curies":[{"name":"wp","href":"https:\/\/api.w.org\/{rel}","templated":true}]}}