{"id":5,"date":"2020-06-22T07:19:04","date_gmt":"2020-06-22T04:19:04","guid":{"rendered":"http:\/\/sw-themes.com\/porto_dummy\/elementor\/it-services\/?page_id=5"},"modified":"2021-09-30T16:18:58","modified_gmt":"2021-09-30T13:18:58","slug":"kalite-politikasi","status":"publish","type":"page","link":"https:\/\/amadatech.com\/En\/kalite-politikasi\/","title":{"rendered":"Our quality policy"},"content":{"rendered":"<p>[vc_row][vc_column][vc_column_text]<\/p>\n<h1>KAL\u0130TE POL\u0130T\u0130KAMIZ<\/h1>\n<p>[\/vc_column_text][vc_column_text]<\/p>\n<h2>Kalite y\u00f6netim sistemimizin ISO 9001:2015 standard\u0131n\u0131n gereklerini yerine getirecek \u015fekilde dok\u00fcmante edilmesi, belgelendirilmesi ve s\u00fcrekli iyile\u015ftirilmesi,<\/h2>\n<p>[\/vc_column_text][vc_column_text]<\/p>\n<h3>Toplam Kalite felsefesini esas alarak, tak\u0131m ruhu i\u00e7erisinde \u015firket ve birim hedeflerine ula\u015f\u0131lmas\u0131n\u0131,<br \/>\n\u0130\u015f s\u00fcre\u00e7lerinin \u00f6z de\u011ferlendirme s\u00fcreci ile g\u00f6zden ge\u00e7irilerek, performans\u0131 geli\u015ftirecek \u00f6nleyici yakla\u015f\u0131mlar\u0131n belirlenmesini,<br \/>\nS\u00fcrekli iyile\u015ftirme yakla\u015f\u0131m\u0131 do\u011frultusunda t\u00fcm s\u00fcre\u00e7lerdeki verimlili\u011fin uluslararas\u0131 d\u00fczeyde rekabet edebilecek seviyeye y\u00fckseltilmesini,<\/h3>\n<p>[\/vc_column_text][vc_column_text]<\/p>\n<h4>Yenilik\u00e7i ve yarat\u0131c\u0131 yakla\u015f\u0131mlar\u0131n cesaretlendirilmesi, teknik ve davran\u0131\u015fsal yetkinlikleri art\u0131racak e\u011fitimlerin ger\u00e7ekle\u015ftirilmesi y\u00f6n\u00fcnde faaliyetleri \u00c7evre, \u0130\u015f Sa\u011fl\u0131\u011f\u0131 ve G\u00fcvenli\u011fi Y\u00f6netim Sistemleri ile birlikte b\u00fct\u00fcnle\u015fik bir \u015fekilde y\u00f6neterek, Asans\u00f6r sekt\u00f6r\u00fcnde kalite a\u00e7\u0131s\u0131ndan \u00f6nc\u00fcl\u00fc\u011f\u00fc \u00f6rnek bir kurulu\u015f olmak i\u00e7in t\u00fcm g\u00fcc\u00fcyle \u00e7al\u0131\u015fmay\u0131 Taahh\u00fct etmektedir.<\/h4>\n<p>[\/vc_column_text][vc_separator color=&#8221;white&#8221;][\/vc_column][\/vc_row][vc_row][vc_column]<div id=\"porto-blog-2578\" class=\"porto-blog wpb_content_element \">\t\t<div class=\"blog-posts posts-grid blog-posts-related\">\n\t\t\t<div class=\"posts-container row owl-carousel porto-carousel has-ccols show-nav-middle ccols-xl-3 ccols-md-2 ccols-1\" data-plugin-options=\"{&quot;themeConfig&quot;:true,&quot;items&quot;:3,&quot;lg&quot;:3,&quot;md&quot;:2,&quot;xs&quot;:1,&quot;nav&quot;:true,&quot;dots&quot;:false}\">\n\t\t\n<article class=\"post post-grid col-md-12 post-title-simple post-6374 post type-post status-publish format-standard hentry category-asansor category-engelli-asansoru category-ev-asansoru category-villa-asansoru tag-ev-asansoru tag-hidrolik-villa-asansoru tag-villa-asansor-avantajlari tag-villa-asansor-fiyati tag-villa-asansor-olculeri tag-villa-asansor-ozellikleri tag-villa-asansoru\">\n<div class=\"post-item post-title-simple\">\n\t\t<div class=\"post-date\">\n\t\t<span class=\"day\">02<\/span><span class=\"month\">Jun<\/span><time datetime=\"2021-06-02\">2 June 2021<\/time>\t<\/div>\n\t\t\t<h4><a href=\"https:\/\/amadatech.com\/En\/hidrolik-villa-asansoru-avantajlari\/\">\n\t\tAdvantages of Hydraulic Villa Elevator\t<\/a><\/h4>\n\t\t<div><p class=\"post-excerpt\">[vc_row][vc_column][vc_column_text]\n\n\n\nVilla Elevator Systems\n\n\n\n\n\n\n\n\nThey are elevators designed to be applied in duplex and triplex villa type buildings. The most important feature of villa elevators is that they can be applied...  <a class=\"read-more\" href=\"https:\/\/amadatech.com\/En\/hidrolik-villa-asansoru-avantajlari\/\">read more <i class=\"fas fa-angle-right\"><\/i><\/a><\/p><\/div> <\/div>\n<\/article>\n\n<article class=\"post post-grid col-md-12 post-title-simple post-6209 post type-post status-publish format-standard hentry category-asansor category-ev-asansoru tag-dublex-ev-asansoru tag-ev-asansor-olculeri tag-ev-asansor-projesi tag-ev-asansoru tag-ev-asansoru-fiyatlari tag-ozel-ev-asansoru tag-villa-asansoru\">\n<div class=\"post-item post-title-simple\">\n\t\t<div class=\"post-date\">\n\t\t<span class=\"day\">01<\/span><span class=\"month\">Jun<\/span><time datetime=\"2021-06-01\">1 June 2021<\/time>\t<\/div>\n\t\t\t<h4><a href=\"https:\/\/amadatech.com\/En\/ev-asansoru-ile-evinizin-sikligini-artirin\/\">\n\t\tIncrease the Elegance of Your Home with Amada Home Lift\t<\/a><\/h4>\n\t\t<div><p class=\"post-excerpt\">[vc_row][vc_column][vc_column_text]\r\nHome Lift\r\nHome lift type dimensions depend on the floor dimensions, but are also assembled for a correct and comfortable living environment. In addition, our home elevator models, which do...  <a class=\"read-more\" href=\"https:\/\/amadatech.com\/En\/ev-asansoru-ile-evinizin-sikligini-artirin\/\">read more <i class=\"fas fa-angle-right\"><\/i><\/a><\/p><\/div> <\/div>\n<\/article>\n\n<article class=\"post post-grid col-md-12 post-title-simple post-6176 post type-post status-publish format-standard hentry category-arac-asansoru tag-arac-asansor-faydalari tag-arac-asansor-olculeri tag-arac-asansoru tag-arac-asansoru-fiyatlari tag-arac-platformu tag-car-lift tag-hidrolik-arac-asansoru tag-makasli-arac-asansoru tag-otopark-arac-asansoru tag-vehicle-lift\">\n<div class=\"post-item post-title-simple\">\n\t\t<div class=\"post-date\">\n\t\t<span class=\"day\">01<\/span><span class=\"month\">Jun<\/span><time datetime=\"2021-06-01\">1 June 2021<\/time>\t<\/div>\n\t\t\t<h4><a href=\"https:\/\/amadatech.com\/En\/arac-asansoru-fiyatlari\/\">\n\t\tCar Lift Prices\t<\/a><\/h4>\n\t\t<div><p class=\"post-excerpt\">[vc_row][vc_column][vc_column_text]\r\nWhat are the Prices of Car Lifts?\r\nCar lift prices differ from each other in each company. Because the material used by each company in the production of elevators is...  <a class=\"read-more\" href=\"https:\/\/amadatech.com\/En\/portfolio\/basaksehir-belediyesi-sular-vadisi\/\">read more <i class=\"fas fa-angle-right\"><\/i><\/a><\/p><\/div> <\/div>\n<\/article>\n\n<article class=\"post post-grid col-md-12 post-title-simple post-6051 post type-post status-publish format-standard hentry category-asansor category-engelli-asansoru tag-asansorsuz-binalar tag-disardan-asansor tag-engelli-asansoru tag-engelli-cozumleri tag-ev-asansoru tag-homelift tag-kapali-tip-engelli-asansoru tag-merdiven-asansoru tag-acik-tip-engelli-asansoru tag-villa-asansoru\">\n<div class=\"post-item post-title-simple\">\n\t\t<div class=\"post-date\">\n\t\t<span class=\"day\">27<\/span><span class=\"month\">May<\/span><time datetime=\"2021-05-27\">27 May 2021<\/time>\t<\/div>\n\t\t\t<h4><a href=\"https:\/\/amadatech.com\/En\/engelli-asansor-modelleri\/\">\n\t\tDisabled Elevator Models\t<\/a><\/h4>\n\t\t<div><p class=\"post-excerpt\">[vc_row][vc_column][vc_column_text]\nDisabled Elevators\nThe portable disabled elevator generally provides access from a high place without difficulty or the need for another person. These elevators are ideal, especially for people who cannot...  <a class=\"read-more\" href=\"https:\/\/amadatech.com\/En\/engelli-asansor-modelleri\/\">read more <i class=\"fas fa-angle-right\"><\/i><\/a><\/p><\/div> <\/div>\n<\/article>\n\n<article class=\"post post-grid col-md-12 post-title-simple post-6032 post type-post status-publish format-standard hentry category-asansor category-bina-disindan-asansor category-engelli-asansoru category-ev-asansoru category-kuyu-dipsiz-asansorler tag-dublex-ev-asansoru tag-engelli-asansoru tag-ev-asansoru tag-home-lift tag-kuyu-dipsiz-asansorler tag-kuyusuz-asansor tag-villa-asansoru\">\n<div class=\"post-item post-title-simple\">\n\t\t<div class=\"post-date\">\n\t\t<span class=\"day\">26<\/span><span class=\"month\">May<\/span><time datetime=\"2021-05-26\">26 May 2021<\/time>\t<\/div>\n\t\t\t<h4><a href=\"https:\/\/amadatech.com\/En\/kuyu-dipsiz-asansor-avantajlari\/\">\n\t\tAdvantages of No Shaft Pit\t<\/a><\/h4>\n\t\t<div><p class=\"post-excerpt\">[vc_row][vc_column][vc_column_text]\nElevators Without Shaft Pit\nIn duplex houses and villas, moving to the upper floors with the help of stairs can be difficult in some cases. Especially for the disabled and...  <a class=\"read-more\" href=\"https:\/\/amadatech.com\/En\/kuyu-dipsiz-asansor-avantajlari\/\">read more <i class=\"fas fa-angle-right\"><\/i><\/a><\/p><\/div> <\/div>\n<\/article>\n\n<article class=\"post post-grid col-md-12 post-title-simple post-5974 post type-post status-publish format-standard hentry category-asansor category-monsarj-asansor tag-monsarj-asansor tag-mutfak-asansoru tag-yemek-asansoru\">\n<div class=\"post-item post-title-simple\">\n\t\t<div class=\"post-date\">\n\t\t<span class=\"day\">25<\/span><span class=\"month\">May<\/span><time datetime=\"2021-05-25\">25 May 2021<\/time>\t<\/div>\n\t\t\t<h4><a href=\"https:\/\/amadatech.com\/En\/cafe-ve-restaurantlar-icin-monsarj-asansor\/\">\n\t\tDumbwaiter Lifts for Cafes and Restaurants\t<\/a><\/h4>\n\t\t<div><p class=\"post-excerpt\">[vc_row][vc_column][vc_column_text]\nDumbwaiter Lift\nWith our dumbwaiter (food) elevator services, you can get elevators that need to be transported and generally needed in areas such as restaurants, cafes and hotels, at affordable...  <a class=\"read-more\" href=\"https:\/\/amadatech.com\/En\/cafe-ve-restaurantlar-icin-monsarj-asansor\/\">read more <i class=\"fas fa-angle-right\"><\/i><\/a><\/p><\/div> <\/div>\n<\/article>\n\n<article class=\"post post-grid col-md-12 post-title-simple post-5904 post type-post status-publish format-standard hentry category-amada-tech-asansor category-bina-disindan-asansor category-ev-asansoru tag-asansor tag-bina-disindan-asansor tag-dis-mekan-asansor tag-disaridan-asansor tag-engelli-asansoru\">\n<div class=\"post-item post-title-simple\">\n\t\t<div class=\"post-date\">\n\t\t<span class=\"day\">22<\/span><span class=\"month\">May<\/span><time datetime=\"2021-05-22\">22 May 2021<\/time>\t<\/div>\n\t\t\t<h4><a href=\"https:\/\/amadatech.com\/En\/bina-disindan-asansor-maliyeti\/\">\n\t\tOutdoor Building Elevator Cost\t<\/a><\/h4>\n\t\t<div><p class=\"post-excerpt\">[vc_row][vc_column][vc_column_text]\nOutdoor Elevator\n[\/vc_column_text][\/vc_column][\/vc_row][vc_row][vc_column][vc_column_text]Going to the upper floors in villas and low-rise buildings can turn into torture, especially for the elderly and the disabled. Property owners also face the difficulty of...  <a class=\"read-more\" href=\"https:\/\/amadatech.com\/En\/bina-disindan-asansor-maliyeti\/\">read more <i class=\"fas fa-angle-right\"><\/i><\/a><\/p><\/div> <\/div>\n<\/article>\n\n<article class=\"post post-grid col-md-12 post-title-simple post-5880 post type-post status-publish format-standard hentry category-asansor category-yuk-asansoru tag-halatli-yuk-asansoru tag-hidrolik-yuk-asansoru tag-yuk-asansoru tag-yuk-asansoru-fiyati tag-yuk-platformu\">\n<div class=\"post-item post-title-simple\">\n\t\t<div class=\"post-date\">\n\t\t<span class=\"day\">21<\/span><span class=\"month\">May<\/span><time datetime=\"2021-05-21\">21 May 2021<\/time>\t<\/div>\n\t\t\t<h4><a href=\"https:\/\/amadatech.com\/En\/amadatech-yuk-asansoru\/\">\n\t\tAmadaTECH Freight Elevator\t<\/a><\/h4>\n\t\t<div><p class=\"post-excerpt\">[vc_row][vc_column][vc_column_text]\nFreight Elevator\n[\/vc_column_text][vc_column_text]It is designed and manufactured to be suitable for working under heavy conditions according to its intended use. Freight elevators are vertical transportation systems that are used only...  <a class=\"read-more\" href=\"https:\/\/amadatech.com\/En\/amadatech-yuk-asansoru\/\">read more <i class=\"fas fa-angle-right\"><\/i><\/a><\/p><\/div> <\/div>\n<\/article>\n\n<article class=\"post post-grid col-md-12 post-title-simple post-5787 post type-post status-publish format-standard hentry category-yuruyen-merdiven tag-yuruyen-merdiven tag-yuruyen-merdiven-bakimi tag-yuruyen-merdiven-guvenlik-onlemleri tag-yuruyen-merdiven-kullanimi tag-yuruyen-merdiven-ozellikleri\">\n<div class=\"post-item post-title-simple\">\n\t\t<div class=\"post-date\">\n\t\t<span class=\"day\">19<\/span><span class=\"month\">May<\/span><time datetime=\"2021-05-19\">19 May 2021<\/time>\t<\/div>\n\t\t\t<h4><a href=\"https:\/\/amadatech.com\/En\/yuruyen-merdiven-kullanimi-bakimi\/\">\n\t\tEscalators Usage, Maintenance\t<\/a><\/h4>\n\t\t<div><p class=\"post-excerpt\">[vc_row][vc_column][vc_column_text]\nEscalator Maintenance and Safety Precautions\nThe purpose of the invention and use of escalators was only designed for human transportation. Transporting bulky and heavy items on escalators may cause damage...  <a class=\"read-more\" href=\"https:\/\/amadatech.com\/En\/yuruyen-merdiven-kullanimi-bakimi\/\">read more <i class=\"fas fa-angle-right\"><\/i><\/a><\/p><\/div> <\/div>\n<\/article>\n\n<article class=\"post post-grid col-md-12 post-title-simple post-4965 post type-post status-publish format-standard hentry category-asansor category-ev-asansoru category-monsarj-asansor category-yonetmelik category-yuk-asansoru tag-asansor tag-asansor-cesitleri tag-asansor-secimi tag-asansor-tasarim\">\n<div class=\"post-item post-title-simple\">\n\t\t<div class=\"post-date\">\n\t\t<span class=\"day\">10<\/span><span class=\"month\">May<\/span><time datetime=\"2021-05-10\">10 May 2021<\/time>\t<\/div>\n\t\t\t<h4><a href=\"https:\/\/amadatech.com\/En\/bina-tipine-gore-asansor-secimi\/\">\n\t\tElevator Selection According to Building Type\t<\/a><\/h4>\n\t\t<div><p class=\"post-excerpt\">[vc_row][vc_column][vc_column_text]\nWhat Kind of Elevator Do I Need?\n[\/vc_column_text][\/vc_column][\/vc_row][vc_row][vc_column][vc_column_text]\nDESIGN AND INSTALLATION BY BUILDING TYPE\n[\/vc_column_text][\/vc_column][\/vc_row][vc_row][vc_column][vc_column_text]\nSPECIAL SOLUTIONS FOR EVERY BUILDING\n\nAmadaTECH's expert elevator installation team has an elevator solution to suit every building. Whether...  <a class=\"read-more\" href=\"https:\/\/amadatech.com\/En\/bina-tipine-gore-asansor-secimi\/\">read more <i class=\"fas fa-angle-right\"><\/i><\/a><\/p><\/div> <\/div>\n<\/article>\n\n\t\n\t\t\t<\/div>\n\t\t<\/div>\n\n\t\n\t\n\t<\/div>[\/vc_column][\/vc_row][vc_row][vc_column][\/vc_column][\/vc_row]<\/p>\n","protected":false},"excerpt":{"rendered":"<p>[vc_row][vc_column][vc_column_text] KAL\u0130TE POL\u0130T\u0130KAMIZ [\/vc_column_text][vc_column_text] Kalite y\u00f6netim sistemimizin ISO 9001:2015 standard\u0131n\u0131n gereklerini yerine getirecek \u015fekilde dok\u00fcmante edilmesi, belgelendirilmesi ve s\u00fcrekli iyile\u015ftirilmesi, [\/vc_column_text][vc_column_text] Toplam Kalite felsefesini esas alarak, tak\u0131m ruhu i\u00e7erisinde \u015firket ve birim hedeflerine ula\u015f\u0131lmas\u0131n\u0131, \u0130\u015f s\u00fcre\u00e7lerinin \u00f6z de\u011ferlendirme s\u00fcreci ile g\u00f6zden ge\u00e7irilerek, performans\u0131 geli\u015ftirecek \u00f6nleyici yakla\u015f\u0131mlar\u0131n belirlenmesini, S\u00fcrekli iyile\u015ftirme yakla\u015f\u0131m\u0131 do\u011frultusunda t\u00fcm s\u00fcre\u00e7lerdeki verimlili\u011fin uluslararas\u0131 [&hellip;]<\/p>\n","protected":false},"author":1,"featured_media":0,"parent":0,"menu_order":0,"comment_status":"closed","ping_status":"closed","template":"","meta":{"footnotes":""},"class_list":["post-5","page","type-page","status-publish","hentry"],"aioseo_notices":[],"_links":{"self":[{"href":"https:\/\/amadatech.com\/En\/wp-json\/wp\/v2\/pages\/5","targetHints":{"allow":["GET"]}}],"collection":[{"href":"https:\/\/amadatech.com\/En\/wp-json\/wp\/v2\/pages"}],"about":[{"href":"https:\/\/amadatech.com\/En\/wp-json\/wp\/v2\/types\/page"}],"author":[{"embeddable":true,"href":"https:\/\/amadatech.com\/En\/wp-json\/wp\/v2\/users\/1"}],"replies":[{"embeddable":true,"href":"https:\/\/amadatech.com\/En\/wp-json\/wp\/v2\/comments?post=5"}],"version-history":[{"count":0,"href":"https:\/\/amadatech.com\/En\/wp-json\/wp\/v2\/pages\/5\/revisions"}],"wp:attachment":[{"href":"https:\/\/amadatech.com\/En\/wp-json\/wp\/v2\/media?parent=5"}],"curies":[{"name":"wp","href":"https:\/\/api.w.org\/{rel}","templated":true}]}}